{"id":4274,"date":"2020-12-27T01:42:44","date_gmt":"2020-12-27T01:42:44","guid":{"rendered":"https:\/\/www.galerijamaticesrpske.rs\/mission-and-vision\/"},"modified":"2021-05-03T21:41:22","modified_gmt":"2021-05-03T21:41:22","slug":"vision-und-mission","status":"publish","type":"page","link":"http:\/\/www.galerijamaticesrpske.rs\/de\/vision-und-mission\/","title":{"rendered":"Unsere Vision und Mission"},"content":{"rendered":"\n\n\t<section class=\"section\" id=\"section_1423217255\">\n\t\t<div class=\"section-bg fill\" >\n\t\t\t\t\t\t\t\t\t\n\t\t\t\n\n\t\t<\/div>\n\n\t\t\n\n\t\t<div class=\"section-content relative\">\n\t\t\t\n\n<div class=\"row\"  id=\"row-479654282\">\n\n\n\t<div id=\"col-660480492\" class=\"col small-12 large-12\"  >\n\t\t\t\t<div class=\"col-inner text-center\"  >\n\t\t\t\n\t\t\t\n\n\t<div class=\"img has-hover maxwidth80 x md-x lg-x y md-y lg-y\" id=\"image_60951680\">\n\t\t\t\t\t\t\t\t<div class=\"img-inner dark\" style=\"margin:0px 0px 0 0px;\">\n\t\t\t<img decoding=\"async\" src=\"http:\/\/www.galerijamaticesrpske.rs\/wp-content\/uploads\/2020\/12\/gms-icon_blck.svg\" class=\"attachment-original size-original\" alt=\"GMS | icon\" \/>\t\t\t\t\t\t\n\t\t\t\t\t<\/div>\n\t\t\t\t\t\t\t\t\n<style>\n#image_60951680 {\n  width: 100%;\n}\n<\/style>\n\t<\/div>\n\t\n\n\t<div id=\"text-575804901\" class=\"text\">\n\t\t\n\n<h2 class=\"title36\">Unsere Vision und Mission<\/h2>\n\t\t\n<style>\n#text-575804901 {\n  text-align: center;\n}\n<\/style>\n\t<\/div>\n\t\n\n\t\t<\/div>\n\t\t\t\t\n<style>\n#col-660480492 > .col-inner {\n  margin: 0px 0px 40px 0px;\n}\n<\/style>\n\t<\/div>\n\n\t\n\n<\/div>\n<div class=\"row align-center\"  id=\"row-267255108\">\n\n\n\t<div id=\"col-1511639565\" class=\"col maxwidth960 small-12 large-12\"  >\n\t\t\t\t<div class=\"col-inner text-center\"  >\n\t\t\t\n\t\t\t\n\n\t<div class=\"img has-hover x md-x lg-x y md-y lg-y\" id=\"image_1535507604\">\n\t\t\t\t\t\t\t\t<div class=\"img-inner dark\" >\n\t\t\t<img loading=\"lazy\" decoding=\"async\" width=\"1920\" height=\"1073\" src=\"http:\/\/www.galerijamaticesrpske.rs\/wp-content\/uploads\/2021\/01\/misija-i-vizija-1920.jpg\" class=\"attachment-original size-original\" alt=\"GMS | \u041c\u0438\u0441\u0438\u0458\u0430 \u0438 \u0432\u0438\u0437\u0438\u0458\u0430\" srcset=\"http:\/\/www.galerijamaticesrpske.rs\/wp-content\/uploads\/2021\/01\/misija-i-vizija-1920.jpg 1920w, http:\/\/www.galerijamaticesrpske.rs\/wp-content\/uploads\/2021\/01\/misija-i-vizija-1920-300x168.jpg 300w, http:\/\/www.galerijamaticesrpske.rs\/wp-content\/uploads\/2021\/01\/misija-i-vizija-1920-1024x572.jpg 1024w, http:\/\/www.galerijamaticesrpske.rs\/wp-content\/uploads\/2021\/01\/misija-i-vizija-1920-768x429.jpg 768w, http:\/\/www.galerijamaticesrpske.rs\/wp-content\/uploads\/2021\/01\/misija-i-vizija-1920-1536x858.jpg 1536w\" sizes=\"auto, (max-width: 1920px) 100vw, 1920px\" \/>\t\t\t\t\t\t\n\t\t\t\t\t<\/div>\n\t\t\t\t\t\t\t\t\n<style>\n#image_1535507604 {\n  width: 100%;\n}\n<\/style>\n\t<\/div>\n\t\n\n\n\t\t<\/div>\n\t\t\t\t\n<style>\n#col-1511639565 > .col-inner {\n  padding: 0px 20px 0px 20px;\n}\n<\/style>\n\t<\/div>\n\n\t\n\n\t<div id=\"col-969392081\" class=\"col maxwidth960 small-12 large-12\"  >\n\t\t\t\t<div class=\"col-inner\"  >\n\t\t\t\n\t\t\t\n\n<p class=\"year-big title30\">Unsere Vision<\/p>\n<p>Wir glauben, dass das Museum im 21. Jahrhundert ein zentraler Ort f\u00fcr einzigartige \u00e4sthetische Erlebnisse, f\u00fcr Dialog, Lernen und kreatives Denken ist. Daher wird die Sammlung, die wir geerbt haben und die unsere gr\u00f6\u00dfte St\u00e4rke darstellt, nach den h\u00f6chsten professionellen Standards erforscht, konserviert und ausgestellt. Wir verwenden die Sammlung, um einzigartige Inhalte darzustellen und Vergangenheit und Gegenwart zu verbinden. Diese Inhalte beleuchten die Besonderheiten, Werte und die Einfl\u00fcsse der serbischen Kunst im europ\u00e4ischen Kontext.<\/p>\n<p>Wir glauben an die kreative Kraft der Menschen \u2013 der K\u00fcnstler, wissenschaftlichen Mitarbeiter, Konservatoren, Sammler, Philanthropen &#8211; und sind uns bewusst,&nbsp; dass wir nur gemeinsam in der Kultur- und Kunstgeschichte unseres Landes und unserer Zeit Spuren hinterlassen k\u00f6nnen. Wir kennen unsere Besonderheiten und bem\u00fchen uns, ein Museum zu sein, in dem sich die Vergangenheit ausdr\u00fccken kann. Wir m\u00f6chten mit der Anzahl und Vielfalt der T\u00e4tigkeiten im gegenw\u00e4rtigen Moment Spuren f\u00fcr die Zukunft hinterlassen.<\/p>\n<p class=\"year-big title30\">Mission<\/p>\n<p>Die Galerie der Matica Srpska ist ein humanistisches Museum, das an die Kraft der menschlichen Kreativit\u00e4t und die Bedeutung des k\u00fcnstlerischen Schaffens f\u00fcr die Entwicklung der Zivilisation, die Verbesserung der Lebensqualit\u00e4t und das Wohl der Gesellschaft glaubt. Der Reichtum unserer Sammlung bildet die Grundlage f\u00fcr Perspektiven des Museums zu verschiedenen Themen der Moderne. Ausstellungs-, Verlags- und Bildungsprogramme bieten die M\u00f6glichkeit, mit dem Publikum zu kommunizieren und als Vermittler zwischen Vergangenheit und Gegenwart aufzutreten.<\/p>\n<p>Wir sind der k\u00fcnstlerische Bienenstock unserer Nation, der Werke der bildenden Kunst enth\u00e4lt, die zwischen dem 16. und dem 21. Jahrhundert entstanden sind. Unsere Aktivit\u00e4ten basieren auf dem Respekt vor der Vergangenheit und dem kreativen Potenzial der Gegenwart und sind als Beitrag zu einer besseren Zukunft zu verstehen.<\/p>\n\n\t\t<\/div>\n\t\t\t\t\t<\/div>\n\n\t\n\n\t<div id=\"col-568633428\" class=\"col maxwidth960 small-12 large-12\"  >\n\t\t\t\t<div class=\"col-inner\"  >\n\t\t\t\n\t\t\t\n\n\t<div id=\"text-522120794\" class=\"text quotetxt\">\n\t\t\n\n<p><em>Wir tr\u00e4umen, h\u00f6ren, schaffen, weil wir glauben, dass wir als einzigartiger Ort der serbischen Kultur der Stolz unserer Nation sind.<\/em><\/p>\n\t\t\n<style>\n#text-522120794 {\n  text-align: center;\n}\n<\/style>\n\t<\/div>\n\t\n\n\t\t<\/div>\n\t\t\t\t\t<\/div>\n\n\t\n\n\n<style>\n#row-267255108 > .col > .col-inner {\n  padding: 0px 20px 0px 20px;\n}\n<\/style>\n<\/div>\n\n\t\t<\/div>\n\n\t\t\n<style>\n#section_1423217255 {\n  padding-top: 50px;\n  padding-bottom: 50px;\n  background-color: rgb(246, 246, 246);\n}\n<\/style>\n\t<\/section>\n\t\n","protected":false},"excerpt":{"rendered":"","protected":false},"author":1,"featured_media":0,"parent":0,"menu_order":0,"comment_status":"closed","ping_status":"closed","template":"page-blank.php","meta":{"_acf_changed":false,"footnotes":""},"class_list":["post-4274","page","type-page","status-publish","hentry"],"acf":[],"yoast_head":"<!-- This site is optimized with the Yoast SEO plugin v27.3 - https:\/\/yoast.com\/product\/yoast-seo-wordpress\/ -->\n<title>Unsere Vision und Mission | \u0413\u0430\u043b\u0435\u0440\u0438\u0458\u0430 \u041c\u0430\u0442\u0438\u0446\u0435 \u0441\u0440\u043f\u0441\u043a\u0435<\/title>\n<meta name=\"robots\" content=\"index, follow, max-snippet:-1, max-image-preview:large, max-video-preview:-1\" \/>\n<link rel=\"canonical\" href=\"https:\/\/www.galerijamaticesrpske.rs\/de\/vision-und-mission\/\" \/>\n<meta property=\"og:locale\" content=\"de_DE\" \/>\n<meta property=\"og:type\" content=\"article\" \/>\n<meta property=\"og:title\" content=\"Unsere Vision und Mission | \u0413\u0430\u043b\u0435\u0440\u0438\u0458\u0430 \u041c\u0430\u0442\u0438\u0446\u0435 \u0441\u0440\u043f\u0441\u043a\u0435\" \/>\n<meta property=\"og:url\" content=\"https:\/\/www.galerijamaticesrpske.rs\/de\/vision-und-mission\/\" \/>\n<meta property=\"og:site_name\" content=\"\u0413\u0430\u043b\u0435\u0440\u0438\u0458\u0430 \u041c\u0430\u0442\u0438\u0446\u0435 \u0441\u0440\u043f\u0441\u043a\u0435\" \/>\n<meta property=\"article:modified_time\" content=\"2021-05-03T21:41:22+00:00\" \/>\n<meta name=\"twitter:card\" content=\"summary_large_image\" \/>\n<meta name=\"twitter:label1\" content=\"Gesch\u00e4tzte Lesezeit\" \/>\n\t<meta name=\"twitter:data1\" content=\"2\u00a0Minuten\" \/>\n<script type=\"application\/ld+json\" class=\"yoast-schema-graph\">{\"@context\":\"https:\\\/\\\/schema.org\",\"@graph\":[{\"@type\":\"WebPage\",\"@id\":\"https:\\\/\\\/www.galerijamaticesrpske.rs\\\/de\\\/vision-und-mission\\\/\",\"url\":\"https:\\\/\\\/www.galerijamaticesrpske.rs\\\/de\\\/vision-und-mission\\\/\",\"name\":\"Unsere Vision und Mission | \u0413\u0430\u043b\u0435\u0440\u0438\u0458\u0430 \u041c\u0430\u0442\u0438\u0446\u0435 \u0441\u0440\u043f\u0441\u043a\u0435\",\"isPartOf\":{\"@id\":\"https:\\\/\\\/www.galerijamaticesrpske.rs\\\/en\\\/#website\"},\"datePublished\":\"2020-12-27T01:42:44+00:00\",\"dateModified\":\"2021-05-03T21:41:22+00:00\",\"breadcrumb\":{\"@id\":\"https:\\\/\\\/www.galerijamaticesrpske.rs\\\/de\\\/vision-und-mission\\\/#breadcrumb\"},\"inLanguage\":\"de\",\"potentialAction\":[{\"@type\":\"ReadAction\",\"target\":[\"https:\\\/\\\/www.galerijamaticesrpske.rs\\\/de\\\/vision-und-mission\\\/\"]}]},{\"@type\":\"BreadcrumbList\",\"@id\":\"https:\\\/\\\/www.galerijamaticesrpske.rs\\\/de\\\/vision-und-mission\\\/#breadcrumb\",\"itemListElement\":[{\"@type\":\"ListItem\",\"position\":1,\"name\":\"\u041f\u043e\u0447\u0435\u0442\u043d\u0430\",\"item\":\"http:\\\/\\\/www.galerijamaticesrpske.rs\\\/de\\\/\"},{\"@type\":\"ListItem\",\"position\":2,\"name\":\"Unsere Vision und Mission\"}]},{\"@type\":\"WebSite\",\"@id\":\"https:\\\/\\\/www.galerijamaticesrpske.rs\\\/en\\\/#website\",\"url\":\"https:\\\/\\\/www.galerijamaticesrpske.rs\\\/en\\\/\",\"name\":\"\u0413\u0430\u043b\u0435\u0440\u0438\u0458\u0430 \u041c\u0430\u0442\u0438\u0446\u0435 \u0441\u0440\u043f\u0441\u043a\u0435\",\"description\":\"\u041c\u0443\u0437\u0435\u0458 \u0441\u0440\u043f\u0441\u043a\u0435 \u043d\u0430\u0446\u0438\u043e\u043d\u0430\u043b\u043d\u0435 \u0443\u043c\u0435\u0442\u043d\u043e\u0441\u0442\u0438 \u0443 \u041d\u043e\u0432\u043e\u043c \u0421\u0430\u0434\u0443\",\"publisher\":{\"@id\":\"https:\\\/\\\/www.galerijamaticesrpske.rs\\\/en\\\/#organization\"},\"potentialAction\":[{\"@type\":\"SearchAction\",\"target\":{\"@type\":\"EntryPoint\",\"urlTemplate\":\"https:\\\/\\\/www.galerijamaticesrpske.rs\\\/en\\\/?s={search_term_string}\"},\"query-input\":{\"@type\":\"PropertyValueSpecification\",\"valueRequired\":true,\"valueName\":\"search_term_string\"}}],\"inLanguage\":\"de\"},{\"@type\":\"Organization\",\"@id\":\"https:\\\/\\\/www.galerijamaticesrpske.rs\\\/en\\\/#organization\",\"name\":\"\u0413\u0430\u043b\u0435\u0440\u0438\u0458\u0430 \u041c\u0430\u0442\u0438\u0446\u0435 \u0441\u0440\u043f\u0441\u043a\u0435\",\"url\":\"https:\\\/\\\/www.galerijamaticesrpske.rs\\\/en\\\/\",\"logo\":{\"@type\":\"ImageObject\",\"inLanguage\":\"de\",\"@id\":\"https:\\\/\\\/www.galerijamaticesrpske.rs\\\/en\\\/#\\\/schema\\\/logo\\\/image\\\/\",\"url\":\"https:\\\/\\\/www.galerijamaticesrpske.rs\\\/wp-content\\\/uploads\\\/2021\\\/01\\\/gms-logo-za-sajt.svg\",\"contentUrl\":\"https:\\\/\\\/www.galerijamaticesrpske.rs\\\/wp-content\\\/uploads\\\/2021\\\/01\\\/gms-logo-za-sajt.svg\",\"width\":1,\"height\":1,\"caption\":\"\u0413\u0430\u043b\u0435\u0440\u0438\u0458\u0430 \u041c\u0430\u0442\u0438\u0446\u0435 \u0441\u0440\u043f\u0441\u043a\u0435\"},\"image\":{\"@id\":\"https:\\\/\\\/www.galerijamaticesrpske.rs\\\/en\\\/#\\\/schema\\\/logo\\\/image\\\/\"}}]}<\/script>\n<!-- \/ Yoast SEO plugin. -->","yoast_head_json":{"title":"Unsere Vision und Mission | \u0413\u0430\u043b\u0435\u0440\u0438\u0458\u0430 \u041c\u0430\u0442\u0438\u0446\u0435 \u0441\u0440\u043f\u0441\u043a\u0435","robots":{"index":"index","follow":"follow","max-snippet":"max-snippet:-1","max-image-preview":"max-image-preview:large","max-video-preview":"max-video-preview:-1"},"canonical":"https:\/\/www.galerijamaticesrpske.rs\/de\/vision-und-mission\/","og_locale":"de_DE","og_type":"article","og_title":"Unsere Vision und Mission | \u0413\u0430\u043b\u0435\u0440\u0438\u0458\u0430 \u041c\u0430\u0442\u0438\u0446\u0435 \u0441\u0440\u043f\u0441\u043a\u0435","og_url":"https:\/\/www.galerijamaticesrpske.rs\/de\/vision-und-mission\/","og_site_name":"\u0413\u0430\u043b\u0435\u0440\u0438\u0458\u0430 \u041c\u0430\u0442\u0438\u0446\u0435 \u0441\u0440\u043f\u0441\u043a\u0435","article_modified_time":"2021-05-03T21:41:22+00:00","twitter_card":"summary_large_image","twitter_misc":{"Gesch\u00e4tzte Lesezeit":"2\u00a0Minuten"},"schema":{"@context":"https:\/\/schema.org","@graph":[{"@type":"WebPage","@id":"https:\/\/www.galerijamaticesrpske.rs\/de\/vision-und-mission\/","url":"https:\/\/www.galerijamaticesrpske.rs\/de\/vision-und-mission\/","name":"Unsere Vision und Mission | \u0413\u0430\u043b\u0435\u0440\u0438\u0458\u0430 \u041c\u0430\u0442\u0438\u0446\u0435 \u0441\u0440\u043f\u0441\u043a\u0435","isPartOf":{"@id":"https:\/\/www.galerijamaticesrpske.rs\/en\/#website"},"datePublished":"2020-12-27T01:42:44+00:00","dateModified":"2021-05-03T21:41:22+00:00","breadcrumb":{"@id":"https:\/\/www.galerijamaticesrpske.rs\/de\/vision-und-mission\/#breadcrumb"},"inLanguage":"de","potentialAction":[{"@type":"ReadAction","target":["https:\/\/www.galerijamaticesrpske.rs\/de\/vision-und-mission\/"]}]},{"@type":"BreadcrumbList","@id":"https:\/\/www.galerijamaticesrpske.rs\/de\/vision-und-mission\/#breadcrumb","itemListElement":[{"@type":"ListItem","position":1,"name":"\u041f\u043e\u0447\u0435\u0442\u043d\u0430","item":"http:\/\/www.galerijamaticesrpske.rs\/de\/"},{"@type":"ListItem","position":2,"name":"Unsere Vision und Mission"}]},{"@type":"WebSite","@id":"https:\/\/www.galerijamaticesrpske.rs\/en\/#website","url":"https:\/\/www.galerijamaticesrpske.rs\/en\/","name":"\u0413\u0430\u043b\u0435\u0440\u0438\u0458\u0430 \u041c\u0430\u0442\u0438\u0446\u0435 \u0441\u0440\u043f\u0441\u043a\u0435","description":"\u041c\u0443\u0437\u0435\u0458 \u0441\u0440\u043f\u0441\u043a\u0435 \u043d\u0430\u0446\u0438\u043e\u043d\u0430\u043b\u043d\u0435 \u0443\u043c\u0435\u0442\u043d\u043e\u0441\u0442\u0438 \u0443 \u041d\u043e\u0432\u043e\u043c \u0421\u0430\u0434\u0443","publisher":{"@id":"https:\/\/www.galerijamaticesrpske.rs\/en\/#organization"},"potentialAction":[{"@type":"SearchAction","target":{"@type":"EntryPoint","urlTemplate":"https:\/\/www.galerijamaticesrpske.rs\/en\/?s={search_term_string}"},"query-input":{"@type":"PropertyValueSpecification","valueRequired":true,"valueName":"search_term_string"}}],"inLanguage":"de"},{"@type":"Organization","@id":"https:\/\/www.galerijamaticesrpske.rs\/en\/#organization","name":"\u0413\u0430\u043b\u0435\u0440\u0438\u0458\u0430 \u041c\u0430\u0442\u0438\u0446\u0435 \u0441\u0440\u043f\u0441\u043a\u0435","url":"https:\/\/www.galerijamaticesrpske.rs\/en\/","logo":{"@type":"ImageObject","inLanguage":"de","@id":"https:\/\/www.galerijamaticesrpske.rs\/en\/#\/schema\/logo\/image\/","url":"https:\/\/www.galerijamaticesrpske.rs\/wp-content\/uploads\/2021\/01\/gms-logo-za-sajt.svg","contentUrl":"https:\/\/www.galerijamaticesrpske.rs\/wp-content\/uploads\/2021\/01\/gms-logo-za-sajt.svg","width":1,"height":1,"caption":"\u0413\u0430\u043b\u0435\u0440\u0438\u0458\u0430 \u041c\u0430\u0442\u0438\u0446\u0435 \u0441\u0440\u043f\u0441\u043a\u0435"},"image":{"@id":"https:\/\/www.galerijamaticesrpske.rs\/en\/#\/schema\/logo\/image\/"}}]}},"_links":{"self":[{"href":"http:\/\/www.galerijamaticesrpske.rs\/de\/wp-json\/wp\/v2\/pages\/4274","targetHints":{"allow":["GET"]}}],"collection":[{"href":"http:\/\/www.galerijamaticesrpske.rs\/de\/wp-json\/wp\/v2\/pages"}],"about":[{"href":"http:\/\/www.galerijamaticesrpske.rs\/de\/wp-json\/wp\/v2\/types\/page"}],"author":[{"embeddable":true,"href":"http:\/\/www.galerijamaticesrpske.rs\/de\/wp-json\/wp\/v2\/users\/1"}],"replies":[{"embeddable":true,"href":"http:\/\/www.galerijamaticesrpske.rs\/de\/wp-json\/wp\/v2\/comments?post=4274"}],"version-history":[{"count":3,"href":"http:\/\/www.galerijamaticesrpske.rs\/de\/wp-json\/wp\/v2\/pages\/4274\/revisions"}],"predecessor-version":[{"id":4685,"href":"http:\/\/www.galerijamaticesrpske.rs\/de\/wp-json\/wp\/v2\/pages\/4274\/revisions\/4685"}],"wp:attachment":[{"href":"http:\/\/www.galerijamaticesrpske.rs\/de\/wp-json\/wp\/v2\/media?parent=4274"}],"curies":[{"name":"wp","href":"https:\/\/api.w.org\/{rel}","templated":true}]}}