{"id":2244,"date":"2021-02-07T10:43:35","date_gmt":"2021-02-07T10:43:35","guid":{"rendered":"http:\/\/www.galerijamaticesrpske.rs\/istrazite-galeriju\/"},"modified":"2025-03-10T12:44:48","modified_gmt":"2025-03-10T12:44:48","slug":"explore-the-gallery","status":"publish","type":"page","link":"http:\/\/www.galerijamaticesrpske.rs\/en\/explore-the-gallery\/","title":{"rendered":"Explore the Gallery"},"content":{"rendered":"<div class=\"slider-wrapper relative\" id=\"slider-2077380794\" >\n    <div class=\"slider slider-nav-circle slider-nav-large slider-nav-light slider-style-normal\"\n        data-flickity-options='{\n            \"cellAlign\": \"center\",\n            \"imagesLoaded\": true,\n            \"lazyLoad\": 1,\n            \"freeScroll\": false,\n            \"wrapAround\": true,\n            \"autoPlay\": 6000,\n            \"pauseAutoPlayOnHover\" : true,\n            \"prevNextButtons\": false,\n            \"contain\" : true,\n            \"adaptiveHeight\" : true,\n            \"dragThreshold\" : 10,\n            \"percentPosition\": true,\n            \"pageDots\": false,\n            \"rightToLeft\": false,\n            \"draggable\": true,\n            \"selectedAttraction\": 0.1,\n            \"parallax\" : 0,\n            \"friction\": 0.6        }'\n        >\n        \n\n  <div class=\"banner has-hover withanimation\" id=\"banner-1769863680\">\n          <div class=\"banner-inner fill\">\n        <div class=\"banner-bg fill\" >\n            <img loading=\"lazy\" decoding=\"async\" width=\"1920\" height=\"1280\" src=\"http:\/\/www.galerijamaticesrpske.rs\/wp-content\/uploads\/2021\/02\/istrazite-galeriju_gl.-foto-1920.jpg\" class=\"bg attachment-original size-original\" alt=\"\" \/>                        <div class=\"overlay\"><\/div>            \n                    <\/div>\n\t\t\n        <div class=\"banner-layers container\">\n            <div class=\"fill banner-link\"><\/div>            \n   <div id=\"text-box-808800558\" class=\"text-box banner-layer x50 md-x10 lg-x10 y50 md-y50 lg-y50 res-text\">\n                     <div data-animate=\"fadeInLeft\">           <div class=\"text-box-content text dark\">\n              \n              <div class=\"text-inner text-left\">\n                  \n\t<div id=\"text-2320868297\" class=\"text maxwidthtxtbox\">\n\t\t\n<h2 class=\"uppercase mb0\" data-animate=\"fadeInLeft\" data-animated=\"true\">Explore<\/h2>\n<h2 class=\"uppercase mt0\">the Gallery<\/h2>\n<p data-animate=\"fadeInLeft\" data-animated=\"true\">Visit us, enjoy the pleasant atmosphere during your visit and experience art in the best possible way.<\/p>\n\t\t\t<\/div>\n\t\n              <\/div>\n           <\/div>\n       <\/div>                     \n<style>\n#text-box-808800558 {\n  width: 85%;\n}\n#text-box-808800558 .text-box-content {\n  font-size: 100%;\n}\n@media (min-width:550px) {\n  #text-box-808800558 {\n    width: 40%;\n  }\n}\n<\/style>\n    <\/div>\n \n        <\/div>\n      <\/div>\n\n            \n<style>\n#banner-1769863680 {\n  padding-top: 600px;\n}\n#banner-1769863680 .overlay {\n  background-color: rgba(0, 0, 0, 0.03);\n}\n#banner-1769863680 .banner-bg img {\n  object-position: 0% 70%;\n}\n<\/style>\n  <\/div>\n\n\n     <\/div>\n\n     <div class=\"loading-spin dark large centered\"><\/div>\n\n\t<\/div>\n\n\n\n\t<section class=\"section\" id=\"section_288964361\">\n\t\t<div class=\"section-bg fill\" >\n\t\t\t\t\t\t\t\t\t\n\t\t\t\n\n\t\t<\/div>\n\n\t\t\n\n\t\t<div class=\"section-content relative\">\n\t\t\t\n<div class=\"row align-center mt10\"  id=\"row-196900021\">\n\n\t<div id=\"col-2136568900\" class=\"col sticky-side medium-3 small-12 large-3\"  >\n\t\t\t\t<div class=\"col-inner\"  >\n\t\t\t\n\t\t\t\n<p><a href=\"#grouptours\">Group tours<\/a><\/p>\n<hr \/>\n<p><a href=\"#familyvisits\">Family visits<\/a><\/p>\n<hr \/>\n<p><a href=\"#addition\">For a better experience<\/a><\/p>\n<hr \/>\n<p><a href=\"#feelart\">Digital platform<em> Experience Art<\/em><\/a><\/p>\n<hr \/>\n<p><a href=\"#indulgeinart\">Indulge in Art<\/a><\/p>\n<hr \/>\n<p><a href=\"https:\/\/www.galerijamaticesrpske.rs\/en\/book-visit\/\">Book a group visit<\/a><\/p>\n<hr \/>\n<p><a href=\"https:\/\/www.galerijamaticesrpske.rs\/en\/information\/#openinghours\">Opening hours<br \/>&amp; tickets<\/a><\/p>\n\t\t<\/div>\n\t\t\t\t\n<style>\n#col-2136568900 > .col-inner {\n  padding: 0px 20px 0px 20px;\n}\n<\/style>\n\t<\/div>\n\n\t\n\n\t<div id=\"col-1127454735\" class=\"col medium-7 small-12 large-7\"  >\n\t\t\t\t<div class=\"col-inner\"  >\n\t\t\t\n\t\t\t\n<span class=\"scroll-to\" data-label=\"Scroll to: #grouptours\" data-bullet=\"false\" data-link=\"#grouptours\" data-title=\"grouptours\"><a name=\"grouptours\"><\/a><\/span>\n<p class=\"title21\"><strong>Group tours<\/strong><\/p>\n\t<div class=\"img has-hover x md-x lg-x y md-y lg-y\" id=\"image_427447967\">\n\t\t\t\t\t\t<div data-animate=\"fadeInRight\">\t\t<div class=\"img-inner dark\" >\n\t\t\t<img loading=\"lazy\" decoding=\"async\" width=\"1020\" height=\"532\" src=\"http:\/\/www.galerijamaticesrpske.rs\/wp-content\/uploads\/2021\/02\/1400x730_grupna-poseta-1024x534.jpg\" class=\"attachment-large size-large\" alt=\"\u0413\u0440\u0443\u043f\u043d\u0430 \u043f\u043e\u0441\u0435\u0442\u0430\" srcset=\"http:\/\/www.galerijamaticesrpske.rs\/wp-content\/uploads\/2021\/02\/1400x730_grupna-poseta-1024x534.jpg 1024w, http:\/\/www.galerijamaticesrpske.rs\/wp-content\/uploads\/2021\/02\/1400x730_grupna-poseta-300x156.jpg 300w, http:\/\/www.galerijamaticesrpske.rs\/wp-content\/uploads\/2021\/02\/1400x730_grupna-poseta-768x400.jpg 768w, http:\/\/www.galerijamaticesrpske.rs\/wp-content\/uploads\/2021\/02\/1400x730_grupna-poseta.jpg 1400w\" sizes=\"auto, (max-width: 1020px) 100vw, 1020px\" \/>\t\t\t\t\t\t\n\t\t\t\t\t<\/div>\n\t\t<\/div>\t\t\t\t\t\t\n<style>\n#image_427447967 {\n  width: 100%;\n}\n<\/style>\n\t<\/div>\n\t\n<p>A museum visit is more enjoyable in good company, so we invite you to visit the Gallery in a group of at least 8 people.<\/p>\n<p>Group visit must be <a href=\"https:\/\/www.galerijamaticesrpske.rs\/en\/book-visit\/\">booked via online request<\/a> or by phone +381 21 4899 013.<\/p>\n<p>We also offer:<\/p>\n<p><strong>Guided Tour with Curators of the Permanent Exhibition<\/strong> (60 minutes)<\/p>\n<p>Curators of GMS, in Serbian or English, present the history of the Gallery of Matica Srpska, its influence on the development of national art, and significant works from the 18th, 19th, and 20th centuries that illustrate the emergence and development of modern Serbian art, highlighting the role and significance of national art and culture in the European cultural context.<\/p>\n<p class=\"title18\"><strong>Serbian Art in 10 Scenes<\/strong> (45 minutes)<\/p>\n<p>GMS curators present the Permanent Exhibition by focusing on 10 masterpieces of Serbian art. Through brief stories, visitors get acquainted with the most important artists of the 18th, 19th, and 20th centuries, as well as various artistic themes, styles, and genres.<\/p>\n<p class=\"title18\"><strong>Guided tour for school groups<\/strong> (45 minutes)<\/p>\n<p>GMS museum educators reveal the most significant works of Serbian art and introduce the creations of Paja Jovanovi\u0107, Uro\u0161 Predi\u0107, Sava \u0160umanovi\u0107, and other painters. The content is adapted to the school-age audience. An interactive tour with the social game <em>K(art)e<\/em> is also available, allowing young visitors to learn more about the GMS collection and national art in an engaging way accompanied by a museum educator.<\/p>\n<p class=\"title18\"><strong>Thematic guided tours through the Permanent Exhibition<\/strong> (45 minutes)<\/p>\n<p>In order to give a new interpretation and a different view of the Permanent Exhibition, curators\u00a0 present various topics, social and artistic phenomena, as well as interesting, little-known stories from art history to the audience through special curator tours. There are several tours available:<\/p>\n<p>To offer visitors a new interpretation and different reading of the Permanent Exhibition, GMS curators present various themes, social and artistic phenomena, and intriguing, lesser-known stories from art history through special guided tours. We offer the following tours:<\/p>\n<p><em>Identity of the Collection<\/em> \u2013 Learn about the history of the Gallery of Matica Srpska and how Matica Srpska\u2019s scholarship recipients and benefactors built today\u2019s collection, influencing the development of national art.<\/p>\n<p><em>Chronology of Serbian Art<\/em> \u2013 Discover the evolution of Serbian visual arts and the historical and artistic movements that shaped it. Explore icons, graphics, paintings, drawings, and sculptures from the Baroque, Classicism, Romanticism, Realism, and Modernism periods.<\/p>\n<p><em>Transformability of Art<\/em> \u2013 Do visual elements define artworks and how? Through innovative connections between art objects from different eras, we offer you new perspectives on color, line, and other media that shape our perception of art.<\/p>\n<p><em>Sculptophilia<\/em> \u2013 If you are interested in the development of sculpture in modern national art, explore the pieces from our collection through six themes: Depot, Morphology, Female Sculptors, Maestro, Uniqueness, and Public Sculpture.<\/p>\n<p><em>Shelter<\/em>: <em>Man and Environment<\/em> \u2013 What are some of the human shelters? Discover objects and emotions that define home through depictions of households, and explore nature as shelter for humans through depictions of landscapes and other scenes.<\/p>\n<p><em>Taboo: Body and Mind<\/em> \u2013 Are emotions, nudity, otherness, and death still taboo topics in our society? Do these themes make you uncomfortable or provoke reflection? See how they are represented in the Gallery\u2019s visual art collection.<\/p>\n<p><em>Pleasure: Rituals and Habits<\/em> \u2013 What is true pleasure for you? Step into an artistic story about rituals and habits and immerse yourself in works that depict wine, entertainment, and fashion.<\/p>\n<div class=\"is-divider divider clearfix\" style=\"max-width:100%;height:1px;background-color:rgba(0, 0, 0, 0.1);\"><\/div>\n<span class=\"scroll-to\" data-label=\"Scroll to: #familyvisits\" data-bullet=\"false\" data-link=\"#familyvisits\" data-title=\"familyvisits\"><a name=\"familyvisits\"><\/a><\/span>\n<p class=\"title21\"><strong>Family visits<\/strong><\/p>\n\t<div class=\"img has-hover x md-x lg-x y md-y lg-y\" id=\"image_940910930\">\n\t\t\t\t\t\t<div data-animate=\"fadeInRight\">\t\t<div class=\"img-inner dark\" >\n\t\t\t<img loading=\"lazy\" decoding=\"async\" width=\"1020\" height=\"532\" src=\"http:\/\/www.galerijamaticesrpske.rs\/wp-content\/uploads\/2021\/02\/1400x730_porodicna-poseta-1024x534.jpg\" class=\"attachment-large size-large\" alt=\"\u041f\u043e\u0440\u043e\u0434\u0438\u0447\u043d\u0430 \u043f\u043e\u0441\u0435\u0442\u0430\" srcset=\"http:\/\/www.galerijamaticesrpske.rs\/wp-content\/uploads\/2021\/02\/1400x730_porodicna-poseta-1024x534.jpg 1024w, http:\/\/www.galerijamaticesrpske.rs\/wp-content\/uploads\/2021\/02\/1400x730_porodicna-poseta-300x156.jpg 300w, http:\/\/www.galerijamaticesrpske.rs\/wp-content\/uploads\/2021\/02\/1400x730_porodicna-poseta-768x400.jpg 768w, http:\/\/www.galerijamaticesrpske.rs\/wp-content\/uploads\/2021\/02\/1400x730_porodicna-poseta.jpg 1400w\" sizes=\"auto, (max-width: 1020px) 100vw, 1020px\" \/>\t\t\t\t\t\t\n\t\t\t\t\t<\/div>\n\t\t<\/div>\t\t\t\t\t\t\n<style>\n#image_940910930 {\n  width: 100%;\n}\n<\/style>\n\t<\/div>\n\t\n<p>We invite you to spend your leisure time with your little ones surrounded by art. For that we offer at your disposal special amenities and activities:<\/p>\n<ul>\n<li>Free entrance on Tuesdays for parents with babies<\/li>\n<li>Family tickets for three or more family members<\/li>\n<li>Children&#8217;s room \u2013 an area for creative playtime intended for babies and children<\/li>\n<li>Mothers and babies corner &#8211; with an armchair for breastfeeding and feeding, and a baby swaddle<\/li>\n<li>Guide for children, youth, and all who feel young at heart <em>A Guide Through the World of Art <\/em>in Serbian.<\/li>\n<li><em>Experience Art<\/em> App for children and adults in Serbian and English, available through HoloLens 2 glasses, which can be borrowed from the museum shop.<\/li>\n<\/ul>\n<div class=\"is-divider divider clearfix\" style=\"max-width:100%;height:1px;background-color:rgba(0, 0, 0, 0.1);\"><\/div>\n<span class=\"scroll-to\" data-label=\"Scroll to: #addition\" data-bullet=\"false\" data-link=\"#addition\" data-title=\"addition\"><a name=\"addition\"><\/a><\/span>\n<p class=\"title21\"><strong>For a better experience<\/strong><\/p>\n\t<div class=\"img has-hover x md-x lg-x y md-y lg-y\" id=\"image_2066864640\">\n\t\t\t\t\t\t<div data-animate=\"fadeInRight\">\t\t<div class=\"img-inner dark\" >\n\t\t\t<img loading=\"lazy\" decoding=\"async\" width=\"1020\" height=\"532\" src=\"http:\/\/www.galerijamaticesrpske.rs\/wp-content\/uploads\/2021\/02\/1400x730_nedeljni-program-1024x534.jpg\" class=\"attachment-large size-large\" alt=\"\u0417\u0430 \u0431\u043e\u0459\u0435 \u0438\u0441\u043a\u0443\u0441\u0442\u0432\u043e \u041d\u0435\u0434\u0435\u0459\u043d\u0438 \u043f\u0440\u043e\u0433\u0440\u0430\u043c\u0438\" srcset=\"http:\/\/www.galerijamaticesrpske.rs\/wp-content\/uploads\/2021\/02\/1400x730_nedeljni-program-1024x534.jpg 1024w, http:\/\/www.galerijamaticesrpske.rs\/wp-content\/uploads\/2021\/02\/1400x730_nedeljni-program-300x156.jpg 300w, http:\/\/www.galerijamaticesrpske.rs\/wp-content\/uploads\/2021\/02\/1400x730_nedeljni-program-768x400.jpg 768w, http:\/\/www.galerijamaticesrpske.rs\/wp-content\/uploads\/2021\/02\/1400x730_nedeljni-program.jpg 1400w\" sizes=\"auto, (max-width: 1020px) 100vw, 1020px\" \/>\t\t\t\t\t\t\n\t\t\t\t\t<\/div>\n\t\t<\/div>\t\t\t\t\t\t\n<style>\n#image_2066864640 {\n  width: 100%;\n}\n<\/style>\n\t<\/div>\n\t\n<p class=\"title18\"><strong>Weekly programs<\/strong><\/p>\n<p>To introduce you closer to our Permanent and Temporary Exhibitions and make your visit more meaningful, various programs are organized in the Gallery during the weekend:<\/p>\n<ul>\n<li>Fridays at 7 p.m.: lectures and guided tours<\/li>\n<li>Saturdays and Sundays at 1 p.m. and 5 p.m.: guided tours<\/li>\n<\/ul>\n<p>You can find detailed <a href=\"https:\/\/www.galerijamaticesrpske.rs\/en\/events-whats-on\/\">program in Calendar<\/a>.<\/p>\n<span class=\"scroll-to\" data-label=\"Scroll to: #feelart\" data-bullet=\"false\" data-link=\"#feelart\" data-title=\"feelart\"><a name=\"feelart\"><\/a><\/span>\n\t<div class=\"img has-hover x md-x lg-x y md-y lg-y\" id=\"image_1561583086\">\n\t\t\t\t\t\t<div data-animate=\"fadeInRight\">\t\t<div class=\"img-inner dark\" >\n\t\t\t<img loading=\"lazy\" decoding=\"async\" width=\"1020\" height=\"555\" src=\"http:\/\/www.galerijamaticesrpske.rs\/wp-content\/uploads\/2023\/02\/promocija-novih-tehnologija_19.05.2022-4-1024x557.jpg\" class=\"attachment-large size-large\" alt=\"\" srcset=\"http:\/\/www.galerijamaticesrpske.rs\/wp-content\/uploads\/2023\/02\/promocija-novih-tehnologija_19.05.2022-4-1024x557.jpg 1024w, http:\/\/www.galerijamaticesrpske.rs\/wp-content\/uploads\/2023\/02\/promocija-novih-tehnologija_19.05.2022-4-300x163.jpg 300w, http:\/\/www.galerijamaticesrpske.rs\/wp-content\/uploads\/2023\/02\/promocija-novih-tehnologija_19.05.2022-4-768x418.jpg 768w, http:\/\/www.galerijamaticesrpske.rs\/wp-content\/uploads\/2023\/02\/promocija-novih-tehnologija_19.05.2022-4-600x327.jpg 600w, http:\/\/www.galerijamaticesrpske.rs\/wp-content\/uploads\/2023\/02\/promocija-novih-tehnologija_19.05.2022-4.jpg 1200w\" sizes=\"auto, (max-width: 1020px) 100vw, 1020px\" \/>\t\t\t\t\t\t\n\t\t\t\t\t<\/div>\n\t\t<\/div>\t\t\t\t\t\t\n<style>\n#image_1561583086 {\n  width: 100%;\n}\n<\/style>\n\t<\/div>\n\t\n<p class=\"title18\"><strong>Digital Platform for HoloLens 2 <em>Feel the Art <\/em><\/strong><\/p>\n<p>You can enrich your museum experience by using the digital platform for HoloLens 2\u00a0 <em>Feel the Art.<\/em> The platform in Serbian and English, with elements of augmented reality allows you a more interesting and different interpretation of works of art exhibited in the Permanent Exhibition of the Gallery of Matica Srpska.<\/p>\n<p>Ask for HoloLens 2 at the GMS Shop.<\/p>\n<div class=\"is-divider divider clearfix\" style=\"max-width:100%;height:1px;background-color:rgba(0, 0, 0, 0.1);\"><\/div>\n<span class=\"scroll-to\" data-label=\"Scroll to: #indulgeinart\" data-bullet=\"false\" data-link=\"#indulgeinart\" data-title=\"indulgeinart\"><a name=\"indulgeinart\"><\/a><\/span>\n<p class=\"title21\"><strong>Indulge in Art<\/strong><\/p>\n\t<div class=\"img has-hover x md-x lg-x y md-y lg-y\" id=\"image_1428690137\">\n\t\t\t\t\t\t<div data-animate=\"fadeInRight\">\t\t<div class=\"img-inner dark\" >\n\t\t\t<img loading=\"lazy\" decoding=\"async\" width=\"1020\" height=\"532\" src=\"http:\/\/www.galerijamaticesrpske.rs\/wp-content\/uploads\/2021\/02\/1400x730_prepusti-se-umetnosti-1024x534.jpg\" class=\"attachment-large size-large\" alt=\"GMS | Prepusti se Umetnosti\" srcset=\"http:\/\/www.galerijamaticesrpske.rs\/wp-content\/uploads\/2021\/02\/1400x730_prepusti-se-umetnosti-1024x534.jpg 1024w, http:\/\/www.galerijamaticesrpske.rs\/wp-content\/uploads\/2021\/02\/1400x730_prepusti-se-umetnosti-300x156.jpg 300w, http:\/\/www.galerijamaticesrpske.rs\/wp-content\/uploads\/2021\/02\/1400x730_prepusti-se-umetnosti-768x400.jpg 768w, http:\/\/www.galerijamaticesrpske.rs\/wp-content\/uploads\/2021\/02\/1400x730_prepusti-se-umetnosti.jpg 1400w\" sizes=\"auto, (max-width: 1020px) 100vw, 1020px\" \/>\t\t\t\t\t\t\n\t\t\t\t\t<\/div>\n\t\t<\/div>\t\t\t\t\t\t\n<style>\n#image_1428690137 {\n  width: 100%;\n}\n<\/style>\n\t<\/div>\n\t\n<p class=\"alt-font title18\"><span data-text-color=\"primary\"><em>Visit us, play with your thoughts and feelings, re-examine them in contact with artworks and let yourself drift away\u2026<\/em><\/span><\/p>\n<p>In order to make your stay and experience of art unique, we have prepared a special room within the Permanent Exhibition space of the Gallery of Matica srpska &#8211; <strong>a room for indulging in Art.<\/strong> Every month, a different artwork which creates a specific atmosphere waits for you. In the synergy of art, sound, space and light, you will have the opportunity to be alone with the artwork and to experience it in your own way.<\/p>\n<p><a href=\"https:\/\/www.galerijamaticesrpske.rs\/en\/news\/indulge-in-art\/\">Read more about a room for indulging in Art.<\/a><\/p>\n<div class=\"is-divider divider clearfix\" style=\"max-width:100%;height:1px;background-color:rgba(0, 0, 0, 0.1);\"><\/div>\n<p>All information about tickets and prices can be obtained by calling: +381 21 4899 013 or read on our <a href=\"https:\/\/www.galerijamaticesrpske.rs\/en\/information\/\">Information page<\/a>.<\/p>\n\t\t<\/div>\n\t\t\t\t\n<style>\n#col-1127454735 > .col-inner {\n  padding: 0px 20px 0px 20px;\n}\n<\/style>\n\t<\/div>\n\n\t\n<\/div>\n\t\t<\/div>\n\n\t\t\n<style>\n#section_288964361 {\n  padding-top: 30px;\n  padding-bottom: 30px;\n  background-color: rgb(246, 246, 246);\n}\n<\/style>\n\t<\/section>\n\t\n","protected":false},"excerpt":{"rendered":"","protected":false},"author":1,"featured_media":0,"parent":0,"menu_order":0,"comment_status":"closed","ping_status":"closed","template":"page-blank.php","meta":{"_acf_changed":false,"footnotes":""},"class_list":["post-2244","page","type-page","status-publish","hentry"],"acf":[],"yoast_head":"<!-- This site is optimized with the Yoast SEO plugin v27.3 - https:\/\/yoast.com\/product\/yoast-seo-wordpress\/ -->\n<title>Explore the Gallery | The Gallery of Matica srpska<\/title>\n<meta name=\"robots\" content=\"index, follow, max-snippet:-1, max-image-preview:large, max-video-preview:-1\" \/>\n<link rel=\"canonical\" href=\"http:\/\/www.galerijamaticesrpske.rs\/en\/explore-the-gallery\/\" \/>\n<meta property=\"og:locale\" content=\"en_US\" \/>\n<meta property=\"og:type\" content=\"article\" \/>\n<meta property=\"og:title\" content=\"Explore the Gallery | The Gallery of Matica srpska\" \/>\n<meta property=\"og:url\" content=\"http:\/\/www.galerijamaticesrpske.rs\/en\/explore-the-gallery\/\" \/>\n<meta property=\"og:site_name\" content=\"The Gallery of Matica srpska\" \/>\n<meta property=\"article:modified_time\" content=\"2025-03-10T12:44:48+00:00\" \/>\n<meta name=\"twitter:card\" content=\"summary_large_image\" \/>\n<meta name=\"twitter:label1\" content=\"Est. reading time\" \/>\n\t<meta name=\"twitter:data1\" content=\"6 minutes\" \/>\n<script type=\"application\/ld+json\" class=\"yoast-schema-graph\">{\"@context\":\"https:\\\/\\\/schema.org\",\"@graph\":[{\"@type\":\"WebPage\",\"@id\":\"http:\\\/\\\/www.galerijamaticesrpske.rs\\\/en\\\/explore-the-gallery\\\/\",\"url\":\"http:\\\/\\\/www.galerijamaticesrpske.rs\\\/en\\\/explore-the-gallery\\\/\",\"name\":\"Explore the Gallery | The Gallery of Matica srpska\",\"isPartOf\":{\"@id\":\"https:\\\/\\\/www.galerijamaticesrpske.rs\\\/#website\"},\"datePublished\":\"2021-02-07T10:43:35+00:00\",\"dateModified\":\"2025-03-10T12:44:48+00:00\",\"breadcrumb\":{\"@id\":\"http:\\\/\\\/www.galerijamaticesrpske.rs\\\/en\\\/explore-the-gallery\\\/#breadcrumb\"},\"inLanguage\":\"en-US\",\"potentialAction\":[{\"@type\":\"ReadAction\",\"target\":[\"http:\\\/\\\/www.galerijamaticesrpske.rs\\\/en\\\/explore-the-gallery\\\/\"]}]},{\"@type\":\"BreadcrumbList\",\"@id\":\"http:\\\/\\\/www.galerijamaticesrpske.rs\\\/en\\\/explore-the-gallery\\\/#breadcrumb\",\"itemListElement\":[{\"@type\":\"ListItem\",\"position\":1,\"name\":\"\u041f\u043e\u0447\u0435\u0442\u043d\u0430\",\"item\":\"http:\\\/\\\/www.galerijamaticesrpske.rs\\\/en\\\/\"},{\"@type\":\"ListItem\",\"position\":2,\"name\":\"Explore the Gallery\"}]},{\"@type\":\"WebSite\",\"@id\":\"https:\\\/\\\/www.galerijamaticesrpske.rs\\\/#website\",\"url\":\"https:\\\/\\\/www.galerijamaticesrpske.rs\\\/\",\"name\":\"The Gallery of Matica srpska\",\"description\":\"Museum of Serbian National Art in Novi Sad\",\"publisher\":{\"@id\":\"https:\\\/\\\/www.galerijamaticesrpske.rs\\\/#organization\"},\"potentialAction\":[{\"@type\":\"SearchAction\",\"target\":{\"@type\":\"EntryPoint\",\"urlTemplate\":\"https:\\\/\\\/www.galerijamaticesrpske.rs\\\/?s={search_term_string}\"},\"query-input\":{\"@type\":\"PropertyValueSpecification\",\"valueRequired\":true,\"valueName\":\"search_term_string\"}}],\"inLanguage\":\"en-US\"},{\"@type\":\"Organization\",\"@id\":\"https:\\\/\\\/www.galerijamaticesrpske.rs\\\/#organization\",\"name\":\"The Gallery of Matica srpska\",\"url\":\"https:\\\/\\\/www.galerijamaticesrpske.rs\\\/\",\"logo\":{\"@type\":\"ImageObject\",\"inLanguage\":\"en-US\",\"@id\":\"https:\\\/\\\/www.galerijamaticesrpske.rs\\\/#\\\/schema\\\/logo\\\/image\\\/\",\"url\":\"https:\\\/\\\/www.galerijamaticesrpske.rs\\\/wp-content\\\/uploads\\\/2021\\\/01\\\/gms-logo-za-sajt.svg\",\"contentUrl\":\"https:\\\/\\\/www.galerijamaticesrpske.rs\\\/wp-content\\\/uploads\\\/2021\\\/01\\\/gms-logo-za-sajt.svg\",\"width\":1,\"height\":1,\"caption\":\"The Gallery of Matica srpska\"},\"image\":{\"@id\":\"https:\\\/\\\/www.galerijamaticesrpske.rs\\\/#\\\/schema\\\/logo\\\/image\\\/\"}}]}<\/script>\n<!-- \/ Yoast SEO plugin. -->","yoast_head_json":{"title":"Explore the Gallery | The Gallery of Matica srpska","robots":{"index":"index","follow":"follow","max-snippet":"max-snippet:-1","max-image-preview":"max-image-preview:large","max-video-preview":"max-video-preview:-1"},"canonical":"http:\/\/www.galerijamaticesrpske.rs\/en\/explore-the-gallery\/","og_locale":"en_US","og_type":"article","og_title":"Explore the Gallery | The Gallery of Matica srpska","og_url":"http:\/\/www.galerijamaticesrpske.rs\/en\/explore-the-gallery\/","og_site_name":"The Gallery of Matica srpska","article_modified_time":"2025-03-10T12:44:48+00:00","twitter_card":"summary_large_image","twitter_misc":{"Est. reading time":"6 minutes"},"schema":{"@context":"https:\/\/schema.org","@graph":[{"@type":"WebPage","@id":"http:\/\/www.galerijamaticesrpske.rs\/en\/explore-the-gallery\/","url":"http:\/\/www.galerijamaticesrpske.rs\/en\/explore-the-gallery\/","name":"Explore the Gallery | The Gallery of Matica srpska","isPartOf":{"@id":"https:\/\/www.galerijamaticesrpske.rs\/#website"},"datePublished":"2021-02-07T10:43:35+00:00","dateModified":"2025-03-10T12:44:48+00:00","breadcrumb":{"@id":"http:\/\/www.galerijamaticesrpske.rs\/en\/explore-the-gallery\/#breadcrumb"},"inLanguage":"en-US","potentialAction":[{"@type":"ReadAction","target":["http:\/\/www.galerijamaticesrpske.rs\/en\/explore-the-gallery\/"]}]},{"@type":"BreadcrumbList","@id":"http:\/\/www.galerijamaticesrpske.rs\/en\/explore-the-gallery\/#breadcrumb","itemListElement":[{"@type":"ListItem","position":1,"name":"\u041f\u043e\u0447\u0435\u0442\u043d\u0430","item":"http:\/\/www.galerijamaticesrpske.rs\/en\/"},{"@type":"ListItem","position":2,"name":"Explore the Gallery"}]},{"@type":"WebSite","@id":"https:\/\/www.galerijamaticesrpske.rs\/#website","url":"https:\/\/www.galerijamaticesrpske.rs\/","name":"The Gallery of Matica srpska","description":"Museum of Serbian National Art in Novi Sad","publisher":{"@id":"https:\/\/www.galerijamaticesrpske.rs\/#organization"},"potentialAction":[{"@type":"SearchAction","target":{"@type":"EntryPoint","urlTemplate":"https:\/\/www.galerijamaticesrpske.rs\/?s={search_term_string}"},"query-input":{"@type":"PropertyValueSpecification","valueRequired":true,"valueName":"search_term_string"}}],"inLanguage":"en-US"},{"@type":"Organization","@id":"https:\/\/www.galerijamaticesrpske.rs\/#organization","name":"The Gallery of Matica srpska","url":"https:\/\/www.galerijamaticesrpske.rs\/","logo":{"@type":"ImageObject","inLanguage":"en-US","@id":"https:\/\/www.galerijamaticesrpske.rs\/#\/schema\/logo\/image\/","url":"https:\/\/www.galerijamaticesrpske.rs\/wp-content\/uploads\/2021\/01\/gms-logo-za-sajt.svg","contentUrl":"https:\/\/www.galerijamaticesrpske.rs\/wp-content\/uploads\/2021\/01\/gms-logo-za-sajt.svg","width":1,"height":1,"caption":"The Gallery of Matica srpska"},"image":{"@id":"https:\/\/www.galerijamaticesrpske.rs\/#\/schema\/logo\/image\/"}}]}},"_links":{"self":[{"href":"http:\/\/www.galerijamaticesrpske.rs\/en\/wp-json\/wp\/v2\/pages\/2244","targetHints":{"allow":["GET"]}}],"collection":[{"href":"http:\/\/www.galerijamaticesrpske.rs\/en\/wp-json\/wp\/v2\/pages"}],"about":[{"href":"http:\/\/www.galerijamaticesrpske.rs\/en\/wp-json\/wp\/v2\/types\/page"}],"author":[{"embeddable":true,"href":"http:\/\/www.galerijamaticesrpske.rs\/en\/wp-json\/wp\/v2\/users\/1"}],"replies":[{"embeddable":true,"href":"http:\/\/www.galerijamaticesrpske.rs\/en\/wp-json\/wp\/v2\/comments?post=2244"}],"version-history":[{"count":5,"href":"http:\/\/www.galerijamaticesrpske.rs\/en\/wp-json\/wp\/v2\/pages\/2244\/revisions"}],"predecessor-version":[{"id":14486,"href":"http:\/\/www.galerijamaticesrpske.rs\/en\/wp-json\/wp\/v2\/pages\/2244\/revisions\/14486"}],"wp:attachment":[{"href":"http:\/\/www.galerijamaticesrpske.rs\/en\/wp-json\/wp\/v2\/media?parent=2244"}],"curies":[{"name":"wp","href":"https:\/\/api.w.org\/{rel}","templated":true}]}}