{"id":2396,"date":"2021-01-15T00:02:42","date_gmt":"2021-01-15T00:02:42","guid":{"rendered":"http:\/\/www.galerijamaticesrpske.rs\/o-kolekciji\/"},"modified":"2024-11-05T13:27:31","modified_gmt":"2024-11-05T13:27:31","slug":"about-collection","status":"publish","type":"page","link":"http:\/\/www.galerijamaticesrpske.rs\/en\/about-collection\/","title":{"rendered":"About the Collection"},"content":{"rendered":"<div class=\"slider-wrapper relative\" id=\"slider-1451036640\" >\n    <div class=\"slider slider-nav-circle slider-nav-large slider-nav-light slider-style-normal\"\n        data-flickity-options='{\n            \"cellAlign\": \"center\",\n            \"imagesLoaded\": true,\n            \"lazyLoad\": 1,\n            \"freeScroll\": false,\n            \"wrapAround\": true,\n            \"autoPlay\": 6000,\n            \"pauseAutoPlayOnHover\" : true,\n            \"prevNextButtons\": false,\n            \"contain\" : true,\n            \"adaptiveHeight\" : true,\n            \"dragThreshold\" : 10,\n            \"percentPosition\": true,\n            \"pageDots\": false,\n            \"rightToLeft\": false,\n            \"draggable\": true,\n            \"selectedAttraction\": 0.1,\n            \"parallax\" : 0,\n            \"friction\": 0.6        }'\n        >\n        \n\n  <div class=\"banner has-hover withanimation\" id=\"banner-1352153912\">\n          <div class=\"banner-inner fill\">\n        <div class=\"banner-bg fill\" >\n            <img loading=\"lazy\" decoding=\"async\" width=\"1920\" height=\"1272\" src=\"http:\/\/www.galerijamaticesrpske.rs\/wp-content\/uploads\/2021\/01\/o-kolekciji-gms-1_1920.jpg\" class=\"bg attachment-original size-original\" alt=\"\" \/>                        <div class=\"overlay\"><\/div>            \n                    <\/div>\n\t\t\n        <div class=\"banner-layers container\">\n            <div class=\"fill banner-link\"><\/div>            \n   <div id=\"text-box-1307014959\" class=\"text-box banner-layer maxwidthtxtbox x50 md-x5 lg-x5 y50 md-y50 lg-y50 res-text\">\n                     <div data-animate=\"fadeInLeft\">           <div class=\"text-box-content text dark\">\n              \n              <div class=\"text-inner text-left\">\n                  \n<h2 class=\"uppercase mb0\" data-animate=\"fadeInLeft\" data-animated=\"true\">About the Collection of <\/h2>\n<h2 class=\"uppercase mt0\">the Gallery of Matica Srpska<\/h2>\n<p data-animate=\"fadeInLeft\" data-animated=\"true\">Our greatest strength is the unique collection of artworks created in the period from the 16th to the 21st century.<\/p>\n              <\/div>\n           <\/div>\n       <\/div>                     \n<style>\n#text-box-1307014959 {\n  width: 85%;\n}\n#text-box-1307014959 .text-box-content {\n  font-size: 100%;\n}\n@media (min-width:550px) {\n  #text-box-1307014959 {\n    width: 40%;\n  }\n}\n<\/style>\n    <\/div>\n \n        <\/div>\n      <\/div>\n\n            \n<style>\n#banner-1352153912 {\n  padding-top: 600px;\n}\n#banner-1352153912 .overlay {\n  background-color: rgba(0, 0, 0, 0.03);\n}\n#banner-1352153912 .banner-bg img {\n  object-position: 0% 53%;\n}\n<\/style>\n  <\/div>\n\n\n     <\/div>\n\n     <div class=\"loading-spin dark large centered\"><\/div>\n\n\t<\/div>\n\n\n\n\t<section class=\"section\" id=\"section_1147959799\">\n\t\t<div class=\"section-bg fill\" >\n\t\t\t\t\t\t\t\t\t\n\t\t\t\n\n\t\t<\/div>\n\n\t\t\n\n\t\t<div class=\"section-content relative\">\n\t\t\t\n<div class=\"row align-center mt10\"  id=\"row-437915494\">\n\n\t<div id=\"col-1849725208\" class=\"col medium-6 small-12 large-6\"  >\n\t\t\t\t<div class=\"col-inner\"  >\n\t\t\t\n\t\t\t\n<p>The Gallery of Matica Srpska is recognizable by its extraordinary collection of Serbian art from the end of the 16<sup>th<\/sup> c. until today, consisting of masterpieces of prominent artists such as Hristofor \u017defarovi\u0107, Teodor Kra\u010dun, Katarina Ivanovi\u0107, \u0110ura Jak\u0161i\u0107, Paja Jovanovi\u0107, Uro\u0161 Predi\u0107, Sava \u0160umanovi\u0107, Milan Konjovi\u0107, \u0110ordje Jovanovi\u0107, Petar Lubarda and many others.<\/p>\n<p>The great Serbian benefactor, the first lifelong president of Matica Srpska, Sava Tekelija, and his collection of family portraits, which arrived as a legacy to the Matica Srpska in 1843, laid the foundation of the future collection. After of the Matica Srpska Museum was founded in 1847, the artworks have been continuously collected. The noble gesture of giving, first commenced by Sava Tekelija, continued by latter successors-presidents, members and admirers of Matica Srpska, as well as by patriotic citizens, collectors, artists, who strived to enrich its art collection with their gifts, bequests and contributions. It is this act of giving that represents the special value of the Gallery and its collection. Today, we are proud to point out that one third of the collection consists of gifts and bequests shaped into gift collections that bear the names of their donators.<\/p>\n\t\t<\/div>\n\t\t\t\t\n<style>\n#col-1849725208 > .col-inner {\n  padding: 0px 20px 0px 20px;\n}\n<\/style>\n\t<\/div>\n\n\t\n\n\t<div id=\"col-358931175\" class=\"col medium-6 small-12 large-6\"  >\n\t\t\t\t<div class=\"col-inner\"  >\n\t\t\t\n\t\t\t\n<p>As it was created during the past 177 years, the history of the collection of the Gallery of Matica Srpska is the history of the Serbian people, art and culture, which reflects all socio-historical, cultural and artistic changes that Serbian society underwent in a wider geographical area &#8211; from the former Austrian and Ottoman Empires, through various forms of state organization of the former Yugoslavia, to the present Republic of Serbia.<\/p>\n<p>Today the collection, primarily oriented towards painting, numbers 12,000 works of art. It is divided into 16 collections and includes outstanding examples of graphics, sculpture, drawings, applied art which highlight the origin, development and achievements of Serbian art and indicate the origins, position and the place of Serbian culture and art in European context.<\/p>\n<p>The collection of the Gallery of Matica Srpska was taken care of and researched by numerous curators, today considered to be one of the most important art historians and researchers of Serbian art: Olga Miki\u0107, Dinko Davidov, PhD, Leposava \u0160elmi\u0107, MA, Jasna Jovanov, Milan Solarov, MA, Ratomir Kuli\u0107, Emica Milo\u0161evi\u0107 and Branka Kuli\u0107, PhD. Thanks to their devoted work, the Gallery of Matica Srpska has published a great number of editions important for the study of Serbian art history of the 18<sup>th<\/sup>, 19<sup>th<\/sup> and 20<sup>th<\/sup> c.<\/p>\n\t\t<\/div>\n\t\t\t\t\n<style>\n#col-358931175 > .col-inner {\n  padding: 0px 20px 0px 20px;\n}\n<\/style>\n\t<\/div>\n\n\t\n\n\t<div id=\"col-958232034\" class=\"col small-12 large-12\"  >\n\t\t\t\t<div class=\"col-inner\"  >\n\t\t\t\n\t\t\t\n<div class=\"is-divider divider clearfix\" style=\"max-width:100%;height:1px;\"><\/div>\n\t\t<\/div>\n\t\t\t\t\t<\/div>\n\n\t\n\n\t<div id=\"col-344639090\" class=\"col small-12 large-12\"  >\n\t\t\t\t<div class=\"col-inner text-center\"  >\n\t\t\t\n\t\t\t\n\t<div id=\"text-2783565891\" class=\"text quotetxt\">\n\t\t\n<p><em>The collection of each museum is a living thing. It grows with each new gift and redemption, gains in value through research, exhibition and publication of studies, and in beauty with each successfully performed conservation and restoration procedure. The collection is the basis of our daily work and the essence of our action.<\/em><\/p>\n\t\t\t<\/div>\n\t\n\t\t<\/div>\n\t\t\t\t\t<\/div>\n\n\t\n<\/div>\n\t\t<\/div>\n\n\t\t\n<style>\n#section_1147959799 {\n  padding-top: 30px;\n  padding-bottom: 30px;\n  background-color: rgb(246, 246, 246);\n}\n<\/style>\n\t<\/section>\n\t\n\n\t<section class=\"section\" id=\"section_1967928042\">\n\t\t<div class=\"section-bg fill\" >\n\t\t\t\t\t\t\t\t\t<div class=\"section-bg-overlay absolute fill\"><\/div>\n\t\t\t\n\n\t\t<\/div>\n\n\t\t\n\n\t\t<div class=\"section-content relative\">\n\t\t\t\n<div class=\"row row-large\"  id=\"row-1374486261\">\n\n\t<div id=\"col-967029416\" class=\"col medium-6 small-12 large-6\"  >\n\t\t\t\t<div class=\"col-inner\"  >\n\t\t\t\n\t\t\t\n\t<div class=\"img has-hover x md-x lg-x y md-y lg-y\" id=\"image_1887327191\">\n\t\t<a class=\"\" href=\"https:\/\/www.galerijamaticesrpske.rs\/en\/highlights\/\" >\t\t\t\t\t\t<div class=\"img-inner image-cover dark\" style=\"padding-top:50%;\">\n\t\t\t<img loading=\"lazy\" decoding=\"async\" width=\"960\" height=\"640\" src=\"http:\/\/www.galerijamaticesrpske.rs\/wp-content\/uploads\/2021\/01\/majska-skupstina_960.jpg\" class=\"attachment-original size-original\" alt=\"\u041c\u0430\u0458\u0441\u043a\u0430 \u0441\u043a\u0443\u043f\u0448\u0442\u0438\u043d\u0430\" srcset=\"http:\/\/www.galerijamaticesrpske.rs\/wp-content\/uploads\/2021\/01\/majska-skupstina_960.jpg 960w, http:\/\/www.galerijamaticesrpske.rs\/wp-content\/uploads\/2021\/01\/majska-skupstina_960-300x200.jpg 300w, http:\/\/www.galerijamaticesrpske.rs\/wp-content\/uploads\/2021\/01\/majska-skupstina_960-768x512.jpg 768w\" sizes=\"auto, (max-width: 960px) 100vw, 960px\" \/>\t\t\t\t\t\t\n\t\t\t\t\t<\/div>\n\t\t\t\t\t\t<\/a>\t\t\n<style>\n#image_1887327191 {\n  width: 100%;\n}\n<\/style>\n\t<\/div>\n\t\n\t<div id=\"text-2395787873\" class=\"text mb0 pb0\">\n\t\t\n<h3 class=\"title28 playtitle\"><a href=\"https:\/\/www.galerijamaticesrpske.rs\/en\/highlights\/\">Highlights<\/a><\/h3>\n<p>We single out for you ten masterpieces of the Gallery of Matica Srpska that you should not miss while visiting the Permanent Exhibition.<\/p>\n\t\t\t<\/div>\n\t\n<a data-animate=\"fadeInUp\" href=\"https:\/\/www.galerijamaticesrpske.rs\/en\/highlights\/\" class=\"button primary is-smaller lowercase\" >\n\t\t<span>Read more<\/span>\n\t<\/a>\n\n\t\t<\/div>\n\t\t\t\t\t<\/div>\n\n\t\n\n\t<div id=\"col-1644897345\" class=\"col medium-6 small-12 large-6\"  >\n\t\t\t\t<div class=\"col-inner\"  >\n\t\t\t\n\t\t\t\n\t<div class=\"img has-hover x md-x lg-x y md-y lg-y\" id=\"image_309658774\">\n\t\t<a class=\"\" href=\"https:\/\/www.galerijamaticesrpske.rs\/en\/acquisitions\/\" >\t\t\t\t\t\t<div class=\"img-inner image-cover dark\" style=\"padding-top:50%;\">\n\t\t\t<img loading=\"lazy\" decoding=\"async\" width=\"1920\" height=\"1280\" src=\"http:\/\/www.galerijamaticesrpske.rs\/wp-content\/uploads\/2021\/01\/20.-vek.jpg\" class=\"attachment-original size-original\" alt=\"\u041c\u043e\u0434\u0435\u0440\u043d\u0438\u0437\u043c\u0438 \u2013 \u043a\u043e\u043d\u0442\u0438\u043d\u0443\u0438\u0442\u0435\u0442\u0438 \u0438 \u0441\u0443\u0447\u0435\u0459\u0430\u0432\u0430\u045a\u0430\" srcset=\"http:\/\/www.galerijamaticesrpske.rs\/wp-content\/uploads\/2021\/01\/20.-vek.jpg 1920w, http:\/\/www.galerijamaticesrpske.rs\/wp-content\/uploads\/2021\/01\/20.-vek-300x200.jpg 300w, http:\/\/www.galerijamaticesrpske.rs\/wp-content\/uploads\/2021\/01\/20.-vek-1024x683.jpg 1024w, http:\/\/www.galerijamaticesrpske.rs\/wp-content\/uploads\/2021\/01\/20.-vek-768x512.jpg 768w, http:\/\/www.galerijamaticesrpske.rs\/wp-content\/uploads\/2021\/01\/20.-vek-1536x1024.jpg 1536w\" sizes=\"auto, (max-width: 1920px) 100vw, 1920px\" \/>\t\t\t\t\t\t\n\t\t\t\t\t<\/div>\n\t\t\t\t\t\t<\/a>\t\t\n<style>\n#image_309658774 {\n  width: 100%;\n}\n<\/style>\n\t<\/div>\n\t\n\t<div id=\"text-661514543\" class=\"text mb0 pb0\">\n\t\t\n<h3 class=\"title28 playtitle\"><a href=\"https:\/\/www.galerijamaticesrpske.rs\/en\/acquisitions\/\">Acquisitions<\/a><\/h3>\n<p>The collection of the Gallery of Matica Srpska is enriched from year to year with different art objects which represent a significant national artistic and cultural heritage.<\/p>\n\t\t\t<\/div>\n\t\n<a data-animate=\"fadeInUp\" href=\"https:\/\/www.galerijamaticesrpske.rs\/en\/acquisitions\/\" class=\"button primary is-smaller lowercase\" >\n\t\t<span>Read more<\/span>\n\t<\/a>\n\n\t\t<\/div>\n\t\t\t\t\t<\/div>\n\n\t\n<\/div>\n\t\t<\/div>\n\n\t\t\n<style>\n#section_1967928042 {\n  padding-top: 60px;\n  padding-bottom: 60px;\n  background-color: rgb(255, 255, 255);\n}\n#section_1967928042 .section-bg-overlay {\n  background-color: rgba(255, 255, 255, 0.85);\n}\n<\/style>\n\t<\/section>\n\t\n","protected":false},"excerpt":{"rendered":"","protected":false},"author":1,"featured_media":0,"parent":0,"menu_order":0,"comment_status":"closed","ping_status":"closed","template":"page-blank.php","meta":{"_acf_changed":false,"footnotes":""},"class_list":["post-2396","page","type-page","status-publish","hentry"],"acf":[],"yoast_head":"<!-- This site is optimized with the Yoast SEO plugin v27.3 - https:\/\/yoast.com\/product\/yoast-seo-wordpress\/ -->\n<title>About the Collection | The Gallery of Matica srpska<\/title>\n<meta name=\"robots\" content=\"index, follow, max-snippet:-1, max-image-preview:large, max-video-preview:-1\" \/>\n<link rel=\"canonical\" href=\"https:\/\/www.galerijamaticesrpske.rs\/en\/about-collection\/\" \/>\n<meta property=\"og:locale\" content=\"en_US\" \/>\n<meta property=\"og:type\" content=\"article\" \/>\n<meta property=\"og:title\" content=\"About the Collection | The Gallery of Matica srpska\" \/>\n<meta property=\"og:url\" content=\"https:\/\/www.galerijamaticesrpske.rs\/en\/about-collection\/\" \/>\n<meta property=\"og:site_name\" content=\"The Gallery of Matica srpska\" \/>\n<meta property=\"article:modified_time\" content=\"2024-11-05T13:27:31+00:00\" \/>\n<meta name=\"twitter:card\" content=\"summary_large_image\" \/>\n<meta name=\"twitter:label1\" content=\"Est. reading time\" \/>\n\t<meta name=\"twitter:data1\" content=\"4 minutes\" \/>\n<script type=\"application\/ld+json\" class=\"yoast-schema-graph\">{\"@context\":\"https:\\\/\\\/schema.org\",\"@graph\":[{\"@type\":\"WebPage\",\"@id\":\"https:\\\/\\\/www.galerijamaticesrpske.rs\\\/en\\\/about-collection\\\/\",\"url\":\"https:\\\/\\\/www.galerijamaticesrpske.rs\\\/en\\\/about-collection\\\/\",\"name\":\"About the Collection | The Gallery of Matica srpska\",\"isPartOf\":{\"@id\":\"https:\\\/\\\/www.galerijamaticesrpske.rs\\\/#website\"},\"datePublished\":\"2021-01-15T00:02:42+00:00\",\"dateModified\":\"2024-11-05T13:27:31+00:00\",\"breadcrumb\":{\"@id\":\"https:\\\/\\\/www.galerijamaticesrpske.rs\\\/en\\\/about-collection\\\/#breadcrumb\"},\"inLanguage\":\"en-US\",\"potentialAction\":[{\"@type\":\"ReadAction\",\"target\":[\"https:\\\/\\\/www.galerijamaticesrpske.rs\\\/en\\\/about-collection\\\/\"]}]},{\"@type\":\"BreadcrumbList\",\"@id\":\"https:\\\/\\\/www.galerijamaticesrpske.rs\\\/en\\\/about-collection\\\/#breadcrumb\",\"itemListElement\":[{\"@type\":\"ListItem\",\"position\":1,\"name\":\"\u041f\u043e\u0447\u0435\u0442\u043d\u0430\",\"item\":\"http:\\\/\\\/www.galerijamaticesrpske.rs\\\/en\\\/\"},{\"@type\":\"ListItem\",\"position\":2,\"name\":\"About the Collection\"}]},{\"@type\":\"WebSite\",\"@id\":\"https:\\\/\\\/www.galerijamaticesrpske.rs\\\/#website\",\"url\":\"https:\\\/\\\/www.galerijamaticesrpske.rs\\\/\",\"name\":\"The Gallery of Matica srpska\",\"description\":\"Museum of Serbian National Art in Novi Sad\",\"publisher\":{\"@id\":\"https:\\\/\\\/www.galerijamaticesrpske.rs\\\/#organization\"},\"potentialAction\":[{\"@type\":\"SearchAction\",\"target\":{\"@type\":\"EntryPoint\",\"urlTemplate\":\"https:\\\/\\\/www.galerijamaticesrpske.rs\\\/?s={search_term_string}\"},\"query-input\":{\"@type\":\"PropertyValueSpecification\",\"valueRequired\":true,\"valueName\":\"search_term_string\"}}],\"inLanguage\":\"en-US\"},{\"@type\":\"Organization\",\"@id\":\"https:\\\/\\\/www.galerijamaticesrpske.rs\\\/#organization\",\"name\":\"The Gallery of Matica srpska\",\"url\":\"https:\\\/\\\/www.galerijamaticesrpske.rs\\\/\",\"logo\":{\"@type\":\"ImageObject\",\"inLanguage\":\"en-US\",\"@id\":\"https:\\\/\\\/www.galerijamaticesrpske.rs\\\/#\\\/schema\\\/logo\\\/image\\\/\",\"url\":\"https:\\\/\\\/www.galerijamaticesrpske.rs\\\/wp-content\\\/uploads\\\/2021\\\/01\\\/gms-logo-za-sajt.svg\",\"contentUrl\":\"https:\\\/\\\/www.galerijamaticesrpske.rs\\\/wp-content\\\/uploads\\\/2021\\\/01\\\/gms-logo-za-sajt.svg\",\"width\":1,\"height\":1,\"caption\":\"The Gallery of Matica srpska\"},\"image\":{\"@id\":\"https:\\\/\\\/www.galerijamaticesrpske.rs\\\/#\\\/schema\\\/logo\\\/image\\\/\"}}]}<\/script>\n<!-- \/ Yoast SEO plugin. -->","yoast_head_json":{"title":"About the Collection | The Gallery of Matica srpska","robots":{"index":"index","follow":"follow","max-snippet":"max-snippet:-1","max-image-preview":"max-image-preview:large","max-video-preview":"max-video-preview:-1"},"canonical":"https:\/\/www.galerijamaticesrpske.rs\/en\/about-collection\/","og_locale":"en_US","og_type":"article","og_title":"About the Collection | The Gallery of Matica srpska","og_url":"https:\/\/www.galerijamaticesrpske.rs\/en\/about-collection\/","og_site_name":"The Gallery of Matica srpska","article_modified_time":"2024-11-05T13:27:31+00:00","twitter_card":"summary_large_image","twitter_misc":{"Est. reading time":"4 minutes"},"schema":{"@context":"https:\/\/schema.org","@graph":[{"@type":"WebPage","@id":"https:\/\/www.galerijamaticesrpske.rs\/en\/about-collection\/","url":"https:\/\/www.galerijamaticesrpske.rs\/en\/about-collection\/","name":"About the Collection | The Gallery of Matica srpska","isPartOf":{"@id":"https:\/\/www.galerijamaticesrpske.rs\/#website"},"datePublished":"2021-01-15T00:02:42+00:00","dateModified":"2024-11-05T13:27:31+00:00","breadcrumb":{"@id":"https:\/\/www.galerijamaticesrpske.rs\/en\/about-collection\/#breadcrumb"},"inLanguage":"en-US","potentialAction":[{"@type":"ReadAction","target":["https:\/\/www.galerijamaticesrpske.rs\/en\/about-collection\/"]}]},{"@type":"BreadcrumbList","@id":"https:\/\/www.galerijamaticesrpske.rs\/en\/about-collection\/#breadcrumb","itemListElement":[{"@type":"ListItem","position":1,"name":"\u041f\u043e\u0447\u0435\u0442\u043d\u0430","item":"http:\/\/www.galerijamaticesrpske.rs\/en\/"},{"@type":"ListItem","position":2,"name":"About the Collection"}]},{"@type":"WebSite","@id":"https:\/\/www.galerijamaticesrpske.rs\/#website","url":"https:\/\/www.galerijamaticesrpske.rs\/","name":"The Gallery of Matica srpska","description":"Museum of Serbian National Art in Novi Sad","publisher":{"@id":"https:\/\/www.galerijamaticesrpske.rs\/#organization"},"potentialAction":[{"@type":"SearchAction","target":{"@type":"EntryPoint","urlTemplate":"https:\/\/www.galerijamaticesrpske.rs\/?s={search_term_string}"},"query-input":{"@type":"PropertyValueSpecification","valueRequired":true,"valueName":"search_term_string"}}],"inLanguage":"en-US"},{"@type":"Organization","@id":"https:\/\/www.galerijamaticesrpske.rs\/#organization","name":"The Gallery of Matica srpska","url":"https:\/\/www.galerijamaticesrpske.rs\/","logo":{"@type":"ImageObject","inLanguage":"en-US","@id":"https:\/\/www.galerijamaticesrpske.rs\/#\/schema\/logo\/image\/","url":"https:\/\/www.galerijamaticesrpske.rs\/wp-content\/uploads\/2021\/01\/gms-logo-za-sajt.svg","contentUrl":"https:\/\/www.galerijamaticesrpske.rs\/wp-content\/uploads\/2021\/01\/gms-logo-za-sajt.svg","width":1,"height":1,"caption":"The Gallery of Matica srpska"},"image":{"@id":"https:\/\/www.galerijamaticesrpske.rs\/#\/schema\/logo\/image\/"}}]}},"_links":{"self":[{"href":"http:\/\/www.galerijamaticesrpske.rs\/en\/wp-json\/wp\/v2\/pages\/2396","targetHints":{"allow":["GET"]}}],"collection":[{"href":"http:\/\/www.galerijamaticesrpske.rs\/en\/wp-json\/wp\/v2\/pages"}],"about":[{"href":"http:\/\/www.galerijamaticesrpske.rs\/en\/wp-json\/wp\/v2\/types\/page"}],"author":[{"embeddable":true,"href":"http:\/\/www.galerijamaticesrpske.rs\/en\/wp-json\/wp\/v2\/users\/1"}],"replies":[{"embeddable":true,"href":"http:\/\/www.galerijamaticesrpske.rs\/en\/wp-json\/wp\/v2\/comments?post=2396"}],"version-history":[{"count":4,"href":"http:\/\/www.galerijamaticesrpske.rs\/en\/wp-json\/wp\/v2\/pages\/2396\/revisions"}],"predecessor-version":[{"id":13417,"href":"http:\/\/www.galerijamaticesrpske.rs\/en\/wp-json\/wp\/v2\/pages\/2396\/revisions\/13417"}],"wp:attachment":[{"href":"http:\/\/www.galerijamaticesrpske.rs\/en\/wp-json\/wp\/v2\/media?parent=2396"}],"curies":[{"name":"wp","href":"https:\/\/api.w.org\/{rel}","templated":true}]}}