{"id":14455,"date":"2024-11-14T08:53:31","date_gmt":"2024-11-14T08:53:31","guid":{"rendered":"https:\/\/www.galerijamaticesrpske.rs\/collection-permanente\/skulptofilija\/"},"modified":"2025-03-07T09:50:45","modified_gmt":"2025-03-07T09:50:45","slug":"sculptophilie","status":"publish","type":"page","link":"http:\/\/www.galerijamaticesrpske.rs\/fr\/collection-permanente\/sculptophilie\/","title":{"rendered":"Sculptophilie"},"content":{"rendered":"\n\t<section class=\"section pb0\" id=\"section_1062464887\">\n\t\t<div class=\"section-bg fill\" >\n\t\t\t\t\t\t\t\t\t\n\t\t\t\n\n\t\t<\/div>\n\n\t\t\n\n\t\t<div class=\"section-content relative\">\n\t\t\t\n<div class=\"row align-center\"  id=\"row-1015718756\">\n\n\t<div id=\"col-1817377385\" class=\"col medium-10 small-12 large-10\"  >\n\t\t\t\t<div class=\"col-inner text-center\"  >\n\t\t\t\n\t\t\t\n\t<div class=\"img has-hover maxwidth80 x md-x lg-x y md-y lg-y\" id=\"image_1928668568\">\n\t\t\t\t\t\t\t\t<div class=\"img-inner dark\" style=\"margin:0px 0px 0 0px;\">\n\t\t\t<img decoding=\"async\" src=\"http:\/\/www.galerijamaticesrpske.rs\/wp-content\/uploads\/2020\/12\/gms-icon_blck.svg\" class=\"attachment-original size-original\" alt=\"GMS | icon\" \/>\t\t\t\t\t\t\n\t\t\t\t\t<\/div>\n\t\t\t\t\t\t\t\t\n<style>\n#image_1928668568 {\n  width: 100%;\n}\n<\/style>\n\t<\/div>\n\t\n\t<div id=\"text-3629014200\" class=\"text\">\n\t\t\n<h1 class=\"title28\">Sculptophilie<br \/>\n<\/h1>\n\t\t\n<style>\n#text-3629014200 {\n  text-align: center;\n}\n<\/style>\n\t<\/div>\n\t\n\t\t<\/div>\n\t\t\t\t\n<style>\n#col-1817377385 > .col-inner {\n  margin: 0px 0px 40px 0px;\n}\n<\/style>\n\t<\/div>\n\n\t\n\n\t<div id=\"col-117842464\" class=\"col medium-10 small-12 large-10\"  >\n\t\t\t\t<div class=\"col-inner\"  >\n\t\t\t\n\t\t\t\n<p class=\"p1\"><span class=\"s1\">De quelles mani\u00e8res peut-on pr\u00e9senter les sculptures dans les mus\u00e9es ? Si nous observons la sculpture \u00e0 travers la sp\u00e9cificit\u00e9 du m\u00e9dia artistique, plusieurs questions int\u00e9ressantes se posent : Qu&rsquo;est-ce qui d\u00e9finit la sculpture et quels sont les limites de sa r\u00e9ception ? Comment la sculpture peut-elle \u00eatre expos\u00e9e et quelles sont les possibilit\u00e9s de sa pr\u00e9sentation dans le mus\u00e9e? Dans le cadre de l&rsquo;exposition Sculptophilie, six sections sont pr\u00e9sent\u00e9es : Le D\u00e9p\u00f4t \u2013 la question du stockage des sculptures et de la sculpture en tant que forme d&rsquo;installation dans le d\u00e9p\u00f4t ; La Morphologie \u2013 le cadre de la pr\u00e9sence massive des portraits en tant que forme sculpturale \u00e0 travers de nombreuses variations en termes de style, de mat\u00e9riaux et de forme ; Les Sculpteurs\u2013 mettre en question le r\u00f4le et la place des autrices dans la cr\u00e9ation sculpturale ; Le Maestro \u2013 pr\u00e9sentation monographique illustrant la cr\u00e9ation de \u0110or\u0111e Jovanovi\u0107, le sculpteur le plus repr\u00e9sent\u00e9 dans la collection de la Galerie de la Matica srpska ; L&rsquo;exceptionnalit\u00e9 \u2013 le concept de l&rsquo;exceptionnel \u00e0 travers la r\u00e9\u00e9valuation des sculptures de grande valeur historique et artistique, du concept des limites de la sculpture \u00e0 travers des exemples d&rsquo;art interm\u00e9dia dans le contexte de la cr\u00e9ation contemporaine. Sculpture publique \u2013 la pr\u00e9sence de la sculpture dans l&rsquo;espace public de Novi Sad et de la r\u00e9gion \u00e0 travers diff\u00e9rentes approches et contextes.<\/span><\/p>\n\t\t<\/div>\n\t\t\t\t\n<style>\n#col-117842464 > .col-inner {\n  padding: 0px 20px 0px 20px;\n}\n<\/style>\n\t<\/div>\n\n\t\n<\/div>\n<div class=\"row textimgboxnormal\"  id=\"row-936450135\">\n\n\t<div id=\"col-322763689\" class=\"col medium-4 small-12 large-4\"  data-animate=\"fadeInUp\">\n\t\t\t\t<div class=\"col-inner\"  >\n\t\t\t\n\t\t\t\n\t<div class=\"box has-hover   has-hover box-text-bottom\" >\n\n\t\t<div class=\"box-image\" >\n\t\t\t\t\t\t<div class=\"\" >\n\t\t\t\t<img loading=\"lazy\" decoding=\"async\" width=\"1200\" height=\"1079\" src=\"http:\/\/www.galerijamaticesrpske.rs\/wp-content\/uploads\/2024\/11\/ana-beslic-crna-skulptura-1975.jpg\" class=\"attachment-original size-original\" alt=\"\u0410\u043d\u0430-\u0411\u0435\u0448\u043b\u0438\u045b,-\u0426\u0440\u043d\u0430-\u0441\u043a\u0443\u043b\u043f\u0442\u0443\u0440\u0430,-1975.\" srcset=\"http:\/\/www.galerijamaticesrpske.rs\/wp-content\/uploads\/2024\/11\/ana-beslic-crna-skulptura-1975.jpg 1200w, http:\/\/www.galerijamaticesrpske.rs\/wp-content\/uploads\/2024\/11\/ana-beslic-crna-skulptura-1975-300x270.jpg 300w, http:\/\/www.galerijamaticesrpske.rs\/wp-content\/uploads\/2024\/11\/ana-beslic-crna-skulptura-1975-1024x921.jpg 1024w, http:\/\/www.galerijamaticesrpske.rs\/wp-content\/uploads\/2024\/11\/ana-beslic-crna-skulptura-1975-768x691.jpg 768w\" sizes=\"auto, (max-width: 1200px) 100vw, 1200px\" \/>\t\t\t\t\t\t\t\t\t\t\t<\/div>\n\t\t\t\t\t<\/div>\n\n\t\t<div class=\"box-text text-left\" >\n\t\t\t<div class=\"box-text-inner\">\n\t\t\t\t\n<p class=\"p1\"><span class=\"s1\">Ana Be\u0161li\u0107, <br \/><i>Sculpture noire<\/i>, 1975<\/span><\/p>\n\t\t\t<\/div>\n\t\t<\/div>\n\t<\/div>\n\t\n\t<div id=\"gap-605371565\" class=\"gap-element clearfix\" style=\"display:block; height:auto;\">\n\t\t\n<style>\n#gap-605371565 {\n  padding-top: 30px;\n}\n<\/style>\n\t<\/div>\n\t\n\t<div class=\"box has-hover   has-hover box-text-bottom\" >\n\n\t\t<div class=\"box-image\" >\n\t\t\t\t\t\t<div class=\"\" >\n\t\t\t\t<img loading=\"lazy\" decoding=\"async\" width=\"799\" height=\"1400\" src=\"http:\/\/www.galerijamaticesrpske.rs\/wp-content\/uploads\/2024\/11\/slavka-petrovic-sredovic-devojcica-mrina-1947.jpg\" class=\"attachment-original size-original\" alt=\"\u0421\u043b\u0430\u0432\u043a\u0430-\u041f\u0435\u0442\u0440\u043e\u0432\u0438\u045b-\u0421\u0440\u0435\u0434\u043e\u0432\u0438\u045b,-\u0414\u0435\u0432\u043e\u0458\u0447\u0438\u0446\u0430-\u041c\u0440\u0438\u043d\u0430-,1947.\" srcset=\"http:\/\/www.galerijamaticesrpske.rs\/wp-content\/uploads\/2024\/11\/slavka-petrovic-sredovic-devojcica-mrina-1947.jpg 799w, http:\/\/www.galerijamaticesrpske.rs\/wp-content\/uploads\/2024\/11\/slavka-petrovic-sredovic-devojcica-mrina-1947-171x300.jpg 171w, http:\/\/www.galerijamaticesrpske.rs\/wp-content\/uploads\/2024\/11\/slavka-petrovic-sredovic-devojcica-mrina-1947-584x1024.jpg 584w, http:\/\/www.galerijamaticesrpske.rs\/wp-content\/uploads\/2024\/11\/slavka-petrovic-sredovic-devojcica-mrina-1947-768x1346.jpg 768w\" sizes=\"auto, (max-width: 799px) 100vw, 799px\" \/>\t\t\t\t\t\t\t\t\t\t\t<\/div>\n\t\t\t\t\t<\/div>\n\n\t\t<div class=\"box-text text-left\" >\n\t\t\t<div class=\"box-text-inner\">\n\t\t\t\t\n<p class=\"p1\"><span class=\"s1\">Jovan Soldatovi\u0107, <br \/><i>Le couple<\/i>, 1964<\/span><\/p>\n\t\t\t<\/div>\n\t\t<\/div>\n\t<\/div>\n\t\n\t<div id=\"gap-2090651247\" class=\"gap-element clearfix\" style=\"display:block; height:auto;\">\n\t\t\n<style>\n#gap-2090651247 {\n  padding-top: 30px;\n}\n<\/style>\n\t<\/div>\n\t\n\t\t<\/div>\n\t\t\t\t\t<\/div>\n\n\t\n\n\t<div id=\"col-756087137\" class=\"col medium-4 small-12 large-4\"  data-animate=\"fadeInUp\">\n\t\t\t\t<div class=\"col-inner text-left\"  >\n\t\t\t\n\t\t\t\n\t<div class=\"box has-hover   has-hover box-text-bottom\" >\n\n\t\t<div class=\"box-image\" >\n\t\t\t\t\t\t<div class=\"\" >\n\t\t\t\t<img loading=\"lazy\" decoding=\"async\" width=\"933\" height=\"1400\" src=\"http:\/\/www.galerijamaticesrpske.rs\/wp-content\/uploads\/2024\/11\/ivan-mestrovic-dr-svetozar-miletic-advokat-politicar-publicista-i-narodni-poslanik-1926-1927.jpg\" class=\"attachment-original size-original\" alt=\"\u0418\u0432\u0430\u043d-\u041c\u0435\u0448\u0442\u0440\u043e\u0432\u0438\u045b,-\u0414\u0440-\u0421\u0432\u0435\u0442\u043e\u0437\u0430\u0440-\u041c\u0438\u043b\u0435\u0442\u0438\u045b,-\u0430\u0434\u0432\u043e\u043a\u0430\u0442,-\u043f\u043e\u043b\u0438\u0442\u0438\u0447\u0430\u0440,-\u043f\u0443\u0431\u043b\u0438\u0446\u0438\u0441\u0442\u0430-\u0438-\u043d\u0430\u0440\u043e\u0434\u043d\u0438-\u043f\u043e\u0441\u043b\u0430\u043d\u0438\u043a,-1926-1927.\" srcset=\"http:\/\/www.galerijamaticesrpske.rs\/wp-content\/uploads\/2024\/11\/ivan-mestrovic-dr-svetozar-miletic-advokat-politicar-publicista-i-narodni-poslanik-1926-1927.jpg 933w, http:\/\/www.galerijamaticesrpske.rs\/wp-content\/uploads\/2024\/11\/ivan-mestrovic-dr-svetozar-miletic-advokat-politicar-publicista-i-narodni-poslanik-1926-1927-200x300.jpg 200w, http:\/\/www.galerijamaticesrpske.rs\/wp-content\/uploads\/2024\/11\/ivan-mestrovic-dr-svetozar-miletic-advokat-politicar-publicista-i-narodni-poslanik-1926-1927-682x1024.jpg 682w, http:\/\/www.galerijamaticesrpske.rs\/wp-content\/uploads\/2024\/11\/ivan-mestrovic-dr-svetozar-miletic-advokat-politicar-publicista-i-narodni-poslanik-1926-1927-768x1152.jpg 768w\" sizes=\"auto, (max-width: 933px) 100vw, 933px\" \/>\t\t\t\t\t\t\t\t\t\t\t<\/div>\n\t\t\t\t\t<\/div>\n\n\t\t<div class=\"box-text text-left\" >\n\t\t\t<div class=\"box-text-inner\">\n\t\t\t\t\n<p class=\"p1\"><span class=\"s1\">Ivan Me\u0161trovi\u0107, <br \/><i>Dr Svetozar Mileti\u0107, avocat, politicien, publiciste et d\u00e9put\u00e9<\/i>, 1926-1927<\/span><\/p>\n\t\t\t<\/div>\n\t\t<\/div>\n\t<\/div>\n\t\n\t<div id=\"gap-777802257\" class=\"gap-element clearfix\" style=\"display:block; height:auto;\">\n\t\t\n<style>\n#gap-777802257 {\n  padding-top: 30px;\n}\n<\/style>\n\t<\/div>\n\t\n\t<div class=\"box has-hover   has-hover box-text-bottom\" >\n\n\t\t<div class=\"box-image\" >\n\t\t\t\t\t\t<div class=\"\" >\n\t\t\t\t<img loading=\"lazy\" decoding=\"async\" width=\"1130\" height=\"1400\" src=\"http:\/\/www.galerijamaticesrpske.rs\/wp-content\/uploads\/2024\/11\/kosta-angeli-radovani-zenska-glava-1951.jpg\" class=\"attachment-original size-original\" alt=\"\u041a\u043e\u0441\u0442\u0430-\u0410\u043d\u0433\u0435\u043b\u0438-\u0420\u0430\u0434\u043e\u0432\u0430\u043d\u0438,-\u0416\u0435\u043d\u0441\u043a\u0430-\u0433\u043b\u0430\u0432\u0430,-1951.\" srcset=\"http:\/\/www.galerijamaticesrpske.rs\/wp-content\/uploads\/2024\/11\/kosta-angeli-radovani-zenska-glava-1951.jpg 1130w, http:\/\/www.galerijamaticesrpske.rs\/wp-content\/uploads\/2024\/11\/kosta-angeli-radovani-zenska-glava-1951-242x300.jpg 242w, http:\/\/www.galerijamaticesrpske.rs\/wp-content\/uploads\/2024\/11\/kosta-angeli-radovani-zenska-glava-1951-827x1024.jpg 827w, http:\/\/www.galerijamaticesrpske.rs\/wp-content\/uploads\/2024\/11\/kosta-angeli-radovani-zenska-glava-1951-768x952.jpg 768w\" sizes=\"auto, (max-width: 1130px) 100vw, 1130px\" \/>\t\t\t\t\t\t\t\t\t\t\t<\/div>\n\t\t\t\t\t<\/div>\n\n\t\t<div class=\"box-text text-left\" >\n\t\t\t<div class=\"box-text-inner\">\n\t\t\t\t\n<p class=\"p1\"><span class=\"s1\">Kosta Angeli Radovani, <br \/><i>T\u00eate f\u00e9minine<\/i>, 1951<\/span><\/p>\n\t\t\t<\/div>\n\t\t<\/div>\n\t<\/div>\n\t\n\t<div id=\"gap-219085190\" class=\"gap-element clearfix\" style=\"display:block; height:auto;\">\n\t\t\n<style>\n#gap-219085190 {\n  padding-top: 30px;\n}\n<\/style>\n\t<\/div>\n\t\n\t\t<\/div>\n\t\t\t\t\t<\/div>\n\n\t\n\n\t<div id=\"col-783634481\" class=\"col medium-4 small-12 large-4\"  data-animate=\"fadeInUp\">\n\t\t\t\t<div class=\"col-inner text-left\"  >\n\t\t\t\n\t\t\t\n\t<div class=\"box has-hover   has-hover box-text-bottom\" >\n\n\t\t<div class=\"box-image\" >\n\t\t\t\t\t\t<div class=\"\" >\n\t\t\t\t<img loading=\"lazy\" decoding=\"async\" width=\"1191\" height=\"1400\" src=\"http:\/\/www.galerijamaticesrpske.rs\/wp-content\/uploads\/2024\/11\/jovan-soldatovic-dvoje-1964.jpg\" class=\"attachment-original size-original\" alt=\"\u0408\u043e\u0432\u0430\u043d-\u0421\u043e\u043b\u0434\u0430\u0442\u043e\u0432\u0438\u045b,-\u0414\u0432\u043e\u0458\u0435,-1964.\" srcset=\"http:\/\/www.galerijamaticesrpske.rs\/wp-content\/uploads\/2024\/11\/jovan-soldatovic-dvoje-1964.jpg 1191w, http:\/\/www.galerijamaticesrpske.rs\/wp-content\/uploads\/2024\/11\/jovan-soldatovic-dvoje-1964-255x300.jpg 255w, http:\/\/www.galerijamaticesrpske.rs\/wp-content\/uploads\/2024\/11\/jovan-soldatovic-dvoje-1964-871x1024.jpg 871w, http:\/\/www.galerijamaticesrpske.rs\/wp-content\/uploads\/2024\/11\/jovan-soldatovic-dvoje-1964-768x903.jpg 768w\" sizes=\"auto, (max-width: 1191px) 100vw, 1191px\" \/>\t\t\t\t\t\t\t\t\t\t\t<\/div>\n\t\t\t\t\t<\/div>\n\n\t\t<div class=\"box-text text-left\" >\n\t\t\t<div class=\"box-text-inner\">\n\t\t\t\t\n<p class=\"p1\"><span class=\"s1\">Jovan Soldatovi\u0107, <br \/><i>Le couple<\/i>, 1964<\/span><\/p>\n\t\t\t<\/div>\n\t\t<\/div>\n\t<\/div>\n\t\n\t<div id=\"gap-19006500\" class=\"gap-element clearfix\" style=\"display:block; height:auto;\">\n\t\t\n<style>\n#gap-19006500 {\n  padding-top: 30px;\n}\n<\/style>\n\t<\/div>\n\t\n\t<div class=\"box has-hover   has-hover box-text-bottom\" >\n\n\t\t<div class=\"box-image\" >\n\t\t\t\t\t\t<div class=\"\" >\n\t\t\t\t<img loading=\"lazy\" decoding=\"async\" width=\"933\" height=\"1400\" src=\"http:\/\/www.galerijamaticesrpske.rs\/wp-content\/uploads\/2024\/11\/vidosava-jocic-ratnik-1963.jpg\" class=\"attachment-original size-original\" alt=\"\u0412\u0438\u0434\u043e\u0441\u0430\u0432\u0430-\u0408\u043e\u0446\u0438\u045b,-\u0420\u0430\u0442\u043d\u0438\u043a,-1963.\" srcset=\"http:\/\/www.galerijamaticesrpske.rs\/wp-content\/uploads\/2024\/11\/vidosava-jocic-ratnik-1963.jpg 933w, http:\/\/www.galerijamaticesrpske.rs\/wp-content\/uploads\/2024\/11\/vidosava-jocic-ratnik-1963-200x300.jpg 200w, http:\/\/www.galerijamaticesrpske.rs\/wp-content\/uploads\/2024\/11\/vidosava-jocic-ratnik-1963-682x1024.jpg 682w, http:\/\/www.galerijamaticesrpske.rs\/wp-content\/uploads\/2024\/11\/vidosava-jocic-ratnik-1963-768x1152.jpg 768w\" sizes=\"auto, (max-width: 933px) 100vw, 933px\" \/>\t\t\t\t\t\t\t\t\t\t\t<\/div>\n\t\t\t\t\t<\/div>\n\n\t\t<div class=\"box-text text-left\" >\n\t\t\t<div class=\"box-text-inner\">\n\t\t\t\t\n<p class=\"p1\"><span class=\"s1\">Vidosava Jo\u010di\u0107, <br \/><i>Guerrier<\/i>, 1963<\/span><\/p>\n\t\t\t<\/div>\n\t\t<\/div>\n\t<\/div>\n\t\n\t<div id=\"gap-1532553148\" class=\"gap-element clearfix\" style=\"display:block; height:auto;\">\n\t\t\n<style>\n#gap-1532553148 {\n  padding-top: 30px;\n}\n<\/style>\n\t<\/div>\n\t\n\t\t<\/div>\n\t\t\t\t\t<\/div>\n\n\t\n<\/div>\n\t\t<\/div>\n\n\t\t\n<style>\n#section_1062464887 {\n  padding-top: 50px;\n  padding-bottom: 50px;\n  background-color: rgb(246, 246, 246);\n}\n<\/style>\n\t<\/section>\n\t\n\n  <div class=\"banner has-hover\" id=\"banner-226148995\">\n          <div class=\"banner-inner fill\">\n        <div class=\"banner-bg fill\" >\n                                                \n                    <\/div>\n\t\t\n        <div class=\"banner-layers container\">\n            <div class=\"fill banner-link\"><\/div>            \n\n   <div id=\"text-box-1376716202\" class=\"text-box banner-layer x50 md-x50 lg-x50 y10 md-y50 lg-y50 res-text\">\n                                <div class=\"text-box-content text \">\n              \n              <div class=\"text-inner text-center\">\n                  \n\n\t<div id=\"gap-836715843\" class=\"gap-element clearfix hidden398\" style=\"display:block; height:auto;\">\n\t\t\n<style>\n#gap-836715843 {\n  padding-top: 10px;\n}\n<\/style>\n\t<\/div>\n\t\n\n\t<div id=\"text-196158587\" class=\"text fs16\">\n\t\t\n\n<h2 class=\"title36\">Visitez la Galerie de la Matica srpska<\/h2>\n<p>Vivez l'art serbe et profitez de l'ambiance unique cr\u00e9\u00e9s par de nos tr\u00e9sors de culture nationale.<\/p>\n\t\t\t<\/div>\n\t\n<a data-animate=\"fadeInUp\" href=\"https:\/\/www.galerijamaticesrpske.rs\/en\/events-whats-on\/\" class=\"button primary is-smaller lowercase maxwidth360\" >\n\t\t<span>Actualit\u00e9s de la Galerie<\/span>\n\t<\/a>\n\n\n\t<div id=\"gap-1334702197\" class=\"gap-element clearfix\" style=\"display:block; height:auto;\">\n\t\t\n<style>\n#gap-1334702197 {\n  padding-top: 10px;\n}\n<\/style>\n\t<\/div>\n\t\n\n\n              <\/div>\n           <\/div>\n                            \n<style>\n#text-box-1376716202 {\n  width: 90%;\n}\n#text-box-1376716202 .text-box-content {\n  font-size: 100%;\n}\n@media (min-width:550px) {\n  #text-box-1376716202 {\n    width: 70%;\n  }\n}\n<\/style>\n    <\/div>\n \n\n        <\/div>\n      <\/div>\n\n            \n<style>\n#banner-226148995 {\n  padding-top: 210px;\n  background-color: rgb(255, 255, 255);\n}\n@media (min-width:550px) {\n  #banner-226148995 {\n    padding-top: 320px;\n  }\n}\n<\/style>\n  <\/div>\n\n\n","protected":false},"excerpt":{"rendered":"","protected":false},"author":1,"featured_media":0,"parent":3574,"menu_order":0,"comment_status":"closed","ping_status":"closed","template":"page-blank.php","meta":{"_acf_changed":false,"footnotes":""},"class_list":["post-14455","page","type-page","status-publish","hentry"],"acf":[],"yoast_head":"<!-- This site is optimized with the Yoast SEO plugin v27.3 - https:\/\/yoast.com\/product\/yoast-seo-wordpress\/ -->\n<title>Sculptophilie | La Galerie de la Matica srpska<\/title>\n<meta name=\"robots\" content=\"index, follow, max-snippet:-1, max-image-preview:large, max-video-preview:-1\" \/>\n<link rel=\"canonical\" href=\"https:\/\/www.galerijamaticesrpske.rs\/fr\/collection-permanente\/sculptophilie\/\" \/>\n<meta property=\"og:locale\" content=\"fr_FR\" \/>\n<meta property=\"og:type\" content=\"article\" \/>\n<meta property=\"og:title\" content=\"Sculptophilie | La Galerie de la Matica srpska\" \/>\n<meta property=\"og:url\" content=\"https:\/\/www.galerijamaticesrpske.rs\/fr\/collection-permanente\/sculptophilie\/\" \/>\n<meta property=\"og:site_name\" content=\"La Galerie de la Matica srpska\" \/>\n<meta property=\"article:modified_time\" content=\"2025-03-07T09:50:45+00:00\" \/>\n<meta name=\"twitter:card\" content=\"summary_large_image\" \/>\n<meta name=\"twitter:label1\" content=\"Dur\u00e9e de lecture estim\u00e9e\" \/>\n\t<meta name=\"twitter:data1\" content=\"2 minutes\" \/>\n<script type=\"application\/ld+json\" class=\"yoast-schema-graph\">{\"@context\":\"https:\\\/\\\/schema.org\",\"@graph\":[{\"@type\":\"WebPage\",\"@id\":\"https:\\\/\\\/www.galerijamaticesrpske.rs\\\/fr\\\/collection-permanente\\\/sculptophilie\\\/\",\"url\":\"https:\\\/\\\/www.galerijamaticesrpske.rs\\\/fr\\\/collection-permanente\\\/sculptophilie\\\/\",\"name\":\"Sculptophilie | La Galerie de la Matica srpska\",\"isPartOf\":{\"@id\":\"https:\\\/\\\/www.galerijamaticesrpske.rs\\\/en\\\/#website\"},\"datePublished\":\"2024-11-14T08:53:31+00:00\",\"dateModified\":\"2025-03-07T09:50:45+00:00\",\"breadcrumb\":{\"@id\":\"https:\\\/\\\/www.galerijamaticesrpske.rs\\\/fr\\\/collection-permanente\\\/sculptophilie\\\/#breadcrumb\"},\"inLanguage\":\"fr-FR\",\"potentialAction\":[{\"@type\":\"ReadAction\",\"target\":[\"https:\\\/\\\/www.galerijamaticesrpske.rs\\\/fr\\\/collection-permanente\\\/sculptophilie\\\/\"]}]},{\"@type\":\"BreadcrumbList\",\"@id\":\"https:\\\/\\\/www.galerijamaticesrpske.rs\\\/fr\\\/collection-permanente\\\/sculptophilie\\\/#breadcrumb\",\"itemListElement\":[{\"@type\":\"ListItem\",\"position\":1,\"name\":\"\u041f\u043e\u0447\u0435\u0442\u043d\u0430\",\"item\":\"https:\\\/\\\/www.galerijamaticesrpske.rs\\\/fr\\\/\"},{\"@type\":\"ListItem\",\"position\":2,\"name\":\"Collection permanente\",\"item\":\"https:\\\/\\\/www.galerijamaticesrpske.rs\\\/fr\\\/collection-permanente\\\/\"},{\"@type\":\"ListItem\",\"position\":3,\"name\":\"Sculptophilie\"}]},{\"@type\":\"WebSite\",\"@id\":\"https:\\\/\\\/www.galerijamaticesrpske.rs\\\/en\\\/#website\",\"url\":\"https:\\\/\\\/www.galerijamaticesrpske.rs\\\/en\\\/\",\"name\":\"La Galerie de la Matica srpska\",\"description\":\"Le mus\u00e9e artistique ayant l\u2019une des plus riches collections en Serbie\",\"publisher\":{\"@id\":\"https:\\\/\\\/www.galerijamaticesrpske.rs\\\/en\\\/#organization\"},\"potentialAction\":[{\"@type\":\"SearchAction\",\"target\":{\"@type\":\"EntryPoint\",\"urlTemplate\":\"https:\\\/\\\/www.galerijamaticesrpske.rs\\\/en\\\/?s={search_term_string}\"},\"query-input\":{\"@type\":\"PropertyValueSpecification\",\"valueRequired\":true,\"valueName\":\"search_term_string\"}}],\"inLanguage\":\"fr-FR\"},{\"@type\":\"Organization\",\"@id\":\"https:\\\/\\\/www.galerijamaticesrpske.rs\\\/en\\\/#organization\",\"name\":\"\u0413\u0430\u043b\u0435\u0440\u0438\u0458\u0430 \u041c\u0430\u0442\u0438\u0446\u0435 \u0441\u0440\u043f\u0441\u043a\u0435\",\"url\":\"https:\\\/\\\/www.galerijamaticesrpske.rs\\\/en\\\/\",\"logo\":{\"@type\":\"ImageObject\",\"inLanguage\":\"fr-FR\",\"@id\":\"https:\\\/\\\/www.galerijamaticesrpske.rs\\\/en\\\/#\\\/schema\\\/logo\\\/image\\\/\",\"url\":\"https:\\\/\\\/www.galerijamaticesrpske.rs\\\/wp-content\\\/uploads\\\/2021\\\/01\\\/gms-logo-za-sajt.svg\",\"contentUrl\":\"https:\\\/\\\/www.galerijamaticesrpske.rs\\\/wp-content\\\/uploads\\\/2021\\\/01\\\/gms-logo-za-sajt.svg\",\"width\":1,\"height\":1,\"caption\":\"\u0413\u0430\u043b\u0435\u0440\u0438\u0458\u0430 \u041c\u0430\u0442\u0438\u0446\u0435 \u0441\u0440\u043f\u0441\u043a\u0435\"},\"image\":{\"@id\":\"https:\\\/\\\/www.galerijamaticesrpske.rs\\\/en\\\/#\\\/schema\\\/logo\\\/image\\\/\"}}]}<\/script>\n<!-- \/ Yoast SEO plugin. -->","yoast_head_json":{"title":"Sculptophilie | La Galerie de la Matica srpska","robots":{"index":"index","follow":"follow","max-snippet":"max-snippet:-1","max-image-preview":"max-image-preview:large","max-video-preview":"max-video-preview:-1"},"canonical":"https:\/\/www.galerijamaticesrpske.rs\/fr\/collection-permanente\/sculptophilie\/","og_locale":"fr_FR","og_type":"article","og_title":"Sculptophilie | La Galerie de la Matica srpska","og_url":"https:\/\/www.galerijamaticesrpske.rs\/fr\/collection-permanente\/sculptophilie\/","og_site_name":"La Galerie de la Matica srpska","article_modified_time":"2025-03-07T09:50:45+00:00","twitter_card":"summary_large_image","twitter_misc":{"Dur\u00e9e de lecture estim\u00e9e":"2 minutes"},"schema":{"@context":"https:\/\/schema.org","@graph":[{"@type":"WebPage","@id":"https:\/\/www.galerijamaticesrpske.rs\/fr\/collection-permanente\/sculptophilie\/","url":"https:\/\/www.galerijamaticesrpske.rs\/fr\/collection-permanente\/sculptophilie\/","name":"Sculptophilie | La Galerie de la Matica srpska","isPartOf":{"@id":"https:\/\/www.galerijamaticesrpske.rs\/en\/#website"},"datePublished":"2024-11-14T08:53:31+00:00","dateModified":"2025-03-07T09:50:45+00:00","breadcrumb":{"@id":"https:\/\/www.galerijamaticesrpske.rs\/fr\/collection-permanente\/sculptophilie\/#breadcrumb"},"inLanguage":"fr-FR","potentialAction":[{"@type":"ReadAction","target":["https:\/\/www.galerijamaticesrpske.rs\/fr\/collection-permanente\/sculptophilie\/"]}]},{"@type":"BreadcrumbList","@id":"https:\/\/www.galerijamaticesrpske.rs\/fr\/collection-permanente\/sculptophilie\/#breadcrumb","itemListElement":[{"@type":"ListItem","position":1,"name":"\u041f\u043e\u0447\u0435\u0442\u043d\u0430","item":"https:\/\/www.galerijamaticesrpske.rs\/fr\/"},{"@type":"ListItem","position":2,"name":"Collection permanente","item":"https:\/\/www.galerijamaticesrpske.rs\/fr\/collection-permanente\/"},{"@type":"ListItem","position":3,"name":"Sculptophilie"}]},{"@type":"WebSite","@id":"https:\/\/www.galerijamaticesrpske.rs\/en\/#website","url":"https:\/\/www.galerijamaticesrpske.rs\/en\/","name":"La Galerie de la Matica srpska","description":"Le mus\u00e9e artistique ayant l\u2019une des plus riches collections en Serbie","publisher":{"@id":"https:\/\/www.galerijamaticesrpske.rs\/en\/#organization"},"potentialAction":[{"@type":"SearchAction","target":{"@type":"EntryPoint","urlTemplate":"https:\/\/www.galerijamaticesrpske.rs\/en\/?s={search_term_string}"},"query-input":{"@type":"PropertyValueSpecification","valueRequired":true,"valueName":"search_term_string"}}],"inLanguage":"fr-FR"},{"@type":"Organization","@id":"https:\/\/www.galerijamaticesrpske.rs\/en\/#organization","name":"\u0413\u0430\u043b\u0435\u0440\u0438\u0458\u0430 \u041c\u0430\u0442\u0438\u0446\u0435 \u0441\u0440\u043f\u0441\u043a\u0435","url":"https:\/\/www.galerijamaticesrpske.rs\/en\/","logo":{"@type":"ImageObject","inLanguage":"fr-FR","@id":"https:\/\/www.galerijamaticesrpske.rs\/en\/#\/schema\/logo\/image\/","url":"https:\/\/www.galerijamaticesrpske.rs\/wp-content\/uploads\/2021\/01\/gms-logo-za-sajt.svg","contentUrl":"https:\/\/www.galerijamaticesrpske.rs\/wp-content\/uploads\/2021\/01\/gms-logo-za-sajt.svg","width":1,"height":1,"caption":"\u0413\u0430\u043b\u0435\u0440\u0438\u0458\u0430 \u041c\u0430\u0442\u0438\u0446\u0435 \u0441\u0440\u043f\u0441\u043a\u0435"},"image":{"@id":"https:\/\/www.galerijamaticesrpske.rs\/en\/#\/schema\/logo\/image\/"}}]}},"_links":{"self":[{"href":"http:\/\/www.galerijamaticesrpske.rs\/fr\/wp-json\/wp\/v2\/pages\/14455","targetHints":{"allow":["GET"]}}],"collection":[{"href":"http:\/\/www.galerijamaticesrpske.rs\/fr\/wp-json\/wp\/v2\/pages"}],"about":[{"href":"http:\/\/www.galerijamaticesrpske.rs\/fr\/wp-json\/wp\/v2\/types\/page"}],"author":[{"embeddable":true,"href":"http:\/\/www.galerijamaticesrpske.rs\/fr\/wp-json\/wp\/v2\/users\/1"}],"replies":[{"embeddable":true,"href":"http:\/\/www.galerijamaticesrpske.rs\/fr\/wp-json\/wp\/v2\/comments?post=14455"}],"version-history":[{"count":2,"href":"http:\/\/www.galerijamaticesrpske.rs\/fr\/wp-json\/wp\/v2\/pages\/14455\/revisions"}],"predecessor-version":[{"id":14457,"href":"http:\/\/www.galerijamaticesrpske.rs\/fr\/wp-json\/wp\/v2\/pages\/14455\/revisions\/14457"}],"up":[{"embeddable":true,"href":"http:\/\/www.galerijamaticesrpske.rs\/fr\/wp-json\/wp\/v2\/pages\/3574"}],"wp:attachment":[{"href":"http:\/\/www.galerijamaticesrpske.rs\/fr\/wp-json\/wp\/v2\/media?parent=14455"}],"curies":[{"name":"wp","href":"https:\/\/api.w.org\/{rel}","templated":true}]}}