{"id":3651,"date":"2020-12-27T01:42:44","date_gmt":"2020-12-27T01:42:44","guid":{"rendered":"https:\/\/www.galerijamaticesrpske.rs\/misija-i-vizija\/"},"modified":"2021-03-07T20:13:52","modified_gmt":"2021-03-07T20:13:52","slug":"vision-en-mission","status":"publish","type":"page","link":"http:\/\/www.galerijamaticesrpske.rs\/fr\/vision-en-mission\/","title":{"rendered":"Vision et mission"},"content":{"rendered":"\n\n\t<section class=\"section\" id=\"section_1369937320\">\n\t\t<div class=\"section-bg fill\" >\n\t\t\t\t\t\t\t\t\t\n\t\t\t\n\n\t\t<\/div>\n\n\t\t\n\n\t\t<div class=\"section-content relative\">\n\t\t\t\n\n<div class=\"row\"  id=\"row-345459424\">\n\n\n\t<div id=\"col-1195886324\" class=\"col small-12 large-12\"  >\n\t\t\t\t<div class=\"col-inner text-center\"  >\n\t\t\t\n\t\t\t\n\n\t<div class=\"img has-hover maxwidth80 x md-x lg-x y md-y lg-y\" id=\"image_2117094283\">\n\t\t\t\t\t\t\t\t<div class=\"img-inner dark\" style=\"margin:0px 0px 0 0px;\">\n\t\t\t<img decoding=\"async\" src=\"http:\/\/www.galerijamaticesrpske.rs\/wp-content\/uploads\/2020\/12\/gms-icon_blck.svg\" class=\"attachment-original size-original\" alt=\"GMS | icon\" \/>\t\t\t\t\t\t\n\t\t\t\t\t<\/div>\n\t\t\t\t\t\t\t\t\n<style>\n#image_2117094283 {\n  width: 100%;\n}\n<\/style>\n\t<\/div>\n\t\n\n\t<div id=\"text-4080273705\" class=\"text\">\n\t\t\n\n<h2 class=\"title36\">Vision et mission<\/h2>\n\t\t\n<style>\n#text-4080273705 {\n  text-align: center;\n}\n<\/style>\n\t<\/div>\n\t\n\n\t\t<\/div>\n\t\t\t\t\n<style>\n#col-1195886324 > .col-inner {\n  margin: 0px 0px 40px 0px;\n}\n<\/style>\n\t<\/div>\n\n\t\n\n<\/div>\n<div class=\"row align-center\"  id=\"row-61282002\">\n\n\n\t<div id=\"col-769805762\" class=\"col maxwidth960 small-12 large-12\"  >\n\t\t\t\t<div class=\"col-inner text-center\"  >\n\t\t\t\n\t\t\t\n\n\t<div class=\"img has-hover x md-x lg-x y md-y lg-y\" id=\"image_1580039307\">\n\t\t\t\t\t\t\t\t<div class=\"img-inner dark\" >\n\t\t\t<img loading=\"lazy\" decoding=\"async\" width=\"1920\" height=\"1073\" src=\"http:\/\/www.galerijamaticesrpske.rs\/wp-content\/uploads\/2021\/01\/misija-i-vizija-1920.jpg\" class=\"attachment-original size-original\" alt=\"GMS | \u041c\u0438\u0441\u0438\u0458\u0430 \u0438 \u0432\u0438\u0437\u0438\u0458\u0430\" srcset=\"http:\/\/www.galerijamaticesrpske.rs\/wp-content\/uploads\/2021\/01\/misija-i-vizija-1920.jpg 1920w, http:\/\/www.galerijamaticesrpske.rs\/wp-content\/uploads\/2021\/01\/misija-i-vizija-1920-300x168.jpg 300w, http:\/\/www.galerijamaticesrpske.rs\/wp-content\/uploads\/2021\/01\/misija-i-vizija-1920-1024x572.jpg 1024w, http:\/\/www.galerijamaticesrpske.rs\/wp-content\/uploads\/2021\/01\/misija-i-vizija-1920-768x429.jpg 768w, http:\/\/www.galerijamaticesrpske.rs\/wp-content\/uploads\/2021\/01\/misija-i-vizija-1920-1536x858.jpg 1536w\" sizes=\"auto, (max-width: 1920px) 100vw, 1920px\" \/>\t\t\t\t\t\t\n\t\t\t\t\t<\/div>\n\t\t\t\t\t\t\t\t\n<style>\n#image_1580039307 {\n  width: 100%;\n}\n<\/style>\n\t<\/div>\n\t\n\n\n\t\t<\/div>\n\t\t\t\t\n<style>\n#col-769805762 > .col-inner {\n  padding: 0px 20px 0px 20px;\n}\n<\/style>\n\t<\/div>\n\n\t\n\n\t<div id=\"col-1603635423\" class=\"col maxwidth960 small-12 large-12\"  >\n\t\t\t\t<div class=\"col-inner\"  >\n\t\t\t\n\t\t\t\n\n<p class=\"year-big title30\">Vision<\/p>\n<p>Nous croyons qu\u2019au 21<sup>e<\/sup> si\u00e8cle, le mus\u00e9e est un lieu central des sensations esth\u00e9tiques, de dialogue, d\u2019apprentissage, de r\u00e9flexion critique et d\u2019exp\u00e9riences uniques. Pour cette raison nous ne nous fions qu\u2019aux normes les plus exigeantes de notre profession quant \u00e0 la recherche, la pr\u00e9servation et la pr\u00e9sentation de notre collection, car elle est notre plus grand atout. Nous l\u2019utilisons pour cr\u00e9er des contenus uniques qui relient le pass\u00e9 et le pr\u00e9sent, qui tentent de r\u00e9pondre dans un moment actuel aux questions sur les valeurs, les sp\u00e9cificit\u00e9s et les port\u00e9es de l\u2019art national dans un contexte europ\u00e9en plus large. Nous nous fions \u00e0 la force cr\u00e9atrice de l\u2019Homme \u2013 les artistes, les curateurs, les conservateurs, les collectionneurs, les bienfaiteurs \u2013 nous sommes persuad\u00e9s que nos efforts unis peuvent laisser une trace ind\u00e9l\u00e9bile sur l\u2019histoire de la culture et de l\u2019art de notre pays et de notre \u00e9poque.<\/p>\n<p>Nous sommes conscients de nos sp\u00e9cificit\u00e9s et nous d\u00e9sirons \u00eatre un mus\u00e9e o\u00f9 le pass\u00e9 se refl\u00e8te, mais o\u00f9 le nombre et la diversit\u00e9 des activit\u00e9s actuelles laisse leurs traces pour l\u2019avenir.\u00a0<\/p>\n<p class=\"year-big title30\">Mission<\/p>\n<p>La Galerie de la Matica srpska est un mus\u00e9e humaniste qui croit en la force de la cr\u00e9ativit\u00e9 humaine et de la cr\u00e9ation artistique pour le d\u00e9veloppement de la civilisation, l\u2019am\u00e9lioration de la qualit\u00e9 de vie et le bien-\u00eatre de la soci\u00e9t\u00e9. La richesse de notre collection est le point de d\u00e9part de notre r\u00e9flexion sur les diverses questions du monde contemporain, tandis que nos programmes d\u2019exposition, de publication et d\u2019\u00e9ducation sont notre mani\u00e8re de communiquer avec le public nous donnant une position de m\u00e9diateurs entre le pass\u00e9 et le pr\u00e9sent. Nous sommes la ruche artistique de la nation abritant des \u0153uvres cr\u00e9\u00e9es du 16<sup>e<\/sup> au 21<sup>e<\/sup> si\u00e8cle. Notre action est fond\u00e9e sur le respect du pass\u00e9 et sur les potentiels cr\u00e9atifs du pr\u00e9sent afin de se tourner vers un avenir meilleur.<\/p>\n\n\t\t<\/div>\n\t\t\t\t\t<\/div>\n\n\t\n\n\t<div id=\"col-1234908050\" class=\"col maxwidth960 small-12 large-12\"  >\n\t\t\t\t<div class=\"col-inner\"  >\n\t\t\t\n\t\t\t\n\n\t<div id=\"text-2842263318\" class=\"text quotetxt\">\n\t\t\n\n<p><em>Nous r\u00eavons, \u00e9coutons, cr\u00e9ons, car nous nous croyons \u00eatre un lieu unique \u00e0 la culture serbe et \u00e0 la fiert\u00e9 de la nation.<\/em><\/p>\n\t\t\n<style>\n#text-2842263318 {\n  text-align: center;\n}\n<\/style>\n\t<\/div>\n\t\n\n\t\t<\/div>\n\t\t\t\t\t<\/div>\n\n\t\n\n\n<style>\n#row-61282002 > .col > .col-inner {\n  padding: 0px 20px 0px 20px;\n}\n<\/style>\n<\/div>\n\n\t\t<\/div>\n\n\t\t\n<style>\n#section_1369937320 {\n  padding-top: 50px;\n  padding-bottom: 50px;\n  background-color: rgb(246, 246, 246);\n}\n<\/style>\n\t<\/section>\n\t\n\n","protected":false},"excerpt":{"rendered":"","protected":false},"author":1,"featured_media":0,"parent":0,"menu_order":0,"comment_status":"closed","ping_status":"closed","template":"page-blank.php","meta":{"_acf_changed":false,"footnotes":""},"class_list":["post-3651","page","type-page","status-publish","hentry"],"acf":[],"yoast_head":"<!-- This site is optimized with the Yoast SEO plugin v27.3 - https:\/\/yoast.com\/product\/yoast-seo-wordpress\/ -->\n<title>Vision et mission | La Galerie de la Matica srpska<\/title>\n<meta name=\"robots\" content=\"index, follow, max-snippet:-1, max-image-preview:large, max-video-preview:-1\" \/>\n<link rel=\"canonical\" href=\"http:\/\/www.galerijamaticesrpske.rs\/fr\/vision-en-mission\/\" \/>\n<meta property=\"og:locale\" content=\"fr_FR\" \/>\n<meta property=\"og:type\" content=\"article\" \/>\n<meta property=\"og:title\" content=\"Vision et mission | La Galerie de la Matica srpska\" \/>\n<meta property=\"og:url\" content=\"http:\/\/www.galerijamaticesrpske.rs\/fr\/vision-en-mission\/\" \/>\n<meta property=\"og:site_name\" content=\"La Galerie de la Matica srpska\" \/>\n<meta property=\"article:modified_time\" content=\"2021-03-07T20:13:52+00:00\" \/>\n<meta name=\"twitter:card\" content=\"summary_large_image\" \/>\n<meta name=\"twitter:label1\" content=\"Dur\u00e9e de lecture estim\u00e9e\" \/>\n\t<meta name=\"twitter:data1\" content=\"2 minutes\" \/>\n<script type=\"application\/ld+json\" class=\"yoast-schema-graph\">{\"@context\":\"https:\\\/\\\/schema.org\",\"@graph\":[{\"@type\":\"WebPage\",\"@id\":\"http:\\\/\\\/www.galerijamaticesrpske.rs\\\/fr\\\/vision-en-mission\\\/\",\"url\":\"http:\\\/\\\/www.galerijamaticesrpske.rs\\\/fr\\\/vision-en-mission\\\/\",\"name\":\"Vision et mission | La Galerie de la Matica srpska\",\"isPartOf\":{\"@id\":\"https:\\\/\\\/www.galerijamaticesrpske.rs\\\/en\\\/#website\"},\"datePublished\":\"2020-12-27T01:42:44+00:00\",\"dateModified\":\"2021-03-07T20:13:52+00:00\",\"breadcrumb\":{\"@id\":\"http:\\\/\\\/www.galerijamaticesrpske.rs\\\/fr\\\/vision-en-mission\\\/#breadcrumb\"},\"inLanguage\":\"fr-FR\",\"potentialAction\":[{\"@type\":\"ReadAction\",\"target\":[\"http:\\\/\\\/www.galerijamaticesrpske.rs\\\/fr\\\/vision-en-mission\\\/\"]}]},{\"@type\":\"BreadcrumbList\",\"@id\":\"http:\\\/\\\/www.galerijamaticesrpske.rs\\\/fr\\\/vision-en-mission\\\/#breadcrumb\",\"itemListElement\":[{\"@type\":\"ListItem\",\"position\":1,\"name\":\"\u041f\u043e\u0447\u0435\u0442\u043d\u0430\",\"item\":\"https:\\\/\\\/www.galerijamaticesrpske.rs\\\/fr\\\/\"},{\"@type\":\"ListItem\",\"position\":2,\"name\":\"Vision et mission\"}]},{\"@type\":\"WebSite\",\"@id\":\"https:\\\/\\\/www.galerijamaticesrpske.rs\\\/en\\\/#website\",\"url\":\"https:\\\/\\\/www.galerijamaticesrpske.rs\\\/en\\\/\",\"name\":\"La Galerie de la Matica srpska\",\"description\":\"Le mus\u00e9e artistique ayant l\u2019une des plus riches collections en Serbie\",\"publisher\":{\"@id\":\"https:\\\/\\\/www.galerijamaticesrpske.rs\\\/en\\\/#organization\"},\"potentialAction\":[{\"@type\":\"SearchAction\",\"target\":{\"@type\":\"EntryPoint\",\"urlTemplate\":\"https:\\\/\\\/www.galerijamaticesrpske.rs\\\/en\\\/?s={search_term_string}\"},\"query-input\":{\"@type\":\"PropertyValueSpecification\",\"valueRequired\":true,\"valueName\":\"search_term_string\"}}],\"inLanguage\":\"fr-FR\"},{\"@type\":\"Organization\",\"@id\":\"https:\\\/\\\/www.galerijamaticesrpske.rs\\\/en\\\/#organization\",\"name\":\"\u0413\u0430\u043b\u0435\u0440\u0438\u0458\u0430 \u041c\u0430\u0442\u0438\u0446\u0435 \u0441\u0440\u043f\u0441\u043a\u0435\",\"url\":\"https:\\\/\\\/www.galerijamaticesrpske.rs\\\/en\\\/\",\"logo\":{\"@type\":\"ImageObject\",\"inLanguage\":\"fr-FR\",\"@id\":\"https:\\\/\\\/www.galerijamaticesrpske.rs\\\/en\\\/#\\\/schema\\\/logo\\\/image\\\/\",\"url\":\"https:\\\/\\\/www.galerijamaticesrpske.rs\\\/wp-content\\\/uploads\\\/2021\\\/01\\\/gms-logo-za-sajt.svg\",\"contentUrl\":\"https:\\\/\\\/www.galerijamaticesrpske.rs\\\/wp-content\\\/uploads\\\/2021\\\/01\\\/gms-logo-za-sajt.svg\",\"width\":1,\"height\":1,\"caption\":\"\u0413\u0430\u043b\u0435\u0440\u0438\u0458\u0430 \u041c\u0430\u0442\u0438\u0446\u0435 \u0441\u0440\u043f\u0441\u043a\u0435\"},\"image\":{\"@id\":\"https:\\\/\\\/www.galerijamaticesrpske.rs\\\/en\\\/#\\\/schema\\\/logo\\\/image\\\/\"}}]}<\/script>\n<!-- \/ Yoast SEO plugin. -->","yoast_head_json":{"title":"Vision et mission | La Galerie de la Matica srpska","robots":{"index":"index","follow":"follow","max-snippet":"max-snippet:-1","max-image-preview":"max-image-preview:large","max-video-preview":"max-video-preview:-1"},"canonical":"http:\/\/www.galerijamaticesrpske.rs\/fr\/vision-en-mission\/","og_locale":"fr_FR","og_type":"article","og_title":"Vision et mission | La Galerie de la Matica srpska","og_url":"http:\/\/www.galerijamaticesrpske.rs\/fr\/vision-en-mission\/","og_site_name":"La Galerie de la Matica srpska","article_modified_time":"2021-03-07T20:13:52+00:00","twitter_card":"summary_large_image","twitter_misc":{"Dur\u00e9e de lecture estim\u00e9e":"2 minutes"},"schema":{"@context":"https:\/\/schema.org","@graph":[{"@type":"WebPage","@id":"http:\/\/www.galerijamaticesrpske.rs\/fr\/vision-en-mission\/","url":"http:\/\/www.galerijamaticesrpske.rs\/fr\/vision-en-mission\/","name":"Vision et mission | La Galerie de la Matica srpska","isPartOf":{"@id":"https:\/\/www.galerijamaticesrpske.rs\/en\/#website"},"datePublished":"2020-12-27T01:42:44+00:00","dateModified":"2021-03-07T20:13:52+00:00","breadcrumb":{"@id":"http:\/\/www.galerijamaticesrpske.rs\/fr\/vision-en-mission\/#breadcrumb"},"inLanguage":"fr-FR","potentialAction":[{"@type":"ReadAction","target":["http:\/\/www.galerijamaticesrpske.rs\/fr\/vision-en-mission\/"]}]},{"@type":"BreadcrumbList","@id":"http:\/\/www.galerijamaticesrpske.rs\/fr\/vision-en-mission\/#breadcrumb","itemListElement":[{"@type":"ListItem","position":1,"name":"\u041f\u043e\u0447\u0435\u0442\u043d\u0430","item":"https:\/\/www.galerijamaticesrpske.rs\/fr\/"},{"@type":"ListItem","position":2,"name":"Vision et mission"}]},{"@type":"WebSite","@id":"https:\/\/www.galerijamaticesrpske.rs\/en\/#website","url":"https:\/\/www.galerijamaticesrpske.rs\/en\/","name":"La Galerie de la Matica srpska","description":"Le mus\u00e9e artistique ayant l\u2019une des plus riches collections en Serbie","publisher":{"@id":"https:\/\/www.galerijamaticesrpske.rs\/en\/#organization"},"potentialAction":[{"@type":"SearchAction","target":{"@type":"EntryPoint","urlTemplate":"https:\/\/www.galerijamaticesrpske.rs\/en\/?s={search_term_string}"},"query-input":{"@type":"PropertyValueSpecification","valueRequired":true,"valueName":"search_term_string"}}],"inLanguage":"fr-FR"},{"@type":"Organization","@id":"https:\/\/www.galerijamaticesrpske.rs\/en\/#organization","name":"\u0413\u0430\u043b\u0435\u0440\u0438\u0458\u0430 \u041c\u0430\u0442\u0438\u0446\u0435 \u0441\u0440\u043f\u0441\u043a\u0435","url":"https:\/\/www.galerijamaticesrpske.rs\/en\/","logo":{"@type":"ImageObject","inLanguage":"fr-FR","@id":"https:\/\/www.galerijamaticesrpske.rs\/en\/#\/schema\/logo\/image\/","url":"https:\/\/www.galerijamaticesrpske.rs\/wp-content\/uploads\/2021\/01\/gms-logo-za-sajt.svg","contentUrl":"https:\/\/www.galerijamaticesrpske.rs\/wp-content\/uploads\/2021\/01\/gms-logo-za-sajt.svg","width":1,"height":1,"caption":"\u0413\u0430\u043b\u0435\u0440\u0438\u0458\u0430 \u041c\u0430\u0442\u0438\u0446\u0435 \u0441\u0440\u043f\u0441\u043a\u0435"},"image":{"@id":"https:\/\/www.galerijamaticesrpske.rs\/en\/#\/schema\/logo\/image\/"}}]}},"_links":{"self":[{"href":"http:\/\/www.galerijamaticesrpske.rs\/fr\/wp-json\/wp\/v2\/pages\/3651","targetHints":{"allow":["GET"]}}],"collection":[{"href":"http:\/\/www.galerijamaticesrpske.rs\/fr\/wp-json\/wp\/v2\/pages"}],"about":[{"href":"http:\/\/www.galerijamaticesrpske.rs\/fr\/wp-json\/wp\/v2\/types\/page"}],"author":[{"embeddable":true,"href":"http:\/\/www.galerijamaticesrpske.rs\/fr\/wp-json\/wp\/v2\/users\/1"}],"replies":[{"embeddable":true,"href":"http:\/\/www.galerijamaticesrpske.rs\/fr\/wp-json\/wp\/v2\/comments?post=3651"}],"version-history":[{"count":3,"href":"http:\/\/www.galerijamaticesrpske.rs\/fr\/wp-json\/wp\/v2\/pages\/3651\/revisions"}],"predecessor-version":[{"id":3655,"href":"http:\/\/www.galerijamaticesrpske.rs\/fr\/wp-json\/wp\/v2\/pages\/3651\/revisions\/3655"}],"wp:attachment":[{"href":"http:\/\/www.galerijamaticesrpske.rs\/fr\/wp-json\/wp\/v2\/media?parent=3651"}],"curies":[{"name":"wp","href":"https:\/\/api.w.org\/{rel}","templated":true}]}}