{"id":13890,"date":"2024-11-14T08:53:31","date_gmt":"2024-11-14T08:53:31","guid":{"rendered":"https:\/\/www.galerijamaticesrpske.rs\/stalna-postavka-gms\/skulptofilija\/"},"modified":"2024-11-22T09:04:06","modified_gmt":"2024-11-22T09:04:06","slug":"skulptofilija","status":"publish","type":"page","link":"http:\/\/www.galerijamaticesrpske.rs\/lat\/stalna-postavka-gms\/skulptofilija\/","title":{"rendered":"Skulptofilija"},"content":{"rendered":"\n\t<section class=\"section pb0\" id=\"section_1649764076\">\n\t\t<div class=\"section-bg fill\" >\n\t\t\t\t\t\t\t\t\t\n\t\t\t\n\n\t\t<\/div>\n\n\t\t\n\n\t\t<div class=\"section-content relative\">\n\t\t\t\n<div class=\"row align-center\"  id=\"row-1346185977\">\n\n\t<div id=\"col-1578586179\" class=\"col medium-10 small-12 large-10\"  >\n\t\t\t\t<div class=\"col-inner text-center\"  >\n\t\t\t\n\t\t\t\n\t<div class=\"img has-hover maxwidth80 x md-x lg-x y md-y lg-y\" id=\"image_1173391791\">\n\t\t\t\t\t\t\t\t<div class=\"img-inner dark\" style=\"margin:0px 0px 0 0px;\">\n\t\t\t<img decoding=\"async\" src=\"http:\/\/www.galerijamaticesrpske.rs\/wp-content\/uploads\/2020\/12\/gms-icon_blck.svg\" class=\"attachment-original size-original\" alt=\"GMS | icon\" \/>\t\t\t\t\t\t\n\t\t\t\t\t<\/div>\n\t\t\t\t\t\t\t\t\n<style>\n#image_1173391791 {\n  width: 100%;\n}\n<\/style>\n\t<\/div>\n\t\n\t<div id=\"text-1688792244\" class=\"text\">\n\t\t\n<h1 class=\"title28\">Skulptofilija<\/h1>\n\t\t\n<style>\n#text-1688792244 {\n  text-align: center;\n}\n<\/style>\n\t<\/div>\n\t\n\t\t<\/div>\n\t\t\t\t\n<style>\n#col-1578586179 > .col-inner {\n  margin: 0px 0px 40px 0px;\n}\n<\/style>\n\t<\/div>\n\n\t\n\n\t<div id=\"col-1503782034\" class=\"col medium-10 small-12 large-10\"  >\n\t\t\t\t<div class=\"col-inner\"  >\n\t\t\t\n\t\t\t\n<p>Na koje na\u010dine mo\u017eemo prikazati skulpture u muzejima? Ako skulpturu posmatramo kroz specifi\u010dnost umetni\u010dkog medija, otvara se vi\u0161e zanimljivih pitanja: \u0160ta to defini\u0161e skulpturu i koja su njena grani\u010dna podru\u010dja? Na koji na\u010din se skulptura mo\u017ee izlo\u017eiti i kakve su mogu\u0107nosti za njeno predstavljanje unutar muzeja?<\/p>\n<p>U okviru postavke Skulptofilija predstavljeno je \u0161est celina: Depo \u2013 pitanje trezoriranja skulpture i skulpturalnosti forme sme\u0161tajnih instalacija unutar depoa; Morfologija \u2013 okvir masovne prisutnosti portreta kao skulptorske forme kroz brojne\u00a0 varijacije u smislu stila, materijala i forme; Vajarke \u2013 prispitivanje zna\u010daja i polo\u017eaja autorki u skulptorskom stvarala\u0161tvu; Maestro \u2013 monografska prezentacija kao ilustracija stvarala\u0161tva \u0110or\u0111a Jovanovi\u0107a, najzastupljenijeg skulptora u kolekciji Galeriji Matice srpske; Izuzetnosti \u2013 pojam izuzetnog kroz preispitivanje skulptura visoke\/velike istorijske i umetni\u010dke vrednosti, pojma grani\u010dnih okvira skulpture kroz primere intermedijalne umetnosti u kontekstu savremenog stvarala\u0161tva; i Javna skulptura \u2013 prisutnost skulpture u javnom prostoru Novog Sada i regiona kroz razli\u010dite pristupe i kontekst.<\/p>\n\t\t<\/div>\n\t\t\t\t\n<style>\n#col-1503782034 > .col-inner {\n  padding: 0px 20px 0px 20px;\n}\n<\/style>\n\t<\/div>\n\n\t\n<\/div>\n<div class=\"row textimgboxnormal\"  id=\"row-1433627271\">\n\n\t<div id=\"col-1640220638\" class=\"col medium-4 small-12 large-4\"  data-animate=\"fadeInUp\">\n\t\t\t\t<div class=\"col-inner\"  >\n\t\t\t\n\t\t\t\n\t<div class=\"box has-hover   has-hover box-text-bottom\" >\n\n\t\t<div class=\"box-image\" >\n\t\t\t\t\t\t<div class=\"\" >\n\t\t\t\t<img loading=\"lazy\" decoding=\"async\" width=\"1200\" height=\"1079\" src=\"http:\/\/www.galerijamaticesrpske.rs\/wp-content\/uploads\/2024\/11\/ana-beslic-crna-skulptura-1975.jpg\" class=\"attachment-original size-original\" alt=\"\u0410\u043d\u0430-\u0411\u0435\u0448\u043b\u0438\u045b,-\u0426\u0440\u043d\u0430-\u0441\u043a\u0443\u043b\u043f\u0442\u0443\u0440\u0430,-1975.\" srcset=\"http:\/\/www.galerijamaticesrpske.rs\/wp-content\/uploads\/2024\/11\/ana-beslic-crna-skulptura-1975.jpg 1200w, http:\/\/www.galerijamaticesrpske.rs\/wp-content\/uploads\/2024\/11\/ana-beslic-crna-skulptura-1975-300x270.jpg 300w, http:\/\/www.galerijamaticesrpske.rs\/wp-content\/uploads\/2024\/11\/ana-beslic-crna-skulptura-1975-1024x921.jpg 1024w, http:\/\/www.galerijamaticesrpske.rs\/wp-content\/uploads\/2024\/11\/ana-beslic-crna-skulptura-1975-768x691.jpg 768w\" sizes=\"auto, (max-width: 1200px) 100vw, 1200px\" \/>\t\t\t\t\t\t\t\t\t\t\t<\/div>\n\t\t\t\t\t<\/div>\n\n\t\t<div class=\"box-text text-left\" >\n\t\t\t<div class=\"box-text-inner\">\n\t\t\t\t\n<p>Ana Be\u0161li\u0107<br \/><em>Crna skulptura<\/em>, 1975.<\/p>\n\t\t\t<\/div>\n\t\t<\/div>\n\t<\/div>\n\t\n\t<div id=\"gap-1983242143\" class=\"gap-element clearfix\" style=\"display:block; height:auto;\">\n\t\t\n<style>\n#gap-1983242143 {\n  padding-top: 30px;\n}\n<\/style>\n\t<\/div>\n\t\n\t<div class=\"box has-hover   has-hover box-text-bottom\" >\n\n\t\t<div class=\"box-image\" >\n\t\t\t\t\t\t<div class=\"\" >\n\t\t\t\t<img loading=\"lazy\" decoding=\"async\" width=\"799\" height=\"1400\" src=\"http:\/\/www.galerijamaticesrpske.rs\/wp-content\/uploads\/2024\/11\/slavka-petrovic-sredovic-devojcica-mrina-1947.jpg\" class=\"attachment-original size-original\" alt=\"\u0421\u043b\u0430\u0432\u043a\u0430-\u041f\u0435\u0442\u0440\u043e\u0432\u0438\u045b-\u0421\u0440\u0435\u0434\u043e\u0432\u0438\u045b,-\u0414\u0435\u0432\u043e\u0458\u0447\u0438\u0446\u0430-\u041c\u0440\u0438\u043d\u0430-,1947.\" srcset=\"http:\/\/www.galerijamaticesrpske.rs\/wp-content\/uploads\/2024\/11\/slavka-petrovic-sredovic-devojcica-mrina-1947.jpg 799w, http:\/\/www.galerijamaticesrpske.rs\/wp-content\/uploads\/2024\/11\/slavka-petrovic-sredovic-devojcica-mrina-1947-171x300.jpg 171w, http:\/\/www.galerijamaticesrpske.rs\/wp-content\/uploads\/2024\/11\/slavka-petrovic-sredovic-devojcica-mrina-1947-584x1024.jpg 584w, http:\/\/www.galerijamaticesrpske.rs\/wp-content\/uploads\/2024\/11\/slavka-petrovic-sredovic-devojcica-mrina-1947-768x1346.jpg 768w\" sizes=\"auto, (max-width: 799px) 100vw, 799px\" \/>\t\t\t\t\t\t\t\t\t\t\t<\/div>\n\t\t\t\t\t<\/div>\n\n\t\t<div class=\"box-text text-left\" >\n\t\t\t<div class=\"box-text-inner\">\n\t\t\t\t\n<p>Slavka Petrovi\u0107 Sredovi\u0107<br \/><em>Devoj\u010dica Mrina<\/em>, 1947.<\/p>\n\t\t\t<\/div>\n\t\t<\/div>\n\t<\/div>\n\t\n\t<div id=\"gap-128093127\" class=\"gap-element clearfix\" style=\"display:block; height:auto;\">\n\t\t\n<style>\n#gap-128093127 {\n  padding-top: 30px;\n}\n<\/style>\n\t<\/div>\n\t\n\t\t<\/div>\n\t\t\t\t\t<\/div>\n\n\t\n\n\t<div id=\"col-1083497749\" class=\"col medium-4 small-12 large-4\"  data-animate=\"fadeInUp\">\n\t\t\t\t<div class=\"col-inner text-left\"  >\n\t\t\t\n\t\t\t\n\t<div class=\"box has-hover   has-hover box-text-bottom\" >\n\n\t\t<div class=\"box-image\" >\n\t\t\t\t\t\t<div class=\"\" >\n\t\t\t\t<img loading=\"lazy\" decoding=\"async\" width=\"933\" height=\"1400\" src=\"http:\/\/www.galerijamaticesrpske.rs\/wp-content\/uploads\/2024\/11\/ivan-mestrovic-dr-svetozar-miletic-advokat-politicar-publicista-i-narodni-poslanik-1926-1927.jpg\" class=\"attachment-original size-original\" alt=\"\u0418\u0432\u0430\u043d-\u041c\u0435\u0448\u0442\u0440\u043e\u0432\u0438\u045b,-\u0414\u0440-\u0421\u0432\u0435\u0442\u043e\u0437\u0430\u0440-\u041c\u0438\u043b\u0435\u0442\u0438\u045b,-\u0430\u0434\u0432\u043e\u043a\u0430\u0442,-\u043f\u043e\u043b\u0438\u0442\u0438\u0447\u0430\u0440,-\u043f\u0443\u0431\u043b\u0438\u0446\u0438\u0441\u0442\u0430-\u0438-\u043d\u0430\u0440\u043e\u0434\u043d\u0438-\u043f\u043e\u0441\u043b\u0430\u043d\u0438\u043a,-1926-1927.\" srcset=\"http:\/\/www.galerijamaticesrpske.rs\/wp-content\/uploads\/2024\/11\/ivan-mestrovic-dr-svetozar-miletic-advokat-politicar-publicista-i-narodni-poslanik-1926-1927.jpg 933w, http:\/\/www.galerijamaticesrpske.rs\/wp-content\/uploads\/2024\/11\/ivan-mestrovic-dr-svetozar-miletic-advokat-politicar-publicista-i-narodni-poslanik-1926-1927-200x300.jpg 200w, http:\/\/www.galerijamaticesrpske.rs\/wp-content\/uploads\/2024\/11\/ivan-mestrovic-dr-svetozar-miletic-advokat-politicar-publicista-i-narodni-poslanik-1926-1927-682x1024.jpg 682w, http:\/\/www.galerijamaticesrpske.rs\/wp-content\/uploads\/2024\/11\/ivan-mestrovic-dr-svetozar-miletic-advokat-politicar-publicista-i-narodni-poslanik-1926-1927-768x1152.jpg 768w\" sizes=\"auto, (max-width: 933px) 100vw, 933px\" \/>\t\t\t\t\t\t\t\t\t\t\t<\/div>\n\t\t\t\t\t<\/div>\n\n\t\t<div class=\"box-text text-left\" >\n\t\t\t<div class=\"box-text-inner\">\n\t\t\t\t\n<p>Ivan Me\u0161trovi\u0107<br \/><em>Dr Svetozar Mileti\u0107, advokat, politi\u010dar, publicista i narodni-poslanik<\/em>, 1926-1927.<\/p>\n\t\t\t<\/div>\n\t\t<\/div>\n\t<\/div>\n\t\n\t<div id=\"gap-1164107877\" class=\"gap-element clearfix\" style=\"display:block; height:auto;\">\n\t\t\n<style>\n#gap-1164107877 {\n  padding-top: 30px;\n}\n<\/style>\n\t<\/div>\n\t\n\t<div class=\"box has-hover   has-hover box-text-bottom\" >\n\n\t\t<div class=\"box-image\" >\n\t\t\t\t\t\t<div class=\"\" >\n\t\t\t\t<img loading=\"lazy\" decoding=\"async\" width=\"1130\" height=\"1400\" src=\"http:\/\/www.galerijamaticesrpske.rs\/wp-content\/uploads\/2024\/11\/kosta-angeli-radovani-zenska-glava-1951.jpg\" class=\"attachment-original size-original\" alt=\"\u041a\u043e\u0441\u0442\u0430-\u0410\u043d\u0433\u0435\u043b\u0438-\u0420\u0430\u0434\u043e\u0432\u0430\u043d\u0438,-\u0416\u0435\u043d\u0441\u043a\u0430-\u0433\u043b\u0430\u0432\u0430,-1951.\" srcset=\"http:\/\/www.galerijamaticesrpske.rs\/wp-content\/uploads\/2024\/11\/kosta-angeli-radovani-zenska-glava-1951.jpg 1130w, http:\/\/www.galerijamaticesrpske.rs\/wp-content\/uploads\/2024\/11\/kosta-angeli-radovani-zenska-glava-1951-242x300.jpg 242w, http:\/\/www.galerijamaticesrpske.rs\/wp-content\/uploads\/2024\/11\/kosta-angeli-radovani-zenska-glava-1951-827x1024.jpg 827w, http:\/\/www.galerijamaticesrpske.rs\/wp-content\/uploads\/2024\/11\/kosta-angeli-radovani-zenska-glava-1951-768x952.jpg 768w\" sizes=\"auto, (max-width: 1130px) 100vw, 1130px\" \/>\t\t\t\t\t\t\t\t\t\t\t<\/div>\n\t\t\t\t\t<\/div>\n\n\t\t<div class=\"box-text text-left\" >\n\t\t\t<div class=\"box-text-inner\">\n\t\t\t\t\n<p>Kosta Angeli Radovani<br \/><em>\u017denska glava<\/em>, 1951.<\/p>\n\t\t\t<\/div>\n\t\t<\/div>\n\t<\/div>\n\t\n\t<div id=\"gap-17123608\" class=\"gap-element clearfix\" style=\"display:block; height:auto;\">\n\t\t\n<style>\n#gap-17123608 {\n  padding-top: 30px;\n}\n<\/style>\n\t<\/div>\n\t\n\t\t<\/div>\n\t\t\t\t\t<\/div>\n\n\t\n\n\t<div id=\"col-638093186\" class=\"col medium-4 small-12 large-4\"  data-animate=\"fadeInUp\">\n\t\t\t\t<div class=\"col-inner text-left\"  >\n\t\t\t\n\t\t\t\n\t<div class=\"box has-hover   has-hover box-text-bottom\" >\n\n\t\t<div class=\"box-image\" >\n\t\t\t\t\t\t<div class=\"\" >\n\t\t\t\t<img loading=\"lazy\" decoding=\"async\" width=\"1191\" height=\"1400\" src=\"http:\/\/www.galerijamaticesrpske.rs\/wp-content\/uploads\/2024\/11\/jovan-soldatovic-dvoje-1964.jpg\" class=\"attachment-original size-original\" alt=\"\u0408\u043e\u0432\u0430\u043d-\u0421\u043e\u043b\u0434\u0430\u0442\u043e\u0432\u0438\u045b,-\u0414\u0432\u043e\u0458\u0435,-1964.\" srcset=\"http:\/\/www.galerijamaticesrpske.rs\/wp-content\/uploads\/2024\/11\/jovan-soldatovic-dvoje-1964.jpg 1191w, http:\/\/www.galerijamaticesrpske.rs\/wp-content\/uploads\/2024\/11\/jovan-soldatovic-dvoje-1964-255x300.jpg 255w, http:\/\/www.galerijamaticesrpske.rs\/wp-content\/uploads\/2024\/11\/jovan-soldatovic-dvoje-1964-871x1024.jpg 871w, http:\/\/www.galerijamaticesrpske.rs\/wp-content\/uploads\/2024\/11\/jovan-soldatovic-dvoje-1964-768x903.jpg 768w\" sizes=\"auto, (max-width: 1191px) 100vw, 1191px\" \/>\t\t\t\t\t\t\t\t\t\t\t<\/div>\n\t\t\t\t\t<\/div>\n\n\t\t<div class=\"box-text text-left\" >\n\t\t\t<div class=\"box-text-inner\">\n\t\t\t\t\n<p>Jovan Soldatovi\u0107<br \/><em>Dvoje<\/em>, 1964.<\/p>\n\t\t\t<\/div>\n\t\t<\/div>\n\t<\/div>\n\t\n\t<div id=\"gap-1056491207\" class=\"gap-element clearfix\" style=\"display:block; height:auto;\">\n\t\t\n<style>\n#gap-1056491207 {\n  padding-top: 30px;\n}\n<\/style>\n\t<\/div>\n\t\n\t<div class=\"box has-hover   has-hover box-text-bottom\" >\n\n\t\t<div class=\"box-image\" >\n\t\t\t\t\t\t<div class=\"\" >\n\t\t\t\t<img loading=\"lazy\" decoding=\"async\" width=\"933\" height=\"1400\" src=\"http:\/\/www.galerijamaticesrpske.rs\/wp-content\/uploads\/2024\/11\/vidosava-jocic-ratnik-1963.jpg\" class=\"attachment-original size-original\" alt=\"\u0412\u0438\u0434\u043e\u0441\u0430\u0432\u0430-\u0408\u043e\u0446\u0438\u045b,-\u0420\u0430\u0442\u043d\u0438\u043a,-1963.\" srcset=\"http:\/\/www.galerijamaticesrpske.rs\/wp-content\/uploads\/2024\/11\/vidosava-jocic-ratnik-1963.jpg 933w, http:\/\/www.galerijamaticesrpske.rs\/wp-content\/uploads\/2024\/11\/vidosava-jocic-ratnik-1963-200x300.jpg 200w, http:\/\/www.galerijamaticesrpske.rs\/wp-content\/uploads\/2024\/11\/vidosava-jocic-ratnik-1963-682x1024.jpg 682w, http:\/\/www.galerijamaticesrpske.rs\/wp-content\/uploads\/2024\/11\/vidosava-jocic-ratnik-1963-768x1152.jpg 768w\" sizes=\"auto, (max-width: 933px) 100vw, 933px\" \/>\t\t\t\t\t\t\t\t\t\t\t<\/div>\n\t\t\t\t\t<\/div>\n\n\t\t<div class=\"box-text text-left\" >\n\t\t\t<div class=\"box-text-inner\">\n\t\t\t\t\n<p>Vidosava Joci\u0107<br \/><em>Ratnik<\/em>, 1963.<\/p>\n\t\t\t<\/div>\n\t\t<\/div>\n\t<\/div>\n\t\n\t<div id=\"gap-1228006060\" class=\"gap-element clearfix\" style=\"display:block; height:auto;\">\n\t\t\n<style>\n#gap-1228006060 {\n  padding-top: 30px;\n}\n<\/style>\n\t<\/div>\n\t\n\t\t<\/div>\n\t\t\t\t\t<\/div>\n\n\t\n<\/div>\n\t\t<\/div>\n\n\t\t\n<style>\n#section_1649764076 {\n  padding-top: 50px;\n  padding-bottom: 50px;\n  background-color: rgb(246, 246, 246);\n}\n<\/style>\n\t<\/section>\n\t\n\n  <div class=\"banner has-hover\" id=\"banner-521913066\">\n          <div class=\"banner-inner fill\">\n        <div class=\"banner-bg fill\" >\n                                                \n                    <\/div>\n\t\t\n        <div class=\"banner-layers container\">\n            <div class=\"fill banner-link\"><\/div>            \n\n   <div id=\"text-box-1586866948\" class=\"text-box banner-layer x50 md-x50 lg-x50 y10 md-y50 lg-y50 res-text\">\n                                <div class=\"text-box-content text \">\n              \n              <div class=\"text-inner text-center\">\n                  \n\n\t<div id=\"gap-573923207\" class=\"gap-element clearfix hidden398\" style=\"display:block; height:auto;\">\n\t\t\n<style>\n#gap-573923207 {\n  padding-top: 10px;\n}\n<\/style>\n\t<\/div>\n\t\n\n\t<div id=\"text-2347911548\" class=\"text fs16\">\n\t\t\n\n<h2 class=\"title36\">Posetite Galeriju Matice srpske<\/h2>\n<p>Do\u017eivite srpsku umetnost i u\u017eivajte u jedinstvenom ambijentu riznice nacionalne kulture.<\/p>\n\t\t\t<\/div>\n\t\n<a data-animate=\"fadeInUp\" href=\"\/lat\/pretraga-dogadjaja\/\" class=\"button primary is-smaller lowercase maxwidth360\" >\n\t\t<span>Aktuelno u Galeriji<\/span>\n\t<\/a>\n\n\n\t<div id=\"gap-2069245518\" class=\"gap-element clearfix\" style=\"display:block; height:auto;\">\n\t\t\n<style>\n#gap-2069245518 {\n  padding-top: 10px;\n}\n<\/style>\n\t<\/div>\n\t\n\n\n              <\/div>\n           <\/div>\n                            \n<style>\n#text-box-1586866948 {\n  width: 90%;\n}\n#text-box-1586866948 .text-box-content {\n  font-size: 100%;\n}\n@media (min-width:550px) {\n  #text-box-1586866948 {\n    width: 70%;\n  }\n}\n<\/style>\n    <\/div>\n \n\n        <\/div>\n      <\/div>\n\n            \n<style>\n#banner-521913066 {\n  padding-top: 210px;\n  background-color: rgb(255, 255, 255);\n}\n@media (min-width:550px) {\n  #banner-521913066 {\n    padding-top: 320px;\n  }\n}\n<\/style>\n  <\/div>\n\n\n","protected":false},"excerpt":{"rendered":"","protected":false},"author":1,"featured_media":0,"parent":2754,"menu_order":0,"comment_status":"closed","ping_status":"closed","template":"page-blank.php","meta":{"_acf_changed":false,"footnotes":""},"class_list":["post-13890","page","type-page","status-publish","hentry"],"acf":[],"yoast_head":"<!-- This site is optimized with the Yoast SEO plugin v27.3 - https:\/\/yoast.com\/product\/yoast-seo-wordpress\/ -->\n<title>Skulptofilija | Galerija Matice srpske<\/title>\n<meta name=\"robots\" content=\"index, follow, max-snippet:-1, max-image-preview:large, max-video-preview:-1\" \/>\n<link rel=\"canonical\" href=\"https:\/\/www.galerijamaticesrpske.rs\/lat\/stalna-postavka-gms\/skulptofilija\/\" \/>\n<meta property=\"og:locale\" content=\"en_US\" \/>\n<meta property=\"og:type\" content=\"article\" \/>\n<meta property=\"og:title\" content=\"Skulptofilija | Galerija Matice srpske\" \/>\n<meta property=\"og:url\" content=\"https:\/\/www.galerijamaticesrpske.rs\/lat\/stalna-postavka-gms\/skulptofilija\/\" \/>\n<meta property=\"og:site_name\" content=\"Galerija Matice srpske\" \/>\n<meta property=\"article:modified_time\" content=\"2024-11-22T09:04:06+00:00\" \/>\n<meta name=\"twitter:card\" content=\"summary_large_image\" \/>\n<meta name=\"twitter:label1\" content=\"Est. reading time\" \/>\n\t<meta name=\"twitter:data1\" content=\"2 minutes\" \/>\n<script type=\"application\/ld+json\" class=\"yoast-schema-graph\">{\"@context\":\"https:\\\/\\\/schema.org\",\"@graph\":[{\"@type\":\"WebPage\",\"@id\":\"https:\\\/\\\/www.galerijamaticesrpske.rs\\\/lat\\\/stalna-postavka-gms\\\/skulptofilija\\\/\",\"url\":\"https:\\\/\\\/www.galerijamaticesrpske.rs\\\/lat\\\/stalna-postavka-gms\\\/skulptofilija\\\/\",\"name\":\"Skulptofilija | Galerija Matice srpske\",\"isPartOf\":{\"@id\":\"https:\\\/\\\/www.galerijamaticesrpske.rs\\\/en\\\/#website\"},\"datePublished\":\"2024-11-14T08:53:31+00:00\",\"dateModified\":\"2024-11-22T09:04:06+00:00\",\"breadcrumb\":{\"@id\":\"https:\\\/\\\/www.galerijamaticesrpske.rs\\\/lat\\\/stalna-postavka-gms\\\/skulptofilija\\\/#breadcrumb\"},\"inLanguage\":\"sr-LAT\",\"potentialAction\":[{\"@type\":\"ReadAction\",\"target\":[\"https:\\\/\\\/www.galerijamaticesrpske.rs\\\/lat\\\/stalna-postavka-gms\\\/skulptofilija\\\/\"]}]},{\"@type\":\"BreadcrumbList\",\"@id\":\"https:\\\/\\\/www.galerijamaticesrpske.rs\\\/lat\\\/stalna-postavka-gms\\\/skulptofilija\\\/#breadcrumb\",\"itemListElement\":[{\"@type\":\"ListItem\",\"position\":1,\"name\":\"\u041f\u043e\u0447\u0435\u0442\u043d\u0430\",\"item\":\"http:\\\/\\\/www.galerijamaticesrpske.rs\\\/lat\\\/\"},{\"@type\":\"ListItem\",\"position\":2,\"name\":\"Stalna postavka\",\"item\":\"https:\\\/\\\/www.galerijamaticesrpske.rs\\\/lat\\\/stalna-postavka-gms\\\/\"},{\"@type\":\"ListItem\",\"position\":3,\"name\":\"Skulptofilija\"}]},{\"@type\":\"WebSite\",\"@id\":\"https:\\\/\\\/www.galerijamaticesrpske.rs\\\/en\\\/#website\",\"url\":\"https:\\\/\\\/www.galerijamaticesrpske.rs\\\/en\\\/\",\"name\":\"Galerija Matice srpske\",\"description\":\"Muzej srpske nacionalne umetnosti u Novom Sadu\",\"publisher\":{\"@id\":\"https:\\\/\\\/www.galerijamaticesrpske.rs\\\/en\\\/#organization\"},\"potentialAction\":[{\"@type\":\"SearchAction\",\"target\":{\"@type\":\"EntryPoint\",\"urlTemplate\":\"https:\\\/\\\/www.galerijamaticesrpske.rs\\\/en\\\/?s={search_term_string}\"},\"query-input\":{\"@type\":\"PropertyValueSpecification\",\"valueRequired\":true,\"valueName\":\"search_term_string\"}}],\"inLanguage\":\"sr-LAT\"},{\"@type\":\"Organization\",\"@id\":\"https:\\\/\\\/www.galerijamaticesrpske.rs\\\/en\\\/#organization\",\"name\":\"Galerija Matice srpske\",\"url\":\"https:\\\/\\\/www.galerijamaticesrpske.rs\\\/en\\\/\",\"logo\":{\"@type\":\"ImageObject\",\"inLanguage\":\"sr-LAT\",\"@id\":\"https:\\\/\\\/www.galerijamaticesrpske.rs\\\/en\\\/#\\\/schema\\\/logo\\\/image\\\/\",\"url\":\"https:\\\/\\\/www.galerijamaticesrpske.rs\\\/wp-content\\\/uploads\\\/2021\\\/01\\\/gms-logo-za-sajt.svg\",\"contentUrl\":\"https:\\\/\\\/www.galerijamaticesrpske.rs\\\/wp-content\\\/uploads\\\/2021\\\/01\\\/gms-logo-za-sajt.svg\",\"width\":1,\"height\":1,\"caption\":\"Galerija Matice srpske\"},\"image\":{\"@id\":\"https:\\\/\\\/www.galerijamaticesrpske.rs\\\/en\\\/#\\\/schema\\\/logo\\\/image\\\/\"}}]}<\/script>\n<!-- \/ Yoast SEO plugin. -->","yoast_head_json":{"title":"Skulptofilija | Galerija Matice srpske","robots":{"index":"index","follow":"follow","max-snippet":"max-snippet:-1","max-image-preview":"max-image-preview:large","max-video-preview":"max-video-preview:-1"},"canonical":"https:\/\/www.galerijamaticesrpske.rs\/lat\/stalna-postavka-gms\/skulptofilija\/","og_locale":"en_US","og_type":"article","og_title":"Skulptofilija | Galerija Matice srpske","og_url":"https:\/\/www.galerijamaticesrpske.rs\/lat\/stalna-postavka-gms\/skulptofilija\/","og_site_name":"Galerija Matice srpske","article_modified_time":"2024-11-22T09:04:06+00:00","twitter_card":"summary_large_image","twitter_misc":{"Est. reading time":"2 minutes"},"schema":{"@context":"https:\/\/schema.org","@graph":[{"@type":"WebPage","@id":"https:\/\/www.galerijamaticesrpske.rs\/lat\/stalna-postavka-gms\/skulptofilija\/","url":"https:\/\/www.galerijamaticesrpske.rs\/lat\/stalna-postavka-gms\/skulptofilija\/","name":"Skulptofilija | Galerija Matice srpske","isPartOf":{"@id":"https:\/\/www.galerijamaticesrpske.rs\/en\/#website"},"datePublished":"2024-11-14T08:53:31+00:00","dateModified":"2024-11-22T09:04:06+00:00","breadcrumb":{"@id":"https:\/\/www.galerijamaticesrpske.rs\/lat\/stalna-postavka-gms\/skulptofilija\/#breadcrumb"},"inLanguage":"sr-LAT","potentialAction":[{"@type":"ReadAction","target":["https:\/\/www.galerijamaticesrpske.rs\/lat\/stalna-postavka-gms\/skulptofilija\/"]}]},{"@type":"BreadcrumbList","@id":"https:\/\/www.galerijamaticesrpske.rs\/lat\/stalna-postavka-gms\/skulptofilija\/#breadcrumb","itemListElement":[{"@type":"ListItem","position":1,"name":"\u041f\u043e\u0447\u0435\u0442\u043d\u0430","item":"http:\/\/www.galerijamaticesrpske.rs\/lat\/"},{"@type":"ListItem","position":2,"name":"Stalna postavka","item":"https:\/\/www.galerijamaticesrpske.rs\/lat\/stalna-postavka-gms\/"},{"@type":"ListItem","position":3,"name":"Skulptofilija"}]},{"@type":"WebSite","@id":"https:\/\/www.galerijamaticesrpske.rs\/en\/#website","url":"https:\/\/www.galerijamaticesrpske.rs\/en\/","name":"Galerija Matice srpske","description":"Muzej srpske nacionalne umetnosti u Novom Sadu","publisher":{"@id":"https:\/\/www.galerijamaticesrpske.rs\/en\/#organization"},"potentialAction":[{"@type":"SearchAction","target":{"@type":"EntryPoint","urlTemplate":"https:\/\/www.galerijamaticesrpske.rs\/en\/?s={search_term_string}"},"query-input":{"@type":"PropertyValueSpecification","valueRequired":true,"valueName":"search_term_string"}}],"inLanguage":"sr-LAT"},{"@type":"Organization","@id":"https:\/\/www.galerijamaticesrpske.rs\/en\/#organization","name":"Galerija Matice srpske","url":"https:\/\/www.galerijamaticesrpske.rs\/en\/","logo":{"@type":"ImageObject","inLanguage":"sr-LAT","@id":"https:\/\/www.galerijamaticesrpske.rs\/en\/#\/schema\/logo\/image\/","url":"https:\/\/www.galerijamaticesrpske.rs\/wp-content\/uploads\/2021\/01\/gms-logo-za-sajt.svg","contentUrl":"https:\/\/www.galerijamaticesrpske.rs\/wp-content\/uploads\/2021\/01\/gms-logo-za-sajt.svg","width":1,"height":1,"caption":"Galerija Matice srpske"},"image":{"@id":"https:\/\/www.galerijamaticesrpske.rs\/en\/#\/schema\/logo\/image\/"}}]}},"_links":{"self":[{"href":"http:\/\/www.galerijamaticesrpske.rs\/lat\/wp-json\/wp\/v2\/pages\/13890","targetHints":{"allow":["GET"]}}],"collection":[{"href":"http:\/\/www.galerijamaticesrpske.rs\/lat\/wp-json\/wp\/v2\/pages"}],"about":[{"href":"http:\/\/www.galerijamaticesrpske.rs\/lat\/wp-json\/wp\/v2\/types\/page"}],"author":[{"embeddable":true,"href":"http:\/\/www.galerijamaticesrpske.rs\/lat\/wp-json\/wp\/v2\/users\/1"}],"replies":[{"embeddable":true,"href":"http:\/\/www.galerijamaticesrpske.rs\/lat\/wp-json\/wp\/v2\/comments?post=13890"}],"version-history":[{"count":2,"href":"http:\/\/www.galerijamaticesrpske.rs\/lat\/wp-json\/wp\/v2\/pages\/13890\/revisions"}],"predecessor-version":[{"id":14021,"href":"http:\/\/www.galerijamaticesrpske.rs\/lat\/wp-json\/wp\/v2\/pages\/13890\/revisions\/14021"}],"up":[{"embeddable":true,"href":"http:\/\/www.galerijamaticesrpske.rs\/lat\/wp-json\/wp\/v2\/pages\/2754"}],"wp:attachment":[{"href":"http:\/\/www.galerijamaticesrpske.rs\/lat\/wp-json\/wp\/v2\/media?parent=13890"}],"curies":[{"name":"wp","href":"https:\/\/api.w.org\/{rel}","templated":true}]}}