{"id":4267,"date":"2021-01-15T00:02:42","date_gmt":"2021-01-15T00:02:42","guid":{"rendered":"https:\/\/www.galerijamaticesrpske.rs\/about-collection\/"},"modified":"2024-11-05T13:30:12","modified_gmt":"2024-11-05T13:30:12","slug":"uber-die-sammlung","status":"publish","type":"page","link":"https:\/\/www.galerijamaticesrpske.rs\/de\/uber-die-sammlung\/","title":{"rendered":"\u00dcber die Sammlung"},"content":{"rendered":"<div class=\"slider-wrapper relative\" id=\"slider-1817940388\" >\n    <div class=\"slider slider-nav-circle slider-nav-large slider-nav-light slider-style-normal\"\n        data-flickity-options='{\n            \"cellAlign\": \"center\",\n            \"imagesLoaded\": true,\n            \"lazyLoad\": 1,\n            \"freeScroll\": false,\n            \"wrapAround\": true,\n            \"autoPlay\": 6000,\n            \"pauseAutoPlayOnHover\" : true,\n            \"prevNextButtons\": false,\n            \"contain\" : true,\n            \"adaptiveHeight\" : true,\n            \"dragThreshold\" : 10,\n            \"percentPosition\": true,\n            \"pageDots\": false,\n            \"rightToLeft\": false,\n            \"draggable\": true,\n            \"selectedAttraction\": 0.1,\n            \"parallax\" : 0,\n            \"friction\": 0.6        }'\n        >\n        \n\n  <div class=\"banner has-hover withanimation\" id=\"banner-48197692\">\n          <div class=\"banner-inner fill\">\n        <div class=\"banner-bg fill\" >\n            <img loading=\"lazy\" decoding=\"async\" width=\"1920\" height=\"1272\" src=\"https:\/\/www.galerijamaticesrpske.rs\/wp-content\/uploads\/2021\/01\/o-kolekciji-gms-1_1920.jpg\" class=\"bg attachment-original size-original\" alt=\"\" \/>                        <div class=\"overlay\"><\/div>            \n                    <\/div>\n\t\t\n        <div class=\"banner-layers container\">\n            <div class=\"fill banner-link\"><\/div>            \n   <div id=\"text-box-975615530\" class=\"text-box banner-layer maxwidthtxtbox x50 md-x5 lg-x5 y50 md-y50 lg-y50 res-text\">\n                     <div data-animate=\"fadeInLeft\">           <div class=\"text-box-content text dark\">\n              \n              <div class=\"text-inner text-left\">\n                  \n<h2 class=\"uppercase mb0\" data-animate=\"fadeInLeft\" data-animated=\"true\">\u00dcber die Sammlung der Galerie der Matica Srpska<\/h2>\n<p data-animate=\"fadeInLeft\" data-animated=\"true\">Unsere gr\u00f6\u00dfte St\u00e4rke ist die einzigartige Sammlung von Kunstwerken, die zwischen dem 16. und 21. Jahrhundert entstanden sind.<\/p>\n              <\/div>\n           <\/div>\n       <\/div>                     \n<style>\n#text-box-975615530 {\n  width: 85%;\n}\n#text-box-975615530 .text-box-content {\n  font-size: 100%;\n}\n@media (min-width:550px) {\n  #text-box-975615530 {\n    width: 40%;\n  }\n}\n<\/style>\n    <\/div>\n \n        <\/div>\n      <\/div>\n\n            \n<style>\n#banner-48197692 {\n  padding-top: 600px;\n}\n#banner-48197692 .overlay {\n  background-color: rgba(0, 0, 0, 0.03);\n}\n#banner-48197692 .banner-bg img {\n  object-position: 0% 53%;\n}\n<\/style>\n  <\/div>\n\n\n     <\/div>\n\n     <div class=\"loading-spin dark large centered\"><\/div>\n\n\t<\/div>\n\n\n\n\t<section class=\"section\" id=\"section_1707118598\">\n\t\t<div class=\"section-bg fill\" >\n\t\t\t\t\t\t\t\t\t\n\t\t\t\n\n\t\t<\/div>\n\n\t\t\n\n\t\t<div class=\"section-content relative\">\n\t\t\t\n<div class=\"row align-center mt10\"  id=\"row-1539147447\">\n\n\t<div id=\"col-1219691877\" class=\"col medium-6 small-12 large-6\"  >\n\t\t\t\t<div class=\"col-inner\"  >\n\t\t\t\n\t\t\t\n<p>Die Galerie zeichnet sich durch ihre au\u00dfergew\u00f6hnliche Sammlung serbischer Kunst vom Ende des 16. Jahrhunderts bis heute aus, mit Meisterwerken prominenter K\u00fcnstler wie Hristofor \u017defarovi\u0107, Teodor Kra\u010dun, Katarina Ivanovi\u0107, \u0110ura Jak\u0161i\u0107, Paja Jovanovi\u0107, Uro\u0161 Predi\u0107, Sava \u0160umanovi\u0107, Milan Konjovi\u0107, Djordje Jovanovi\u0107, Petar Lubarda und vielen anderen.<\/p>\n<p>Wir verbinden die Urspr\u00fcnge der heutigen Sammlung mit dem gro\u00dfen serbischen Wohlt\u00e4ter, dem ersten Pr\u00e4sidenten auf Lebenszeit der Matica Srpska, Sava Tekelija, und seiner Sammlung von Familienportr\u00e4ts, die 1843 als Verm\u00e4chtnis in die Matica Srpska kam. Nach der Gr\u00fcndung des Museums der Matica Srpska im Jahr 1847 begann die kontinuierliche Sammlung von Kunstwerken. Die edle Geste des Gebens, die von Sava Tekelija begonnen und von sp\u00e4teren Pr\u00e4sidenten, Mitgliedern und Bewunderern der Matica Srpska sowie patriotischen B\u00fcrgern, Sammlern und K\u00fcnstlern fortgesetzt wurde, um die Kunstsammlung mit ihren Gaben, Verm\u00e4chtnissen und Beitr\u00e4gen zu bereichern. Dieser Akt des Gebens verleiht der Galerie und ihrer Sammlung einen besonderen Wert. Wir sind stolz darauf, heute darauf hinweisen zu k\u00f6nnen, dass ein Drittel der Sammlung aus Schenkungen und Verm\u00e4chtnissen besteht, die unter dem Namen des Spenders zu Sammlungen zusammengefasst wurden.<\/p>\n\t\t<\/div>\n\t\t\t\t\n<style>\n#col-1219691877 > .col-inner {\n  padding: 0px 20px 0px 20px;\n}\n<\/style>\n\t<\/div>\n\n\t\n\n\t<div id=\"col-2045087599\" class=\"col medium-6 small-12 large-6\"  >\n\t\t\t\t<div class=\"col-inner\"  >\n\t\t\t\n\t\t\t\n<p>Die Geschichte der Sammlung der Galerie der Matica Srpska, die sich in den letzten 177 Jahren entfaltet hat, ist die Geschichte des serbischen Volkes, seiner Kunst und seiner Kultur, die alle gesellschaftlichen, historischen, kulturellen und k\u00fcnstlerischen Ver\u00e4nderungen wiedergibt, die die serbische Gesellschaft in einem gr\u00f6\u00dferen geografischen Gebiet miterlebt hat &#8211; vom ehemaligen \u00f6sterreichischen und osmanischen Reich \u00fcber verschiedene Staatsformen des ehemaligen Jugoslawien bis zur heutigen Republik Serbien.<\/p>\n<p>Die haupts\u00e4chlich auf Malerei ausgerichtete Sammlung, die heute 12.000 Kunstwerke umfasst und in 16 Sammlungen unterteilt ist, schlie\u00dft auch herausragende Beispiele der Grafik, Skulpturen, Zeichnungen und Kunstgewerbe ein, die nicht nur den Ursprung, die Entwicklung und die Errungenschaften der serbischen Kunst am besten zeigen, sondern auch den Ursprung und Verortung der serbischen Kultur und Kunst im europ\u00e4ischen Kontext.<\/p>\n<p>Die Sammlung der Galerie der Matica Srpska wurde von zahlreichen wissenschaftlichen Mitarbeitern gepflegt und erforscht, die heute zu einigen der wichtigsten Kunsthistoriker und Wissenschaftler der serbischen Kunst z\u00e4hlen: Olga Mikic, Dr. Dinko Davidov, M.Sc. Leposava \u0160elmi\u0107, Jasna Jovanov, M.Sc. Milan Solarov, Ratomir Kuli\u0107, Emica Milo\u0161evi\u0107 und Dr. Branka Kuli\u0107. Dank ihrer Arbeit hat die Galerie eine Vielzahl von Publikationen ver\u00f6ffentlicht, die f\u00fcr die Wissenschaft der serbischen Kunstgeschichte des 18., 19. und 20. Jahrhunderts bedeutend sind.<\/p>\n\t\t<\/div>\n\t\t\t\t\n<style>\n#col-2045087599 > .col-inner {\n  padding: 0px 20px 0px 20px;\n}\n<\/style>\n\t<\/div>\n\n\t\n\n\t<div id=\"col-1062619577\" class=\"col small-12 large-12\"  >\n\t\t\t\t<div class=\"col-inner\"  >\n\t\t\t\n\t\t\t\n<div class=\"is-divider divider clearfix\" style=\"max-width:100%;height:1px;\"><\/div>\n\t\t<\/div>\n\t\t\t\t\t<\/div>\n\n\t\n\n\t<div id=\"col-2092598472\" class=\"col small-12 large-12\"  >\n\t\t\t\t<div class=\"col-inner text-center\"  >\n\t\t\t\n\t\t\t\n\t<div id=\"text-231154161\" class=\"text quotetxt\">\n\t\t\n<p><em>Die Sammlung jedes Museums ist etwas Lebendiges. Es w\u00e4chst mit jeder neuen Spende und jedem neuen Ankauf, gewinnt durch Studien, Darstellungen und Ver\u00f6ffentlichungen an Wert und mit jeder erfolgreich durchgef\u00fchrten Konservierungs- und Restaurierungsarbeit an Sch\u00f6nheit. Die Sammlung stellt die Grundlage unserer t\u00e4glichen Arbeit und das Wesen unseres Handelns dar.<\/em><\/p>\n\t\t\t<\/div>\n\t\n\t\t<\/div>\n\t\t\t\t\t<\/div>\n\n\t\n<\/div>\n\t\t<\/div>\n\n\t\t\n<style>\n#section_1707118598 {\n  padding-top: 30px;\n  padding-bottom: 30px;\n  background-color: rgb(246, 246, 246);\n}\n<\/style>\n\t<\/section>\n\t\n\n\t<section class=\"section\" id=\"section_2138694885\">\n\t\t<div class=\"section-bg fill\" >\n\t\t\t\t\t\t\t\t\t<div class=\"section-bg-overlay absolute fill\"><\/div>\n\t\t\t\n\n\t\t<\/div>\n\n\t\t\n\n\t\t<div class=\"section-content relative\">\n\t\t\t\n<div class=\"row row-large\"  id=\"row-616136673\">\n\n\t<div id=\"col-1121951902\" class=\"col medium-6 small-12 large-6\"  >\n\t\t\t\t<div class=\"col-inner\"  >\n\t\t\t\n\t\t\t\n\t<div class=\"img has-hover x md-x lg-x y md-y lg-y\" id=\"image_326482586\">\n\t\t<a class=\"\" href=\"https:\/\/www.galerijamaticesrpske.rs\/de\/highlights\/\" >\t\t\t\t\t\t<div class=\"img-inner image-cover dark\" style=\"padding-top:50%;\">\n\t\t\t<img loading=\"lazy\" decoding=\"async\" width=\"960\" height=\"640\" src=\"https:\/\/www.galerijamaticesrpske.rs\/wp-content\/uploads\/2021\/01\/majska-skupstina_960.jpg\" class=\"attachment-original size-original\" alt=\"\u041c\u0430\u0458\u0441\u043a\u0430 \u0441\u043a\u0443\u043f\u0448\u0442\u0438\u043d\u0430\" srcset=\"https:\/\/www.galerijamaticesrpske.rs\/wp-content\/uploads\/2021\/01\/majska-skupstina_960.jpg 960w, https:\/\/www.galerijamaticesrpske.rs\/wp-content\/uploads\/2021\/01\/majska-skupstina_960-300x200.jpg 300w, https:\/\/www.galerijamaticesrpske.rs\/wp-content\/uploads\/2021\/01\/majska-skupstina_960-768x512.jpg 768w\" sizes=\"auto, (max-width: 960px) 100vw, 960px\" \/>\t\t\t\t\t\t\n\t\t\t\t\t<\/div>\n\t\t\t\t\t\t<\/a>\t\t\n<style>\n#image_326482586 {\n  width: 100%;\n}\n<\/style>\n\t<\/div>\n\t\n\t<div id=\"text-1511413404\" class=\"text mb0 pb0\">\n\t\t\n<h3 class=\"title28 playtitle\"><a href=\"https:\/\/www.galerijamaticesrpske.rs\/en\/highlights\/\">Highlights<\/a><\/h3>\n<p>Jedes Museum hat seine eigene \u201eMona Lisa\u201c! Wir haben f\u00fcr Sie zehn Meisterwerke der Galerie der Matica Srpska ausgew\u00e4hlt, die Sie bei Ihrem Besuch der st\u00e4ndigen Ausstellung nicht verpassen d\u00fcrfen.<\/p>\n\t\t\t<\/div>\n\t\n<a data-animate=\"fadeInUp\" href=\"https:\/\/www.galerijamaticesrpske.rs\/de\/highlights\/\" class=\"button primary is-smaller lowercase\" >\n\t\t<span>Weiterlesen<\/span>\n\t<\/a>\n\n\t\t<\/div>\n\t\t\t\t\t<\/div>\n\n\t\n\n\t<div id=\"col-1186680033\" class=\"col medium-6 small-12 large-6\"  >\n\t\t\t\t<div class=\"col-inner\"  >\n\t\t\t\n\t\t\t\n\t<div class=\"img has-hover x md-x lg-x y md-y lg-y\" id=\"image_341687589\">\n\t\t<a class=\"\" href=\"https:\/\/www.galerijamaticesrpske.rs\/de\/internationale-kooperation\/\" >\t\t\t\t\t\t<div class=\"img-inner image-cover dark\" style=\"padding-top:50%;\">\n\t\t\t<img loading=\"lazy\" decoding=\"async\" width=\"1920\" height=\"1280\" src=\"https:\/\/www.galerijamaticesrpske.rs\/wp-content\/uploads\/2021\/01\/20.-vek.jpg\" class=\"attachment-original size-original\" alt=\"\u041c\u043e\u0434\u0435\u0440\u043d\u0438\u0437\u043c\u0438 \u2013 \u043a\u043e\u043d\u0442\u0438\u043d\u0443\u0438\u0442\u0435\u0442\u0438 \u0438 \u0441\u0443\u0447\u0435\u0459\u0430\u0432\u0430\u045a\u0430\" srcset=\"https:\/\/www.galerijamaticesrpske.rs\/wp-content\/uploads\/2021\/01\/20.-vek.jpg 1920w, https:\/\/www.galerijamaticesrpske.rs\/wp-content\/uploads\/2021\/01\/20.-vek-300x200.jpg 300w, https:\/\/www.galerijamaticesrpske.rs\/wp-content\/uploads\/2021\/01\/20.-vek-1024x683.jpg 1024w, https:\/\/www.galerijamaticesrpske.rs\/wp-content\/uploads\/2021\/01\/20.-vek-768x512.jpg 768w, https:\/\/www.galerijamaticesrpske.rs\/wp-content\/uploads\/2021\/01\/20.-vek-1536x1024.jpg 1536w\" sizes=\"auto, (max-width: 1920px) 100vw, 1920px\" \/>\t\t\t\t\t\t\n\t\t\t\t\t<\/div>\n\t\t\t\t\t\t<\/a>\t\t\n<style>\n#image_341687589 {\n  width: 100%;\n}\n<\/style>\n\t<\/div>\n\t\n\t<div id=\"text-3290782941\" class=\"text mb0 pb0\">\n\t\t\n<h3 class=\"title28 playtitle\"><a href=\"https:\/\/www.galerijamaticesrpske.rs\/de\/internationale-kooperation\/\">Internationale Kooperation<\/a><\/h3>\n<p>Wir verwirklichen unsere Bestrebung, Teil des breiteren europ\u00e4ischen Kontexts zu sein, durch zahlreiche internationale Kooperationen mit europ\u00e4ischen Museumseinrichtungen, Experten und Kulturinstituten.<\/p>\n\t\t\t<\/div>\n\t\n<a data-animate=\"fadeInUp\" href=\"https:\/\/www.galerijamaticesrpske.rs\/de\/internationale-kooperation\/\" class=\"button primary is-smaller lowercase\" >\n\t\t<span>Weiterlesen<\/span>\n\t<\/a>\n\n\t\t<\/div>\n\t\t\t\t\t<\/div>\n\n\t\n<\/div>\n\t\t<\/div>\n\n\t\t\n<style>\n#section_2138694885 {\n  padding-top: 60px;\n  padding-bottom: 60px;\n  background-color: rgb(255, 255, 255);\n}\n#section_2138694885 .section-bg-overlay {\n  background-color: rgba(255, 255, 255, 0.85);\n}\n<\/style>\n\t<\/section>\n\t\n","protected":false},"excerpt":{"rendered":"","protected":false},"author":1,"featured_media":0,"parent":0,"menu_order":0,"comment_status":"closed","ping_status":"closed","template":"page-blank.php","meta":{"_acf_changed":false,"footnotes":""},"class_list":["post-4267","page","type-page","status-publish","hentry"],"acf":[],"yoast_head":"<!-- This site is optimized with the Yoast SEO plugin v27.3 - https:\/\/yoast.com\/product\/yoast-seo-wordpress\/ -->\n<title>\u00dcber die Sammlung | \u0413\u0430\u043b\u0435\u0440\u0438\u0458\u0430 \u041c\u0430\u0442\u0438\u0446\u0435 \u0441\u0440\u043f\u0441\u043a\u0435<\/title>\n<meta name=\"robots\" content=\"index, follow, max-snippet:-1, max-image-preview:large, max-video-preview:-1\" \/>\n<link rel=\"canonical\" href=\"http:\/\/www.galerijamaticesrpske.rs\/de\/uber-die-sammlung\/\" \/>\n<meta property=\"og:locale\" content=\"de_DE\" \/>\n<meta property=\"og:type\" content=\"article\" \/>\n<meta property=\"og:title\" content=\"\u00dcber die Sammlung | \u0413\u0430\u043b\u0435\u0440\u0438\u0458\u0430 \u041c\u0430\u0442\u0438\u0446\u0435 \u0441\u0440\u043f\u0441\u043a\u0435\" \/>\n<meta property=\"og:url\" content=\"http:\/\/www.galerijamaticesrpske.rs\/de\/uber-die-sammlung\/\" \/>\n<meta property=\"og:site_name\" content=\"\u0413\u0430\u043b\u0435\u0440\u0438\u0458\u0430 \u041c\u0430\u0442\u0438\u0446\u0435 \u0441\u0440\u043f\u0441\u043a\u0435\" \/>\n<meta property=\"article:modified_time\" content=\"2024-11-05T13:30:12+00:00\" \/>\n<meta name=\"twitter:card\" content=\"summary_large_image\" \/>\n<meta name=\"twitter:label1\" content=\"Gesch\u00e4tzte Lesezeit\" \/>\n\t<meta name=\"twitter:data1\" content=\"4\u00a0Minuten\" \/>\n<script type=\"application\/ld+json\" class=\"yoast-schema-graph\">{\"@context\":\"https:\\\/\\\/schema.org\",\"@graph\":[{\"@type\":\"WebPage\",\"@id\":\"http:\\\/\\\/www.galerijamaticesrpske.rs\\\/de\\\/uber-die-sammlung\\\/\",\"url\":\"http:\\\/\\\/www.galerijamaticesrpske.rs\\\/de\\\/uber-die-sammlung\\\/\",\"name\":\"\u00dcber die Sammlung | \u0413\u0430\u043b\u0435\u0440\u0438\u0458\u0430 \u041c\u0430\u0442\u0438\u0446\u0435 \u0441\u0440\u043f\u0441\u043a\u0435\",\"isPartOf\":{\"@id\":\"https:\\\/\\\/www.galerijamaticesrpske.rs\\\/#website\"},\"datePublished\":\"2021-01-15T00:02:42+00:00\",\"dateModified\":\"2024-11-05T13:30:12+00:00\",\"breadcrumb\":{\"@id\":\"http:\\\/\\\/www.galerijamaticesrpske.rs\\\/de\\\/uber-die-sammlung\\\/#breadcrumb\"},\"inLanguage\":\"de\",\"potentialAction\":[{\"@type\":\"ReadAction\",\"target\":[\"http:\\\/\\\/www.galerijamaticesrpske.rs\\\/de\\\/uber-die-sammlung\\\/\"]}]},{\"@type\":\"BreadcrumbList\",\"@id\":\"http:\\\/\\\/www.galerijamaticesrpske.rs\\\/de\\\/uber-die-sammlung\\\/#breadcrumb\",\"itemListElement\":[{\"@type\":\"ListItem\",\"position\":1,\"name\":\"\u041f\u043e\u0447\u0435\u0442\u043d\u0430\",\"item\":\"https:\\\/\\\/www.galerijamaticesrpske.rs\\\/de\\\/\"},{\"@type\":\"ListItem\",\"position\":2,\"name\":\"\u00dcber die Sammlung\"}]},{\"@type\":\"WebSite\",\"@id\":\"https:\\\/\\\/www.galerijamaticesrpske.rs\\\/#website\",\"url\":\"https:\\\/\\\/www.galerijamaticesrpske.rs\\\/\",\"name\":\"\u0413\u0430\u043b\u0435\u0440\u0438\u0458\u0430 \u041c\u0430\u0442\u0438\u0446\u0435 \u0441\u0440\u043f\u0441\u043a\u0435\",\"description\":\"\u041c\u0443\u0437\u0435\u0458 \u0441\u0440\u043f\u0441\u043a\u0435 \u043d\u0430\u0446\u0438\u043e\u043d\u0430\u043b\u043d\u0435 \u0443\u043c\u0435\u0442\u043d\u043e\u0441\u0442\u0438 \u0443 \u041d\u043e\u0432\u043e\u043c \u0421\u0430\u0434\u0443\",\"publisher\":{\"@id\":\"https:\\\/\\\/www.galerijamaticesrpske.rs\\\/#organization\"},\"potentialAction\":[{\"@type\":\"SearchAction\",\"target\":{\"@type\":\"EntryPoint\",\"urlTemplate\":\"https:\\\/\\\/www.galerijamaticesrpske.rs\\\/?s={search_term_string}\"},\"query-input\":{\"@type\":\"PropertyValueSpecification\",\"valueRequired\":true,\"valueName\":\"search_term_string\"}}],\"inLanguage\":\"de\"},{\"@type\":\"Organization\",\"@id\":\"https:\\\/\\\/www.galerijamaticesrpske.rs\\\/#organization\",\"name\":\"\u0413\u0430\u043b\u0435\u0440\u0438\u0458\u0430 \u041c\u0430\u0442\u0438\u0446\u0435 \u0441\u0440\u043f\u0441\u043a\u0435\",\"url\":\"https:\\\/\\\/www.galerijamaticesrpske.rs\\\/\",\"logo\":{\"@type\":\"ImageObject\",\"inLanguage\":\"de\",\"@id\":\"https:\\\/\\\/www.galerijamaticesrpske.rs\\\/#\\\/schema\\\/logo\\\/image\\\/\",\"url\":\"https:\\\/\\\/www.galerijamaticesrpske.rs\\\/wp-content\\\/uploads\\\/2021\\\/01\\\/gms-logo-za-sajt.svg\",\"contentUrl\":\"https:\\\/\\\/www.galerijamaticesrpske.rs\\\/wp-content\\\/uploads\\\/2021\\\/01\\\/gms-logo-za-sajt.svg\",\"width\":1,\"height\":1,\"caption\":\"\u0413\u0430\u043b\u0435\u0440\u0438\u0458\u0430 \u041c\u0430\u0442\u0438\u0446\u0435 \u0441\u0440\u043f\u0441\u043a\u0435\"},\"image\":{\"@id\":\"https:\\\/\\\/www.galerijamaticesrpske.rs\\\/#\\\/schema\\\/logo\\\/image\\\/\"}}]}<\/script>\n<!-- \/ Yoast SEO plugin. -->","yoast_head_json":{"title":"\u00dcber die Sammlung | \u0413\u0430\u043b\u0435\u0440\u0438\u0458\u0430 \u041c\u0430\u0442\u0438\u0446\u0435 \u0441\u0440\u043f\u0441\u043a\u0435","robots":{"index":"index","follow":"follow","max-snippet":"max-snippet:-1","max-image-preview":"max-image-preview:large","max-video-preview":"max-video-preview:-1"},"canonical":"http:\/\/www.galerijamaticesrpske.rs\/de\/uber-die-sammlung\/","og_locale":"de_DE","og_type":"article","og_title":"\u00dcber die Sammlung | \u0413\u0430\u043b\u0435\u0440\u0438\u0458\u0430 \u041c\u0430\u0442\u0438\u0446\u0435 \u0441\u0440\u043f\u0441\u043a\u0435","og_url":"http:\/\/www.galerijamaticesrpske.rs\/de\/uber-die-sammlung\/","og_site_name":"\u0413\u0430\u043b\u0435\u0440\u0438\u0458\u0430 \u041c\u0430\u0442\u0438\u0446\u0435 \u0441\u0440\u043f\u0441\u043a\u0435","article_modified_time":"2024-11-05T13:30:12+00:00","twitter_card":"summary_large_image","twitter_misc":{"Gesch\u00e4tzte Lesezeit":"4\u00a0Minuten"},"schema":{"@context":"https:\/\/schema.org","@graph":[{"@type":"WebPage","@id":"http:\/\/www.galerijamaticesrpske.rs\/de\/uber-die-sammlung\/","url":"http:\/\/www.galerijamaticesrpske.rs\/de\/uber-die-sammlung\/","name":"\u00dcber die Sammlung | \u0413\u0430\u043b\u0435\u0440\u0438\u0458\u0430 \u041c\u0430\u0442\u0438\u0446\u0435 \u0441\u0440\u043f\u0441\u043a\u0435","isPartOf":{"@id":"https:\/\/www.galerijamaticesrpske.rs\/#website"},"datePublished":"2021-01-15T00:02:42+00:00","dateModified":"2024-11-05T13:30:12+00:00","breadcrumb":{"@id":"http:\/\/www.galerijamaticesrpske.rs\/de\/uber-die-sammlung\/#breadcrumb"},"inLanguage":"de","potentialAction":[{"@type":"ReadAction","target":["http:\/\/www.galerijamaticesrpske.rs\/de\/uber-die-sammlung\/"]}]},{"@type":"BreadcrumbList","@id":"http:\/\/www.galerijamaticesrpske.rs\/de\/uber-die-sammlung\/#breadcrumb","itemListElement":[{"@type":"ListItem","position":1,"name":"\u041f\u043e\u0447\u0435\u0442\u043d\u0430","item":"https:\/\/www.galerijamaticesrpske.rs\/de\/"},{"@type":"ListItem","position":2,"name":"\u00dcber die Sammlung"}]},{"@type":"WebSite","@id":"https:\/\/www.galerijamaticesrpske.rs\/#website","url":"https:\/\/www.galerijamaticesrpske.rs\/","name":"\u0413\u0430\u043b\u0435\u0440\u0438\u0458\u0430 \u041c\u0430\u0442\u0438\u0446\u0435 \u0441\u0440\u043f\u0441\u043a\u0435","description":"\u041c\u0443\u0437\u0435\u0458 \u0441\u0440\u043f\u0441\u043a\u0435 \u043d\u0430\u0446\u0438\u043e\u043d\u0430\u043b\u043d\u0435 \u0443\u043c\u0435\u0442\u043d\u043e\u0441\u0442\u0438 \u0443 \u041d\u043e\u0432\u043e\u043c \u0421\u0430\u0434\u0443","publisher":{"@id":"https:\/\/www.galerijamaticesrpske.rs\/#organization"},"potentialAction":[{"@type":"SearchAction","target":{"@type":"EntryPoint","urlTemplate":"https:\/\/www.galerijamaticesrpske.rs\/?s={search_term_string}"},"query-input":{"@type":"PropertyValueSpecification","valueRequired":true,"valueName":"search_term_string"}}],"inLanguage":"de"},{"@type":"Organization","@id":"https:\/\/www.galerijamaticesrpske.rs\/#organization","name":"\u0413\u0430\u043b\u0435\u0440\u0438\u0458\u0430 \u041c\u0430\u0442\u0438\u0446\u0435 \u0441\u0440\u043f\u0441\u043a\u0435","url":"https:\/\/www.galerijamaticesrpske.rs\/","logo":{"@type":"ImageObject","inLanguage":"de","@id":"https:\/\/www.galerijamaticesrpske.rs\/#\/schema\/logo\/image\/","url":"https:\/\/www.galerijamaticesrpske.rs\/wp-content\/uploads\/2021\/01\/gms-logo-za-sajt.svg","contentUrl":"https:\/\/www.galerijamaticesrpske.rs\/wp-content\/uploads\/2021\/01\/gms-logo-za-sajt.svg","width":1,"height":1,"caption":"\u0413\u0430\u043b\u0435\u0440\u0438\u0458\u0430 \u041c\u0430\u0442\u0438\u0446\u0435 \u0441\u0440\u043f\u0441\u043a\u0435"},"image":{"@id":"https:\/\/www.galerijamaticesrpske.rs\/#\/schema\/logo\/image\/"}}]}},"_links":{"self":[{"href":"https:\/\/www.galerijamaticesrpske.rs\/de\/wp-json\/wp\/v2\/pages\/4267","targetHints":{"allow":["GET"]}}],"collection":[{"href":"https:\/\/www.galerijamaticesrpske.rs\/de\/wp-json\/wp\/v2\/pages"}],"about":[{"href":"https:\/\/www.galerijamaticesrpske.rs\/de\/wp-json\/wp\/v2\/types\/page"}],"author":[{"embeddable":true,"href":"https:\/\/www.galerijamaticesrpske.rs\/de\/wp-json\/wp\/v2\/users\/1"}],"replies":[{"embeddable":true,"href":"https:\/\/www.galerijamaticesrpske.rs\/de\/wp-json\/wp\/v2\/comments?post=4267"}],"version-history":[{"count":4,"href":"https:\/\/www.galerijamaticesrpske.rs\/de\/wp-json\/wp\/v2\/pages\/4267\/revisions"}],"predecessor-version":[{"id":13419,"href":"https:\/\/www.galerijamaticesrpske.rs\/de\/wp-json\/wp\/v2\/pages\/4267\/revisions\/13419"}],"wp:attachment":[{"href":"https:\/\/www.galerijamaticesrpske.rs\/de\/wp-json\/wp\/v2\/media?parent=4267"}],"curies":[{"name":"wp","href":"https:\/\/api.w.org\/{rel}","templated":true}]}}