{"id":3656,"date":"2020-12-27T01:43:21","date_gmt":"2020-12-27T01:43:21","guid":{"rendered":"https:\/\/www.galerijamaticesrpske.rs\/rec-upravnice\/"},"modified":"2021-03-07T20:34:43","modified_gmt":"2021-03-07T20:34:43","slug":"un-mot-de-notre-directrice","status":"publish","type":"page","link":"https:\/\/www.galerijamaticesrpske.rs\/fr\/un-mot-de-notre-directrice\/","title":{"rendered":"Un mot de notre directrice"},"content":{"rendered":"\n\n\t<section class=\"section pb0\" id=\"section_1108373140\">\n\t\t<div class=\"section-bg fill\" >\n\t\t\t\t\t\t\t\t\t\n\t\t\t\n\n\t\t<\/div>\n\n\t\t\n\n\t\t<div class=\"section-content relative\">\n\t\t\t\n\n<div class=\"row\"  id=\"row-1908878269\">\n\n\n\t<div id=\"col-30031336\" class=\"col small-12 large-12\"  >\n\t\t\t\t<div class=\"col-inner text-center\"  >\n\t\t\t\n\t\t\t\n\n\t<div class=\"img has-hover maxwidth80 x md-x lg-x y md-y lg-y\" id=\"image_1404958240\">\n\t\t\t\t\t\t\t\t<div class=\"img-inner dark\" style=\"margin:0px 0px 0 0px;\">\n\t\t\t<img decoding=\"async\" src=\"https:\/\/www.galerijamaticesrpske.rs\/wp-content\/uploads\/2020\/12\/gms-icon_blck.svg\" class=\"attachment-original size-original\" alt=\"GMS | icon\" \/>\t\t\t\t\t\t\n\t\t\t\t\t<\/div>\n\t\t\t\t\t\t\t\t\n<style>\n#image_1404958240 {\n  width: 100%;\n}\n<\/style>\n\t<\/div>\n\t\n\n\t<div id=\"text-4016898294\" class=\"text\">\n\t\t\n\n<h2 class=\"title36\">Un mot de notre directrice<\/h2>\n<p class=\"quotetxt title21\"><span data-text-color=\"primary\"><em>Tijana Palkovljevi\u0107 Bugarski, PhD<\/em><\/span><\/p>\n\t\t\n<style>\n#text-4016898294 {\n  text-align: center;\n}\n<\/style>\n\t<\/div>\n\t\n\n\t\t<\/div>\n\t\t\t\t\n<style>\n#col-30031336 > .col-inner {\n  margin: 0px 0px 40px 0px;\n}\n<\/style>\n\t<\/div>\n\n\t\n\n<\/div>\n<div class=\"row align-middle align-center\"  id=\"row-158765757\">\n\n\n\t<div id=\"col-573546300\" class=\"col maxwidth960 small-12 large-12\"  >\n\t\t\t\t<div class=\"col-inner\"  >\n\t\t\t\n\t\t\t\n\n<p>La Galerie de la Matica srpska est un mus\u00e9e qui r\u00eave. Ces r\u00eaves sont n\u00e9s au moment o\u00f9 est n\u00e9e l\u2019id\u00e9e d\u2019ouvrir un mus\u00e9e dans le cadre de la Matica srpska (la Collection nationale serbe) \u00e0 Budapest&nbsp;1847, r\u00eave qui s\u2019est poursuit avec le d\u00e9m\u00e9nagement de la Matica srpska \u00e0 Novi Sad en 1864, l\u2019ouverture de la Collection au public en 1933 et avec le d\u00e9m\u00e9nagement dans un \u00e9difice d\u00e9di\u00e9 en 1958. Quand il paraissait que tous les r\u00eaves s\u2019\u00e9taient r\u00e9alis\u00e9s avec l\u2019ouverture de la collection permanente dans notre b\u00e2timent actuel et de la professionnalisation de tous les segments du travail, un nouveau cycle a d\u00e9but\u00e9&nbsp;: comment agrandir la collection, comment pr\u00e9parer des expositions exceptionnelles, comment pr\u00e9senter d\u2019une mani\u00e8re dynamique et avec beaucoup d\u2019expertise le d\u00e9veloppement et les courants de l\u2019art plastique national\u2026<\/p>\n<p>Aujourd\u2019hui, apr\u00e8s 173 ans d\u2019activit\u00e9s nous r\u00eavons toujours des fantamses de nos pr\u00e9d\u00e9cesseurs, mais nous y joignons les n\u00f4tres aussi. Notre plus grand atout est <strong>une collection <\/strong>unique d\u2019\u0153uvres d\u2019art cr\u00e9\u00e9es entre 16<sup>e<\/sup> et 21<sup>e <\/sup>si\u00e8cles. Nos plus grandes r\u00e9ussites sont une approche innovante \u00e0 l\u2019exposition, \u00e0 la cr\u00e9ation du r\u00e9cit et \u00e0 la pr\u00e9sentation de l\u2019art plastique national \u00e0 travers notre <strong>Collection permanente<\/strong> et nos activit\u00e9s <strong>d\u2019exposition et de publication. <\/strong>Notre contribution \u00e0 la culture de la m\u00e9moire est \u00e9vidente dans notre approche professionnelle \u00e0 la conservation et \u00e0 la protection des \u0153uvres d\u2019art \u00e0 travers des processus<strong> de conservation-restauration<\/strong> de pointe. Nous faisons preuve de respect pour le pass\u00e9 en gardant en t\u00eate le point de vue actuel en publiant par exemple la collection \u00ab<strong>&nbsp;La Tradition et la Cr\u00e9ation contemporaine&nbsp;\u00bb<\/strong> et en invitant des artistes contemporains \u00e0 participer \u00e0 nos activit\u00e9s. Nous comprenons les enjeux de l\u2019\u00e9ducation, c\u2019est pourquoi nous organisons de nombreux <strong>programmes \u00e9ducatifs pour les jeunes et les enfants. <\/strong>Afin d\u2019\u00eatre partie int\u00e9grante d\u2019un contexte europ\u00e9en plus large, nous avons mis en place de nombreuses <strong>coop\u00e9rations internationales<\/strong> avec des \u00e9tablissements de mus\u00e9ed europ\u00e9ens, avec des experts et des centres culturels \u00e9trangers.<\/p>\n\n\t\t<\/div>\n\t\t\t\t\n<style>\n#col-573546300 > .col-inner {\n  padding: 0px 20px 0px 20px;\n}\n<\/style>\n\t<\/div>\n\n\t\n\n\t<div id=\"col-1168989879\" class=\"col medium-6 small-12 large-6\"  >\n\t\t\t\t<div class=\"col-inner text-center\"  >\n\t\t\t\n\t\t\t\n\n\t<div class=\"img has-hover x md-x lg-x y md-y lg-y\" id=\"image_1378844964\">\n\t\t\t\t\t\t<div data-animate=\"fadeInLeft\">\t\t<div class=\"img-inner image-cover dark\" style=\"padding-top:320px;\">\n\t\t\t<img loading=\"lazy\" decoding=\"async\" width=\"960\" height=\"656\" src=\"https:\/\/www.galerijamaticesrpske.rs\/wp-content\/uploads\/2021\/01\/08-zgrada-gms.jpg\" class=\"attachment-original size-original\" alt=\"\" srcset=\"https:\/\/www.galerijamaticesrpske.rs\/wp-content\/uploads\/2021\/01\/08-zgrada-gms.jpg 960w, https:\/\/www.galerijamaticesrpske.rs\/wp-content\/uploads\/2021\/01\/08-zgrada-gms-300x205.jpg 300w, https:\/\/www.galerijamaticesrpske.rs\/wp-content\/uploads\/2021\/01\/08-zgrada-gms-768x525.jpg 768w\" sizes=\"auto, (max-width: 960px) 100vw, 960px\" \/>\t\t\t\t\t\t\n\t\t\t\t\t<\/div>\n\t\t<\/div>\t\t\t\t\t\t\n<style>\n#image_1378844964 {\n  width: 100%;\n}\n<\/style>\n\t<\/div>\n\t\n\n\n\t\t<\/div>\n\t\t\t\t\n<style>\n#col-1168989879 > .col-inner {\n  padding: 0px 20px 10px 20px;\n}\n<\/style>\n\t<\/div>\n\n\t\n\n\t<div id=\"col-403933762\" class=\"col medium-6 small-12 large-6\"  >\n\t\t\t\t<div class=\"col-inner text-center\"  >\n\t\t\t\n\t\t\t\n\n\t<div class=\"img has-hover x md-x lg-x y md-y lg-y\" id=\"image_182118699\">\n\t\t\t\t\t\t<div data-animate=\"fadeInRight\">\t\t<div class=\"img-inner image-cover dark\" style=\"padding-top:320px;\">\n\t\t\t<img loading=\"lazy\" decoding=\"async\" width=\"1004\" height=\"700\" src=\"https:\/\/www.galerijamaticesrpske.rs\/wp-content\/uploads\/2020\/12\/galerija-matice-srpske.jpg\" class=\"attachment-original size-original\" alt=\"GMS | \u041c\u0438\u0441\u0438\u0458\u0430 \u0438 \u0432\u0438\u0437\u0438\u0458\u0430\" srcset=\"https:\/\/www.galerijamaticesrpske.rs\/wp-content\/uploads\/2020\/12\/galerija-matice-srpske.jpg 1004w, https:\/\/www.galerijamaticesrpske.rs\/wp-content\/uploads\/2020\/12\/galerija-matice-srpske-300x209.jpg 300w, https:\/\/www.galerijamaticesrpske.rs\/wp-content\/uploads\/2020\/12\/galerija-matice-srpske-768x535.jpg 768w\" sizes=\"auto, (max-width: 1004px) 100vw, 1004px\" \/>\t\t\t\t\t\t\n\t\t\t\t\t<\/div>\n\t\t<\/div>\t\t\t\t\t\t\n<style>\n#image_182118699 {\n  width: 100%;\n}\n<\/style>\n\t<\/div>\n\t\n\n\n\t\t<\/div>\n\t\t\t\t\n<style>\n#col-403933762 > .col-inner {\n  padding: 0px 20px 10px 20px;\n}\n<\/style>\n\t<\/div>\n\n\t\n\n\t<div id=\"col-174099395\" class=\"col maxwidth960 small-12 large-12\"  >\n\t\t\t\t<div class=\"col-inner\"  >\n\t\t\t\n\t\t\t\n\n<p>La Galerie de la Matica srpska, le premier mus\u00e9e national d\u2019art est le reflet de l\u2019\u00c9tat et le miroir des \u00e9v\u00e9nements historiques, des tendances artistiques et des ambitions des artistes serbes. Notre collection illustre l\u2019histoire du peuple serbe, garde la m\u00e9moire des \u00e9v\u00e9nements de l\u2019espace o\u00f9 ce peuple vivait, pr\u00e9sente le caract\u00e8re unique des id\u00e9es artistiques et de ses id\u00e9aux. En m\u00eame temps, la Galerie garde la m\u00e9moire de ses acteurs&nbsp;: de ses fondateurs, ses collectionneurs, ses artistes, ses directeurs, ses chercheurs et surtout ses donateurs dont la g\u00e9n\u00e9rosit\u00e9 a inscrit leur nom dans l\u2019histoire de notre \u00e9tablissement et dans la culture serbe en g\u00e9n\u00e9ral. Nous sommes une ruche o\u00f9 bourdonne la beaut\u00e9 des objets d\u2019art, des r\u00e9cits et des id\u00e9es des cr\u00e9ateurs, o\u00f9 les innombrables activit\u00e9s tentent \u00e0 pr\u00e9senter l\u2019art plastique serbe de l\u2019\u00e9poque moderne. Notre d\u00e9vouement \u00e0 notre mission culturelle et artistique devient plus fort au fil des projets et nous ancre davantage dans notre communaut\u00e9, et l\u2019infinit\u00e9 de nouvelles id\u00e9es nous traversant nous laisse sans repos.<\/p>\n<p>En m\u00eame temps, nous sommes un mus\u00e9e qui \u00e9coute, car pour rester pertinent dans l\u2019\u00e9poque o\u00f9 nous \u00e9voluons, outre la r\u00e9alisation de nos r\u00eaves, nous devons rester \u00e0 l\u2019\u00e9coute des besoins de la soci\u00e9t\u00e9, du moment et du public. Notre objectif est de devenir un lieu o\u00f9 l\u2019art offre des r\u00e9ponses \u00e0 de nombreuses questions et o\u00f9 sentiment d\u2019appartenir \u00e0 une nation porte les couleurs de la fiert\u00e9 et du respect.<\/p>\n<p>Actuellement, nous r\u00eavons d\u2019avoir une occasion unique de contribuer d\u2019une mani\u00e8re cr\u00e9ative au projet Novi Sad Capitale europ\u00e9enne de la culture&nbsp;2022, car nous sommes un lieu de rencontre de l\u2019art europ\u00e9en et national, des approches innovantes et des th\u00e8mes attractifs, d\u2019une production de pointe et de participation cr\u00e9ative. Nous r\u00eavons \u00e0 la fois de f\u00eater les 175 ans de l\u2019existence de la Galerie de la Matica srpska \u00e0 la mani\u00e8re digne de nos pr\u00e9d\u00e9cesseurs, de notre histoire et de la qualit\u00e9 de notre collection, de c\u00e9l\u00e9brer notre anniversaire de fa\u00e7on \u00e0 en laisser une trace aux g\u00e9n\u00e9rations futures et servir de mod\u00e8le dont la nation pourra en \u00eatre fi\u00e8re.<\/p>\n\n\t\t<\/div>\n\t\t\t\t\n<style>\n#col-174099395 > .col-inner {\n  padding: 0px 20px 0px 20px;\n}\n<\/style>\n\t<\/div>\n\n\t\n\n\t<div id=\"col-2132090259\" class=\"col maxwidth960 small-12 large-12\"  >\n\t\t\t\t<div class=\"col-inner text-center\"  >\n\t\t\t\n\t\t\t\n\n\t<div id=\"text-1026454405\" class=\"text quotetxt playtitle\">\n\t\t\n\n<p><em>\u041f\u043e\u0448\u0442\u0443\u0458\u0443\u045b\u0438 \u0442\u0440\u0430\u0434\u0438\u0446\u0438\u0458\u0443, \u0441\u0442\u0432\u0430\u0440\u0430\u043c\u043e \u0442\u0440\u0430\u0434\u0438\u0446\u0438\u0458\u0443.<\/em><\/p>\n\t\t\n<style>\n#text-1026454405 {\n  text-align: center;\n}\n<\/style>\n\t<\/div>\n\t\n\n\t\t<\/div>\n\t\t\t\t\n<style>\n#col-2132090259 > .col-inner {\n  padding: 0px 20px 10px 20px;\n}\n<\/style>\n\t<\/div>\n\n\t\n\n<\/div>\n\n\t\t<\/div>\n\n\t\t\n<style>\n#section_1108373140 {\n  padding-top: 50px;\n  padding-bottom: 50px;\n  background-color: rgb(246, 246, 246);\n}\n<\/style>\n\t<\/section>\n\t\n","protected":false},"excerpt":{"rendered":"","protected":false},"author":1,"featured_media":0,"parent":0,"menu_order":0,"comment_status":"closed","ping_status":"closed","template":"page-blank.php","meta":{"_acf_changed":false,"footnotes":""},"class_list":["post-3656","page","type-page","status-publish","hentry"],"acf":[],"yoast_head":"<!-- This site is optimized with the Yoast SEO plugin v27.3 - https:\/\/yoast.com\/product\/yoast-seo-wordpress\/ -->\n<title>Un mot de notre directrice | La Galerie de la Matica srpska<\/title>\n<meta name=\"robots\" content=\"index, follow, max-snippet:-1, max-image-preview:large, max-video-preview:-1\" \/>\n<link rel=\"canonical\" href=\"https:\/\/www.galerijamaticesrpske.rs\/fr\/un-mot-de-notre-directrice\/\" \/>\n<meta property=\"og:locale\" content=\"fr_FR\" \/>\n<meta property=\"og:type\" content=\"article\" \/>\n<meta property=\"og:title\" content=\"Un mot de notre directrice | La Galerie de la Matica srpska\" \/>\n<meta property=\"og:url\" content=\"https:\/\/www.galerijamaticesrpske.rs\/fr\/un-mot-de-notre-directrice\/\" \/>\n<meta property=\"og:site_name\" content=\"La Galerie de la Matica srpska\" \/>\n<meta property=\"article:modified_time\" content=\"2021-03-07T20:34:43+00:00\" \/>\n<meta name=\"twitter:card\" content=\"summary_large_image\" \/>\n<meta name=\"twitter:label1\" content=\"Dur\u00e9e de lecture estim\u00e9e\" \/>\n\t<meta name=\"twitter:data1\" content=\"5 minutes\" \/>\n<script type=\"application\/ld+json\" class=\"yoast-schema-graph\">{\"@context\":\"https:\\\/\\\/schema.org\",\"@graph\":[{\"@type\":\"WebPage\",\"@id\":\"https:\\\/\\\/www.galerijamaticesrpske.rs\\\/fr\\\/un-mot-de-notre-directrice\\\/\",\"url\":\"https:\\\/\\\/www.galerijamaticesrpske.rs\\\/fr\\\/un-mot-de-notre-directrice\\\/\",\"name\":\"Un mot de notre directrice | La Galerie de la Matica srpska\",\"isPartOf\":{\"@id\":\"https:\\\/\\\/www.galerijamaticesrpske.rs\\\/#website\"},\"datePublished\":\"2020-12-27T01:43:21+00:00\",\"dateModified\":\"2021-03-07T20:34:43+00:00\",\"breadcrumb\":{\"@id\":\"https:\\\/\\\/www.galerijamaticesrpske.rs\\\/fr\\\/un-mot-de-notre-directrice\\\/#breadcrumb\"},\"inLanguage\":\"fr-FR\",\"potentialAction\":[{\"@type\":\"ReadAction\",\"target\":[\"https:\\\/\\\/www.galerijamaticesrpske.rs\\\/fr\\\/un-mot-de-notre-directrice\\\/\"]}]},{\"@type\":\"BreadcrumbList\",\"@id\":\"https:\\\/\\\/www.galerijamaticesrpske.rs\\\/fr\\\/un-mot-de-notre-directrice\\\/#breadcrumb\",\"itemListElement\":[{\"@type\":\"ListItem\",\"position\":1,\"name\":\"\u041f\u043e\u0447\u0435\u0442\u043d\u0430\",\"item\":\"http:\\\/\\\/www.galerijamaticesrpske.rs\\\/fr\\\/\"},{\"@type\":\"ListItem\",\"position\":2,\"name\":\"Un mot de notre directrice\"}]},{\"@type\":\"WebSite\",\"@id\":\"https:\\\/\\\/www.galerijamaticesrpske.rs\\\/#website\",\"url\":\"https:\\\/\\\/www.galerijamaticesrpske.rs\\\/\",\"name\":\"La Galerie de la Matica srpska\",\"description\":\"Le mus\u00e9e artistique ayant l\u2019une des plus riches collections en Serbie\",\"publisher\":{\"@id\":\"https:\\\/\\\/www.galerijamaticesrpske.rs\\\/#organization\"},\"potentialAction\":[{\"@type\":\"SearchAction\",\"target\":{\"@type\":\"EntryPoint\",\"urlTemplate\":\"https:\\\/\\\/www.galerijamaticesrpske.rs\\\/?s={search_term_string}\"},\"query-input\":{\"@type\":\"PropertyValueSpecification\",\"valueRequired\":true,\"valueName\":\"search_term_string\"}}],\"inLanguage\":\"fr-FR\"},{\"@type\":\"Organization\",\"@id\":\"https:\\\/\\\/www.galerijamaticesrpske.rs\\\/#organization\",\"name\":\"\u0413\u0430\u043b\u0435\u0440\u0438\u0458\u0430 \u041c\u0430\u0442\u0438\u0446\u0435 \u0441\u0440\u043f\u0441\u043a\u0435\",\"url\":\"https:\\\/\\\/www.galerijamaticesrpske.rs\\\/\",\"logo\":{\"@type\":\"ImageObject\",\"inLanguage\":\"fr-FR\",\"@id\":\"https:\\\/\\\/www.galerijamaticesrpske.rs\\\/#\\\/schema\\\/logo\\\/image\\\/\",\"url\":\"https:\\\/\\\/www.galerijamaticesrpske.rs\\\/wp-content\\\/uploads\\\/2021\\\/01\\\/gms-logo-za-sajt.svg\",\"contentUrl\":\"https:\\\/\\\/www.galerijamaticesrpske.rs\\\/wp-content\\\/uploads\\\/2021\\\/01\\\/gms-logo-za-sajt.svg\",\"width\":1,\"height\":1,\"caption\":\"\u0413\u0430\u043b\u0435\u0440\u0438\u0458\u0430 \u041c\u0430\u0442\u0438\u0446\u0435 \u0441\u0440\u043f\u0441\u043a\u0435\"},\"image\":{\"@id\":\"https:\\\/\\\/www.galerijamaticesrpske.rs\\\/#\\\/schema\\\/logo\\\/image\\\/\"}}]}<\/script>\n<!-- \/ Yoast SEO plugin. -->","yoast_head_json":{"title":"Un mot de notre directrice | La Galerie de la Matica srpska","robots":{"index":"index","follow":"follow","max-snippet":"max-snippet:-1","max-image-preview":"max-image-preview:large","max-video-preview":"max-video-preview:-1"},"canonical":"https:\/\/www.galerijamaticesrpske.rs\/fr\/un-mot-de-notre-directrice\/","og_locale":"fr_FR","og_type":"article","og_title":"Un mot de notre directrice | La Galerie de la Matica srpska","og_url":"https:\/\/www.galerijamaticesrpske.rs\/fr\/un-mot-de-notre-directrice\/","og_site_name":"La Galerie de la Matica srpska","article_modified_time":"2021-03-07T20:34:43+00:00","twitter_card":"summary_large_image","twitter_misc":{"Dur\u00e9e de lecture estim\u00e9e":"5 minutes"},"schema":{"@context":"https:\/\/schema.org","@graph":[{"@type":"WebPage","@id":"https:\/\/www.galerijamaticesrpske.rs\/fr\/un-mot-de-notre-directrice\/","url":"https:\/\/www.galerijamaticesrpske.rs\/fr\/un-mot-de-notre-directrice\/","name":"Un mot de notre directrice | La Galerie de la Matica srpska","isPartOf":{"@id":"https:\/\/www.galerijamaticesrpske.rs\/#website"},"datePublished":"2020-12-27T01:43:21+00:00","dateModified":"2021-03-07T20:34:43+00:00","breadcrumb":{"@id":"https:\/\/www.galerijamaticesrpske.rs\/fr\/un-mot-de-notre-directrice\/#breadcrumb"},"inLanguage":"fr-FR","potentialAction":[{"@type":"ReadAction","target":["https:\/\/www.galerijamaticesrpske.rs\/fr\/un-mot-de-notre-directrice\/"]}]},{"@type":"BreadcrumbList","@id":"https:\/\/www.galerijamaticesrpske.rs\/fr\/un-mot-de-notre-directrice\/#breadcrumb","itemListElement":[{"@type":"ListItem","position":1,"name":"\u041f\u043e\u0447\u0435\u0442\u043d\u0430","item":"http:\/\/www.galerijamaticesrpske.rs\/fr\/"},{"@type":"ListItem","position":2,"name":"Un mot de notre directrice"}]},{"@type":"WebSite","@id":"https:\/\/www.galerijamaticesrpske.rs\/#website","url":"https:\/\/www.galerijamaticesrpske.rs\/","name":"La Galerie de la Matica srpska","description":"Le mus\u00e9e artistique ayant l\u2019une des plus riches collections en Serbie","publisher":{"@id":"https:\/\/www.galerijamaticesrpske.rs\/#organization"},"potentialAction":[{"@type":"SearchAction","target":{"@type":"EntryPoint","urlTemplate":"https:\/\/www.galerijamaticesrpske.rs\/?s={search_term_string}"},"query-input":{"@type":"PropertyValueSpecification","valueRequired":true,"valueName":"search_term_string"}}],"inLanguage":"fr-FR"},{"@type":"Organization","@id":"https:\/\/www.galerijamaticesrpske.rs\/#organization","name":"\u0413\u0430\u043b\u0435\u0440\u0438\u0458\u0430 \u041c\u0430\u0442\u0438\u0446\u0435 \u0441\u0440\u043f\u0441\u043a\u0435","url":"https:\/\/www.galerijamaticesrpske.rs\/","logo":{"@type":"ImageObject","inLanguage":"fr-FR","@id":"https:\/\/www.galerijamaticesrpske.rs\/#\/schema\/logo\/image\/","url":"https:\/\/www.galerijamaticesrpske.rs\/wp-content\/uploads\/2021\/01\/gms-logo-za-sajt.svg","contentUrl":"https:\/\/www.galerijamaticesrpske.rs\/wp-content\/uploads\/2021\/01\/gms-logo-za-sajt.svg","width":1,"height":1,"caption":"\u0413\u0430\u043b\u0435\u0440\u0438\u0458\u0430 \u041c\u0430\u0442\u0438\u0446\u0435 \u0441\u0440\u043f\u0441\u043a\u0435"},"image":{"@id":"https:\/\/www.galerijamaticesrpske.rs\/#\/schema\/logo\/image\/"}}]}},"_links":{"self":[{"href":"https:\/\/www.galerijamaticesrpske.rs\/fr\/wp-json\/wp\/v2\/pages\/3656","targetHints":{"allow":["GET"]}}],"collection":[{"href":"https:\/\/www.galerijamaticesrpske.rs\/fr\/wp-json\/wp\/v2\/pages"}],"about":[{"href":"https:\/\/www.galerijamaticesrpske.rs\/fr\/wp-json\/wp\/v2\/types\/page"}],"author":[{"embeddable":true,"href":"https:\/\/www.galerijamaticesrpske.rs\/fr\/wp-json\/wp\/v2\/users\/1"}],"replies":[{"embeddable":true,"href":"https:\/\/www.galerijamaticesrpske.rs\/fr\/wp-json\/wp\/v2\/comments?post=3656"}],"version-history":[{"count":3,"href":"https:\/\/www.galerijamaticesrpske.rs\/fr\/wp-json\/wp\/v2\/pages\/3656\/revisions"}],"predecessor-version":[{"id":3659,"href":"https:\/\/www.galerijamaticesrpske.rs\/fr\/wp-json\/wp\/v2\/pages\/3656\/revisions\/3659"}],"wp:attachment":[{"href":"https:\/\/www.galerijamaticesrpske.rs\/fr\/wp-json\/wp\/v2\/media?parent=3656"}],"curies":[{"name":"wp","href":"https:\/\/api.w.org\/{rel}","templated":true}]}}