{"id":3666,"date":"2021-01-15T00:02:42","date_gmt":"2021-01-15T00:02:42","guid":{"rendered":"https:\/\/www.galerijamaticesrpske.rs\/o-kolekciji\/"},"modified":"2024-11-05T13:29:24","modified_gmt":"2024-11-05T13:29:24","slug":"sur-la-collection","status":"publish","type":"page","link":"https:\/\/www.galerijamaticesrpske.rs\/fr\/sur-la-collection\/","title":{"rendered":"Sur la collection de la Galerie de la Matica srpska"},"content":{"rendered":"<div class=\"slider-wrapper relative\" id=\"slider-100219786\" >\n    <div class=\"slider slider-nav-circle slider-nav-large slider-nav-light slider-style-normal\"\n        data-flickity-options='{\n            \"cellAlign\": \"center\",\n            \"imagesLoaded\": true,\n            \"lazyLoad\": 1,\n            \"freeScroll\": false,\n            \"wrapAround\": true,\n            \"autoPlay\": 6000,\n            \"pauseAutoPlayOnHover\" : true,\n            \"prevNextButtons\": false,\n            \"contain\" : true,\n            \"adaptiveHeight\" : true,\n            \"dragThreshold\" : 10,\n            \"percentPosition\": true,\n            \"pageDots\": false,\n            \"rightToLeft\": false,\n            \"draggable\": true,\n            \"selectedAttraction\": 0.1,\n            \"parallax\" : 0,\n            \"friction\": 0.6        }'\n        >\n        \n\n  <div class=\"banner has-hover withanimation\" id=\"banner-2028202250\">\n          <div class=\"banner-inner fill\">\n        <div class=\"banner-bg fill\" >\n            <img loading=\"lazy\" decoding=\"async\" width=\"1920\" height=\"1272\" src=\"https:\/\/www.galerijamaticesrpske.rs\/wp-content\/uploads\/2021\/01\/o-kolekciji-gms-1_1920.jpg\" class=\"bg attachment-original size-original\" alt=\"\" \/>                        <div class=\"overlay\"><\/div>            \n                    <\/div>\n\t\t\n        <div class=\"banner-layers container\">\n            <div class=\"fill banner-link\"><\/div>            \n   <div id=\"text-box-200676609\" class=\"text-box banner-layer maxwidthtxtbox x50 md-x5 lg-x5 y50 md-y50 lg-y50 res-text\">\n                     <div data-animate=\"fadeInLeft\">           <div class=\"text-box-content text dark\">\n              \n              <div class=\"text-inner text-left\">\n                  \n<h2 class=\"uppercase mb0\" data-animate=\"fadeInLeft\" data-animated=\"true\">Sur la collection<\/h2>\n<h2 class=\"uppercase mt0\">de la Galerie de la Matica srpska<\/h2>\n<p>Notre plus grande force est une collection unique des \u0153uvres d\u2019art cr\u00e9\u00e9es entre les 16<sup>e<\/sup> et 21<sup>e<\/sup> si\u00e8cles.<\/p>\n              <\/div>\n           <\/div>\n       <\/div>                     \n<style>\n#text-box-200676609 {\n  width: 85%;\n}\n#text-box-200676609 .text-box-content {\n  font-size: 100%;\n}\n@media (min-width:550px) {\n  #text-box-200676609 {\n    width: 40%;\n  }\n}\n<\/style>\n    <\/div>\n \n        <\/div>\n      <\/div>\n\n            \n<style>\n#banner-2028202250 {\n  padding-top: 600px;\n}\n#banner-2028202250 .overlay {\n  background-color: rgba(0, 0, 0, 0.03);\n}\n#banner-2028202250 .banner-bg img {\n  object-position: 0% 53%;\n}\n<\/style>\n  <\/div>\n\n\n     <\/div>\n\n     <div class=\"loading-spin dark large centered\"><\/div>\n\n\t<\/div>\n\n\n\n\t<section class=\"section\" id=\"section_773208565\">\n\t\t<div class=\"section-bg fill\" >\n\t\t\t\t\t\t\t\t\t\n\t\t\t\n\n\t\t<\/div>\n\n\t\t\n\n\t\t<div class=\"section-content relative\">\n\t\t\t\n<div class=\"row align-center mt10\"  id=\"row-1038971174\">\n\n\t<div id=\"col-1661817600\" class=\"col medium-6 small-12 large-6\"  >\n\t\t\t\t<div class=\"col-inner\"  >\n\t\t\t\n\t\t\t\n<p>La Galerie de la Matica srpska se distingue par sa collection exceptionnelle d\u2019art serbe allant du 16<sup>e<\/sup> si\u00e8cle jusqu\u2019\u00e0 nos jours, qui abrite les chefs-d\u2019\u0153uvre d\u2019artistes \u00e9minents comme Hristof \u017defarovi\u0107, Teodor Kra\u010dun, Katarina Ivanovi\u0107, \u0110ura Jak\u0161i\u0107, Paja Jovanovi\u0107, Uro\u0161 Predi\u0107, Sava \u0160umanovi\u0107, Milan Konjovi\u0107, \u0110or\u0111e Jovanovi\u0107, Petar Lubarda et autres.<\/p>\n<p>Les origines de la collection actuelle remontent aux activit\u00e9s d\u2019un grand bienfaiteur serbe, le premier pr\u00e9sident \u00e0 vie de la Matica srpska \u2013 Sava Tekelija et \u00e0 sa collection de portraits de famille, l\u00e9gu\u00e9e \u00e0 la Matica srpska en 1843. C\u2019est l\u2019ouverture du Mus\u00e9e de la Matica srpska qui marque le d\u00e9but de l\u2019acquisition continue d\u2019\u0153uvres d\u2019art. Le noble geste de Sava Tekelija a \u00e9t\u00e9 imit\u00e9 par les pr\u00e9sidents suivants, membres et fid\u00e8les de la Matica srpska, ainsi que par des citoyens patriotiques, collectionneurs, artistes, d\u00e9sireux d\u2019enrichir cette collection artistique par leurs dons, contributions et legs. Ces actes de don symbolisent la valeur particuli\u00e8re de la Galerie et de sa collection. Nous sommes fiers de pouvoir souligner aujourd\u2019hui qu\u2019un tiers de la collection provient de dons et de legs sous forme des collections l\u00e9gu\u00e9es portant les noms de leurs donateurs.<\/p>\n\t\t<\/div>\n\t\t\t\t\n<style>\n#col-1661817600 > .col-inner {\n  padding: 0px 20px 0px 20px;\n}\n<\/style>\n\t<\/div>\n\n\t\n\n\t<div id=\"col-1573162873\" class=\"col medium-6 small-12 large-6\"  >\n\t\t\t\t<div class=\"col-inner\"  >\n\t\t\t\n\t\t\t\n<p>Cr\u00e9\u00e9e au cours des derniers 177 ans, la collection de la Galerie de la Matica srpska r\u00e9sume l\u2019histoire du peuple, de l\u2019art et de la culture serbe, car elle refl\u00e8te tous les changements sociohistoriques, culturels et artistiques de la soci\u00e9t\u00e9 des Serbes habitant un espace g\u00e9ographique assez \u00e9tendu \u2013 des anciens empires autrichien et ottoman, passant par divers ordres politiques de l\u2019ex-Yougoslavie, jusqu\u2019\u00e0 l\u2019actuelle R\u00e9publique de Serbie.<\/p>\n<p>Surtout orient\u00e9e vers la peinture, notre collection compte aujourd\u2019hui plus de 12 000 \u0153uvres d\u2019art, organis\u00e9es en 16 collections, incluant d\u2019exceptionnelles gravures, sculptures, dessins, objets d\u2019art appliqu\u00e9 qui illustrent les origines, le d\u00e9veloppement et les atteintes de l\u2019art serbe, et qui indiquent les d\u00e9riv\u00e9es, la position et la place de la culture et de l\u2019art serbe dans le contexte europ\u00e9en.<\/p>\n<p>De nombreux curateurs, certains d\u2019entre eux connus comme les plus \u00e9minents historiens d\u2019\u2019art et chercheurs en art, ont \u00e9t\u00e9 charg\u00e9s de s\u2019occuper de la collection de la Galerie et d\u2019y effectuer leurs recherches, tels que\u00a0: Olga Miki\u0107, Dinko Davidov, Leposava \u0160elmi\u0107, Jasna Jovanov, Milan Solarov, Ratomir Kuli\u0107, Emica Milo\u0161evi\u0107 et Branka Kuli\u0107. Gr\u00e2ce \u00e0 leur travail, la Galerie de la Matica srpska a publi\u00e9 un grand nombre d\u2019ouvrages afin de contribuer \u00e0 la recherche de en histoire de l\u2019art serbe du 18<sup>e<\/sup>, 19<sup>e<\/sup> et 20<sup>e <\/sup>si\u00e8cle.<\/p>\n\t\t<\/div>\n\t\t\t\t\n<style>\n#col-1573162873 > .col-inner {\n  padding: 0px 20px 0px 20px;\n}\n<\/style>\n\t<\/div>\n\n\t\n\n\t<div id=\"col-343861712\" class=\"col small-12 large-12\"  >\n\t\t\t\t<div class=\"col-inner\"  >\n\t\t\t\n\t\t\t\n<div class=\"is-divider divider clearfix\" style=\"max-width:100%;height:1px;\"><\/div>\n\t\t<\/div>\n\t\t\t\t\t<\/div>\n\n\t\n\n\t<div id=\"col-1960953899\" class=\"col small-12 large-12\"  >\n\t\t\t\t<div class=\"col-inner text-center\"  >\n\t\t\t\n\t\t\t\n\t<div id=\"text-835445633\" class=\"text quotetxt\">\n\t\t\n<p><em>La collection de chaque mus\u00e9e est vivante. Elle grandit chaque jour gr\u00e2ce aux nouveaux dons et aux acquisitions, sa valeur augmente en fonction de la recherche, aux expositions, \u00e0 la publication d\u2019articles et sa beaut\u00e9 s\u2019amplifie gr\u00e2ce aux activit\u00e9s de la conservation-restauration. La collection est au c\u0153ur de notre travail quotidien et de nos activit\u00e9s.<\/em><\/p>\n\t\t\t<\/div>\n\t\n\t\t<\/div>\n\t\t\t\t\t<\/div>\n\n\t\n<\/div>\n\t\t<\/div>\n\n\t\t\n<style>\n#section_773208565 {\n  padding-top: 30px;\n  padding-bottom: 30px;\n  background-color: rgb(246, 246, 246);\n}\n<\/style>\n\t<\/section>\n\t\n\n\t<section class=\"section\" id=\"section_1080648189\">\n\t\t<div class=\"section-bg fill\" >\n\t\t\t\t\t\t\t\t\t<div class=\"section-bg-overlay absolute fill\"><\/div>\n\t\t\t\n\n\t\t<\/div>\n\n\t\t\n\n\t\t<div class=\"section-content relative\">\n\t\t\t\n<div class=\"row row-large\"  id=\"row-318380991\">\n\n\t<div id=\"col-2023158825\" class=\"col medium-6 small-12 large-6\"  >\n\t\t\t\t<div class=\"col-inner\"  >\n\t\t\t\n\t\t\t\n\t<div class=\"img has-hover x md-x lg-x y md-y lg-y\" id=\"image_1972513122\">\n\t\t<a class=\"\" href=\"https:\/\/www.galerijamaticesrpske.rs\/fr\/nos-coups-de-coeur\/\" >\t\t\t\t\t\t<div class=\"img-inner image-cover dark\" style=\"padding-top:50%;\">\n\t\t\t<img loading=\"lazy\" decoding=\"async\" width=\"960\" height=\"640\" src=\"https:\/\/www.galerijamaticesrpske.rs\/wp-content\/uploads\/2021\/01\/majska-skupstina_960.jpg\" class=\"attachment-original size-original\" alt=\"\u041c\u0430\u0458\u0441\u043a\u0430 \u0441\u043a\u0443\u043f\u0448\u0442\u0438\u043d\u0430\" srcset=\"https:\/\/www.galerijamaticesrpske.rs\/wp-content\/uploads\/2021\/01\/majska-skupstina_960.jpg 960w, https:\/\/www.galerijamaticesrpske.rs\/wp-content\/uploads\/2021\/01\/majska-skupstina_960-300x200.jpg 300w, https:\/\/www.galerijamaticesrpske.rs\/wp-content\/uploads\/2021\/01\/majska-skupstina_960-768x512.jpg 768w\" sizes=\"auto, (max-width: 960px) 100vw, 960px\" \/>\t\t\t\t\t\t\n\t\t\t\t\t<\/div>\n\t\t\t\t\t\t<\/a>\t\t\n<style>\n#image_1972513122 {\n  width: 100%;\n}\n<\/style>\n\t<\/div>\n\t\n\t<div id=\"text-184175462\" class=\"text mb0 pb0\">\n\t\t\n<h3 class=\"title28 playtitle\"><a href=\"https:\/\/www.galerijamaticesrpske.rs\/fr\/nos-coups-de-coeur\/\">Nos coups de c\u0153ur<\/a><\/h3>\n<p>Chaque mus\u00e9e a sa \u00ab\u00a0Joconde\u00a0\u00bb\u00a0! Nous aimerions attirer votre attention sur dix \u0153uvres de la Galerie de la Matica srpska que vous ne devez pas rater\u00a0!<\/p>\n\t\t\t<\/div>\n\t\n<a data-animate=\"fadeInUp\" href=\"https:\/\/www.galerijamaticesrpske.rs\/fr\/nos-coups-de-coeur\/\" class=\"button primary is-smaller lowercase\" >\n\t\t<span>Pour en savoir plus<\/span>\n\t<\/a>\n\n\t\t<\/div>\n\t\t\t\t\t<\/div>\n\n\t\n\n\t<div id=\"col-1261490032\" class=\"col medium-6 small-12 large-6\"  >\n\t\t\t\t<div class=\"col-inner\"  >\n\t\t\t\n\t\t\t\n\t<div class=\"img has-hover x md-x lg-x y md-y lg-y\" id=\"image_1328303964\">\n\t\t<a class=\"\" href=\"https:\/\/www.galerijamaticesrpske.rs\/fr\/cooperation-internationale\/\" >\t\t\t\t\t\t<div class=\"img-inner image-cover dark\" style=\"padding-top:50%;\">\n\t\t\t<img loading=\"lazy\" decoding=\"async\" width=\"960\" height=\"640\" src=\"https:\/\/www.galerijamaticesrpske.rs\/wp-content\/uploads\/2021\/03\/medjunarodna-saradnja_srpski-kulturni-centar-u-parizu_b.jpg\" class=\"attachment-original size-original\" alt=\"Coop\u00e9ration internationale\" srcset=\"https:\/\/www.galerijamaticesrpske.rs\/wp-content\/uploads\/2021\/03\/medjunarodna-saradnja_srpski-kulturni-centar-u-parizu_b.jpg 960w, https:\/\/www.galerijamaticesrpske.rs\/wp-content\/uploads\/2021\/03\/medjunarodna-saradnja_srpski-kulturni-centar-u-parizu_b-300x200.jpg 300w, https:\/\/www.galerijamaticesrpske.rs\/wp-content\/uploads\/2021\/03\/medjunarodna-saradnja_srpski-kulturni-centar-u-parizu_b-768x512.jpg 768w, https:\/\/www.galerijamaticesrpske.rs\/wp-content\/uploads\/2021\/03\/medjunarodna-saradnja_srpski-kulturni-centar-u-parizu_b-391x260.jpg 391w\" sizes=\"auto, (max-width: 960px) 100vw, 960px\" \/>\t\t\t\t\t\t\n\t\t\t\t\t<\/div>\n\t\t\t\t\t\t<\/a>\t\t\n<style>\n#image_1328303964 {\n  width: 100%;\n}\n<\/style>\n\t<\/div>\n\t\n\t<div id=\"text-702465041\" class=\"text mb0 pb0\">\n\t\t\n<h3 class=\"title28 playtitle\"><a href=\"https:\/\/www.galerijamaticesrpske.rs\/fr\/cooperation-internationale\/\">Coop\u00e9ration internationale<\/a><\/h3>\n<p>Nous souhaitons \u00eatre acteurs dans un contexte europ\u00e9en plus large par le biais d\u2019une coop\u00e9ration internationale avec les mus\u00e9es europ\u00e9ens, les experts et les centres culturels \u00e9trangers.<\/p>\n\t\t\t<\/div>\n\t\n<a data-animate=\"fadeInUp\" href=\"https:\/\/www.galerijamaticesrpske.rs\/fr\/cooperation-internationale\/\" class=\"button primary is-smaller lowercase\" >\n\t\t<span>Pour en savoir plus<\/span>\n\t<\/a>\n\n\t\t<\/div>\n\t\t\t\t\t<\/div>\n\n\t\n<\/div>\n\t\t<\/div>\n\n\t\t\n<style>\n#section_1080648189 {\n  padding-top: 60px;\n  padding-bottom: 60px;\n  background-color: rgb(255, 255, 255);\n}\n#section_1080648189 .section-bg-overlay {\n  background-color: rgba(255, 255, 255, 0.85);\n}\n<\/style>\n\t<\/section>\n\t\n","protected":false},"excerpt":{"rendered":"","protected":false},"author":1,"featured_media":0,"parent":0,"menu_order":0,"comment_status":"closed","ping_status":"closed","template":"page-blank.php","meta":{"_acf_changed":false,"footnotes":""},"class_list":["post-3666","page","type-page","status-publish","hentry"],"acf":[],"yoast_head":"<!-- This site is optimized with the Yoast SEO plugin v27.3 - https:\/\/yoast.com\/product\/yoast-seo-wordpress\/ -->\n<title>Sur la collection de la Galerie de la Matica srpska | La Galerie de la Matica srpska<\/title>\n<meta name=\"robots\" content=\"index, follow, max-snippet:-1, max-image-preview:large, max-video-preview:-1\" \/>\n<link rel=\"canonical\" href=\"http:\/\/www.galerijamaticesrpske.rs\/fr\/sur-la-collection\/\" \/>\n<meta property=\"og:locale\" content=\"fr_FR\" \/>\n<meta property=\"og:type\" content=\"article\" \/>\n<meta property=\"og:title\" content=\"Sur la collection de la Galerie de la Matica srpska | La Galerie de la Matica srpska\" \/>\n<meta property=\"og:url\" content=\"http:\/\/www.galerijamaticesrpske.rs\/fr\/sur-la-collection\/\" \/>\n<meta property=\"og:site_name\" content=\"La Galerie de la Matica srpska\" \/>\n<meta property=\"article:modified_time\" content=\"2024-11-05T13:29:24+00:00\" \/>\n<meta name=\"twitter:card\" content=\"summary_large_image\" \/>\n<meta name=\"twitter:label1\" content=\"Dur\u00e9e de lecture estim\u00e9e\" \/>\n\t<meta name=\"twitter:data1\" content=\"4 minutes\" \/>\n<script type=\"application\/ld+json\" class=\"yoast-schema-graph\">{\"@context\":\"https:\\\/\\\/schema.org\",\"@graph\":[{\"@type\":\"WebPage\",\"@id\":\"http:\\\/\\\/www.galerijamaticesrpske.rs\\\/fr\\\/sur-la-collection\\\/\",\"url\":\"http:\\\/\\\/www.galerijamaticesrpske.rs\\\/fr\\\/sur-la-collection\\\/\",\"name\":\"Sur la collection de la Galerie de la Matica srpska | La Galerie de la Matica srpska\",\"isPartOf\":{\"@id\":\"https:\\\/\\\/www.galerijamaticesrpske.rs\\\/#website\"},\"datePublished\":\"2021-01-15T00:02:42+00:00\",\"dateModified\":\"2024-11-05T13:29:24+00:00\",\"breadcrumb\":{\"@id\":\"http:\\\/\\\/www.galerijamaticesrpske.rs\\\/fr\\\/sur-la-collection\\\/#breadcrumb\"},\"inLanguage\":\"fr-FR\",\"potentialAction\":[{\"@type\":\"ReadAction\",\"target\":[\"http:\\\/\\\/www.galerijamaticesrpske.rs\\\/fr\\\/sur-la-collection\\\/\"]}]},{\"@type\":\"BreadcrumbList\",\"@id\":\"http:\\\/\\\/www.galerijamaticesrpske.rs\\\/fr\\\/sur-la-collection\\\/#breadcrumb\",\"itemListElement\":[{\"@type\":\"ListItem\",\"position\":1,\"name\":\"\u041f\u043e\u0447\u0435\u0442\u043d\u0430\",\"item\":\"http:\\\/\\\/www.galerijamaticesrpske.rs\\\/fr\\\/\"},{\"@type\":\"ListItem\",\"position\":2,\"name\":\"Sur la collection de la Galerie de la Matica srpska\"}]},{\"@type\":\"WebSite\",\"@id\":\"https:\\\/\\\/www.galerijamaticesrpske.rs\\\/#website\",\"url\":\"https:\\\/\\\/www.galerijamaticesrpske.rs\\\/\",\"name\":\"La Galerie de la Matica srpska\",\"description\":\"Le mus\u00e9e artistique ayant l\u2019une des plus riches collections en Serbie\",\"publisher\":{\"@id\":\"https:\\\/\\\/www.galerijamaticesrpske.rs\\\/#organization\"},\"potentialAction\":[{\"@type\":\"SearchAction\",\"target\":{\"@type\":\"EntryPoint\",\"urlTemplate\":\"https:\\\/\\\/www.galerijamaticesrpske.rs\\\/?s={search_term_string}\"},\"query-input\":{\"@type\":\"PropertyValueSpecification\",\"valueRequired\":true,\"valueName\":\"search_term_string\"}}],\"inLanguage\":\"fr-FR\"},{\"@type\":\"Organization\",\"@id\":\"https:\\\/\\\/www.galerijamaticesrpske.rs\\\/#organization\",\"name\":\"\u0413\u0430\u043b\u0435\u0440\u0438\u0458\u0430 \u041c\u0430\u0442\u0438\u0446\u0435 \u0441\u0440\u043f\u0441\u043a\u0435\",\"url\":\"https:\\\/\\\/www.galerijamaticesrpske.rs\\\/\",\"logo\":{\"@type\":\"ImageObject\",\"inLanguage\":\"fr-FR\",\"@id\":\"https:\\\/\\\/www.galerijamaticesrpske.rs\\\/#\\\/schema\\\/logo\\\/image\\\/\",\"url\":\"https:\\\/\\\/www.galerijamaticesrpske.rs\\\/wp-content\\\/uploads\\\/2021\\\/01\\\/gms-logo-za-sajt.svg\",\"contentUrl\":\"https:\\\/\\\/www.galerijamaticesrpske.rs\\\/wp-content\\\/uploads\\\/2021\\\/01\\\/gms-logo-za-sajt.svg\",\"width\":1,\"height\":1,\"caption\":\"\u0413\u0430\u043b\u0435\u0440\u0438\u0458\u0430 \u041c\u0430\u0442\u0438\u0446\u0435 \u0441\u0440\u043f\u0441\u043a\u0435\"},\"image\":{\"@id\":\"https:\\\/\\\/www.galerijamaticesrpske.rs\\\/#\\\/schema\\\/logo\\\/image\\\/\"}}]}<\/script>\n<!-- \/ Yoast SEO plugin. -->","yoast_head_json":{"title":"Sur la collection de la Galerie de la Matica srpska | La Galerie de la Matica srpska","robots":{"index":"index","follow":"follow","max-snippet":"max-snippet:-1","max-image-preview":"max-image-preview:large","max-video-preview":"max-video-preview:-1"},"canonical":"http:\/\/www.galerijamaticesrpske.rs\/fr\/sur-la-collection\/","og_locale":"fr_FR","og_type":"article","og_title":"Sur la collection de la Galerie de la Matica srpska | La Galerie de la Matica srpska","og_url":"http:\/\/www.galerijamaticesrpske.rs\/fr\/sur-la-collection\/","og_site_name":"La Galerie de la Matica srpska","article_modified_time":"2024-11-05T13:29:24+00:00","twitter_card":"summary_large_image","twitter_misc":{"Dur\u00e9e de lecture estim\u00e9e":"4 minutes"},"schema":{"@context":"https:\/\/schema.org","@graph":[{"@type":"WebPage","@id":"http:\/\/www.galerijamaticesrpske.rs\/fr\/sur-la-collection\/","url":"http:\/\/www.galerijamaticesrpske.rs\/fr\/sur-la-collection\/","name":"Sur la collection de la Galerie de la Matica srpska | La Galerie de la Matica srpska","isPartOf":{"@id":"https:\/\/www.galerijamaticesrpske.rs\/#website"},"datePublished":"2021-01-15T00:02:42+00:00","dateModified":"2024-11-05T13:29:24+00:00","breadcrumb":{"@id":"http:\/\/www.galerijamaticesrpske.rs\/fr\/sur-la-collection\/#breadcrumb"},"inLanguage":"fr-FR","potentialAction":[{"@type":"ReadAction","target":["http:\/\/www.galerijamaticesrpske.rs\/fr\/sur-la-collection\/"]}]},{"@type":"BreadcrumbList","@id":"http:\/\/www.galerijamaticesrpske.rs\/fr\/sur-la-collection\/#breadcrumb","itemListElement":[{"@type":"ListItem","position":1,"name":"\u041f\u043e\u0447\u0435\u0442\u043d\u0430","item":"http:\/\/www.galerijamaticesrpske.rs\/fr\/"},{"@type":"ListItem","position":2,"name":"Sur la collection de la Galerie de la Matica srpska"}]},{"@type":"WebSite","@id":"https:\/\/www.galerijamaticesrpske.rs\/#website","url":"https:\/\/www.galerijamaticesrpske.rs\/","name":"La Galerie de la Matica srpska","description":"Le mus\u00e9e artistique ayant l\u2019une des plus riches collections en Serbie","publisher":{"@id":"https:\/\/www.galerijamaticesrpske.rs\/#organization"},"potentialAction":[{"@type":"SearchAction","target":{"@type":"EntryPoint","urlTemplate":"https:\/\/www.galerijamaticesrpske.rs\/?s={search_term_string}"},"query-input":{"@type":"PropertyValueSpecification","valueRequired":true,"valueName":"search_term_string"}}],"inLanguage":"fr-FR"},{"@type":"Organization","@id":"https:\/\/www.galerijamaticesrpske.rs\/#organization","name":"\u0413\u0430\u043b\u0435\u0440\u0438\u0458\u0430 \u041c\u0430\u0442\u0438\u0446\u0435 \u0441\u0440\u043f\u0441\u043a\u0435","url":"https:\/\/www.galerijamaticesrpske.rs\/","logo":{"@type":"ImageObject","inLanguage":"fr-FR","@id":"https:\/\/www.galerijamaticesrpske.rs\/#\/schema\/logo\/image\/","url":"https:\/\/www.galerijamaticesrpske.rs\/wp-content\/uploads\/2021\/01\/gms-logo-za-sajt.svg","contentUrl":"https:\/\/www.galerijamaticesrpske.rs\/wp-content\/uploads\/2021\/01\/gms-logo-za-sajt.svg","width":1,"height":1,"caption":"\u0413\u0430\u043b\u0435\u0440\u0438\u0458\u0430 \u041c\u0430\u0442\u0438\u0446\u0435 \u0441\u0440\u043f\u0441\u043a\u0435"},"image":{"@id":"https:\/\/www.galerijamaticesrpske.rs\/#\/schema\/logo\/image\/"}}]}},"_links":{"self":[{"href":"https:\/\/www.galerijamaticesrpske.rs\/fr\/wp-json\/wp\/v2\/pages\/3666","targetHints":{"allow":["GET"]}}],"collection":[{"href":"https:\/\/www.galerijamaticesrpske.rs\/fr\/wp-json\/wp\/v2\/pages"}],"about":[{"href":"https:\/\/www.galerijamaticesrpske.rs\/fr\/wp-json\/wp\/v2\/types\/page"}],"author":[{"embeddable":true,"href":"https:\/\/www.galerijamaticesrpske.rs\/fr\/wp-json\/wp\/v2\/users\/1"}],"replies":[{"embeddable":true,"href":"https:\/\/www.galerijamaticesrpske.rs\/fr\/wp-json\/wp\/v2\/comments?post=3666"}],"version-history":[{"count":4,"href":"https:\/\/www.galerijamaticesrpske.rs\/fr\/wp-json\/wp\/v2\/pages\/3666\/revisions"}],"predecessor-version":[{"id":13418,"href":"https:\/\/www.galerijamaticesrpske.rs\/fr\/wp-json\/wp\/v2\/pages\/3666\/revisions\/13418"}],"wp:attachment":[{"href":"https:\/\/www.galerijamaticesrpske.rs\/fr\/wp-json\/wp\/v2\/media?parent=3666"}],"curies":[{"name":"wp","href":"https:\/\/api.w.org\/{rel}","templated":true}]}}