{"id":13908,"date":"2024-11-14T12:14:08","date_gmt":"2024-11-14T12:14:08","guid":{"rendered":"https:\/\/www.galerijamaticesrpske.rs\/stalna-postavka-gms\/uzitak-rituali-i-navike\/"},"modified":"2024-11-16T23:09:41","modified_gmt":"2024-11-16T23:09:41","slug":"uzitak-rituali-i-navike","status":"publish","type":"page","link":"https:\/\/www.galerijamaticesrpske.rs\/lat\/stalna-postavka-gms\/uzitak-rituali-i-navike\/","title":{"rendered":"U\u017eitak: Rituali i navike"},"content":{"rendered":"\n\t<section class=\"section pb0\" id=\"section_29660795\">\n\t\t<div class=\"section-bg fill\" >\n\t\t\t\t\t\t\t\t\t\n\t\t\t\n\n\t\t<\/div>\n\n\t\t\n\n\t\t<div class=\"section-content relative\">\n\t\t\t\n<div class=\"row align-center\"  id=\"row-1798433070\">\n\n\t<div id=\"col-1199344151\" class=\"col medium-10 small-12 large-10\"  >\n\t\t\t\t<div class=\"col-inner text-center\"  >\n\t\t\t\n\t\t\t\n\t<div class=\"img has-hover maxwidth80 x md-x lg-x y md-y lg-y\" id=\"image_479817720\">\n\t\t\t\t\t\t\t\t<div class=\"img-inner dark\" style=\"margin:0px 0px 0 0px;\">\n\t\t\t<img decoding=\"async\" src=\"https:\/\/www.galerijamaticesrpske.rs\/wp-content\/uploads\/2020\/12\/gms-icon_blck.svg\" class=\"attachment-original size-original\" alt=\"GMS | icon\" \/>\t\t\t\t\t\t\n\t\t\t\t\t<\/div>\n\t\t\t\t\t\t\t\t\n<style>\n#image_479817720 {\n  width: 100%;\n}\n<\/style>\n\t<\/div>\n\t\n\t<div id=\"text-2963270557\" class=\"text\">\n\t\t\n<h1 class=\"title28\">U\u017eitak: Rituali i navike<\/h1>\n\t\t\n<style>\n#text-2963270557 {\n  text-align: center;\n}\n<\/style>\n\t<\/div>\n\t\n\t\t<\/div>\n\t\t\t\t\n<style>\n#col-1199344151 > .col-inner {\n  margin: 0px 0px 40px 0px;\n}\n<\/style>\n\t<\/div>\n\n\t\n\n\t<div id=\"col-317028073\" class=\"col medium-10 small-12 large-10\"  >\n\t\t\t\t<div class=\"col-inner\"  >\n\t\t\t\n\t\t\t\n<p>Istorija <strong>zabave<\/strong> pri\u010da je o \u010dovekovoj potrebi za zajedni\u010dkom rado\u0161\u0107u, ali i o dru\u0161tvenoj evoluciji i emancipaciji pojedinca. Iako su ljudi oduvek te\u017eili okupljanju, odmor i razonoda su se razlikovali i bili su uslovljeni obi\u010dajima sredine, rodnim ulogama i mestom u dru\u0161tvenoj hijerarhiji. U srpskoj umetnosti ove modele pona\u0161anja vidimo na brojnim \u017eanr-kompozicijama. Proslave praznika, porodi\u010dna i li\u010dna slavlja, svadbe i ro\u0111endani, najstariji su vidovi zabave.<\/p>\n<p>U gastronomskoj istoriji evropske kulture, ima li \u0161ta va\u017enije od <strong>vina<\/strong>? Od Ilijade i Odiseje do Biblije, u poeziji, slikarstvu, muzici, na filmu, vino je uvek tu. Kao neizostavan simbol mitolo\u0161kih i religioznih narativa, opa\u017eamo ga od trpeze Bahusa, boga vegetacije, plodnosti i u\u017eivanja, do hri\u0161\u0107anskog se\u0107anja na Hristovu \u017ertvu. U likovnoj umetnost vino \u010desto vidimo i na prikazima berbi gro\u017e\u0111a, gde slatki mirisi fermentacije zaziva putenost, telesna zadovoljstva i zavo\u0111enje, ali i kao detalj kafanskih scena gde ispijanje vina podse\u0107a na poroke i alkoholizam.<\/p>\n<p>Promene u odevanju i razvoj <strong>mode<\/strong> u srpskom dru\u0161tvu mogu se pratiti na brojnim portretima iz XVIII, XIX i XX veka. Predstavljena garderoba, \u0161minka, nakit i drugi aksesoari, kao i poza koju zauzima model, govore o dru\u0161tvenom statusu portretisanih, njihovim te\u017enjama i \u017eeljama. Dok neki ponosno isti\u010du svoj gra\u0111anski kostim, drugi spajaju evropski stil obla\u010denja sa fesom kao nacionalnim obele\u017ejem. Prate se trendovi be\u010dke i pariske mode<\/p>\n\t\t<\/div>\n\t\t\t\t\n<style>\n#col-317028073 > .col-inner {\n  padding: 0px 20px 0px 20px;\n}\n<\/style>\n\t<\/div>\n\n\t\n<\/div>\n<div class=\"row textimgboxnormal\"  id=\"row-1339175628\">\n\n\t<div id=\"col-121245903\" class=\"col medium-4 small-12 large-4\"  data-animate=\"fadeInUp\">\n\t\t\t\t<div class=\"col-inner\"  >\n\t\t\t\n\t\t\t\n\t<div class=\"box has-hover   has-hover box-text-bottom\" >\n\n\t\t<div class=\"box-image\" >\n\t\t\t\t\t\t<div class=\"\" >\n\t\t\t\t<img loading=\"lazy\" decoding=\"async\" width=\"1069\" height=\"1400\" src=\"https:\/\/www.galerijamaticesrpske.rs\/wp-content\/uploads\/2024\/11\/djura-jaksic-mileva-protic-kocic-iz-pozarevca-1866-1869.jpg\" class=\"attachment-original size-original\" alt=\"\u0402\u0443\u0440\u0430-\u0408\u0430\u043a\u0448\u0438\u045b,-\u041c\u0438\u043b\u0435\u0432\u0430-\u041f\u0440\u043e\u0442\u0438\u045b-\u041a\u043e\u0446\u0438\u045b-\u0438\u0437-\u041f\u043e\u0436\u0430\u0440\u0435\u0432\u0446\u0430, 1866-1869.\" srcset=\"https:\/\/www.galerijamaticesrpske.rs\/wp-content\/uploads\/2024\/11\/djura-jaksic-mileva-protic-kocic-iz-pozarevca-1866-1869.jpg 1069w, https:\/\/www.galerijamaticesrpske.rs\/wp-content\/uploads\/2024\/11\/djura-jaksic-mileva-protic-kocic-iz-pozarevca-1866-1869-229x300.jpg 229w, https:\/\/www.galerijamaticesrpske.rs\/wp-content\/uploads\/2024\/11\/djura-jaksic-mileva-protic-kocic-iz-pozarevca-1866-1869-782x1024.jpg 782w, https:\/\/www.galerijamaticesrpske.rs\/wp-content\/uploads\/2024\/11\/djura-jaksic-mileva-protic-kocic-iz-pozarevca-1866-1869-768x1006.jpg 768w\" sizes=\"auto, (max-width: 1069px) 100vw, 1069px\" \/>\t\t\t\t\t\t\t\t\t\t\t<\/div>\n\t\t\t\t\t<\/div>\n\n\t\t<div class=\"box-text text-left\" >\n\t\t\t<div class=\"box-text-inner\">\n\t\t\t\t\n<p>\u0110ura Jak\u0161i\u0107<br \/><em>Mileva Proti\u0107 Koci\u0107 iz Po\u017earevca<\/em>, 1866-1869.<\/p>\n\t\t\t<\/div>\n\t\t<\/div>\n\t<\/div>\n\t\n\t<div id=\"gap-1720471106\" class=\"gap-element clearfix\" style=\"display:block; height:auto;\">\n\t\t\n<style>\n#gap-1720471106 {\n  padding-top: 30px;\n}\n<\/style>\n\t<\/div>\n\t\n\t<div class=\"box has-hover   has-hover box-text-bottom\" >\n\n\t\t<div class=\"box-image\" >\n\t\t\t\t\t\t<div class=\"\" >\n\t\t\t\t<img loading=\"lazy\" decoding=\"async\" width=\"1084\" height=\"1400\" src=\"https:\/\/www.galerijamaticesrpske.rs\/wp-content\/uploads\/2024\/11\/novak-radonjic-bahus-1858.jpg\" class=\"attachment-original size-original\" alt=\"\u041d\u043e\u0432\u0430\u043a-\u0420\u0430\u0434\u043e\u045a\u0438\u045b,-\u0411\u0430\u0445\u0443\u0441,-1858.\" srcset=\"https:\/\/www.galerijamaticesrpske.rs\/wp-content\/uploads\/2024\/11\/novak-radonjic-bahus-1858.jpg 1084w, https:\/\/www.galerijamaticesrpske.rs\/wp-content\/uploads\/2024\/11\/novak-radonjic-bahus-1858-232x300.jpg 232w, https:\/\/www.galerijamaticesrpske.rs\/wp-content\/uploads\/2024\/11\/novak-radonjic-bahus-1858-793x1024.jpg 793w, https:\/\/www.galerijamaticesrpske.rs\/wp-content\/uploads\/2024\/11\/novak-radonjic-bahus-1858-768x992.jpg 768w\" sizes=\"auto, (max-width: 1084px) 100vw, 1084px\" \/>\t\t\t\t\t\t\t\t\t\t\t<\/div>\n\t\t\t\t\t<\/div>\n\n\t\t<div class=\"box-text text-left\" >\n\t\t\t<div class=\"box-text-inner\">\n\t\t\t\t\n<p>Novak Radonji\u0107<br \/><em>Bahus<\/em>, 1858.<\/p>\n\t\t\t<\/div>\n\t\t<\/div>\n\t<\/div>\n\t\n\t<div id=\"gap-158951778\" class=\"gap-element clearfix\" style=\"display:block; height:auto;\">\n\t\t\n<style>\n#gap-158951778 {\n  padding-top: 30px;\n}\n<\/style>\n\t<\/div>\n\t\n\t\t<\/div>\n\t\t\t\t\t<\/div>\n\n\t\n\n\t<div id=\"col-683484996\" class=\"col medium-4 small-12 large-4\"  data-animate=\"fadeInUp\">\n\t\t\t\t<div class=\"col-inner text-left\"  >\n\t\t\t\n\t\t\t\n\t<div class=\"box has-hover   has-hover box-text-bottom\" >\n\n\t\t<div class=\"box-image\" >\n\t\t\t\t\t\t<div class=\"\" >\n\t\t\t\t<img loading=\"lazy\" decoding=\"async\" width=\"1200\" height=\"784\" src=\"https:\/\/www.galerijamaticesrpske.rs\/wp-content\/uploads\/2024\/11\/paja-jovanovic-borba-petlova-oko-1900.jpg\" class=\"attachment-original size-original\" alt=\"\u041f\u0430\u0458\u0430-\u0408\u043e\u0432\u0430\u043d\u043e\u0432\u0438\u045b,-\u0411\u043e\u0440\u0431\u0430-\u043f\u0435\u0442\u043b\u043e\u0432\u0430,-\u043e\u043a\u043e-1900.\" srcset=\"https:\/\/www.galerijamaticesrpske.rs\/wp-content\/uploads\/2024\/11\/paja-jovanovic-borba-petlova-oko-1900.jpg 1200w, https:\/\/www.galerijamaticesrpske.rs\/wp-content\/uploads\/2024\/11\/paja-jovanovic-borba-petlova-oko-1900-300x196.jpg 300w, https:\/\/www.galerijamaticesrpske.rs\/wp-content\/uploads\/2024\/11\/paja-jovanovic-borba-petlova-oko-1900-1024x669.jpg 1024w, https:\/\/www.galerijamaticesrpske.rs\/wp-content\/uploads\/2024\/11\/paja-jovanovic-borba-petlova-oko-1900-768x502.jpg 768w\" sizes=\"auto, (max-width: 1200px) 100vw, 1200px\" \/>\t\t\t\t\t\t\t\t\t\t\t<\/div>\n\t\t\t\t\t<\/div>\n\n\t\t<div class=\"box-text text-left\" >\n\t\t\t<div class=\"box-text-inner\">\n\t\t\t\t\n<p>Paja Jovanovi\u0107<br \/><em>Borba petlova<\/em>, oko 1900.<\/p>\n\t\t\t<\/div>\n\t\t<\/div>\n\t<\/div>\n\t\n\t<div id=\"gap-113192867\" class=\"gap-element clearfix\" style=\"display:block; height:auto;\">\n\t\t\n<style>\n#gap-113192867 {\n  padding-top: 30px;\n}\n<\/style>\n\t<\/div>\n\t\n\t<div class=\"box has-hover   has-hover box-text-bottom\" >\n\n\t\t<div class=\"box-image\" >\n\t\t\t\t\t\t<div class=\"\" >\n\t\t\t\t<img loading=\"lazy\" decoding=\"async\" width=\"1186\" height=\"1400\" src=\"https:\/\/www.galerijamaticesrpske.rs\/wp-content\/uploads\/2024\/11\/jovan-bijelic-portret-ruze-sokic-rodj.-kuzmanovic-1931.jpg\" class=\"attachment-original size-original\" alt=\"\u0408\u043e\u0432\u0430\u043d-\u0411\u0438\u0458\u0435\u043b\u0438\u045b,-\u041f\u043e\u0440\u0442\u0440\u0435\u0442-\u0420\u0443\u0436\u0435-\u0421\u043e\u043a\u0438\u045b-\u0440\u043e\u0452.-\u041a\u0443\u0437\u043c\u0430\u043d\u043e\u0432\u0438\u045b,-1931.\" srcset=\"https:\/\/www.galerijamaticesrpske.rs\/wp-content\/uploads\/2024\/11\/jovan-bijelic-portret-ruze-sokic-rodj.-kuzmanovic-1931.jpg 1186w, https:\/\/www.galerijamaticesrpske.rs\/wp-content\/uploads\/2024\/11\/jovan-bijelic-portret-ruze-sokic-rodj.-kuzmanovic-1931-254x300.jpg 254w, https:\/\/www.galerijamaticesrpske.rs\/wp-content\/uploads\/2024\/11\/jovan-bijelic-portret-ruze-sokic-rodj.-kuzmanovic-1931-867x1024.jpg 867w, https:\/\/www.galerijamaticesrpske.rs\/wp-content\/uploads\/2024\/11\/jovan-bijelic-portret-ruze-sokic-rodj.-kuzmanovic-1931-768x907.jpg 768w\" sizes=\"auto, (max-width: 1186px) 100vw, 1186px\" \/>\t\t\t\t\t\t\t\t\t\t\t<\/div>\n\t\t\t\t\t<\/div>\n\n\t\t<div class=\"box-text text-left\" >\n\t\t\t<div class=\"box-text-inner\">\n\t\t\t\t\n<p>Jovan Bijeli\u0107<br \/><em>Portret Ru\u017ee Soki\u0107 ro\u0111. Kuzmanovi\u0107<\/em>, 1931.<\/p>\n\t\t\t<\/div>\n\t\t<\/div>\n\t<\/div>\n\t\n\t<div id=\"gap-169266514\" class=\"gap-element clearfix\" style=\"display:block; height:auto;\">\n\t\t\n<style>\n#gap-169266514 {\n  padding-top: 30px;\n}\n<\/style>\n\t<\/div>\n\t\n\t<div class=\"box has-hover   has-hover box-text-bottom\" >\n\n\t\t<div class=\"box-image\" >\n\t\t\t\t\t\t<div class=\"\" >\n\t\t\t\t<img loading=\"lazy\" decoding=\"async\" width=\"1200\" height=\"765\" src=\"https:\/\/www.galerijamaticesrpske.rs\/wp-content\/uploads\/2024\/11\/zenska-cipele-svajcarska-sunenvird-oko-1920.jpg\" class=\"attachment-original size-original\" alt=\"\u0416\u0435\u043d\u0441\u043a\u0430-\u0446\u0438\u043f\u0435\u043b\u0435,-\u0428\u0432\u0430\u0458\u0446\u0430\u0440\u0441\u043a\u0430,-\u0428\u0443\u043d\u0435\u043d\u0432\u0438\u0440\u0434,-\u043e\u043a\u043e-1920.\" srcset=\"https:\/\/www.galerijamaticesrpske.rs\/wp-content\/uploads\/2024\/11\/zenska-cipele-svajcarska-sunenvird-oko-1920.jpg 1200w, https:\/\/www.galerijamaticesrpske.rs\/wp-content\/uploads\/2024\/11\/zenska-cipele-svajcarska-sunenvird-oko-1920-300x191.jpg 300w, https:\/\/www.galerijamaticesrpske.rs\/wp-content\/uploads\/2024\/11\/zenska-cipele-svajcarska-sunenvird-oko-1920-1024x653.jpg 1024w, https:\/\/www.galerijamaticesrpske.rs\/wp-content\/uploads\/2024\/11\/zenska-cipele-svajcarska-sunenvird-oko-1920-768x490.jpg 768w\" sizes=\"auto, (max-width: 1200px) 100vw, 1200px\" \/>\t\t\t\t\t\t\t\t\t\t\t<\/div>\n\t\t\t\t\t<\/div>\n\n\t\t<div class=\"box-text text-left\" >\n\t\t\t<div class=\"box-text-inner\">\n\t\t\t\t\n<p><em>\u017denske cipele<\/em>, <br \/>\u0160vajcarska, \u0160unenvird, oko 1920.<\/p>\n\t\t\t<\/div>\n\t\t<\/div>\n\t<\/div>\n\t\n\t\t<\/div>\n\t\t\t\t\t<\/div>\n\n\t\n\n\t<div id=\"col-2042893626\" class=\"col medium-4 small-12 large-4\"  data-animate=\"fadeInUp\">\n\t\t\t\t<div class=\"col-inner text-left\"  >\n\t\t\t\n\t\t\t\n\t<div class=\"box has-hover   has-hover box-text-bottom\" >\n\n\t\t<div class=\"box-image\" >\n\t\t\t\t\t\t<div class=\"\" >\n\t\t\t\t<img loading=\"lazy\" decoding=\"async\" width=\"1150\" height=\"1400\" src=\"https:\/\/www.galerijamaticesrpske.rs\/wp-content\/uploads\/2024\/11\/sava-sumanovic-koncert-u-polju-1925.jpg\" class=\"attachment-original size-original\" alt=\"\u0421\u0430\u0432\u0430-\u0428\u0443\u043c\u0430\u043d\u043e\u0432\u0438\u045b,-\u041a\u043e\u043d\u0446\u0435\u0440\u0442-\u0443-\u043f\u043e\u0459\u0443,-1925.\" srcset=\"https:\/\/www.galerijamaticesrpske.rs\/wp-content\/uploads\/2024\/11\/sava-sumanovic-koncert-u-polju-1925.jpg 1150w, https:\/\/www.galerijamaticesrpske.rs\/wp-content\/uploads\/2024\/11\/sava-sumanovic-koncert-u-polju-1925-246x300.jpg 246w, https:\/\/www.galerijamaticesrpske.rs\/wp-content\/uploads\/2024\/11\/sava-sumanovic-koncert-u-polju-1925-841x1024.jpg 841w, https:\/\/www.galerijamaticesrpske.rs\/wp-content\/uploads\/2024\/11\/sava-sumanovic-koncert-u-polju-1925-768x935.jpg 768w\" sizes=\"auto, (max-width: 1150px) 100vw, 1150px\" \/>\t\t\t\t\t\t\t\t\t\t\t<\/div>\n\t\t\t\t\t<\/div>\n\n\t\t<div class=\"box-text text-left\" >\n\t\t\t<div class=\"box-text-inner\">\n\t\t\t\t\n<p>Sava \u0160umanovi\u0107<br \/><em>Koncert u polju<\/em>, 1925.<\/p>\n\t\t\t<\/div>\n\t\t<\/div>\n\t<\/div>\n\t\n\t<div id=\"gap-862978354\" class=\"gap-element clearfix\" style=\"display:block; height:auto;\">\n\t\t\n<style>\n#gap-862978354 {\n  padding-top: 30px;\n}\n<\/style>\n\t<\/div>\n\t\n\t<div class=\"box has-hover   has-hover box-text-bottom\" >\n\n\t\t<div class=\"box-image\" >\n\t\t\t\t\t\t<div class=\"\" >\n\t\t\t\t<img loading=\"lazy\" decoding=\"async\" width=\"1105\" height=\"1400\" src=\"https:\/\/www.galerijamaticesrpske.rs\/wp-content\/uploads\/2024\/11\/ivan-tabakovic-utakmica-1927.jpg\" class=\"attachment-original size-original\" alt=\"\u0418\u0432\u0430\u043d-\u0422\u0430\u0431\u0430\u043a\u043e\u0432\u0438\u045b,-\u0423\u0442\u0430\u043a\u043c\u0438\u0446\u0430,-1927.\" srcset=\"https:\/\/www.galerijamaticesrpske.rs\/wp-content\/uploads\/2024\/11\/ivan-tabakovic-utakmica-1927.jpg 1105w, https:\/\/www.galerijamaticesrpske.rs\/wp-content\/uploads\/2024\/11\/ivan-tabakovic-utakmica-1927-237x300.jpg 237w, https:\/\/www.galerijamaticesrpske.rs\/wp-content\/uploads\/2024\/11\/ivan-tabakovic-utakmica-1927-808x1024.jpg 808w, https:\/\/www.galerijamaticesrpske.rs\/wp-content\/uploads\/2024\/11\/ivan-tabakovic-utakmica-1927-768x973.jpg 768w\" sizes=\"auto, (max-width: 1105px) 100vw, 1105px\" \/>\t\t\t\t\t\t\t\t\t\t\t<\/div>\n\t\t\t\t\t<\/div>\n\n\t\t<div class=\"box-text text-left\" >\n\t\t\t<div class=\"box-text-inner\">\n\t\t\t\t\n<p>Ivan Tabakovi\u0107<br \/><em>Utakmica<\/em>, 1927.<\/p>\n\t\t\t<\/div>\n\t\t<\/div>\n\t<\/div>\n\t\n\t<div id=\"gap-1591453458\" class=\"gap-element clearfix\" style=\"display:block; height:auto;\">\n\t\t\n<style>\n#gap-1591453458 {\n  padding-top: 30px;\n}\n<\/style>\n\t<\/div>\n\t\n\t\t<\/div>\n\t\t\t\t\t<\/div>\n\n\t\n<\/div>\n\t\t<\/div>\n\n\t\t\n<style>\n#section_29660795 {\n  padding-top: 50px;\n  padding-bottom: 50px;\n  background-color: rgb(246, 246, 246);\n}\n<\/style>\n\t<\/section>\n\t\n\n  <div class=\"banner has-hover\" id=\"banner-1837714080\">\n          <div class=\"banner-inner fill\">\n        <div class=\"banner-bg fill\" >\n                                                \n                    <\/div>\n\t\t\n        <div class=\"banner-layers container\">\n            <div class=\"fill banner-link\"><\/div>            \n\n   <div id=\"text-box-472348171\" class=\"text-box banner-layer x50 md-x50 lg-x50 y10 md-y50 lg-y50 res-text\">\n                                <div class=\"text-box-content text \">\n              \n              <div class=\"text-inner text-center\">\n                  \n\n\t<div id=\"gap-478826652\" class=\"gap-element clearfix hidden398\" style=\"display:block; height:auto;\">\n\t\t\n<style>\n#gap-478826652 {\n  padding-top: 10px;\n}\n<\/style>\n\t<\/div>\n\t\n\n\t<div id=\"text-1595201350\" class=\"text fs16\">\n\t\t\n\n<h2 class=\"title36\">Posetite Galeriju Matice srpske<\/h2>\n<p>Do\u017eivite srpsku umetnost i u\u017eivajte u jedinstvenom ambijentu riznice nacionalne kulture.<\/p>\n\t\t\t<\/div>\n\t\n<a data-animate=\"fadeInUp\" href=\"\/lat\/pretraga-dogadjaja\/\" class=\"button primary is-smaller lowercase maxwidth360\" >\n\t\t<span>Aktuelno u Galeriji<\/span>\n\t<\/a>\n\n\n\t<div id=\"gap-42860479\" class=\"gap-element clearfix\" style=\"display:block; height:auto;\">\n\t\t\n<style>\n#gap-42860479 {\n  padding-top: 10px;\n}\n<\/style>\n\t<\/div>\n\t\n\n\n              <\/div>\n           <\/div>\n                            \n<style>\n#text-box-472348171 {\n  width: 90%;\n}\n#text-box-472348171 .text-box-content {\n  font-size: 100%;\n}\n@media (min-width:550px) {\n  #text-box-472348171 {\n    width: 70%;\n  }\n}\n<\/style>\n    <\/div>\n \n\n        <\/div>\n      <\/div>\n\n            \n<style>\n#banner-1837714080 {\n  padding-top: 210px;\n  background-color: rgb(255, 255, 255);\n}\n@media (min-width:550px) {\n  #banner-1837714080 {\n    padding-top: 320px;\n  }\n}\n<\/style>\n  <\/div>\n\n\n","protected":false},"excerpt":{"rendered":"","protected":false},"author":1,"featured_media":0,"parent":2754,"menu_order":0,"comment_status":"closed","ping_status":"closed","template":"page-blank.php","meta":{"_acf_changed":false,"footnotes":""},"class_list":["post-13908","page","type-page","status-publish","hentry"],"acf":[],"yoast_head":"<!-- This site is optimized with the Yoast SEO plugin v27.3 - https:\/\/yoast.com\/product\/yoast-seo-wordpress\/ -->\n<title>U\u017eitak: Rituali i navike | Galerija Matice srpske<\/title>\n<meta name=\"robots\" content=\"index, follow, max-snippet:-1, max-image-preview:large, max-video-preview:-1\" \/>\n<link rel=\"canonical\" href=\"http:\/\/www.galerijamaticesrpske.rs\/lat\/stalna-postavka-gms\/uzitak-rituali-i-navike\/\" \/>\n<meta property=\"og:locale\" content=\"en_US\" \/>\n<meta property=\"og:type\" content=\"article\" \/>\n<meta property=\"og:title\" content=\"U\u017eitak: Rituali i navike | Galerija Matice srpske\" \/>\n<meta property=\"og:url\" content=\"http:\/\/www.galerijamaticesrpske.rs\/lat\/stalna-postavka-gms\/uzitak-rituali-i-navike\/\" \/>\n<meta property=\"og:site_name\" content=\"Galerija Matice srpske\" \/>\n<meta property=\"article:modified_time\" content=\"2024-11-16T23:09:41+00:00\" \/>\n<meta name=\"twitter:card\" content=\"summary_large_image\" \/>\n<meta name=\"twitter:label1\" content=\"Est. reading time\" \/>\n\t<meta name=\"twitter:data1\" content=\"2 minutes\" \/>\n<script type=\"application\/ld+json\" class=\"yoast-schema-graph\">{\"@context\":\"https:\\\/\\\/schema.org\",\"@graph\":[{\"@type\":\"WebPage\",\"@id\":\"http:\\\/\\\/www.galerijamaticesrpske.rs\\\/lat\\\/stalna-postavka-gms\\\/uzitak-rituali-i-navike\\\/\",\"url\":\"http:\\\/\\\/www.galerijamaticesrpske.rs\\\/lat\\\/stalna-postavka-gms\\\/uzitak-rituali-i-navike\\\/\",\"name\":\"U\u017eitak: Rituali i navike | Galerija Matice srpske\",\"isPartOf\":{\"@id\":\"https:\\\/\\\/www.galerijamaticesrpske.rs\\\/#website\"},\"datePublished\":\"2024-11-14T12:14:08+00:00\",\"dateModified\":\"2024-11-16T23:09:41+00:00\",\"breadcrumb\":{\"@id\":\"http:\\\/\\\/www.galerijamaticesrpske.rs\\\/lat\\\/stalna-postavka-gms\\\/uzitak-rituali-i-navike\\\/#breadcrumb\"},\"inLanguage\":\"sr-LAT\",\"potentialAction\":[{\"@type\":\"ReadAction\",\"target\":[\"http:\\\/\\\/www.galerijamaticesrpske.rs\\\/lat\\\/stalna-postavka-gms\\\/uzitak-rituali-i-navike\\\/\"]}]},{\"@type\":\"BreadcrumbList\",\"@id\":\"http:\\\/\\\/www.galerijamaticesrpske.rs\\\/lat\\\/stalna-postavka-gms\\\/uzitak-rituali-i-navike\\\/#breadcrumb\",\"itemListElement\":[{\"@type\":\"ListItem\",\"position\":1,\"name\":\"\u041f\u043e\u0447\u0435\u0442\u043d\u0430\",\"item\":\"http:\\\/\\\/www.galerijamaticesrpske.rs\\\/lat\\\/\"},{\"@type\":\"ListItem\",\"position\":2,\"name\":\"Stalna postavka\",\"item\":\"https:\\\/\\\/www.galerijamaticesrpske.rs\\\/lat\\\/stalna-postavka-gms\\\/\"},{\"@type\":\"ListItem\",\"position\":3,\"name\":\"U\u017eitak: Rituali i navike\"}]},{\"@type\":\"WebSite\",\"@id\":\"https:\\\/\\\/www.galerijamaticesrpske.rs\\\/#website\",\"url\":\"https:\\\/\\\/www.galerijamaticesrpske.rs\\\/\",\"name\":\"Galerija Matice srpske\",\"description\":\"Muzej srpske nacionalne umetnosti u Novom Sadu\",\"publisher\":{\"@id\":\"https:\\\/\\\/www.galerijamaticesrpske.rs\\\/#organization\"},\"potentialAction\":[{\"@type\":\"SearchAction\",\"target\":{\"@type\":\"EntryPoint\",\"urlTemplate\":\"https:\\\/\\\/www.galerijamaticesrpske.rs\\\/?s={search_term_string}\"},\"query-input\":{\"@type\":\"PropertyValueSpecification\",\"valueRequired\":true,\"valueName\":\"search_term_string\"}}],\"inLanguage\":\"sr-LAT\"},{\"@type\":\"Organization\",\"@id\":\"https:\\\/\\\/www.galerijamaticesrpske.rs\\\/#organization\",\"name\":\"Galerija Matice srpske\",\"url\":\"https:\\\/\\\/www.galerijamaticesrpske.rs\\\/\",\"logo\":{\"@type\":\"ImageObject\",\"inLanguage\":\"sr-LAT\",\"@id\":\"https:\\\/\\\/www.galerijamaticesrpske.rs\\\/#\\\/schema\\\/logo\\\/image\\\/\",\"url\":\"https:\\\/\\\/www.galerijamaticesrpske.rs\\\/wp-content\\\/uploads\\\/2021\\\/01\\\/gms-logo-za-sajt.svg\",\"contentUrl\":\"https:\\\/\\\/www.galerijamaticesrpske.rs\\\/wp-content\\\/uploads\\\/2021\\\/01\\\/gms-logo-za-sajt.svg\",\"width\":1,\"height\":1,\"caption\":\"Galerija Matice srpske\"},\"image\":{\"@id\":\"https:\\\/\\\/www.galerijamaticesrpske.rs\\\/#\\\/schema\\\/logo\\\/image\\\/\"}}]}<\/script>\n<!-- \/ Yoast SEO plugin. -->","yoast_head_json":{"title":"U\u017eitak: Rituali i navike | Galerija Matice srpske","robots":{"index":"index","follow":"follow","max-snippet":"max-snippet:-1","max-image-preview":"max-image-preview:large","max-video-preview":"max-video-preview:-1"},"canonical":"http:\/\/www.galerijamaticesrpske.rs\/lat\/stalna-postavka-gms\/uzitak-rituali-i-navike\/","og_locale":"en_US","og_type":"article","og_title":"U\u017eitak: Rituali i navike | Galerija Matice srpske","og_url":"http:\/\/www.galerijamaticesrpske.rs\/lat\/stalna-postavka-gms\/uzitak-rituali-i-navike\/","og_site_name":"Galerija Matice srpske","article_modified_time":"2024-11-16T23:09:41+00:00","twitter_card":"summary_large_image","twitter_misc":{"Est. reading time":"2 minutes"},"schema":{"@context":"https:\/\/schema.org","@graph":[{"@type":"WebPage","@id":"http:\/\/www.galerijamaticesrpske.rs\/lat\/stalna-postavka-gms\/uzitak-rituali-i-navike\/","url":"http:\/\/www.galerijamaticesrpske.rs\/lat\/stalna-postavka-gms\/uzitak-rituali-i-navike\/","name":"U\u017eitak: Rituali i navike | Galerija Matice srpske","isPartOf":{"@id":"https:\/\/www.galerijamaticesrpske.rs\/#website"},"datePublished":"2024-11-14T12:14:08+00:00","dateModified":"2024-11-16T23:09:41+00:00","breadcrumb":{"@id":"http:\/\/www.galerijamaticesrpske.rs\/lat\/stalna-postavka-gms\/uzitak-rituali-i-navike\/#breadcrumb"},"inLanguage":"sr-LAT","potentialAction":[{"@type":"ReadAction","target":["http:\/\/www.galerijamaticesrpske.rs\/lat\/stalna-postavka-gms\/uzitak-rituali-i-navike\/"]}]},{"@type":"BreadcrumbList","@id":"http:\/\/www.galerijamaticesrpske.rs\/lat\/stalna-postavka-gms\/uzitak-rituali-i-navike\/#breadcrumb","itemListElement":[{"@type":"ListItem","position":1,"name":"\u041f\u043e\u0447\u0435\u0442\u043d\u0430","item":"http:\/\/www.galerijamaticesrpske.rs\/lat\/"},{"@type":"ListItem","position":2,"name":"Stalna postavka","item":"https:\/\/www.galerijamaticesrpske.rs\/lat\/stalna-postavka-gms\/"},{"@type":"ListItem","position":3,"name":"U\u017eitak: Rituali i navike"}]},{"@type":"WebSite","@id":"https:\/\/www.galerijamaticesrpske.rs\/#website","url":"https:\/\/www.galerijamaticesrpske.rs\/","name":"Galerija Matice srpske","description":"Muzej srpske nacionalne umetnosti u Novom Sadu","publisher":{"@id":"https:\/\/www.galerijamaticesrpske.rs\/#organization"},"potentialAction":[{"@type":"SearchAction","target":{"@type":"EntryPoint","urlTemplate":"https:\/\/www.galerijamaticesrpske.rs\/?s={search_term_string}"},"query-input":{"@type":"PropertyValueSpecification","valueRequired":true,"valueName":"search_term_string"}}],"inLanguage":"sr-LAT"},{"@type":"Organization","@id":"https:\/\/www.galerijamaticesrpske.rs\/#organization","name":"Galerija Matice srpske","url":"https:\/\/www.galerijamaticesrpske.rs\/","logo":{"@type":"ImageObject","inLanguage":"sr-LAT","@id":"https:\/\/www.galerijamaticesrpske.rs\/#\/schema\/logo\/image\/","url":"https:\/\/www.galerijamaticesrpske.rs\/wp-content\/uploads\/2021\/01\/gms-logo-za-sajt.svg","contentUrl":"https:\/\/www.galerijamaticesrpske.rs\/wp-content\/uploads\/2021\/01\/gms-logo-za-sajt.svg","width":1,"height":1,"caption":"Galerija Matice srpske"},"image":{"@id":"https:\/\/www.galerijamaticesrpske.rs\/#\/schema\/logo\/image\/"}}]}},"_links":{"self":[{"href":"https:\/\/www.galerijamaticesrpske.rs\/lat\/wp-json\/wp\/v2\/pages\/13908","targetHints":{"allow":["GET"]}}],"collection":[{"href":"https:\/\/www.galerijamaticesrpske.rs\/lat\/wp-json\/wp\/v2\/pages"}],"about":[{"href":"https:\/\/www.galerijamaticesrpske.rs\/lat\/wp-json\/wp\/v2\/types\/page"}],"author":[{"embeddable":true,"href":"https:\/\/www.galerijamaticesrpske.rs\/lat\/wp-json\/wp\/v2\/users\/1"}],"replies":[{"embeddable":true,"href":"https:\/\/www.galerijamaticesrpske.rs\/lat\/wp-json\/wp\/v2\/comments?post=13908"}],"version-history":[{"count":1,"href":"https:\/\/www.galerijamaticesrpske.rs\/lat\/wp-json\/wp\/v2\/pages\/13908\/revisions"}],"predecessor-version":[{"id":13909,"href":"https:\/\/www.galerijamaticesrpske.rs\/lat\/wp-json\/wp\/v2\/pages\/13908\/revisions\/13909"}],"up":[{"embeddable":true,"href":"https:\/\/www.galerijamaticesrpske.rs\/lat\/wp-json\/wp\/v2\/pages\/2754"}],"wp:attachment":[{"href":"https:\/\/www.galerijamaticesrpske.rs\/lat\/wp-json\/wp\/v2\/media?parent=13908"}],"curies":[{"name":"wp","href":"https:\/\/api.w.org\/{rel}","templated":true}]}}