{"id":2703,"date":"2021-01-14T23:26:34","date_gmt":"2021-01-14T23:26:34","guid":{"rendered":"http:\/\/www.galerijamaticesrpske.rs\/akvizicije\/"},"modified":"2026-03-03T13:31:10","modified_gmt":"2026-03-03T13:31:10","slug":"akvizicije","status":"publish","type":"page","link":"https:\/\/www.galerijamaticesrpske.rs\/lat\/akvizicije\/","title":{"rendered":"Nove akvizicije"},"content":{"rendered":"\n\t<section class=\"section pb0\" id=\"section_132347822\">\n\t\t<div class=\"section-bg fill\" >\n\t\t\t\t\t\t\t\t\t\n\t\t\t\n\n\t\t<\/div>\n\n\t\t\n\n\t\t<div class=\"section-content relative\">\n\t\t\t\n<div class=\"row\"  id=\"row-1819008954\">\n\n\t<div id=\"col-425552022\" class=\"col small-12 large-12\"  >\n\t\t\t\t<div class=\"col-inner text-center\"  >\n\t\t\t\n\t\t\t\n\t<div class=\"img has-hover maxwidth80 x md-x lg-x y md-y lg-y\" id=\"image_1955691820\">\n\t\t\t\t\t\t\t\t<div class=\"img-inner dark\" style=\"margin:0px 0px 0 0px;\">\n\t\t\t<img decoding=\"async\" src=\"https:\/\/www.galerijamaticesrpske.rs\/wp-content\/uploads\/2020\/12\/gms-icon_blck.svg\" class=\"attachment-original size-original\" alt=\"GMS | icon\" \/>\t\t\t\t\t\t\n\t\t\t\t\t<\/div>\n\t\t\t\t\t\t\t\t\n<style>\n#image_1955691820 {\n  width: 100%;\n}\n<\/style>\n\t<\/div>\n\t\n\t<div id=\"text-3372465742\" class=\"text\">\n\t\t\n<h2 class=\"title36\">Nove akvizicije<\/h2>\n<p class=\"quotetxt\">Uve\u0107avanje, odnosno razvoj kolekcije jedna je od osnovnih aktivnosti svakog muzeja.<\/p>\n\t\t\n<style>\n#text-3372465742 {\n  text-align: center;\n}\n<\/style>\n\t<\/div>\n\t\n\t\t<\/div>\n\t\t\t\t\n<style>\n#col-425552022 > .col-inner {\n  margin: 0px 0px 40px 0px;\n}\n<\/style>\n\t<\/div>\n\n\t\n<\/div>\n<div class=\"row align-middle\"  id=\"row-1147669113\">\n\n\t<div id=\"col-68995848\" class=\"col medium-6 small-12 large-6\"  >\n\t\t\t\t<div class=\"col-inner\"  >\n\t\t\t\n\t\t\t\n<p>Kolekcija Galerije Matice srpske se iz godine u godinu oboga\u0107uje najrazli\u010ditijim umetni\u010dkim predmetima koji predstavljaju zna\u010dajno nacionalno umetni\u010dko i kulturno nasle\u0111e.<\/p>\n<p>Strategija akvizicija Galerije po\u010diva na slede\u0107im ciljevima: obogatiti kolekciju sa reprezentativnim umetni\u010dkim delima i studijskim materijalom, ravnomerno popunjavati sve zbirke u hronolo\u0161kim okvirima i po vrstama materijala, a istovremeno, u duhu tradicije Matice srpske i Galerije Matice srpske, svesrdno primati pojedina\u010dne poklone i zave\u0161tanja i vr\u0161iti odabir poklon-zbirki autora zna\u010dajnih za savremenu umetni\u010dku produkciju.<\/p>\n<p>O delima koja \u0107e biti prinovljena odlu\u010duje Komisija za akvizicije koja se sastaje nekoliko puta godi\u0161nje, a \u010dine je stru\u010dnjaci \u2013 kustosi i konzervatori Galerije Matice srpske.<\/p>\n\t\t<\/div>\n\t\t\t\t\n<style>\n#col-68995848 > .col-inner {\n  padding: 0px 20px 0px 20px;\n}\n<\/style>\n\t<\/div>\n\n\t\n\n\t<div id=\"col-1032224007\" class=\"col medium-6 small-12 large-6\"  >\n\t\t\t\t<div class=\"col-inner text-center\"  >\n\t\t\t\n\t\t\t\n\t<div class=\"img has-hover x md-x lg-x y md-y lg-y\" id=\"image_175425653\">\n\t\t\t\t\t\t<div data-animate=\"fadeInRight\">\t\t<div class=\"img-inner dark\" >\n\t\t\t<img loading=\"lazy\" decoding=\"async\" width=\"1920\" height=\"1280\" src=\"https:\/\/www.galerijamaticesrpske.rs\/wp-content\/uploads\/2021\/01\/20.-vek.jpg\" class=\"attachment-original size-original\" alt=\"\u041c\u043e\u0434\u0435\u0440\u043d\u0438\u0437\u043c\u0438 \u2013 \u043a\u043e\u043d\u0442\u0438\u043d\u0443\u0438\u0442\u0435\u0442\u0438 \u0438 \u0441\u0443\u0447\u0435\u0459\u0430\u0432\u0430\u045a\u0430\" srcset=\"https:\/\/www.galerijamaticesrpske.rs\/wp-content\/uploads\/2021\/01\/20.-vek.jpg 1920w, https:\/\/www.galerijamaticesrpske.rs\/wp-content\/uploads\/2021\/01\/20.-vek-300x200.jpg 300w, https:\/\/www.galerijamaticesrpske.rs\/wp-content\/uploads\/2021\/01\/20.-vek-1024x683.jpg 1024w, https:\/\/www.galerijamaticesrpske.rs\/wp-content\/uploads\/2021\/01\/20.-vek-768x512.jpg 768w, https:\/\/www.galerijamaticesrpske.rs\/wp-content\/uploads\/2021\/01\/20.-vek-1536x1024.jpg 1536w\" sizes=\"auto, (max-width: 1920px) 100vw, 1920px\" \/>\t\t\t\t\t\t\n\t\t\t\t\t<\/div>\n\t\t<\/div>\t\t\t\t\t\t\n<style>\n#image_175425653 {\n  width: 100%;\n}\n<\/style>\n\t<\/div>\n\t\n\t\t<\/div>\n\t\t\t\t\n<style>\n#col-1032224007 > .col-inner {\n  padding: 0px 20px 10px 20px;\n}\n<\/style>\n\t<\/div>\n\n\t\n<\/div>\n\t\t<\/div>\n\n\t\t\n<style>\n#section_132347822 {\n  padding-top: 50px;\n  padding-bottom: 50px;\n  background-color: rgb(246, 246, 246);\n}\n<\/style>\n\t<\/section>\n\t\n\n\t<section class=\"section\" id=\"section_125674273\">\n\t\t<div class=\"section-bg fill\" >\n\t\t\t\t\t\t\t\t\t\n\t\t\t\n\n\t\t<\/div>\n\n\t\t\n\n\t\t<div class=\"section-content relative\">\n\t\t\t\n<div class=\"row align-middle align-center\"  id=\"row-538392635\">\n\n\t<div id=\"col-1890501739\" class=\"col maxwidth800 small-12 large-12\"  >\n\t\t\t\t<div class=\"col-inner text-center\"  >\n\t\t\t\n\t\t\t\n<h2 class=\"title28\">Ponudite umetni\u010dko delo<\/h2>\n<p>Ukoliko \u017eelite da ponudite umetni\u010dko delo na otkup ili poklon, obratite se na <a href=\"mailto:info@galerijamaticesrpske.rs\">info@galerijamaticesrpske.rs<\/a> ili +381 21 4899 023.<\/p>\n\t\t<\/div>\n\t\t\t\t\n<style>\n#col-1890501739 > .col-inner {\n  padding: 0px 20px 0px 20px;\n}\n<\/style>\n\t<\/div>\n\n\t\n\n<style>\n#row-538392635 > .col > .col-inner {\n  padding: 30px 0px 0px 0px;\n  background-color: rgb(255, 255, 255);\n}\n<\/style>\n<\/div>\n\t\t<\/div>\n\n\t\t\n<style>\n#section_125674273 {\n  padding-top: 30px;\n  padding-bottom: 30px;\n  background-color: rgb(255, 255, 255);\n}\n<\/style>\n\t<\/section>\n\t\n\n\t<section class=\"section\" id=\"section_979224999\">\n\t\t<div class=\"section-bg fill\" >\n\t\t\t\t\t\t\t\t\t\n\t\t\t\n\n\t\t<\/div>\n\n\t\t\n\n\t\t<div class=\"section-content relative\">\n\t\t\t\n<div class=\"row align-middle align-center\"  id=\"row-1920140672\">\n\n\t<div id=\"col-1223272635\" class=\"col medium-6 small-12 large-6\"  >\n\t\t\t\t<div class=\"col-inner\"  >\n\t\t\t\n\t\t\t\n\t<div class=\"img has-hover x md-x lg-x y md-y lg-y\" id=\"image_358961122\">\n\t\t<a class=\"\" href=\"https:\/\/www.galerijamaticesrpske.rs\/lat\/nove-akvizicije\/\" >\t\t\t\t<div data-animate=\"fadeInUp\">\t\t<div class=\"img-inner dark\" >\n\t\t\t<img loading=\"lazy\" decoding=\"async\" width=\"1020\" height=\"689\" src=\"https:\/\/www.galerijamaticesrpske.rs\/wp-content\/uploads\/2021\/02\/joansofija-joanovic-bekes-1024x692.jpg\" class=\"attachment-large size-large\" alt=\"\u041f\u043e\u0440\u0442\u0440\u0435\u0442\u0438 \u0408\u043e\u0430\u043d\u0430 \u0438 \u0421\u043e\u0444\u0438\u0458\u0435 \u0408\u043e\u0430\u043d\u043e\u0432\u0438\u045b-\u0411\u0435\u043a\u0435\u0448\" srcset=\"https:\/\/www.galerijamaticesrpske.rs\/wp-content\/uploads\/2021\/02\/joansofija-joanovic-bekes-1024x692.jpg 1024w, https:\/\/www.galerijamaticesrpske.rs\/wp-content\/uploads\/2021\/02\/joansofija-joanovic-bekes-300x203.jpg 300w, https:\/\/www.galerijamaticesrpske.rs\/wp-content\/uploads\/2021\/02\/joansofija-joanovic-bekes-768x519.jpg 768w, https:\/\/www.galerijamaticesrpske.rs\/wp-content\/uploads\/2021\/02\/joansofija-joanovic-bekes.jpg 1420w\" sizes=\"auto, (max-width: 1020px) 100vw, 1020px\" \/>\t\t\t\t\t\t\n\t\t\t\t\t<\/div>\n\t\t<\/div>\t\t\t\t<\/a>\t\t\n<style>\n#image_358961122 {\n  width: 100%;\n}\n<\/style>\n\t<\/div>\n\t\n\t\t<\/div>\n\t\t\t\t\n<style>\n#col-1223272635 > .col-inner {\n  padding: 0px 20px 0px 20px;\n}\n<\/style>\n\t<\/div>\n\n\t\n\n\t<div id=\"col-853602319\" class=\"col medium-6 small-12 large-6\"  >\n\t\t\t\t<div class=\"col-inner\"  >\n\t\t\t\n\t\t\t\n<h3 class=\"title28 playtitle\">Nova dela u kolekciji<\/h3>\n<p>Pogledajte kojim smo delima obogatili na\u0161u kolekciju u protekloj godini.<\/p>\n<a data-animate=\"fadeInUp\" href=\"https:\/\/www.galerijamaticesrpske.rs\/lat\/nove-akvizicije\/\" class=\"button primary is-small\" >\n\t\t<span>Vi\u0161e o novim akvizicijama<\/span>\n\t<\/a>\n\n\t\t<\/div>\n\t\t\t\t\n<style>\n#col-853602319 > .col-inner {\n  padding: 0px 20px 0px 20px;\n}\n<\/style>\n\t<\/div>\n\n\t\n<\/div>\n\t\t<\/div>\n\n\t\t\n<style>\n#section_979224999 {\n  padding-top: 30px;\n  padding-bottom: 30px;\n  background-color: rgb(246, 246, 246);\n}\n<\/style>\n\t<\/section>\n\t\n","protected":false},"excerpt":{"rendered":"","protected":false},"author":1,"featured_media":0,"parent":0,"menu_order":0,"comment_status":"closed","ping_status":"closed","template":"page-blank.php","meta":{"_acf_changed":false,"footnotes":""},"class_list":["post-2703","page","type-page","status-publish","hentry"],"acf":[],"yoast_head":"<!-- This site is optimized with the Yoast SEO plugin v27.3 - https:\/\/yoast.com\/product\/yoast-seo-wordpress\/ -->\n<title>Nove akvizicije | Galerija Matice srpske<\/title>\n<meta name=\"robots\" content=\"index, follow, max-snippet:-1, max-image-preview:large, max-video-preview:-1\" \/>\n<link rel=\"canonical\" href=\"http:\/\/www.galerijamaticesrpske.rs\/lat\/akvizicije\/\" \/>\n<meta property=\"og:locale\" content=\"en_US\" \/>\n<meta property=\"og:type\" content=\"article\" \/>\n<meta property=\"og:title\" content=\"Nove akvizicije | Galerija Matice srpske\" \/>\n<meta property=\"og:url\" content=\"http:\/\/www.galerijamaticesrpske.rs\/lat\/akvizicije\/\" \/>\n<meta property=\"og:site_name\" content=\"Galerija Matice srpske\" \/>\n<meta property=\"article:modified_time\" content=\"2026-03-03T13:31:10+00:00\" \/>\n<meta name=\"twitter:card\" content=\"summary_large_image\" \/>\n<meta name=\"twitter:label1\" content=\"Est. reading time\" \/>\n\t<meta name=\"twitter:data1\" content=\"2 minutes\" \/>\n<script type=\"application\/ld+json\" class=\"yoast-schema-graph\">{\"@context\":\"https:\\\/\\\/schema.org\",\"@graph\":[{\"@type\":\"WebPage\",\"@id\":\"http:\\\/\\\/www.galerijamaticesrpske.rs\\\/lat\\\/akvizicije\\\/\",\"url\":\"http:\\\/\\\/www.galerijamaticesrpske.rs\\\/lat\\\/akvizicije\\\/\",\"name\":\"Nove akvizicije | Galerija Matice srpske\",\"isPartOf\":{\"@id\":\"https:\\\/\\\/www.galerijamaticesrpske.rs\\\/#website\"},\"datePublished\":\"2021-01-14T23:26:34+00:00\",\"dateModified\":\"2026-03-03T13:31:10+00:00\",\"breadcrumb\":{\"@id\":\"http:\\\/\\\/www.galerijamaticesrpske.rs\\\/lat\\\/akvizicije\\\/#breadcrumb\"},\"inLanguage\":\"sr-LAT\",\"potentialAction\":[{\"@type\":\"ReadAction\",\"target\":[\"http:\\\/\\\/www.galerijamaticesrpske.rs\\\/lat\\\/akvizicije\\\/\"]}]},{\"@type\":\"BreadcrumbList\",\"@id\":\"http:\\\/\\\/www.galerijamaticesrpske.rs\\\/lat\\\/akvizicije\\\/#breadcrumb\",\"itemListElement\":[{\"@type\":\"ListItem\",\"position\":1,\"name\":\"\u041f\u043e\u0447\u0435\u0442\u043d\u0430\",\"item\":\"http:\\\/\\\/www.galerijamaticesrpske.rs\\\/lat\\\/\"},{\"@type\":\"ListItem\",\"position\":2,\"name\":\"Nove akvizicije\"}]},{\"@type\":\"WebSite\",\"@id\":\"https:\\\/\\\/www.galerijamaticesrpske.rs\\\/#website\",\"url\":\"https:\\\/\\\/www.galerijamaticesrpske.rs\\\/\",\"name\":\"Galerija Matice srpske\",\"description\":\"Muzej srpske nacionalne umetnosti u Novom Sadu\",\"publisher\":{\"@id\":\"https:\\\/\\\/www.galerijamaticesrpske.rs\\\/#organization\"},\"potentialAction\":[{\"@type\":\"SearchAction\",\"target\":{\"@type\":\"EntryPoint\",\"urlTemplate\":\"https:\\\/\\\/www.galerijamaticesrpske.rs\\\/?s={search_term_string}\"},\"query-input\":{\"@type\":\"PropertyValueSpecification\",\"valueRequired\":true,\"valueName\":\"search_term_string\"}}],\"inLanguage\":\"sr-LAT\"},{\"@type\":\"Organization\",\"@id\":\"https:\\\/\\\/www.galerijamaticesrpske.rs\\\/#organization\",\"name\":\"Galerija Matice srpske\",\"url\":\"https:\\\/\\\/www.galerijamaticesrpske.rs\\\/\",\"logo\":{\"@type\":\"ImageObject\",\"inLanguage\":\"sr-LAT\",\"@id\":\"https:\\\/\\\/www.galerijamaticesrpske.rs\\\/#\\\/schema\\\/logo\\\/image\\\/\",\"url\":\"https:\\\/\\\/www.galerijamaticesrpske.rs\\\/wp-content\\\/uploads\\\/2021\\\/01\\\/gms-logo-za-sajt.svg\",\"contentUrl\":\"https:\\\/\\\/www.galerijamaticesrpske.rs\\\/wp-content\\\/uploads\\\/2021\\\/01\\\/gms-logo-za-sajt.svg\",\"width\":1,\"height\":1,\"caption\":\"Galerija Matice srpske\"},\"image\":{\"@id\":\"https:\\\/\\\/www.galerijamaticesrpske.rs\\\/#\\\/schema\\\/logo\\\/image\\\/\"}}]}<\/script>\n<!-- \/ Yoast SEO plugin. -->","yoast_head_json":{"title":"Nove akvizicije | Galerija Matice srpske","robots":{"index":"index","follow":"follow","max-snippet":"max-snippet:-1","max-image-preview":"max-image-preview:large","max-video-preview":"max-video-preview:-1"},"canonical":"http:\/\/www.galerijamaticesrpske.rs\/lat\/akvizicije\/","og_locale":"en_US","og_type":"article","og_title":"Nove akvizicije | Galerija Matice srpske","og_url":"http:\/\/www.galerijamaticesrpske.rs\/lat\/akvizicije\/","og_site_name":"Galerija Matice srpske","article_modified_time":"2026-03-03T13:31:10+00:00","twitter_card":"summary_large_image","twitter_misc":{"Est. reading time":"2 minutes"},"schema":{"@context":"https:\/\/schema.org","@graph":[{"@type":"WebPage","@id":"http:\/\/www.galerijamaticesrpske.rs\/lat\/akvizicije\/","url":"http:\/\/www.galerijamaticesrpske.rs\/lat\/akvizicije\/","name":"Nove akvizicije | Galerija Matice srpske","isPartOf":{"@id":"https:\/\/www.galerijamaticesrpske.rs\/#website"},"datePublished":"2021-01-14T23:26:34+00:00","dateModified":"2026-03-03T13:31:10+00:00","breadcrumb":{"@id":"http:\/\/www.galerijamaticesrpske.rs\/lat\/akvizicije\/#breadcrumb"},"inLanguage":"sr-LAT","potentialAction":[{"@type":"ReadAction","target":["http:\/\/www.galerijamaticesrpske.rs\/lat\/akvizicije\/"]}]},{"@type":"BreadcrumbList","@id":"http:\/\/www.galerijamaticesrpske.rs\/lat\/akvizicije\/#breadcrumb","itemListElement":[{"@type":"ListItem","position":1,"name":"\u041f\u043e\u0447\u0435\u0442\u043d\u0430","item":"http:\/\/www.galerijamaticesrpske.rs\/lat\/"},{"@type":"ListItem","position":2,"name":"Nove akvizicije"}]},{"@type":"WebSite","@id":"https:\/\/www.galerijamaticesrpske.rs\/#website","url":"https:\/\/www.galerijamaticesrpske.rs\/","name":"Galerija Matice srpske","description":"Muzej srpske nacionalne umetnosti u Novom Sadu","publisher":{"@id":"https:\/\/www.galerijamaticesrpske.rs\/#organization"},"potentialAction":[{"@type":"SearchAction","target":{"@type":"EntryPoint","urlTemplate":"https:\/\/www.galerijamaticesrpske.rs\/?s={search_term_string}"},"query-input":{"@type":"PropertyValueSpecification","valueRequired":true,"valueName":"search_term_string"}}],"inLanguage":"sr-LAT"},{"@type":"Organization","@id":"https:\/\/www.galerijamaticesrpske.rs\/#organization","name":"Galerija Matice srpske","url":"https:\/\/www.galerijamaticesrpske.rs\/","logo":{"@type":"ImageObject","inLanguage":"sr-LAT","@id":"https:\/\/www.galerijamaticesrpske.rs\/#\/schema\/logo\/image\/","url":"https:\/\/www.galerijamaticesrpske.rs\/wp-content\/uploads\/2021\/01\/gms-logo-za-sajt.svg","contentUrl":"https:\/\/www.galerijamaticesrpske.rs\/wp-content\/uploads\/2021\/01\/gms-logo-za-sajt.svg","width":1,"height":1,"caption":"Galerija Matice srpske"},"image":{"@id":"https:\/\/www.galerijamaticesrpske.rs\/#\/schema\/logo\/image\/"}}]}},"_links":{"self":[{"href":"https:\/\/www.galerijamaticesrpske.rs\/lat\/wp-json\/wp\/v2\/pages\/2703","targetHints":{"allow":["GET"]}}],"collection":[{"href":"https:\/\/www.galerijamaticesrpske.rs\/lat\/wp-json\/wp\/v2\/pages"}],"about":[{"href":"https:\/\/www.galerijamaticesrpske.rs\/lat\/wp-json\/wp\/v2\/types\/page"}],"author":[{"embeddable":true,"href":"https:\/\/www.galerijamaticesrpske.rs\/lat\/wp-json\/wp\/v2\/users\/1"}],"replies":[{"embeddable":true,"href":"https:\/\/www.galerijamaticesrpske.rs\/lat\/wp-json\/wp\/v2\/comments?post=2703"}],"version-history":[{"count":5,"href":"https:\/\/www.galerijamaticesrpske.rs\/lat\/wp-json\/wp\/v2\/pages\/2703\/revisions"}],"predecessor-version":[{"id":16386,"href":"https:\/\/www.galerijamaticesrpske.rs\/lat\/wp-json\/wp\/v2\/pages\/2703\/revisions\/16386"}],"wp:attachment":[{"href":"https:\/\/www.galerijamaticesrpske.rs\/lat\/wp-json\/wp\/v2\/media?parent=2703"}],"curies":[{"name":"wp","href":"https:\/\/api.w.org\/{rel}","templated":true}]}}