{"id":2748,"date":"2021-02-07T10:43:35","date_gmt":"2021-02-07T10:43:35","guid":{"rendered":"https:\/\/www.galerijamaticesrpske.rs\/istrazite-galeriju\/"},"modified":"2025-01-15T11:01:27","modified_gmt":"2025-01-15T11:01:27","slug":"istrazite-galeriju","status":"publish","type":"page","link":"https:\/\/www.galerijamaticesrpske.rs\/lat\/istrazite-galeriju\/","title":{"rendered":"Istra\u017eite Galeriju"},"content":{"rendered":"<div class=\"slider-wrapper relative\" id=\"slider-835586924\" >\n    <div class=\"slider slider-nav-circle slider-nav-large slider-nav-light slider-style-normal\"\n        data-flickity-options='{\n            \"cellAlign\": \"center\",\n            \"imagesLoaded\": true,\n            \"lazyLoad\": 1,\n            \"freeScroll\": false,\n            \"wrapAround\": true,\n            \"autoPlay\": 6000,\n            \"pauseAutoPlayOnHover\" : true,\n            \"prevNextButtons\": false,\n            \"contain\" : true,\n            \"adaptiveHeight\" : true,\n            \"dragThreshold\" : 10,\n            \"percentPosition\": true,\n            \"pageDots\": false,\n            \"rightToLeft\": false,\n            \"draggable\": true,\n            \"selectedAttraction\": 0.1,\n            \"parallax\" : 0,\n            \"friction\": 0.6        }'\n        >\n        \n\n  <div class=\"banner has-hover withanimation\" id=\"banner-1581488233\">\n          <div class=\"banner-inner fill\">\n        <div class=\"banner-bg fill\" >\n            <img loading=\"lazy\" decoding=\"async\" width=\"1920\" height=\"1280\" src=\"https:\/\/www.galerijamaticesrpske.rs\/wp-content\/uploads\/2021\/02\/istrazite-galeriju_gl.-foto-1920.jpg\" class=\"bg attachment-original size-original\" alt=\"\" \/>                        <div class=\"overlay\"><\/div>            \n                    <\/div>\n\t\t\n        <div class=\"banner-layers container\">\n            <div class=\"fill banner-link\"><\/div>            \n   <div id=\"text-box-13487886\" class=\"text-box banner-layer x50 md-x10 lg-x10 y50 md-y50 lg-y50 res-text\">\n                     <div data-animate=\"fadeInLeft\">           <div class=\"text-box-content text dark\">\n              \n              <div class=\"text-inner text-left\">\n                  \n\t<div id=\"text-2688219694\" class=\"text maxwidthtxtbox\">\n\t\t\n<h2 class=\"uppercase mb0\" data-animate=\"fadeInLeft\" data-animated=\"true\">Istra\u017eite<\/h2>\n<h2 class=\"uppercase mt0\">Galeriju<\/h2>\n<p data-animate=\"fadeInLeft\" data-animated=\"true\">Posetite nas, u\u017eivajte u prijatnoj atmosferi i do\u017eivite umetnost na najbolji mogu\u0107i na\u010din.<\/p>\n\t\t\t<\/div>\n\t\n              <\/div>\n           <\/div>\n       <\/div>                     \n<style>\n#text-box-13487886 {\n  width: 85%;\n}\n#text-box-13487886 .text-box-content {\n  font-size: 100%;\n}\n@media (min-width:550px) {\n  #text-box-13487886 {\n    width: 40%;\n  }\n}\n<\/style>\n    <\/div>\n \n        <\/div>\n      <\/div>\n\n            \n<style>\n#banner-1581488233 {\n  padding-top: 600px;\n}\n#banner-1581488233 .overlay {\n  background-color: rgba(0, 0, 0, 0.03);\n}\n#banner-1581488233 .banner-bg img {\n  object-position: 0% 70%;\n}\n<\/style>\n  <\/div>\n\n\n     <\/div>\n\n     <div class=\"loading-spin dark large centered\"><\/div>\n\n\t<\/div>\n\n\n\n\t<section class=\"section\" id=\"section_32429887\">\n\t\t<div class=\"section-bg fill\" >\n\t\t\t\t\t\t\t\t\t\n\t\t\t\n\n\t\t<\/div>\n\n\t\t\n\n\t\t<div class=\"section-content relative\">\n\t\t\t\n<div class=\"row align-center mt10\"  id=\"row-471705175\">\n\n\t<div id=\"col-1779010176\" class=\"col medium-3 small-12 large-3\"  >\n\t\t\t\t<div class=\"col-inner\"  >\n\t\t\t\n\t\t\t\n<p><a href=\"#grupnaposeta\">Grupna poseta<\/a><\/p>\n<hr \/>\n<p><a href=\"#porodicna\">Porodi\u010dna poseta<\/a><\/p>\n<hr \/>\n<p><a href=\"#dodatno\">Za bolje iskustvo<\/a><\/p>\n<hr \/>\n<p><a href=\"#dozivium\">Mobilna aplikacija <em>Do\u017eivi umetnost<\/em><br \/><\/a><\/p>\n<hr \/>\n<p><a href=\"#prepustise\">Prepusti se umetnosti<br \/><\/a><\/p>\n<hr \/>\n<p><a href=\"\/lat\/zakazite-posetu\/\">Zaka\u017eite grupnu posetu<\/a><\/p>\n<hr \/>\n<p><a href=\"\/lat\/informacije\/#radnovreme\">Radno vreme i ulaznice<\/a><\/p>\n\t\t<\/div>\n\t\t\t\t\n<style>\n#col-1779010176 > .col-inner {\n  padding: 0px 20px 0px 20px;\n}\n<\/style>\n\t<\/div>\n\n\t\n\n\t<div id=\"col-1822510860\" class=\"col medium-7 small-12 large-7\"  >\n\t\t\t\t<div class=\"col-inner\"  >\n\t\t\t\n\t\t\t\n<span class=\"scroll-to\" data-label=\"Scroll to: #grupnaposeta\" data-bullet=\"false\" data-link=\"#grupnaposeta\" data-title=\"grupnaposeta\"><a name=\"grupnaposeta\"><\/a><\/span>\n<p class=\"title21\"><strong>Grupna poseta<\/strong><\/p>\n\t<div class=\"img has-hover x md-x lg-x y md-y lg-y\" id=\"image_1152248988\">\n\t\t\t\t\t\t<div data-animate=\"fadeInRight\">\t\t<div class=\"img-inner dark\" >\n\t\t\t<img loading=\"lazy\" decoding=\"async\" width=\"1020\" height=\"532\" src=\"https:\/\/www.galerijamaticesrpske.rs\/wp-content\/uploads\/2021\/02\/1400x730_grupna-poseta-1024x534.jpg\" class=\"attachment-large size-large\" alt=\"\u0413\u0440\u0443\u043f\u043d\u0430 \u043f\u043e\u0441\u0435\u0442\u0430\" srcset=\"https:\/\/www.galerijamaticesrpske.rs\/wp-content\/uploads\/2021\/02\/1400x730_grupna-poseta-1024x534.jpg 1024w, https:\/\/www.galerijamaticesrpske.rs\/wp-content\/uploads\/2021\/02\/1400x730_grupna-poseta-300x156.jpg 300w, https:\/\/www.galerijamaticesrpske.rs\/wp-content\/uploads\/2021\/02\/1400x730_grupna-poseta-768x400.jpg 768w, https:\/\/www.galerijamaticesrpske.rs\/wp-content\/uploads\/2021\/02\/1400x730_grupna-poseta.jpg 1400w\" sizes=\"auto, (max-width: 1020px) 100vw, 1020px\" \/>\t\t\t\t\t\t\n\t\t\t\t\t<\/div>\n\t\t<\/div>\t\t\t\t\t\t\n<style>\n#image_1152248988 {\n  width: 100%;\n}\n<\/style>\n\t<\/div>\n\t\n<p>Obilazak muzeja lep\u0161i je u dru\u0161tvu, zato vas pozivamo da posetite Galeriju u grupi od najmanje 8 ljudi, za 50% jeftiniju cenu od redovne ulaznice.<\/p>\n<p>Grupne posete potrebno je <a href=\"\/lat\/zakazite-posetu\/\">zakazati putem onlajn zahteva<\/a> ili na telefon +381 21 4899 017.<\/p>\n<p>Nudimo vam i:<\/p>\n<p class=\"title18\"><strong>Kustosko vo\u0111enje kroz Stalnu postavku<\/strong> (60 minuta)<\/p>\n<p>Kustosi GMS na srpskom ili engleskom jeziku predstavljaju istoriju Galerije Matice srpske, njenim uticajem na razvoj nacionalne umetnosti i zna\u010dajna umetni\u010dka dela 18, 19. i 20. veka koja ilustruju nastanak i razvoj srpske umetnosti novijeg doba i ukazuju na zna\u010daj i mesto nacionalne umetnosti i kulture u evropskom kontekstu.<\/p>\n<p class=\"title18\"><strong>Srpska umetnost u 10 slika <\/strong>(45 minuta)<\/p>\n<p>Kustosi GMS predstavljaju Stalnu postavku s akcentom na 10 remek-dela srpske umetnosti. Kroz kratke pri\u010de, publika se upoznaje sa najzna\u010dajnijim umetnicima 18, 19. i 20. veka, kao i sa razli\u010ditim umetni\u010dkim temama, stilovima i \u017eanrovima.<\/p>\n<p class=\"title18\"><strong>Kustosko vo\u0111enje za \u0161kolske grupe<\/strong> (45 minuta)<\/p>\n<p>Muzejski edukatori GMS otkrivaju najzna\u010dajnija dela srpske umetnosti i predstavljaju stvarala\u0161tvo Paje Jovanovi\u0107a, Uro\u0161a Predi\u0107a, Save \u0160umanovi\u0107a i drugih slikara. Sadr\u017eaj je prilago\u0111en \u0161kolskom uzrastu. U ponudi je i interaktivno vo\u0111enje uz dru\u0161tvenu igru <em>K(art)e<\/em> uz koju mladi pomo\u0107u muzejskog edukatora mogu da na zabavan na\u010din saznaju ne\u0161to vi\u0161e o kolekciji GMS i nacionalnoj umetnosti.<\/p>\n<p class=\"title18\"><strong>Tematska vo\u0111enja kroz stalnu postavku<\/strong> (45 minuta)<\/p>\n<p>U \u017eelji da posetiocima ponudimo novu interpretaciju i druga\u010dije \u010ditanje Stalne postavke, kustosi GMS kroz posebna vo\u0111enja predstavljaju razli\u010dite teme, dru\u0161tvene i umetni\u010dke fenomene, ali i zanimljive, malo poznate pri\u010de iz istorije umetnosti. Nudimo vam slede\u0107a vo\u0111enja:<\/p>\n<p><em>Identitet kolekcije<\/em> \u2013 Upoznajte se sa istorijatom Galerije Matice srpske i saznajte na koji na\u010din su stipendisti Matice srpske i dobrotvori gradili dana\u0161nju kolekciju Galerije i kako je to uticalo na dalji tok razvoja nacionalne umetnosti.<\/p>\n<p><em>Hronologija srpske umetnosti<\/em> \u2013 Kako je tekao razvoj srpske likovne umetnosti i koje su to istorijske i umetni\u010dke pojave koje je odre\u0111uju? Upoznajte se sa zografskim ikonama, grafikama, slikama, crte\u017eima i skultpurama iz epohe baroka, klasicizma, romantizma, realizma i modernizma.<\/p>\n<p><em>Transformabilnost umetnosti<\/em> \u2013 Da li i kako likovni elementi odre\u0111uju umetni\u010dka dela? Kroz inovativna povezivanja umetni\u010dkih predmeta iz razli\u010ditih epoha nudimo vam mogu\u0107nost novog \u010ditanja boje, linije i drugih medija koji uti\u010du na do\u017eivljaj umetnosti.<\/p>\n<p><em>Skulptofilija<\/em> \u2013 Ukoliko vas zanima razvoj skulpture u nacionalnoj umetnosti novijeg doba, kroz \u0161est celina definisanih kao Depo, Morfologija, Vajarke, Maestro, Izuzetnosti i Javna skulptura, upoznajte se sa vajarskim delima iz na\u0161e kolekcije.<\/p>\n<p><em>Uto\u010di\u0161ta: \u010covek i okru\u017eenje<\/em> \u2013 Koja su to uto\u010di\u0161ta \u010doveka? Kroz prikaze doma otkrijte predmete i ose\u0107anja koji oblikuju ovaj prostor, a prirodu kao \u010dovekovo uto\u010di\u0161te upoznajte preko predstava pejza\u017ea i drugih prizora.<\/p>\n<p><em>Tabu: Telo i um<\/em> \u2013 Da li su ose\u0107anja, nagost, drugost i smrt jo\u0161 uvek tabu teme u na\u0161em dru\u0161tvu? Da li ove teme u vama izazivaju nelagodu i\/ili vas navode na razmi\u0161ljanja? Otkrijte kako su date teme predstavljene u likovnoj umetnosti Galerijske kolekcije.<\/p>\n<p><em>U\u017eitak: Ritualni i navike<\/em> \u2013 \u0160ta je za vas pravi u\u017eitak? U\u0161etajte u umetni\u010dku pri\u010du o ritualima i navikama i prepustite se umetni\u010dkim delima koja govore o vinu, zabavi i modi.<\/p>\n<div class=\"is-divider divider clearfix\" style=\"max-width:100%;height:1px;background-color:rgba(0, 0, 0, 0.1);\"><\/div>\n<span class=\"scroll-to\" data-label=\"Scroll to: #porodicna\" data-bullet=\"false\" data-link=\"#porodicna\" data-title=\"porodicna\"><a name=\"porodicna\"><\/a><\/span>\n<p class=\"title21\"><strong>Porodi\u010dna poseta<\/strong><\/p>\n\t<div class=\"img has-hover x md-x lg-x y md-y lg-y\" id=\"image_1470921844\">\n\t\t\t\t\t\t<div data-animate=\"fadeInRight\">\t\t<div class=\"img-inner dark\" >\n\t\t\t<img loading=\"lazy\" decoding=\"async\" width=\"1020\" height=\"532\" src=\"https:\/\/www.galerijamaticesrpske.rs\/wp-content\/uploads\/2021\/02\/1400x730_porodicna-poseta-1024x534.jpg\" class=\"attachment-large size-large\" alt=\"\u041f\u043e\u0440\u043e\u0434\u0438\u0447\u043d\u0430 \u043f\u043e\u0441\u0435\u0442\u0430\" srcset=\"https:\/\/www.galerijamaticesrpske.rs\/wp-content\/uploads\/2021\/02\/1400x730_porodicna-poseta-1024x534.jpg 1024w, https:\/\/www.galerijamaticesrpske.rs\/wp-content\/uploads\/2021\/02\/1400x730_porodicna-poseta-300x156.jpg 300w, https:\/\/www.galerijamaticesrpske.rs\/wp-content\/uploads\/2021\/02\/1400x730_porodicna-poseta-768x400.jpg 768w, https:\/\/www.galerijamaticesrpske.rs\/wp-content\/uploads\/2021\/02\/1400x730_porodicna-poseta.jpg 1400w\" sizes=\"auto, (max-width: 1020px) 100vw, 1020px\" \/>\t\t\t\t\t\t\n\t\t\t\t\t<\/div>\n\t\t<\/div>\t\t\t\t\t\t\n<style>\n#image_1470921844 {\n  width: 100%;\n}\n<\/style>\n\t<\/div>\n\t\n<p>\u017delimo da vas podstaknemo da zajedno sa svojim mali\u0161anima na sadr\u017eajan i kvalitetan na\u010din provedete slobodno vreme okru\u017eeni umetno\u0161\u0107u. Iz tog razloga nudimo vam posebne pogodnosti i aktivnosti:<\/p>\n<ul>\n<li>Besplatan ulaz utorkom za roditelje s bebama,<\/li>\n<li>Porodi\u010dnu ulaznicu za tri ili vi\u0161e \u010dlanova porodice uz koju se dobija pisani vodi\u010d kroz stalnu postavku za decu, mlade i sve koji se tako ose\u0107aju,<\/li>\n<li>De\u010dju sobu \u2013 mesto za kreativnu igru beba i dece,<\/li>\n<li>Kutak za mamu i bebu \u2013 fotelja za dojenje i hranjenje, i povijalica za bebe,<\/li>\n<li>Vodi\u010d za decu, mlade i sve koji se tako ose\u0107aju <em>Putokaz kroz svet umetnosti<\/em> na srpskom jeziku,<\/li>\n<li>Aplikaciju za decu i odrasle <em>Do\u017eivi umetnost<\/em> na srpskom i engleskom jeziku, dostupnu na Hololens 2 nao\u010darima koje se preuzimaju u muzejskoj prodavnici.<\/li>\n<\/ul>\n<div class=\"is-divider divider clearfix\" style=\"max-width:100%;height:1px;background-color:rgba(0, 0, 0, 0.1);\"><\/div>\n<span class=\"scroll-to\" data-label=\"Scroll to: #dodatno\" data-bullet=\"false\" data-link=\"#dodatno\" data-title=\"dodatno\"><a name=\"dodatno\"><\/a><\/span>\n<p class=\"title21\"><strong>Za bolje iskustvo<\/strong><\/p>\n\t<div class=\"img has-hover x md-x lg-x y md-y lg-y\" id=\"image_445432158\">\n\t\t\t\t\t\t<div data-animate=\"fadeInRight\">\t\t<div class=\"img-inner dark\" >\n\t\t\t<img loading=\"lazy\" decoding=\"async\" width=\"1020\" height=\"532\" src=\"https:\/\/www.galerijamaticesrpske.rs\/wp-content\/uploads\/2021\/02\/1400x730_nedeljni-program-1024x534.jpg\" class=\"attachment-large size-large\" alt=\"\u0417\u0430 \u0431\u043e\u0459\u0435 \u0438\u0441\u043a\u0443\u0441\u0442\u0432\u043e \u041d\u0435\u0434\u0435\u0459\u043d\u0438 \u043f\u0440\u043e\u0433\u0440\u0430\u043c\u0438\" srcset=\"https:\/\/www.galerijamaticesrpske.rs\/wp-content\/uploads\/2021\/02\/1400x730_nedeljni-program-1024x534.jpg 1024w, https:\/\/www.galerijamaticesrpske.rs\/wp-content\/uploads\/2021\/02\/1400x730_nedeljni-program-300x156.jpg 300w, https:\/\/www.galerijamaticesrpske.rs\/wp-content\/uploads\/2021\/02\/1400x730_nedeljni-program-768x400.jpg 768w, https:\/\/www.galerijamaticesrpske.rs\/wp-content\/uploads\/2021\/02\/1400x730_nedeljni-program.jpg 1400w\" sizes=\"auto, (max-width: 1020px) 100vw, 1020px\" \/>\t\t\t\t\t\t\n\t\t\t\t\t<\/div>\n\t\t<\/div>\t\t\t\t\t\t\n<style>\n#image_445432158 {\n  width: 100%;\n}\n<\/style>\n\t<\/div>\n\t\n<p class=\"title18\"><strong>Nedeljni programi<\/strong><\/p>\n<p>Kako bismo vam pribli\u017eili na\u0161u Stalnu postavku i povremene izlo\u017ebe i va\u0161u posetu u\u010dinili sadr\u017eajnijom u Galeriji se tokom vikenda organizuju razli\u010diti programi:<\/p>\n<ul>\n<li>Petkom u 19.00 sati: stru\u010dna predavanja i tuma\u010denja<\/li>\n<li>Subotom i nedeljom u 13.00 i 17.00 sati: kustoska vo\u0111enja<\/li>\n<\/ul>\n<p>Detaljnije pogledajte <a href=\"\/lat\/pretraga-dogadjaja\/\">Pretra\u017eiva\u010d doga\u0111aja<\/a>.<\/p>\n<span class=\"scroll-to\" data-label=\"Scroll to: #dozivium\" data-bullet=\"false\" data-link=\"#dozivium\" data-title=\"dozivium\"><a name=\"dozivium\"><\/a><\/span>\n\t<div class=\"img has-hover x md-x lg-x y md-y lg-y\" id=\"image_406933048\">\n\t\t\t\t\t\t<div data-animate=\"fadeInRight\">\t\t<div class=\"img-inner dark\" >\n\t\t\t<img loading=\"lazy\" decoding=\"async\" width=\"1020\" height=\"555\" src=\"https:\/\/www.galerijamaticesrpske.rs\/wp-content\/uploads\/2023\/02\/promocija-novih-tehnologija_19.05.2022-4-1024x557.jpg\" class=\"attachment-large size-large\" alt=\"\" srcset=\"https:\/\/www.galerijamaticesrpske.rs\/wp-content\/uploads\/2023\/02\/promocija-novih-tehnologija_19.05.2022-4-1024x557.jpg 1024w, https:\/\/www.galerijamaticesrpske.rs\/wp-content\/uploads\/2023\/02\/promocija-novih-tehnologija_19.05.2022-4-300x163.jpg 300w, https:\/\/www.galerijamaticesrpske.rs\/wp-content\/uploads\/2023\/02\/promocija-novih-tehnologija_19.05.2022-4-768x418.jpg 768w, https:\/\/www.galerijamaticesrpske.rs\/wp-content\/uploads\/2023\/02\/promocija-novih-tehnologija_19.05.2022-4-600x327.jpg 600w, https:\/\/www.galerijamaticesrpske.rs\/wp-content\/uploads\/2023\/02\/promocija-novih-tehnologija_19.05.2022-4.jpg 1200w\" sizes=\"auto, (max-width: 1020px) 100vw, 1020px\" \/>\t\t\t\t\t\t\n\t\t\t\t\t<\/div>\n\t\t<\/div>\t\t\t\t\t\t\n<style>\n#image_406933048 {\n  width: 100%;\n}\n<\/style>\n\t<\/div>\n\t\n<p class=\"title18\"><strong>Digitalna platforma za Hololens 2 nao\u010dare <em>Do\u017eivi umetnost <\/em><\/strong><\/p>\n<p>Va\u0161e muzejsko iskustvo mo\u017eete obogatiti i koriste\u0107i Hololens 2 nao\u010dare &#8211; novu tehnologiju kompanije Microsoft. Digitalna platforma na srpskom i engleskom jeziku, s elementima pro\u0161irene stvarnosti (Augmented Reality) omogu\u0107ava vam zanimljiviju i druga\u010diju interpretaciju umetni\u010dkih dela izlo\u017eenih u Stalnoj postavci Galerije Matice srpske.<\/p>\n<p>Preuzmite Hololens 2 nao\u010dare u GMS prodavnici.<\/p>\n<div class=\"is-divider divider clearfix\" style=\"max-width:100%;height:1px;background-color:rgba(0, 0, 0, 0.1);\"><\/div>\n<span class=\"scroll-to\" data-label=\"Scroll to: #prepustise\" data-bullet=\"false\" data-link=\"#prepustise\" data-title=\"prepustise\"><a name=\"prepustise\"><\/a><\/span>\n<p class=\"title21\"><strong>Prepusti se umetnosti<\/strong><\/p>\n\t<div class=\"img has-hover x md-x lg-x y md-y lg-y\" id=\"image_154758170\">\n\t\t\t\t\t\t<div data-animate=\"fadeInRight\">\t\t<div class=\"img-inner dark\" >\n\t\t\t<img loading=\"lazy\" decoding=\"async\" width=\"1020\" height=\"532\" src=\"https:\/\/www.galerijamaticesrpske.rs\/wp-content\/uploads\/2021\/02\/1400x730_prepusti-se-umetnosti-1024x534.jpg\" class=\"attachment-large size-large\" alt=\"GMS | Prepusti se Umetnosti\" srcset=\"https:\/\/www.galerijamaticesrpske.rs\/wp-content\/uploads\/2021\/02\/1400x730_prepusti-se-umetnosti-1024x534.jpg 1024w, https:\/\/www.galerijamaticesrpske.rs\/wp-content\/uploads\/2021\/02\/1400x730_prepusti-se-umetnosti-300x156.jpg 300w, https:\/\/www.galerijamaticesrpske.rs\/wp-content\/uploads\/2021\/02\/1400x730_prepusti-se-umetnosti-768x400.jpg 768w, https:\/\/www.galerijamaticesrpske.rs\/wp-content\/uploads\/2021\/02\/1400x730_prepusti-se-umetnosti.jpg 1400w\" sizes=\"auto, (max-width: 1020px) 100vw, 1020px\" \/>\t\t\t\t\t\t\n\t\t\t\t\t<\/div>\n\t\t<\/div>\t\t\t\t\t\t\n<style>\n#image_154758170 {\n  width: 100%;\n}\n<\/style>\n\t<\/div>\n\t\n<p class=\"alt-font title18\"><span data-text-color=\"primary\"><em>Posetite nas, razigrajte svoje misli i ose\u0107anja, preispitajte ih u dodiru s umetni\u010dkim delima i prepu\u0161taju\u0107i im se dozvolite da vas povedu\u2026<\/em><\/span><\/p>\n<p>Kako bismo va\u0161 boravak i iskustvo u\u017eivanja u umetnosti u\u010dinili jedinstvenim, pripremili smo Vam posebnu prostoriju u okviru Stalne postavke Galerije Matice srpske \u2013 <strong>sobu za prepu\u0161tanje umetnosti<\/strong>. Svakog meseca o\u010dekuje vas drugo umetni\u010dko delo koje stvara specifi\u010dnu atmosferu. U sinergiji umetnosti, zvuka, prostora i svetla, ima\u0107ete priliku da budete sami s umetni\u010dkim delom i da ga do\u017eivite na vama svojstven na\u010din.<\/p>\n<p><a href=\"\/lat\/vesti-gms\/prepusti-se-umetnosti\/\">Pro\u010ditaj vi\u0161e o sobi za prepu\u0161tanje umetnosti<\/a><\/p>\n<div class=\"is-divider divider clearfix\" style=\"max-width:100%;height:1px;background-color:rgba(0, 0, 0, 0.1);\"><\/div>\n<p>Sve informacije o ulaznicama i prodaji mo\u017eete dobiti pozivom na: +381 21 4899 013, slanjem upita na <a href=\"mailto:info@galerijamaticesrpske.rs\">info@galerijamaticesrpske.rs<\/a> ili pro\u010ditati na na\u0161oj stranici <a href=\"\/lat\/informacije\/#ulaznice\">Informacije<\/a>.<\/p>\n\t\t<\/div>\n\t\t\t\t\n<style>\n#col-1822510860 > .col-inner {\n  padding: 0px 20px 0px 20px;\n}\n<\/style>\n\t<\/div>\n\n\t\n<\/div>\n\t\t<\/div>\n\n\t\t\n<style>\n#section_32429887 {\n  padding-top: 30px;\n  padding-bottom: 30px;\n  background-color: rgb(246, 246, 246);\n}\n<\/style>\n\t<\/section>\n\t\n","protected":false},"excerpt":{"rendered":"","protected":false},"author":1,"featured_media":0,"parent":0,"menu_order":0,"comment_status":"closed","ping_status":"closed","template":"page-blank.php","meta":{"_acf_changed":false,"footnotes":""},"class_list":["post-2748","page","type-page","status-publish","hentry"],"acf":[],"yoast_head":"<!-- This site is optimized with the Yoast SEO plugin v27.3 - https:\/\/yoast.com\/product\/yoast-seo-wordpress\/ -->\n<title>Istra\u017eite Galeriju | Galerija Matice srpske<\/title>\n<meta name=\"robots\" content=\"index, follow, max-snippet:-1, max-image-preview:large, max-video-preview:-1\" \/>\n<link rel=\"canonical\" href=\"http:\/\/www.galerijamaticesrpske.rs\/lat\/istrazite-galeriju\/\" \/>\n<meta property=\"og:locale\" content=\"en_US\" \/>\n<meta property=\"og:type\" content=\"article\" \/>\n<meta property=\"og:title\" content=\"Istra\u017eite Galeriju | Galerija Matice srpske\" \/>\n<meta property=\"og:url\" content=\"http:\/\/www.galerijamaticesrpske.rs\/lat\/istrazite-galeriju\/\" \/>\n<meta property=\"og:site_name\" content=\"Galerija Matice srpske\" \/>\n<meta property=\"article:modified_time\" content=\"2025-01-15T11:01:27+00:00\" \/>\n<meta name=\"twitter:card\" content=\"summary_large_image\" \/>\n<meta name=\"twitter:label1\" content=\"Est. reading time\" \/>\n\t<meta name=\"twitter:data1\" content=\"6 minutes\" \/>\n<script type=\"application\/ld+json\" class=\"yoast-schema-graph\">{\"@context\":\"https:\\\/\\\/schema.org\",\"@graph\":[{\"@type\":\"WebPage\",\"@id\":\"http:\\\/\\\/www.galerijamaticesrpske.rs\\\/lat\\\/istrazite-galeriju\\\/\",\"url\":\"http:\\\/\\\/www.galerijamaticesrpske.rs\\\/lat\\\/istrazite-galeriju\\\/\",\"name\":\"Istra\u017eite Galeriju | Galerija Matice srpske\",\"isPartOf\":{\"@id\":\"https:\\\/\\\/www.galerijamaticesrpske.rs\\\/#website\"},\"datePublished\":\"2021-02-07T10:43:35+00:00\",\"dateModified\":\"2025-01-15T11:01:27+00:00\",\"breadcrumb\":{\"@id\":\"http:\\\/\\\/www.galerijamaticesrpske.rs\\\/lat\\\/istrazite-galeriju\\\/#breadcrumb\"},\"inLanguage\":\"sr-LAT\",\"potentialAction\":[{\"@type\":\"ReadAction\",\"target\":[\"http:\\\/\\\/www.galerijamaticesrpske.rs\\\/lat\\\/istrazite-galeriju\\\/\"]}]},{\"@type\":\"BreadcrumbList\",\"@id\":\"http:\\\/\\\/www.galerijamaticesrpske.rs\\\/lat\\\/istrazite-galeriju\\\/#breadcrumb\",\"itemListElement\":[{\"@type\":\"ListItem\",\"position\":1,\"name\":\"\u041f\u043e\u0447\u0435\u0442\u043d\u0430\",\"item\":\"http:\\\/\\\/www.galerijamaticesrpske.rs\\\/lat\\\/\"},{\"@type\":\"ListItem\",\"position\":2,\"name\":\"Istra\u017eite Galeriju\"}]},{\"@type\":\"WebSite\",\"@id\":\"https:\\\/\\\/www.galerijamaticesrpske.rs\\\/#website\",\"url\":\"https:\\\/\\\/www.galerijamaticesrpske.rs\\\/\",\"name\":\"Galerija Matice srpske\",\"description\":\"Muzej srpske nacionalne umetnosti u Novom Sadu\",\"publisher\":{\"@id\":\"https:\\\/\\\/www.galerijamaticesrpske.rs\\\/#organization\"},\"potentialAction\":[{\"@type\":\"SearchAction\",\"target\":{\"@type\":\"EntryPoint\",\"urlTemplate\":\"https:\\\/\\\/www.galerijamaticesrpske.rs\\\/?s={search_term_string}\"},\"query-input\":{\"@type\":\"PropertyValueSpecification\",\"valueRequired\":true,\"valueName\":\"search_term_string\"}}],\"inLanguage\":\"sr-LAT\"},{\"@type\":\"Organization\",\"@id\":\"https:\\\/\\\/www.galerijamaticesrpske.rs\\\/#organization\",\"name\":\"Galerija Matice srpske\",\"url\":\"https:\\\/\\\/www.galerijamaticesrpske.rs\\\/\",\"logo\":{\"@type\":\"ImageObject\",\"inLanguage\":\"sr-LAT\",\"@id\":\"https:\\\/\\\/www.galerijamaticesrpske.rs\\\/#\\\/schema\\\/logo\\\/image\\\/\",\"url\":\"https:\\\/\\\/www.galerijamaticesrpske.rs\\\/wp-content\\\/uploads\\\/2021\\\/01\\\/gms-logo-za-sajt.svg\",\"contentUrl\":\"https:\\\/\\\/www.galerijamaticesrpske.rs\\\/wp-content\\\/uploads\\\/2021\\\/01\\\/gms-logo-za-sajt.svg\",\"width\":1,\"height\":1,\"caption\":\"Galerija Matice srpske\"},\"image\":{\"@id\":\"https:\\\/\\\/www.galerijamaticesrpske.rs\\\/#\\\/schema\\\/logo\\\/image\\\/\"}}]}<\/script>\n<!-- \/ Yoast SEO plugin. -->","yoast_head_json":{"title":"Istra\u017eite Galeriju | Galerija Matice srpske","robots":{"index":"index","follow":"follow","max-snippet":"max-snippet:-1","max-image-preview":"max-image-preview:large","max-video-preview":"max-video-preview:-1"},"canonical":"http:\/\/www.galerijamaticesrpske.rs\/lat\/istrazite-galeriju\/","og_locale":"en_US","og_type":"article","og_title":"Istra\u017eite Galeriju | Galerija Matice srpske","og_url":"http:\/\/www.galerijamaticesrpske.rs\/lat\/istrazite-galeriju\/","og_site_name":"Galerija Matice srpske","article_modified_time":"2025-01-15T11:01:27+00:00","twitter_card":"summary_large_image","twitter_misc":{"Est. reading time":"6 minutes"},"schema":{"@context":"https:\/\/schema.org","@graph":[{"@type":"WebPage","@id":"http:\/\/www.galerijamaticesrpske.rs\/lat\/istrazite-galeriju\/","url":"http:\/\/www.galerijamaticesrpske.rs\/lat\/istrazite-galeriju\/","name":"Istra\u017eite Galeriju | Galerija Matice srpske","isPartOf":{"@id":"https:\/\/www.galerijamaticesrpske.rs\/#website"},"datePublished":"2021-02-07T10:43:35+00:00","dateModified":"2025-01-15T11:01:27+00:00","breadcrumb":{"@id":"http:\/\/www.galerijamaticesrpske.rs\/lat\/istrazite-galeriju\/#breadcrumb"},"inLanguage":"sr-LAT","potentialAction":[{"@type":"ReadAction","target":["http:\/\/www.galerijamaticesrpske.rs\/lat\/istrazite-galeriju\/"]}]},{"@type":"BreadcrumbList","@id":"http:\/\/www.galerijamaticesrpske.rs\/lat\/istrazite-galeriju\/#breadcrumb","itemListElement":[{"@type":"ListItem","position":1,"name":"\u041f\u043e\u0447\u0435\u0442\u043d\u0430","item":"http:\/\/www.galerijamaticesrpske.rs\/lat\/"},{"@type":"ListItem","position":2,"name":"Istra\u017eite Galeriju"}]},{"@type":"WebSite","@id":"https:\/\/www.galerijamaticesrpske.rs\/#website","url":"https:\/\/www.galerijamaticesrpske.rs\/","name":"Galerija Matice srpske","description":"Muzej srpske nacionalne umetnosti u Novom Sadu","publisher":{"@id":"https:\/\/www.galerijamaticesrpske.rs\/#organization"},"potentialAction":[{"@type":"SearchAction","target":{"@type":"EntryPoint","urlTemplate":"https:\/\/www.galerijamaticesrpske.rs\/?s={search_term_string}"},"query-input":{"@type":"PropertyValueSpecification","valueRequired":true,"valueName":"search_term_string"}}],"inLanguage":"sr-LAT"},{"@type":"Organization","@id":"https:\/\/www.galerijamaticesrpske.rs\/#organization","name":"Galerija Matice srpske","url":"https:\/\/www.galerijamaticesrpske.rs\/","logo":{"@type":"ImageObject","inLanguage":"sr-LAT","@id":"https:\/\/www.galerijamaticesrpske.rs\/#\/schema\/logo\/image\/","url":"https:\/\/www.galerijamaticesrpske.rs\/wp-content\/uploads\/2021\/01\/gms-logo-za-sajt.svg","contentUrl":"https:\/\/www.galerijamaticesrpske.rs\/wp-content\/uploads\/2021\/01\/gms-logo-za-sajt.svg","width":1,"height":1,"caption":"Galerija Matice srpske"},"image":{"@id":"https:\/\/www.galerijamaticesrpske.rs\/#\/schema\/logo\/image\/"}}]}},"_links":{"self":[{"href":"https:\/\/www.galerijamaticesrpske.rs\/lat\/wp-json\/wp\/v2\/pages\/2748","targetHints":{"allow":["GET"]}}],"collection":[{"href":"https:\/\/www.galerijamaticesrpske.rs\/lat\/wp-json\/wp\/v2\/pages"}],"about":[{"href":"https:\/\/www.galerijamaticesrpske.rs\/lat\/wp-json\/wp\/v2\/types\/page"}],"author":[{"embeddable":true,"href":"https:\/\/www.galerijamaticesrpske.rs\/lat\/wp-json\/wp\/v2\/users\/1"}],"replies":[{"embeddable":true,"href":"https:\/\/www.galerijamaticesrpske.rs\/lat\/wp-json\/wp\/v2\/comments?post=2748"}],"version-history":[{"count":5,"href":"https:\/\/www.galerijamaticesrpske.rs\/lat\/wp-json\/wp\/v2\/pages\/2748\/revisions"}],"predecessor-version":[{"id":14213,"href":"https:\/\/www.galerijamaticesrpske.rs\/lat\/wp-json\/wp\/v2\/pages\/2748\/revisions\/14213"}],"wp:attachment":[{"href":"https:\/\/www.galerijamaticesrpske.rs\/lat\/wp-json\/wp\/v2\/media?parent=2748"}],"curies":[{"name":"wp","href":"https:\/\/api.w.org\/{rel}","templated":true}]}}