{"id":2990,"date":"2020-12-27T01:42:44","date_gmt":"2020-12-27T01:42:44","guid":{"rendered":"https:\/\/www.galerijamaticesrpske.rs\/misija-i-vizija\/"},"modified":"2021-02-26T15:03:48","modified_gmt":"2021-02-26T15:03:48","slug":"misija-i-vizija","status":"publish","type":"page","link":"https:\/\/www.galerijamaticesrpske.rs\/lat\/misija-i-vizija\/","title":{"rendered":"Misija i vizija"},"content":{"rendered":"\n\n\t<section class=\"section\" id=\"section_1903909336\">\n\t\t<div class=\"section-bg fill\" >\n\t\t\t\t\t\t\t\t\t\n\t\t\t\n\n\t\t<\/div>\n\n\t\t\n\n\t\t<div class=\"section-content relative\">\n\t\t\t\n\n<div class=\"row\"  id=\"row-1407417309\">\n\n\n\t<div id=\"col-1591598898\" class=\"col small-12 large-12\"  >\n\t\t\t\t<div class=\"col-inner text-center\"  >\n\t\t\t\n\t\t\t\n\n\t<div class=\"img has-hover maxwidth80 x md-x lg-x y md-y lg-y\" id=\"image_1936347404\">\n\t\t\t\t\t\t\t\t<div class=\"img-inner dark\" style=\"margin:0px 0px 0 0px;\">\n\t\t\t<img decoding=\"async\" src=\"https:\/\/www.galerijamaticesrpske.rs\/wp-content\/uploads\/2020\/12\/gms-icon_blck.svg\" class=\"attachment-original size-original\" alt=\"GMS | icon\" \/>\t\t\t\t\t\t\n\t\t\t\t\t<\/div>\n\t\t\t\t\t\t\t\t\n<style>\n#image_1936347404 {\n  width: 100%;\n}\n<\/style>\n\t<\/div>\n\t\n\n\t<div id=\"text-3279152551\" class=\"text\">\n\t\t\n\n<h2 class=\"title36\">Misija i vizija<\/h2>\n\t\t\n<style>\n#text-3279152551 {\n  text-align: center;\n}\n<\/style>\n\t<\/div>\n\t\n\n\t\t<\/div>\n\t\t\t\t\n<style>\n#col-1591598898 > .col-inner {\n  margin: 0px 0px 40px 0px;\n}\n<\/style>\n\t<\/div>\n\n\t\n\n<\/div>\n<div class=\"row align-center\"  id=\"row-2008966266\">\n\n\n\t<div id=\"col-172593929\" class=\"col maxwidth960 small-12 large-12\"  >\n\t\t\t\t<div class=\"col-inner text-center\"  >\n\t\t\t\n\t\t\t\n\n\t<div class=\"img has-hover x md-x lg-x y md-y lg-y\" id=\"image_901644244\">\n\t\t\t\t\t\t\t\t<div class=\"img-inner dark\" >\n\t\t\t<img loading=\"lazy\" decoding=\"async\" width=\"1920\" height=\"1073\" src=\"https:\/\/www.galerijamaticesrpske.rs\/wp-content\/uploads\/2021\/01\/misija-i-vizija-1920.jpg\" class=\"attachment-original size-original\" alt=\"GMS | \u041c\u0438\u0441\u0438\u0458\u0430 \u0438 \u0432\u0438\u0437\u0438\u0458\u0430\" srcset=\"https:\/\/www.galerijamaticesrpske.rs\/wp-content\/uploads\/2021\/01\/misija-i-vizija-1920.jpg 1920w, https:\/\/www.galerijamaticesrpske.rs\/wp-content\/uploads\/2021\/01\/misija-i-vizija-1920-300x168.jpg 300w, https:\/\/www.galerijamaticesrpske.rs\/wp-content\/uploads\/2021\/01\/misija-i-vizija-1920-1024x572.jpg 1024w, https:\/\/www.galerijamaticesrpske.rs\/wp-content\/uploads\/2021\/01\/misija-i-vizija-1920-768x429.jpg 768w, https:\/\/www.galerijamaticesrpske.rs\/wp-content\/uploads\/2021\/01\/misija-i-vizija-1920-1536x858.jpg 1536w\" sizes=\"auto, (max-width: 1920px) 100vw, 1920px\" \/>\t\t\t\t\t\t\n\t\t\t\t\t<\/div>\n\t\t\t\t\t\t\t\t\n<style>\n#image_901644244 {\n  width: 100%;\n}\n<\/style>\n\t<\/div>\n\t\n\n\n\t\t<\/div>\n\t\t\t\t\n<style>\n#col-172593929 > .col-inner {\n  padding: 0px 20px 0px 20px;\n}\n<\/style>\n\t<\/div>\n\n\t\n\n\t<div id=\"col-878976189\" class=\"col maxwidth960 small-12 large-12\"  >\n\t\t\t\t<div class=\"col-inner\"  >\n\t\t\t\n\t\t\t\n\n<p class=\"year-big title30\">Vizija<\/p>\n<p>Mi verujemo da je muzej u 21. veku sredi\u0161no mesto estetskog do\u017eivljaja, dijaloga, u\u010denja, kreativnog razmi\u0161ljanja i neponovljivog iskustva. Stoga, kolekciju koju ba\u0161tinimo prou\u010davamo, \u010duvamo i prezentujemo u skladu sa najvi\u0161im standardima struke jer verujemo da je ona na\u0161a najve\u0107a snaga. Koristimo je kako bismo kreirali jedinstvene sadr\u017eaje koji povezuju pro\u0161lost i sada\u0161njost, a u aktuelnom trenutku nude odgovore na pitanja o vrednostima, osobenostima i dometima nacionalne umetnosti u \u0161irem evropskom kontekstu. Mi verujemo u stvarala\u010dku snagu ljudi \u2012 umetnika, kustosa, konzervatora, kolekcionara, dobrotvora \u2012 svesni da samo zajedni\u010dkim zalaganjem mo\u017eemo ostaviti trag u istoriji kulture i umetnosti na\u0161e zemlje i na\u0161eg vremena.<\/p>\n<p>Svesni svojih osobenosti te\u017eimo da budemo muzej u kome se ogleda pro\u0161lost a da brojno\u0161\u0107u i raznovrsno\u0161\u0107u aktivnosti u aktuelnom trenutku ostavljamo tragove za budu\u0107nost.<\/p>\n<p class=\"year-big title30\">Misija<\/p>\n<p>Galerija Matice srpske je humanisti\u010dki muzej koji veruje u snagu ljudske kreativnosti i va\u017enost umetni\u010dkog stvarala\u0161tva za razvoj civilizacije, unapre\u0111enje kvaliteta \u017eivota i dobrobiti dru\u0161tva. Bogatstvo na\u0161e kolekcije su osnov za muzejska promi\u0161ljanja o najrazli\u010ditijim pitanjima savremenog doba a izlo\u017ebeni, izdava\u010dki i edukativni programi na\u010din da komuniciramo sa publikom i tako budemo medijatori izme\u0111u pro\u0161losti i aktuelnog trenutka.<\/p>\n<p>Mi smo umetni\u010dka ko\u0161nica nacije sa delima likovne umetnosti nastalim u periodu od 16. do 21. veka. Na\u0161e delovanje zasnovano je na po\u0161tovanju pro\u0161losti i kreativnim potencijalima sada\u0161njosti a usmereno ka kvalitetnijoj budu\u0107nosti.<\/p>\n\n\t\t<\/div>\n\t\t\t\t\t<\/div>\n\n\t\n\n\t<div id=\"col-1139499440\" class=\"col maxwidth960 small-12 large-12\"  >\n\t\t\t\t<div class=\"col-inner\"  >\n\t\t\t\n\t\t\t\n\n\t<div id=\"text-1063596370\" class=\"text quotetxt\">\n\t\t\n\n<p><em>Mi sanjamo, oslu\u0161kujemo, stvaramo, jer verujemo da smo kao jedinstveno mesto srpske kulture ponos nacije.<\/em><\/p>\n\t\t\n<style>\n#text-1063596370 {\n  text-align: center;\n}\n<\/style>\n\t<\/div>\n\t\n\n\t\t<\/div>\n\t\t\t\t\t<\/div>\n\n\t\n\n\n<style>\n#row-2008966266 > .col > .col-inner {\n  padding: 0px 20px 0px 20px;\n}\n<\/style>\n<\/div>\n\n\n\t\t<\/div>\n\n\t\t\n<style>\n#section_1903909336 {\n  padding-top: 50px;\n  padding-bottom: 50px;\n  background-color: rgb(246, 246, 246);\n}\n<\/style>\n\t<\/section>\n\t\n","protected":false},"excerpt":{"rendered":"","protected":false},"author":1,"featured_media":0,"parent":0,"menu_order":0,"comment_status":"closed","ping_status":"closed","template":"page-blank.php","meta":{"_acf_changed":false,"footnotes":""},"class_list":["post-2990","page","type-page","status-publish","hentry"],"acf":[],"yoast_head":"<!-- This site is optimized with the Yoast SEO plugin v27.3 - https:\/\/yoast.com\/product\/yoast-seo-wordpress\/ -->\n<title>Misija i vizija | Galerija Matice srpske<\/title>\n<meta name=\"robots\" content=\"index, follow, max-snippet:-1, max-image-preview:large, max-video-preview:-1\" \/>\n<link rel=\"canonical\" href=\"http:\/\/www.galerijamaticesrpske.rs\/lat\/misija-i-vizija\/\" \/>\n<meta property=\"og:locale\" content=\"en_US\" \/>\n<meta property=\"og:type\" content=\"article\" \/>\n<meta property=\"og:title\" content=\"Misija i vizija | Galerija Matice srpske\" \/>\n<meta property=\"og:url\" content=\"http:\/\/www.galerijamaticesrpske.rs\/lat\/misija-i-vizija\/\" \/>\n<meta property=\"og:site_name\" content=\"Galerija Matice srpske\" \/>\n<meta property=\"article:modified_time\" content=\"2021-02-26T15:03:48+00:00\" \/>\n<meta name=\"twitter:card\" content=\"summary_large_image\" \/>\n<meta name=\"twitter:label1\" content=\"Est. reading time\" \/>\n\t<meta name=\"twitter:data1\" content=\"3 minutes\" \/>\n<script type=\"application\/ld+json\" class=\"yoast-schema-graph\">{\"@context\":\"https:\\\/\\\/schema.org\",\"@graph\":[{\"@type\":\"WebPage\",\"@id\":\"http:\\\/\\\/www.galerijamaticesrpske.rs\\\/lat\\\/misija-i-vizija\\\/\",\"url\":\"http:\\\/\\\/www.galerijamaticesrpske.rs\\\/lat\\\/misija-i-vizija\\\/\",\"name\":\"Misija i vizija | Galerija Matice srpske\",\"isPartOf\":{\"@id\":\"https:\\\/\\\/www.galerijamaticesrpske.rs\\\/#website\"},\"datePublished\":\"2020-12-27T01:42:44+00:00\",\"dateModified\":\"2021-02-26T15:03:48+00:00\",\"breadcrumb\":{\"@id\":\"http:\\\/\\\/www.galerijamaticesrpske.rs\\\/lat\\\/misija-i-vizija\\\/#breadcrumb\"},\"inLanguage\":\"sr-LAT\",\"potentialAction\":[{\"@type\":\"ReadAction\",\"target\":[\"http:\\\/\\\/www.galerijamaticesrpske.rs\\\/lat\\\/misija-i-vizija\\\/\"]}]},{\"@type\":\"BreadcrumbList\",\"@id\":\"http:\\\/\\\/www.galerijamaticesrpske.rs\\\/lat\\\/misija-i-vizija\\\/#breadcrumb\",\"itemListElement\":[{\"@type\":\"ListItem\",\"position\":1,\"name\":\"\u041f\u043e\u0447\u0435\u0442\u043d\u0430\",\"item\":\"http:\\\/\\\/www.galerijamaticesrpske.rs\\\/lat\\\/\"},{\"@type\":\"ListItem\",\"position\":2,\"name\":\"Misija i vizija\"}]},{\"@type\":\"WebSite\",\"@id\":\"https:\\\/\\\/www.galerijamaticesrpske.rs\\\/#website\",\"url\":\"https:\\\/\\\/www.galerijamaticesrpske.rs\\\/\",\"name\":\"Galerija Matice srpske\",\"description\":\"Muzej srpske nacionalne umetnosti u Novom Sadu\",\"publisher\":{\"@id\":\"https:\\\/\\\/www.galerijamaticesrpske.rs\\\/#organization\"},\"potentialAction\":[{\"@type\":\"SearchAction\",\"target\":{\"@type\":\"EntryPoint\",\"urlTemplate\":\"https:\\\/\\\/www.galerijamaticesrpske.rs\\\/?s={search_term_string}\"},\"query-input\":{\"@type\":\"PropertyValueSpecification\",\"valueRequired\":true,\"valueName\":\"search_term_string\"}}],\"inLanguage\":\"sr-LAT\"},{\"@type\":\"Organization\",\"@id\":\"https:\\\/\\\/www.galerijamaticesrpske.rs\\\/#organization\",\"name\":\"Galerija Matice srpske\",\"url\":\"https:\\\/\\\/www.galerijamaticesrpske.rs\\\/\",\"logo\":{\"@type\":\"ImageObject\",\"inLanguage\":\"sr-LAT\",\"@id\":\"https:\\\/\\\/www.galerijamaticesrpske.rs\\\/#\\\/schema\\\/logo\\\/image\\\/\",\"url\":\"https:\\\/\\\/www.galerijamaticesrpske.rs\\\/wp-content\\\/uploads\\\/2021\\\/01\\\/gms-logo-za-sajt.svg\",\"contentUrl\":\"https:\\\/\\\/www.galerijamaticesrpske.rs\\\/wp-content\\\/uploads\\\/2021\\\/01\\\/gms-logo-za-sajt.svg\",\"width\":1,\"height\":1,\"caption\":\"Galerija Matice srpske\"},\"image\":{\"@id\":\"https:\\\/\\\/www.galerijamaticesrpske.rs\\\/#\\\/schema\\\/logo\\\/image\\\/\"}}]}<\/script>\n<!-- \/ Yoast SEO plugin. -->","yoast_head_json":{"title":"Misija i vizija | Galerija Matice srpske","robots":{"index":"index","follow":"follow","max-snippet":"max-snippet:-1","max-image-preview":"max-image-preview:large","max-video-preview":"max-video-preview:-1"},"canonical":"http:\/\/www.galerijamaticesrpske.rs\/lat\/misija-i-vizija\/","og_locale":"en_US","og_type":"article","og_title":"Misija i vizija | Galerija Matice srpske","og_url":"http:\/\/www.galerijamaticesrpske.rs\/lat\/misija-i-vizija\/","og_site_name":"Galerija Matice srpske","article_modified_time":"2021-02-26T15:03:48+00:00","twitter_card":"summary_large_image","twitter_misc":{"Est. reading time":"3 minutes"},"schema":{"@context":"https:\/\/schema.org","@graph":[{"@type":"WebPage","@id":"http:\/\/www.galerijamaticesrpske.rs\/lat\/misija-i-vizija\/","url":"http:\/\/www.galerijamaticesrpske.rs\/lat\/misija-i-vizija\/","name":"Misija i vizija | Galerija Matice srpske","isPartOf":{"@id":"https:\/\/www.galerijamaticesrpske.rs\/#website"},"datePublished":"2020-12-27T01:42:44+00:00","dateModified":"2021-02-26T15:03:48+00:00","breadcrumb":{"@id":"http:\/\/www.galerijamaticesrpske.rs\/lat\/misija-i-vizija\/#breadcrumb"},"inLanguage":"sr-LAT","potentialAction":[{"@type":"ReadAction","target":["http:\/\/www.galerijamaticesrpske.rs\/lat\/misija-i-vizija\/"]}]},{"@type":"BreadcrumbList","@id":"http:\/\/www.galerijamaticesrpske.rs\/lat\/misija-i-vizija\/#breadcrumb","itemListElement":[{"@type":"ListItem","position":1,"name":"\u041f\u043e\u0447\u0435\u0442\u043d\u0430","item":"http:\/\/www.galerijamaticesrpske.rs\/lat\/"},{"@type":"ListItem","position":2,"name":"Misija i vizija"}]},{"@type":"WebSite","@id":"https:\/\/www.galerijamaticesrpske.rs\/#website","url":"https:\/\/www.galerijamaticesrpske.rs\/","name":"Galerija Matice srpske","description":"Muzej srpske nacionalne umetnosti u Novom Sadu","publisher":{"@id":"https:\/\/www.galerijamaticesrpske.rs\/#organization"},"potentialAction":[{"@type":"SearchAction","target":{"@type":"EntryPoint","urlTemplate":"https:\/\/www.galerijamaticesrpske.rs\/?s={search_term_string}"},"query-input":{"@type":"PropertyValueSpecification","valueRequired":true,"valueName":"search_term_string"}}],"inLanguage":"sr-LAT"},{"@type":"Organization","@id":"https:\/\/www.galerijamaticesrpske.rs\/#organization","name":"Galerija Matice srpske","url":"https:\/\/www.galerijamaticesrpske.rs\/","logo":{"@type":"ImageObject","inLanguage":"sr-LAT","@id":"https:\/\/www.galerijamaticesrpske.rs\/#\/schema\/logo\/image\/","url":"https:\/\/www.galerijamaticesrpske.rs\/wp-content\/uploads\/2021\/01\/gms-logo-za-sajt.svg","contentUrl":"https:\/\/www.galerijamaticesrpske.rs\/wp-content\/uploads\/2021\/01\/gms-logo-za-sajt.svg","width":1,"height":1,"caption":"Galerija Matice srpske"},"image":{"@id":"https:\/\/www.galerijamaticesrpske.rs\/#\/schema\/logo\/image\/"}}]}},"_links":{"self":[{"href":"https:\/\/www.galerijamaticesrpske.rs\/lat\/wp-json\/wp\/v2\/pages\/2990","targetHints":{"allow":["GET"]}}],"collection":[{"href":"https:\/\/www.galerijamaticesrpske.rs\/lat\/wp-json\/wp\/v2\/pages"}],"about":[{"href":"https:\/\/www.galerijamaticesrpske.rs\/lat\/wp-json\/wp\/v2\/types\/page"}],"author":[{"embeddable":true,"href":"https:\/\/www.galerijamaticesrpske.rs\/lat\/wp-json\/wp\/v2\/users\/1"}],"replies":[{"embeddable":true,"href":"https:\/\/www.galerijamaticesrpske.rs\/lat\/wp-json\/wp\/v2\/comments?post=2990"}],"version-history":[{"count":1,"href":"https:\/\/www.galerijamaticesrpske.rs\/lat\/wp-json\/wp\/v2\/pages\/2990\/revisions"}],"predecessor-version":[{"id":2992,"href":"https:\/\/www.galerijamaticesrpske.rs\/lat\/wp-json\/wp\/v2\/pages\/2990\/revisions\/2992"}],"wp:attachment":[{"href":"https:\/\/www.galerijamaticesrpske.rs\/lat\/wp-json\/wp\/v2\/media?parent=2990"}],"curies":[{"name":"wp","href":"https:\/\/api.w.org\/{rel}","templated":true}]}}