{"id":2996,"date":"2021-01-15T00:02:42","date_gmt":"2021-01-15T00:02:42","guid":{"rendered":"https:\/\/www.galerijamaticesrpske.rs\/o-kolekciji\/"},"modified":"2024-11-05T13:25:12","modified_gmt":"2024-11-05T13:25:12","slug":"o-kolekciji","status":"publish","type":"page","link":"https:\/\/www.galerijamaticesrpske.rs\/lat\/o-kolekciji\/","title":{"rendered":"O kolekciji"},"content":{"rendered":"<div class=\"slider-wrapper relative\" id=\"slider-29080764\" >\n    <div class=\"slider slider-nav-circle slider-nav-large slider-nav-light slider-style-normal\"\n        data-flickity-options='{\n            \"cellAlign\": \"center\",\n            \"imagesLoaded\": true,\n            \"lazyLoad\": 1,\n            \"freeScroll\": false,\n            \"wrapAround\": true,\n            \"autoPlay\": 6000,\n            \"pauseAutoPlayOnHover\" : true,\n            \"prevNextButtons\": false,\n            \"contain\" : true,\n            \"adaptiveHeight\" : true,\n            \"dragThreshold\" : 10,\n            \"percentPosition\": true,\n            \"pageDots\": false,\n            \"rightToLeft\": false,\n            \"draggable\": true,\n            \"selectedAttraction\": 0.1,\n            \"parallax\" : 0,\n            \"friction\": 0.6        }'\n        >\n        \n\n  <div class=\"banner has-hover withanimation\" id=\"banner-15519522\">\n          <div class=\"banner-inner fill\">\n        <div class=\"banner-bg fill\" >\n            <img loading=\"lazy\" decoding=\"async\" width=\"1920\" height=\"1272\" src=\"https:\/\/www.galerijamaticesrpske.rs\/wp-content\/uploads\/2021\/01\/o-kolekciji-gms-1_1920.jpg\" class=\"bg attachment-original size-original\" alt=\"\" \/>                        <div class=\"overlay\"><\/div>            \n                    <\/div>\n\t\t\n        <div class=\"banner-layers container\">\n            <div class=\"fill banner-link\"><\/div>            \n   <div id=\"text-box-1726347109\" class=\"text-box banner-layer maxwidthtxtbox x50 md-x5 lg-x5 y50 md-y50 lg-y50 res-text\">\n                     <div data-animate=\"fadeInLeft\">           <div class=\"text-box-content text dark\">\n              \n              <div class=\"text-inner text-left\">\n                  \n<h2 class=\"uppercase mb0\" data-animate=\"fadeInLeft\" data-animated=\"true\">O kolekciji<\/h2>\n<h2 class=\"uppercase mt0\">Galerije Matice srpske<\/h2>\n<p data-animate=\"fadeInLeft\" data-animated=\"true\">Na\u0161a najve\u0107a snaga je jedinstvena kolekcija umetni\u010dkih dela nastalih u rasponu od 16. do 21. veka<\/p>\n<a class=\"button primary lowercase expand maxwidth360 hidden\" >\n\t\t<span>Pro\u010ditaj vi\u0161e<\/span>\n\t<\/a>\n\n              <\/div>\n           <\/div>\n       <\/div>                     \n<style>\n#text-box-1726347109 {\n  width: 85%;\n}\n#text-box-1726347109 .text-box-content {\n  font-size: 100%;\n}\n@media (min-width:550px) {\n  #text-box-1726347109 {\n    width: 40%;\n  }\n}\n<\/style>\n    <\/div>\n \n        <\/div>\n      <\/div>\n\n            \n<style>\n#banner-15519522 {\n  padding-top: 600px;\n}\n#banner-15519522 .overlay {\n  background-color: rgba(0, 0, 0, 0.03);\n}\n#banner-15519522 .banner-bg img {\n  object-position: 0% 53%;\n}\n<\/style>\n  <\/div>\n\n\n     <\/div>\n\n     <div class=\"loading-spin dark large centered\"><\/div>\n\n\t<\/div>\n\n\n\n\t<section class=\"section\" id=\"section_1526048423\">\n\t\t<div class=\"section-bg fill\" >\n\t\t\t\t\t\t\t\t\t\n\t\t\t\n\n\t\t<\/div>\n\n\t\t\n\n\t\t<div class=\"section-content relative\">\n\t\t\t\n<div class=\"row align-center mt10\"  id=\"row-2001853363\">\n\n\t<div id=\"col-1567399888\" class=\"col medium-6 small-12 large-6\"  >\n\t\t\t\t<div class=\"col-inner\"  >\n\t\t\t\n\t\t\t\n<p>Galerija Matice srpske je prepoznatljiva po izvanrednoj kolekciji srpske umetnosti od kraja 16. veka do danas, u kojoj se nalaze remek-dela istaknutih umetnika kao \u0161to su Hristofor \u017defarovi\u0107, Teodor Kra\u010dun, Katarina Ivanovi\u0107, \u0110ura Jak\u0161i\u0107, Paja Jovanovi\u0107, Uro\u0161 Predi\u0107, Sava \u0160umanovi\u0107, Milan Konjovi\u0107, \u0110or\u0111e Jovanovi\u0107, Petar Lubarda i mnogi drugi.<\/p>\n<p>Za\u010detke dana\u0161nje kolekcije vezujemo za velikog srpskog dobrotvora, prvog do\u017eivotnog predsednika Matice srpske, Savu Tekeliju i njegovu zbirku porodi\u010dnih portreta koja je kao zave\u0161tanje stigla u Maticu srpsku 1843. godine. Po osnivanju Muzeja Matice srpske 1847. godine po\u010delo je kontinuirano sakupljanje umetni\u010dkih dela. Plemeniti gest darivanja koji je zapo\u010deo Sava Tekelija nastavili su potonji poslenici-predsednici, \u010dlanovi i po\u0161tovaoci Matice srpske, kao i rodoljubivi gra\u0111ani, kolekcionari, umetnici, koji su svojim darovima, zave\u0161tanjima i prilozima nastojali da obogate njenu umetni\u010dku zbirku. Upravo ovaj \u010din darivanja predstavlja posebnu vrednost Galerije i njene kolekcije. Danas s ponosom isti\u010demo da jednu tre\u0107inu kolekcije \u010dine pokloni i zave\u0161tanja uobli\u010deni u poklon-zbirke koje nose imena svojih darodavaca.<\/p>\n\t\t<\/div>\n\t\t\t\t\n<style>\n#col-1567399888 > .col-inner {\n  padding: 0px 20px 0px 20px;\n}\n<\/style>\n\t<\/div>\n\n\t\n\n\t<div id=\"col-183381959\" class=\"col medium-6 small-12 large-6\"  >\n\t\t\t\t<div class=\"col-inner\"  >\n\t\t\t\n\t\t\t\n<p>Nastajala tokom proteklih 177 godina istorija kolekcije Galerije Matice srpske jeste istorija srpskog naroda, umetnosti i kulture, u kojoj se odra\u017eavaju sve dru\u0161tveno-istorijske, kulturne i umetni\u010dke promene kroz koje je prolazilo srpsko dru\u0161tvo nastanjeno na \u0161irem geografskom prostoru \u2012 od nekada\u0161njeg Austrijskog i Otomanskog carstva, preko razli\u010ditih oblika dr\u017eavnog ure\u0111enja nekada\u0161nje Jugoslavije, do dana\u0161nje Republike Srbije.<\/p>\n<p>Prvenstveno orijentisana ka slikarstvu, kolekcija koja danas broji 12.000 umetni\u010dkih dela, podeljenih u 16 zbirki, uklju\u010duje i izvanredne primere grafike, skulpture, crte\u017ea, primenjene umetnosti, koje na najbolji na\u010din prikazuju nastanak, razvoj i dostignu\u0107a srpske umetnosti i ukazuju na ishodi\u0161ta, polo\u017eaj i mesto srpske kulture i umetnosti u evropskom kontekstu.<\/p>\n<p>O kolekciji Galerije Matice srpske su se brinuli i o njoj istra\u017eivali brojni kustosi, danas zapam\u0107eni kao neki od najzna\u010dajnijih istori\u010dara umetnosti i istra\u017eiva\u010da srpske umetnosti: Olga Miki\u0107, dr Dinko Davidov, mr Leposava \u0160elmi\u0107, Jasna Jovanov, mr Milan Solarov, Ratomir Kuli\u0107, Emica Milo\u0161evi\u0107 i dr Branka Kuli\u0107. Zahvaljuju\u0107i njihovom radu, Galerija Matice srpske objavila je veliki broj publikacija va\u017enih za prou\u010davanje srpske istorije umetnosti 18, 19. i 20. veka.<\/p>\n\t\t<\/div>\n\t\t\t\t\n<style>\n#col-183381959 > .col-inner {\n  padding: 0px 20px 0px 20px;\n}\n<\/style>\n\t<\/div>\n\n\t\n\n\t<div id=\"col-1365368090\" class=\"col small-12 large-12\"  >\n\t\t\t\t<div class=\"col-inner\"  >\n\t\t\t\n\t\t\t\n<div class=\"is-divider divider clearfix\" style=\"max-width:100%;height:1px;\"><\/div>\n\t\t<\/div>\n\t\t\t\t\t<\/div>\n\n\t\n\n\t<div id=\"col-1280266064\" class=\"col small-12 large-12\"  >\n\t\t\t\t<div class=\"col-inner text-center\"  >\n\t\t\t\n\t\t\t\n\t<div id=\"text-568071599\" class=\"text quotetxt\">\n\t\t\n<p><em>Kolekcija svakog muzeja je \u017eiva stvar. Ona raste svakim novim poklonom i otkupom, dobija na vrednosti prou\u010davanjima, izlaganjem i publikovanjem studija, a na lepoti svakim uspe\u0161no izvedenim konzervatorsko-restauratorskim postupkom. Kolekcija je osnov na\u0161eg svakodnevnog rada i su\u0161tina delovanja.<\/em><\/p>\n\t\t\t<\/div>\n\t\n\t\t<\/div>\n\t\t\t\t\t<\/div>\n\n\t\n<\/div>\n\t\t<\/div>\n\n\t\t\n<style>\n#section_1526048423 {\n  padding-top: 30px;\n  padding-bottom: 30px;\n  background-color: rgb(246, 246, 246);\n}\n<\/style>\n\t<\/section>\n\t\n\n\t<section class=\"section\" id=\"section_1187656294\">\n\t\t<div class=\"section-bg fill\" >\n\t\t\t\t\t\t\t\t\t<div class=\"section-bg-overlay absolute fill\"><\/div>\n\t\t\t\n\n\t\t<\/div>\n\n\t\t\n\n\t\t<div class=\"section-content relative\">\n\t\t\t\n<div class=\"row row-large\"  id=\"row-563153243\">\n\n\t<div id=\"col-2121148835\" class=\"col medium-6 small-12 large-6\"  >\n\t\t\t\t<div class=\"col-inner\"  >\n\t\t\t\n\t\t\t\n\t<div class=\"img has-hover x md-x lg-x y md-y lg-y\" id=\"image_1305041091\">\n\t\t<a class=\"\" href=\"\/lat\/izdvajamo\/\" >\t\t\t\t\t\t<div class=\"img-inner image-cover dark\" style=\"padding-top:50%;\">\n\t\t\t<img loading=\"lazy\" decoding=\"async\" width=\"960\" height=\"640\" src=\"https:\/\/www.galerijamaticesrpske.rs\/wp-content\/uploads\/2021\/01\/majska-skupstina_960.jpg\" class=\"attachment-original size-original\" alt=\"\u041c\u0430\u0458\u0441\u043a\u0430 \u0441\u043a\u0443\u043f\u0448\u0442\u0438\u043d\u0430\" srcset=\"https:\/\/www.galerijamaticesrpske.rs\/wp-content\/uploads\/2021\/01\/majska-skupstina_960.jpg 960w, https:\/\/www.galerijamaticesrpske.rs\/wp-content\/uploads\/2021\/01\/majska-skupstina_960-300x200.jpg 300w, https:\/\/www.galerijamaticesrpske.rs\/wp-content\/uploads\/2021\/01\/majska-skupstina_960-768x512.jpg 768w\" sizes=\"auto, (max-width: 960px) 100vw, 960px\" \/>\t\t\t\t\t\t\n\t\t\t\t\t<\/div>\n\t\t\t\t\t\t<\/a>\t\t\n<style>\n#image_1305041091 {\n  width: 100%;\n}\n<\/style>\n\t<\/div>\n\t\n\t<div id=\"text-2376101712\" class=\"text mb0 pb0\">\n\t\t\n<h3 class=\"title28 playtitle\">Izdvajamo<\/h3>\n<p>Izdvajamo za vas deset remek-dela Galerije Matice srpske koja ne smete da propustite u poseti stalnoj postavci.<\/p>\n\t\t\t<\/div>\n\t\n<a data-animate=\"fadeInUp\" href=\"\/lat\/izdvajamo\/\" class=\"button primary is-smaller lowercase\" >\n\t\t<span>Pro\u010ditaj vi\u0161e<\/span>\n\t<\/a>\n\n\t\t<\/div>\n\t\t\t\t\t<\/div>\n\n\t\n\n\t<div id=\"col-319905125\" class=\"col medium-6 small-12 large-6\"  >\n\t\t\t\t<div class=\"col-inner\"  >\n\t\t\t\n\t\t\t\n\t<div class=\"img has-hover x md-x lg-x y md-y lg-y\" id=\"image_205708205\">\n\t\t<a class=\"\" href=\"\/lat\/akvizicije\/\" >\t\t\t\t\t\t<div class=\"img-inner image-cover dark\" style=\"padding-top:50%;\">\n\t\t\t<img loading=\"lazy\" decoding=\"async\" width=\"1920\" height=\"1280\" src=\"https:\/\/www.galerijamaticesrpske.rs\/wp-content\/uploads\/2021\/01\/20.-vek.jpg\" class=\"attachment-original size-original\" alt=\"\u041c\u043e\u0434\u0435\u0440\u043d\u0438\u0437\u043c\u0438 \u2013 \u043a\u043e\u043d\u0442\u0438\u043d\u0443\u0438\u0442\u0435\u0442\u0438 \u0438 \u0441\u0443\u0447\u0435\u0459\u0430\u0432\u0430\u045a\u0430\" srcset=\"https:\/\/www.galerijamaticesrpske.rs\/wp-content\/uploads\/2021\/01\/20.-vek.jpg 1920w, https:\/\/www.galerijamaticesrpske.rs\/wp-content\/uploads\/2021\/01\/20.-vek-300x200.jpg 300w, https:\/\/www.galerijamaticesrpske.rs\/wp-content\/uploads\/2021\/01\/20.-vek-1024x683.jpg 1024w, https:\/\/www.galerijamaticesrpske.rs\/wp-content\/uploads\/2021\/01\/20.-vek-768x512.jpg 768w, https:\/\/www.galerijamaticesrpske.rs\/wp-content\/uploads\/2021\/01\/20.-vek-1536x1024.jpg 1536w\" sizes=\"auto, (max-width: 1920px) 100vw, 1920px\" \/>\t\t\t\t\t\t\n\t\t\t\t\t<\/div>\n\t\t\t\t\t\t<\/a>\t\t\n<style>\n#image_205708205 {\n  width: 100%;\n}\n<\/style>\n\t<\/div>\n\t\n\t<div id=\"text-2939420328\" class=\"text mb0 pb0\">\n\t\t\n<h3 class=\"title28 playtitle\">Akvizicije<\/h3>\n<p>Kolekcija Galerije Matice srpske se iz godine u godinu oboga\u0107uje predmetima koji predstavljaju zna\u010dajno nacionalno umetni\u010dko i kulturno nasle\u0111e.<\/p>\n\t\t\t<\/div>\n\t\n<a data-animate=\"fadeInUp\" href=\"\/lat\/akvizicije\/\" class=\"button primary is-smaller lowercase\" >\n\t\t<span>Pro\u010ditaj vi\u0161e<\/span>\n\t<\/a>\n\n\t\t<\/div>\n\t\t\t\t\t<\/div>\n\n\t\n<\/div>\n\t\t<\/div>\n\n\t\t\n<style>\n#section_1187656294 {\n  padding-top: 60px;\n  padding-bottom: 60px;\n  background-color: rgb(255, 255, 255);\n}\n#section_1187656294 .section-bg-overlay {\n  background-color: rgba(255, 255, 255, 0.85);\n}\n<\/style>\n\t<\/section>\n\t\n","protected":false},"excerpt":{"rendered":"","protected":false},"author":1,"featured_media":0,"parent":0,"menu_order":0,"comment_status":"closed","ping_status":"closed","template":"page-blank.php","meta":{"_acf_changed":false,"footnotes":""},"class_list":["post-2996","page","type-page","status-publish","hentry"],"acf":[],"yoast_head":"<!-- This site is optimized with the Yoast SEO plugin v27.3 - https:\/\/yoast.com\/product\/yoast-seo-wordpress\/ -->\n<title>O kolekciji | Galerija Matice srpske<\/title>\n<meta name=\"robots\" content=\"index, follow, max-snippet:-1, max-image-preview:large, max-video-preview:-1\" \/>\n<link rel=\"canonical\" href=\"https:\/\/www.galerijamaticesrpske.rs\/lat\/o-kolekciji\/\" \/>\n<meta property=\"og:locale\" content=\"en_US\" \/>\n<meta property=\"og:type\" content=\"article\" \/>\n<meta property=\"og:title\" content=\"O kolekciji | Galerija Matice srpske\" \/>\n<meta property=\"og:url\" content=\"https:\/\/www.galerijamaticesrpske.rs\/lat\/o-kolekciji\/\" \/>\n<meta property=\"og:site_name\" content=\"Galerija Matice srpske\" \/>\n<meta property=\"article:modified_time\" content=\"2024-11-05T13:25:12+00:00\" \/>\n<meta name=\"twitter:card\" content=\"summary_large_image\" \/>\n<meta name=\"twitter:label1\" content=\"Est. reading time\" \/>\n\t<meta name=\"twitter:data1\" content=\"3 minutes\" \/>\n<script type=\"application\/ld+json\" class=\"yoast-schema-graph\">{\"@context\":\"https:\\\/\\\/schema.org\",\"@graph\":[{\"@type\":\"WebPage\",\"@id\":\"https:\\\/\\\/www.galerijamaticesrpske.rs\\\/lat\\\/o-kolekciji\\\/\",\"url\":\"https:\\\/\\\/www.galerijamaticesrpske.rs\\\/lat\\\/o-kolekciji\\\/\",\"name\":\"O kolekciji | Galerija Matice srpske\",\"isPartOf\":{\"@id\":\"http:\\\/\\\/www.galerijamaticesrpske.rs\\\/en\\\/#website\"},\"datePublished\":\"2021-01-15T00:02:42+00:00\",\"dateModified\":\"2024-11-05T13:25:12+00:00\",\"breadcrumb\":{\"@id\":\"https:\\\/\\\/www.galerijamaticesrpske.rs\\\/lat\\\/o-kolekciji\\\/#breadcrumb\"},\"inLanguage\":\"sr-LAT\",\"potentialAction\":[{\"@type\":\"ReadAction\",\"target\":[\"https:\\\/\\\/www.galerijamaticesrpske.rs\\\/lat\\\/o-kolekciji\\\/\"]}]},{\"@type\":\"BreadcrumbList\",\"@id\":\"https:\\\/\\\/www.galerijamaticesrpske.rs\\\/lat\\\/o-kolekciji\\\/#breadcrumb\",\"itemListElement\":[{\"@type\":\"ListItem\",\"position\":1,\"name\":\"\u041f\u043e\u0447\u0435\u0442\u043d\u0430\",\"item\":\"https:\\\/\\\/www.galerijamaticesrpske.rs\\\/lat\\\/\"},{\"@type\":\"ListItem\",\"position\":2,\"name\":\"O kolekciji\"}]},{\"@type\":\"WebSite\",\"@id\":\"http:\\\/\\\/www.galerijamaticesrpske.rs\\\/en\\\/#website\",\"url\":\"http:\\\/\\\/www.galerijamaticesrpske.rs\\\/en\\\/\",\"name\":\"Galerija Matice srpske\",\"description\":\"Muzej srpske nacionalne umetnosti u Novom Sadu\",\"publisher\":{\"@id\":\"http:\\\/\\\/www.galerijamaticesrpske.rs\\\/en\\\/#organization\"},\"potentialAction\":[{\"@type\":\"SearchAction\",\"target\":{\"@type\":\"EntryPoint\",\"urlTemplate\":\"http:\\\/\\\/www.galerijamaticesrpske.rs\\\/en\\\/?s={search_term_string}\"},\"query-input\":{\"@type\":\"PropertyValueSpecification\",\"valueRequired\":true,\"valueName\":\"search_term_string\"}}],\"inLanguage\":\"sr-LAT\"},{\"@type\":\"Organization\",\"@id\":\"http:\\\/\\\/www.galerijamaticesrpske.rs\\\/en\\\/#organization\",\"name\":\"Galerija Matice srpske\",\"url\":\"http:\\\/\\\/www.galerijamaticesrpske.rs\\\/en\\\/\",\"logo\":{\"@type\":\"ImageObject\",\"inLanguage\":\"sr-LAT\",\"@id\":\"http:\\\/\\\/www.galerijamaticesrpske.rs\\\/en\\\/#\\\/schema\\\/logo\\\/image\\\/\",\"url\":\"https:\\\/\\\/www.galerijamaticesrpske.rs\\\/wp-content\\\/uploads\\\/2021\\\/01\\\/gms-logo-za-sajt.svg\",\"contentUrl\":\"https:\\\/\\\/www.galerijamaticesrpske.rs\\\/wp-content\\\/uploads\\\/2021\\\/01\\\/gms-logo-za-sajt.svg\",\"width\":1,\"height\":1,\"caption\":\"Galerija Matice srpske\"},\"image\":{\"@id\":\"http:\\\/\\\/www.galerijamaticesrpske.rs\\\/en\\\/#\\\/schema\\\/logo\\\/image\\\/\"}}]}<\/script>\n<!-- \/ Yoast SEO plugin. -->","yoast_head_json":{"title":"O kolekciji | Galerija Matice srpske","robots":{"index":"index","follow":"follow","max-snippet":"max-snippet:-1","max-image-preview":"max-image-preview:large","max-video-preview":"max-video-preview:-1"},"canonical":"https:\/\/www.galerijamaticesrpske.rs\/lat\/o-kolekciji\/","og_locale":"en_US","og_type":"article","og_title":"O kolekciji | Galerija Matice srpske","og_url":"https:\/\/www.galerijamaticesrpske.rs\/lat\/o-kolekciji\/","og_site_name":"Galerija Matice srpske","article_modified_time":"2024-11-05T13:25:12+00:00","twitter_card":"summary_large_image","twitter_misc":{"Est. reading time":"3 minutes"},"schema":{"@context":"https:\/\/schema.org","@graph":[{"@type":"WebPage","@id":"https:\/\/www.galerijamaticesrpske.rs\/lat\/o-kolekciji\/","url":"https:\/\/www.galerijamaticesrpske.rs\/lat\/o-kolekciji\/","name":"O kolekciji | Galerija Matice srpske","isPartOf":{"@id":"http:\/\/www.galerijamaticesrpske.rs\/en\/#website"},"datePublished":"2021-01-15T00:02:42+00:00","dateModified":"2024-11-05T13:25:12+00:00","breadcrumb":{"@id":"https:\/\/www.galerijamaticesrpske.rs\/lat\/o-kolekciji\/#breadcrumb"},"inLanguage":"sr-LAT","potentialAction":[{"@type":"ReadAction","target":["https:\/\/www.galerijamaticesrpske.rs\/lat\/o-kolekciji\/"]}]},{"@type":"BreadcrumbList","@id":"https:\/\/www.galerijamaticesrpske.rs\/lat\/o-kolekciji\/#breadcrumb","itemListElement":[{"@type":"ListItem","position":1,"name":"\u041f\u043e\u0447\u0435\u0442\u043d\u0430","item":"https:\/\/www.galerijamaticesrpske.rs\/lat\/"},{"@type":"ListItem","position":2,"name":"O kolekciji"}]},{"@type":"WebSite","@id":"http:\/\/www.galerijamaticesrpske.rs\/en\/#website","url":"http:\/\/www.galerijamaticesrpske.rs\/en\/","name":"Galerija Matice srpske","description":"Muzej srpske nacionalne umetnosti u Novom Sadu","publisher":{"@id":"http:\/\/www.galerijamaticesrpske.rs\/en\/#organization"},"potentialAction":[{"@type":"SearchAction","target":{"@type":"EntryPoint","urlTemplate":"http:\/\/www.galerijamaticesrpske.rs\/en\/?s={search_term_string}"},"query-input":{"@type":"PropertyValueSpecification","valueRequired":true,"valueName":"search_term_string"}}],"inLanguage":"sr-LAT"},{"@type":"Organization","@id":"http:\/\/www.galerijamaticesrpske.rs\/en\/#organization","name":"Galerija Matice srpske","url":"http:\/\/www.galerijamaticesrpske.rs\/en\/","logo":{"@type":"ImageObject","inLanguage":"sr-LAT","@id":"http:\/\/www.galerijamaticesrpske.rs\/en\/#\/schema\/logo\/image\/","url":"https:\/\/www.galerijamaticesrpske.rs\/wp-content\/uploads\/2021\/01\/gms-logo-za-sajt.svg","contentUrl":"https:\/\/www.galerijamaticesrpske.rs\/wp-content\/uploads\/2021\/01\/gms-logo-za-sajt.svg","width":1,"height":1,"caption":"Galerija Matice srpske"},"image":{"@id":"http:\/\/www.galerijamaticesrpske.rs\/en\/#\/schema\/logo\/image\/"}}]}},"_links":{"self":[{"href":"https:\/\/www.galerijamaticesrpske.rs\/lat\/wp-json\/wp\/v2\/pages\/2996","targetHints":{"allow":["GET"]}}],"collection":[{"href":"https:\/\/www.galerijamaticesrpske.rs\/lat\/wp-json\/wp\/v2\/pages"}],"about":[{"href":"https:\/\/www.galerijamaticesrpske.rs\/lat\/wp-json\/wp\/v2\/types\/page"}],"author":[{"embeddable":true,"href":"https:\/\/www.galerijamaticesrpske.rs\/lat\/wp-json\/wp\/v2\/users\/1"}],"replies":[{"embeddable":true,"href":"https:\/\/www.galerijamaticesrpske.rs\/lat\/wp-json\/wp\/v2\/comments?post=2996"}],"version-history":[{"count":4,"href":"https:\/\/www.galerijamaticesrpske.rs\/lat\/wp-json\/wp\/v2\/pages\/2996\/revisions"}],"predecessor-version":[{"id":13416,"href":"https:\/\/www.galerijamaticesrpske.rs\/lat\/wp-json\/wp\/v2\/pages\/2996\/revisions\/13416"}],"wp:attachment":[{"href":"https:\/\/www.galerijamaticesrpske.rs\/lat\/wp-json\/wp\/v2\/media?parent=2996"}],"curies":[{"name":"wp","href":"https:\/\/api.w.org\/{rel}","templated":true}]}}