{"id":3016,"date":"2021-02-05T11:59:57","date_gmt":"2021-02-05T11:59:57","guid":{"rendered":"https:\/\/www.galerijamaticesrpske.rs\/pridruzite-nam-se\/strucna-obuka\/"},"modified":"2026-03-03T13:22:20","modified_gmt":"2026-03-03T13:22:20","slug":"strucna-obuka","status":"publish","type":"page","link":"https:\/\/www.galerijamaticesrpske.rs\/lat\/pridruzite-nam-se\/strucna-obuka\/","title":{"rendered":"Stru\u010dna obuka"},"content":{"rendered":"\n\t<section class=\"section\" id=\"section_1237424265\">\n\t\t<div class=\"section-bg fill\" >\n\t\t\t\t\t\t\t\t\t\n\t\t\t\n\n\t\t<\/div>\n\n\t\t\n\n\t\t<div class=\"section-content relative\">\n\t\t\t\n<div class=\"row align-middle align-center\" style=\"max-width:\" id=\"row-1221438254\">\n\n\t<div id=\"col-1762386569\" class=\"col medium-6 small-12 large-6\"  >\n\t\t\t\t<div class=\"col-inner\"  >\n\t\t\t\n\t\t\t\n<h1 class=\"title36 mb30\">Stru\u010dna obuka<\/h1>\n<p>Galerija Matice srpske je pravo mesto da zapo\u010dnete profesionalnu karijeru. Ukoliko ste diplomirani istori\u010dar\/ka umetnosti ili diplomirani konzervator\/ka i restaurator\/ka na\u0161 program stru\u010dnog osposobljavanja nudi vam mogu\u0107nost da iskusite rad u muzeju i steknete ve\u0161tine u obavljanju posla. Tako\u0111e, nakon zavr\u0161enog jednogodi\u0161njeg programa imate pravo da pola\u017eete stru\u010dni ispit radi sticanja muzejskih zvanja kustos, konzervator i\/ili restaurator.<\/p>\n<p>Kroz rad u Galeriji \u0107ete:<\/p>\n<ul>\n<li>upoznati osnovne muzeolo\u0161ke principe rada,<\/li>\n<li>ste\u0107i znanja o umetnosti i posebno o umetni\u010dkoj kolekciji GMS,<\/li>\n<li>u\u010destvovati u planiranju i realizaciji najraznovrsnijih programa \u2013 od izlo\u017ebi, programa namenjenih razli\u010ditim grupama posetilaca pa do konzervatorsko-restauratorskih projekata,<\/li>\n<li>iskusiti timski rad i duh,<\/li>\n<li>otkriti nove talente i ste\u0107i ve\u0161tine.<\/li>\n<\/ul>\n\t\t<\/div>\n\t\t\t\t\n<style>\n#col-1762386569 > .col-inner {\n  padding: 0px 20px 0px 20px;\n}\n<\/style>\n\t<\/div>\n\n\t\n\n\t<div id=\"col-71883068\" class=\"col medium-6 small-12 large-6 small-col-first\"  >\n\t\t\t\t<div class=\"col-inner\"  >\n\t\t\t\n\t\t\t\n\t<div class=\"img has-hover x md-x lg-x y md-y lg-y\" id=\"image_1896677562\">\n\t\t\t\t\t\t\t\t<div class=\"img-inner dark\" >\n\t\t\t<img loading=\"lazy\" decoding=\"async\" width=\"960\" height=\"640\" src=\"https:\/\/www.galerijamaticesrpske.rs\/wp-content\/uploads\/2021\/01\/strucna-obuka-1_960.jpg\" class=\"attachment-original size-original\" alt=\"\u0421\u0442\u0440\u0443\u0447\u043d\u0430 \u043e\u0431\u0443\u043a\u0430\" srcset=\"https:\/\/www.galerijamaticesrpske.rs\/wp-content\/uploads\/2021\/01\/strucna-obuka-1_960.jpg 960w, https:\/\/www.galerijamaticesrpske.rs\/wp-content\/uploads\/2021\/01\/strucna-obuka-1_960-300x200.jpg 300w, https:\/\/www.galerijamaticesrpske.rs\/wp-content\/uploads\/2021\/01\/strucna-obuka-1_960-768x512.jpg 768w\" sizes=\"auto, (max-width: 960px) 100vw, 960px\" \/>\t\t\t\t\t\t\n\t\t\t\t\t<\/div>\n\t\t\t\t\t\t\t\t\n<style>\n#image_1896677562 {\n  width: 100%;\n}\n<\/style>\n\t<\/div>\n\t\n\t\t<\/div>\n\t\t\t\t\n<style>\n#col-71883068 > .col-inner {\n  padding: 0px 20px 0px 20px;\n}\n<\/style>\n\t<\/div>\n\n\t\n\n\t<div id=\"col-258090425\" class=\"col mb0 pb0 small-12 large-12\"  >\n\t\t\t\t<div class=\"col-inner text-center\"  >\n\t\t\t\n\t\t\t\n<div class=\"text-center\"><div class=\"is-divider divider clearfix\" style=\"max-width:100%;height:1px;background-color:rgba(0, 0, 0, 0.1);\"><\/div><\/div>\n\t\t<\/div>\n\t\t\t\t\n<style>\n#col-258090425 > .col-inner {\n  padding: 0px 20px 0px 20px;\n  margin: 0px 0px 0 0px;\n}\n<\/style>\n\t<\/div>\n\n\t\n\n\t<div id=\"col-613984200\" class=\"col pb0 medium-8 small-12 large-8\"  >\n\t\t\t\t<div class=\"col-inner text-center\"  >\n\t\t\t\n\t\t\t\n\t<div id=\"text-2701713616\" class=\"text maxwidth860\">\n\t\t\n<p>Ukoliko \u017eelite da se prijavite za program stru\u010dne obuke, molimo vas da po\u0161aljete va\u0161u biografiju i kratko motivaciono pismo na adresu <a href=\"mailto:info@galerijamaticesrpske.rs\">info@galerijamaticesrpske.rs<\/a><\/p>\n\t\t\n<style>\n#text-2701713616 {\n  text-align: center;\n}\n<\/style>\n\t<\/div>\n\t\n<a class=\"button primary maxwidth360 hidden\" >\n\t\t<span>Zaka\u017ei posetu<\/span>\n\t<\/a>\n\n\t\t<\/div>\n\t\t\t\t\n<style>\n#col-613984200 > .col-inner {\n  margin: 20px 0px 0px 0px;\n}\n<\/style>\n\t<\/div>\n\n\t\n\n<style>\n#row-1221438254 > .col > .col-inner {\n  padding: 10px 20px 0px 20px;\n}\n<\/style>\n<\/div>\n\t\t<\/div>\n\n\t\t\n<style>\n#section_1237424265 {\n  padding-top: 40px;\n  padding-bottom: 40px;\n  min-height: 300px;\n  background-color: rgb(246, 246, 246);\n}\n<\/style>\n\t<\/section>\n\t\n\n\t<section class=\"section\" id=\"section_1080807566\">\n\t\t<div class=\"section-bg fill\" >\n\t\t\t\t\t\t\t\t\t<div class=\"section-bg-overlay absolute fill\"><\/div>\n\t\t\t\n\n\t\t<\/div>\n\n\t\t\n\n\t\t<div class=\"section-content relative\">\n\t\t\t\n<div class=\"row row-large\"  id=\"row-1345005922\">\n\n\t<div id=\"col-1116709939\" class=\"col medium-6 small-12 large-6\"  >\n\t\t\t\t<div class=\"col-inner\"  >\n\t\t\t\n\t\t\t\n\t<div class=\"img has-hover x md-x lg-x y md-y lg-y\" id=\"image_2135585677\">\n\t\t<a class=\"\" href=\"\/lat\/pridruzite-nam-se\/klub-mladih-gms\/\" >\t\t\t\t\t\t<div class=\"img-inner image-cover dark\" style=\"padding-top:50%;\">\n\t\t\t<img loading=\"lazy\" decoding=\"async\" width=\"960\" height=\"640\" src=\"https:\/\/www.galerijamaticesrpske.rs\/wp-content\/uploads\/2021\/02\/klub-mladih.jpg\" class=\"attachment-original size-original\" alt=\"K\u043b\u0443\u0431 \u043c\u043b\u0430\u0434\u0438\u0445 \u0413\u041c\u0421\" srcset=\"https:\/\/www.galerijamaticesrpske.rs\/wp-content\/uploads\/2021\/02\/klub-mladih.jpg 960w, https:\/\/www.galerijamaticesrpske.rs\/wp-content\/uploads\/2021\/02\/klub-mladih-300x200.jpg 300w, https:\/\/www.galerijamaticesrpske.rs\/wp-content\/uploads\/2021\/02\/klub-mladih-768x512.jpg 768w, https:\/\/www.galerijamaticesrpske.rs\/wp-content\/uploads\/2021\/02\/klub-mladih-391x260.jpg 391w\" sizes=\"auto, (max-width: 960px) 100vw, 960px\" \/>\t\t\t\t\t\t\n\t\t\t\t\t<\/div>\n\t\t\t\t\t\t<\/a>\t\t\n<style>\n#image_2135585677 {\n  width: 100%;\n}\n<\/style>\n\t<\/div>\n\t\n<h3 class=\"title28 playtitle\"><a href=\"\/lat\/pridruzite-nam-se\/klub-mladih-gms\/\">Klub mladih GMS<\/a><\/h3>\n<p>Glas mladih va\u017ean je svakom muzeju i zato su svi oni dobrodo\u0161li da se u\u010dlane u na\u0161 Klub mladih.<\/p>\n<a data-animate=\"fadeInUp\" href=\"\/lat\/pridruzite-nam-se\/klub-mladih-gms\/\" class=\"button primary lowercase\" >\n\t\t<span>Pro\u010ditaj vi\u0161e<\/span>\n\t<\/a>\n\n\t\t<\/div>\n\t\t\t\t\n<style>\n#col-1116709939 > .col-inner {\n  padding: 0px 0px 0px 20px;\n}\n<\/style>\n\t<\/div>\n\n\t\n\n\t<div id=\"col-953361011\" class=\"col medium-6 small-12 large-6\"  >\n\t\t\t\t<div class=\"col-inner\"  >\n\t\t\t\n\t\t\t\n\t<div class=\"img has-hover x md-x lg-x y md-y lg-y\" id=\"image_179188940\">\n\t\t<a class=\"\" href=\"\/lat\/pridruzite-nam-se\/volontiranje\/\" >\t\t\t\t\t\t<div class=\"img-inner image-cover dark\" style=\"padding-top:50%;\">\n\t\t\t<img loading=\"lazy\" decoding=\"async\" width=\"960\" height=\"640\" src=\"https:\/\/www.galerijamaticesrpske.rs\/wp-content\/uploads\/2021\/02\/volontiranje.jpg\" class=\"attachment-original size-original\" alt=\"\u0412\u043e\u043b\u043e\u043d\u0442\u0438\u0440\u0430\u045a\u0435\" srcset=\"https:\/\/www.galerijamaticesrpske.rs\/wp-content\/uploads\/2021\/02\/volontiranje.jpg 960w, https:\/\/www.galerijamaticesrpske.rs\/wp-content\/uploads\/2021\/02\/volontiranje-300x200.jpg 300w, https:\/\/www.galerijamaticesrpske.rs\/wp-content\/uploads\/2021\/02\/volontiranje-768x512.jpg 768w, https:\/\/www.galerijamaticesrpske.rs\/wp-content\/uploads\/2021\/02\/volontiranje-391x260.jpg 391w\" sizes=\"auto, (max-width: 960px) 100vw, 960px\" \/>\t\t\t\t\t\t\n\t\t\t\t\t<\/div>\n\t\t\t\t\t\t<\/a>\t\t\n<style>\n#image_179188940 {\n  width: 100%;\n}\n<\/style>\n\t<\/div>\n\t\n<h3 class=\"title28 playtitle\"><a href=\"\/lat\/pridruzite-nam-se\/volontiranje\/\">Volontiranje<\/a><\/h3>\n<p>Podr\u0161ka volontera u programima Galerije Matice srpske je uvek dobrodo\u0161la, jer se tako zajedno razvijamo i rastemo.<\/p>\n<a data-animate=\"fadeInUp\" href=\"\/lat\/pridruzite-nam-se\/volontiranje\/\" class=\"button primary lowercase\" >\n\t\t<span>Pro\u010ditaj vi\u0161e<\/span>\n\t<\/a>\n\n\t\t<\/div>\n\t\t\t\t\n<style>\n#col-953361011 > .col-inner {\n  padding: 0px 20px 0px 0px;\n}\n<\/style>\n\t<\/div>\n\n\t\n<\/div>\n\t\t<\/div>\n\n\t\t\n<style>\n#section_1080807566 {\n  padding-top: 60px;\n  padding-bottom: 60px;\n  background-color: rgb(255, 255, 255);\n}\n#section_1080807566 .section-bg-overlay {\n  background-color: rgba(255, 255, 255, 0.85);\n}\n<\/style>\n\t<\/section>\n\t\n","protected":false},"excerpt":{"rendered":"","protected":false},"author":1,"featured_media":0,"parent":2740,"menu_order":0,"comment_status":"closed","ping_status":"closed","template":"page-blank.php","meta":{"_acf_changed":false,"footnotes":""},"class_list":["post-3016","page","type-page","status-publish","hentry"],"acf":[],"yoast_head":"<!-- This site is optimized with the Yoast SEO plugin v27.3 - https:\/\/yoast.com\/product\/yoast-seo-wordpress\/ -->\n<title>Stru\u010dna obuka | Galerija Matice srpske<\/title>\n<meta name=\"robots\" content=\"index, follow, max-snippet:-1, max-image-preview:large, max-video-preview:-1\" \/>\n<link rel=\"canonical\" href=\"https:\/\/www.galerijamaticesrpske.rs\/lat\/pridruzite-nam-se\/strucna-obuka\/\" \/>\n<meta property=\"og:locale\" content=\"en_US\" \/>\n<meta property=\"og:type\" content=\"article\" \/>\n<meta property=\"og:title\" content=\"Stru\u010dna obuka | Galerija Matice srpske\" \/>\n<meta property=\"og:url\" content=\"https:\/\/www.galerijamaticesrpske.rs\/lat\/pridruzite-nam-se\/strucna-obuka\/\" \/>\n<meta property=\"og:site_name\" content=\"Galerija Matice srpske\" \/>\n<meta property=\"article:modified_time\" content=\"2026-03-03T13:22:20+00:00\" \/>\n<meta name=\"twitter:card\" content=\"summary_large_image\" \/>\n<meta name=\"twitter:label1\" content=\"Est. reading time\" \/>\n\t<meta name=\"twitter:data1\" content=\"2 minutes\" \/>\n<script type=\"application\/ld+json\" class=\"yoast-schema-graph\">{\"@context\":\"https:\\\/\\\/schema.org\",\"@graph\":[{\"@type\":\"WebPage\",\"@id\":\"https:\\\/\\\/www.galerijamaticesrpske.rs\\\/lat\\\/pridruzite-nam-se\\\/strucna-obuka\\\/\",\"url\":\"https:\\\/\\\/www.galerijamaticesrpske.rs\\\/lat\\\/pridruzite-nam-se\\\/strucna-obuka\\\/\",\"name\":\"Stru\u010dna obuka | Galerija Matice srpske\",\"isPartOf\":{\"@id\":\"https:\\\/\\\/www.galerijamaticesrpske.rs\\\/#website\"},\"datePublished\":\"2021-02-05T11:59:57+00:00\",\"dateModified\":\"2026-03-03T13:22:20+00:00\",\"breadcrumb\":{\"@id\":\"https:\\\/\\\/www.galerijamaticesrpske.rs\\\/lat\\\/pridruzite-nam-se\\\/strucna-obuka\\\/#breadcrumb\"},\"inLanguage\":\"sr-LAT\",\"potentialAction\":[{\"@type\":\"ReadAction\",\"target\":[\"https:\\\/\\\/www.galerijamaticesrpske.rs\\\/lat\\\/pridruzite-nam-se\\\/strucna-obuka\\\/\"]}]},{\"@type\":\"BreadcrumbList\",\"@id\":\"https:\\\/\\\/www.galerijamaticesrpske.rs\\\/lat\\\/pridruzite-nam-se\\\/strucna-obuka\\\/#breadcrumb\",\"itemListElement\":[{\"@type\":\"ListItem\",\"position\":1,\"name\":\"\u041f\u043e\u0447\u0435\u0442\u043d\u0430\",\"item\":\"http:\\\/\\\/www.galerijamaticesrpske.rs\\\/lat\\\/\"},{\"@type\":\"ListItem\",\"position\":2,\"name\":\"Pridru\u017eite nam se\",\"item\":\"https:\\\/\\\/www.galerijamaticesrpske.rs\\\/lat\\\/pridruzite-nam-se\\\/\"},{\"@type\":\"ListItem\",\"position\":3,\"name\":\"Stru\u010dna obuka\"}]},{\"@type\":\"WebSite\",\"@id\":\"https:\\\/\\\/www.galerijamaticesrpske.rs\\\/#website\",\"url\":\"https:\\\/\\\/www.galerijamaticesrpske.rs\\\/\",\"name\":\"Galerija Matice srpske\",\"description\":\"Muzej srpske nacionalne umetnosti u Novom Sadu\",\"publisher\":{\"@id\":\"https:\\\/\\\/www.galerijamaticesrpske.rs\\\/#organization\"},\"potentialAction\":[{\"@type\":\"SearchAction\",\"target\":{\"@type\":\"EntryPoint\",\"urlTemplate\":\"https:\\\/\\\/www.galerijamaticesrpske.rs\\\/?s={search_term_string}\"},\"query-input\":{\"@type\":\"PropertyValueSpecification\",\"valueRequired\":true,\"valueName\":\"search_term_string\"}}],\"inLanguage\":\"sr-LAT\"},{\"@type\":\"Organization\",\"@id\":\"https:\\\/\\\/www.galerijamaticesrpske.rs\\\/#organization\",\"name\":\"Galerija Matice srpske\",\"url\":\"https:\\\/\\\/www.galerijamaticesrpske.rs\\\/\",\"logo\":{\"@type\":\"ImageObject\",\"inLanguage\":\"sr-LAT\",\"@id\":\"https:\\\/\\\/www.galerijamaticesrpske.rs\\\/#\\\/schema\\\/logo\\\/image\\\/\",\"url\":\"https:\\\/\\\/www.galerijamaticesrpske.rs\\\/wp-content\\\/uploads\\\/2021\\\/01\\\/gms-logo-za-sajt.svg\",\"contentUrl\":\"https:\\\/\\\/www.galerijamaticesrpske.rs\\\/wp-content\\\/uploads\\\/2021\\\/01\\\/gms-logo-za-sajt.svg\",\"width\":1,\"height\":1,\"caption\":\"Galerija Matice srpske\"},\"image\":{\"@id\":\"https:\\\/\\\/www.galerijamaticesrpske.rs\\\/#\\\/schema\\\/logo\\\/image\\\/\"}}]}<\/script>\n<!-- \/ Yoast SEO plugin. -->","yoast_head_json":{"title":"Stru\u010dna obuka | Galerija Matice srpske","robots":{"index":"index","follow":"follow","max-snippet":"max-snippet:-1","max-image-preview":"max-image-preview:large","max-video-preview":"max-video-preview:-1"},"canonical":"https:\/\/www.galerijamaticesrpske.rs\/lat\/pridruzite-nam-se\/strucna-obuka\/","og_locale":"en_US","og_type":"article","og_title":"Stru\u010dna obuka | Galerija Matice srpske","og_url":"https:\/\/www.galerijamaticesrpske.rs\/lat\/pridruzite-nam-se\/strucna-obuka\/","og_site_name":"Galerija Matice srpske","article_modified_time":"2026-03-03T13:22:20+00:00","twitter_card":"summary_large_image","twitter_misc":{"Est. reading time":"2 minutes"},"schema":{"@context":"https:\/\/schema.org","@graph":[{"@type":"WebPage","@id":"https:\/\/www.galerijamaticesrpske.rs\/lat\/pridruzite-nam-se\/strucna-obuka\/","url":"https:\/\/www.galerijamaticesrpske.rs\/lat\/pridruzite-nam-se\/strucna-obuka\/","name":"Stru\u010dna obuka | Galerija Matice srpske","isPartOf":{"@id":"https:\/\/www.galerijamaticesrpske.rs\/#website"},"datePublished":"2021-02-05T11:59:57+00:00","dateModified":"2026-03-03T13:22:20+00:00","breadcrumb":{"@id":"https:\/\/www.galerijamaticesrpske.rs\/lat\/pridruzite-nam-se\/strucna-obuka\/#breadcrumb"},"inLanguage":"sr-LAT","potentialAction":[{"@type":"ReadAction","target":["https:\/\/www.galerijamaticesrpske.rs\/lat\/pridruzite-nam-se\/strucna-obuka\/"]}]},{"@type":"BreadcrumbList","@id":"https:\/\/www.galerijamaticesrpske.rs\/lat\/pridruzite-nam-se\/strucna-obuka\/#breadcrumb","itemListElement":[{"@type":"ListItem","position":1,"name":"\u041f\u043e\u0447\u0435\u0442\u043d\u0430","item":"http:\/\/www.galerijamaticesrpske.rs\/lat\/"},{"@type":"ListItem","position":2,"name":"Pridru\u017eite nam se","item":"https:\/\/www.galerijamaticesrpske.rs\/lat\/pridruzite-nam-se\/"},{"@type":"ListItem","position":3,"name":"Stru\u010dna obuka"}]},{"@type":"WebSite","@id":"https:\/\/www.galerijamaticesrpske.rs\/#website","url":"https:\/\/www.galerijamaticesrpske.rs\/","name":"Galerija Matice srpske","description":"Muzej srpske nacionalne umetnosti u Novom Sadu","publisher":{"@id":"https:\/\/www.galerijamaticesrpske.rs\/#organization"},"potentialAction":[{"@type":"SearchAction","target":{"@type":"EntryPoint","urlTemplate":"https:\/\/www.galerijamaticesrpske.rs\/?s={search_term_string}"},"query-input":{"@type":"PropertyValueSpecification","valueRequired":true,"valueName":"search_term_string"}}],"inLanguage":"sr-LAT"},{"@type":"Organization","@id":"https:\/\/www.galerijamaticesrpske.rs\/#organization","name":"Galerija Matice srpske","url":"https:\/\/www.galerijamaticesrpske.rs\/","logo":{"@type":"ImageObject","inLanguage":"sr-LAT","@id":"https:\/\/www.galerijamaticesrpske.rs\/#\/schema\/logo\/image\/","url":"https:\/\/www.galerijamaticesrpske.rs\/wp-content\/uploads\/2021\/01\/gms-logo-za-sajt.svg","contentUrl":"https:\/\/www.galerijamaticesrpske.rs\/wp-content\/uploads\/2021\/01\/gms-logo-za-sajt.svg","width":1,"height":1,"caption":"Galerija Matice srpske"},"image":{"@id":"https:\/\/www.galerijamaticesrpske.rs\/#\/schema\/logo\/image\/"}}]}},"_links":{"self":[{"href":"https:\/\/www.galerijamaticesrpske.rs\/lat\/wp-json\/wp\/v2\/pages\/3016","targetHints":{"allow":["GET"]}}],"collection":[{"href":"https:\/\/www.galerijamaticesrpske.rs\/lat\/wp-json\/wp\/v2\/pages"}],"about":[{"href":"https:\/\/www.galerijamaticesrpske.rs\/lat\/wp-json\/wp\/v2\/types\/page"}],"author":[{"embeddable":true,"href":"https:\/\/www.galerijamaticesrpske.rs\/lat\/wp-json\/wp\/v2\/users\/1"}],"replies":[{"embeddable":true,"href":"https:\/\/www.galerijamaticesrpske.rs\/lat\/wp-json\/wp\/v2\/comments?post=3016"}],"version-history":[{"count":2,"href":"https:\/\/www.galerijamaticesrpske.rs\/lat\/wp-json\/wp\/v2\/pages\/3016\/revisions"}],"predecessor-version":[{"id":16377,"href":"https:\/\/www.galerijamaticesrpske.rs\/lat\/wp-json\/wp\/v2\/pages\/3016\/revisions\/16377"}],"up":[{"embeddable":true,"href":"https:\/\/www.galerijamaticesrpske.rs\/lat\/wp-json\/wp\/v2\/pages\/2740"}],"wp:attachment":[{"href":"https:\/\/www.galerijamaticesrpske.rs\/lat\/wp-json\/wp\/v2\/media?parent=3016"}],"curies":[{"name":"wp","href":"https:\/\/api.w.org\/{rel}","templated":true}]}}