{"id":3020,"date":"2021-02-05T12:15:09","date_gmt":"2021-02-05T12:15:09","guid":{"rendered":"https:\/\/www.galerijamaticesrpske.rs\/pridruzite-nam-se\/volontiranje\/"},"modified":"2026-03-03T13:17:47","modified_gmt":"2026-03-03T13:17:47","slug":"volontiranje","status":"publish","type":"page","link":"https:\/\/www.galerijamaticesrpske.rs\/lat\/pridruzite-nam-se\/volontiranje\/","title":{"rendered":"Volontiranje"},"content":{"rendered":"\n\t<section class=\"section\" id=\"section_884130934\">\n\t\t<div class=\"section-bg fill\" >\n\t\t\t\t\t\t\t\t\t\n\t\t\t\n\n\t\t<\/div>\n\n\t\t\n\n\t\t<div class=\"section-content relative\">\n\t\t\t\n<div class=\"row align-middle align-center\" style=\"max-width:\" id=\"row-1618179387\">\n\n\t<div id=\"col-2106534622\" class=\"col medium-6 small-12 large-6\"  >\n\t\t\t\t<div class=\"col-inner\"  >\n\t\t\t\n\t\t\t\n<h1 class=\"title36 mb30\">Volontiranje<\/h1>\n<p>Podr\u0161ka volontera u programima Galerije Matice srpske je uvek dobrodo\u0161la, jer se tako zajedno razvijamo i rastemo. Iz tog razloga \u017eelimo da i vi i mi volontiranjem:<\/p>\n<ul>\n<li>upoznamo nove ljude,<\/li>\n<li>steknemo nova znanja i iskustva,<\/li>\n<li>pro\u0161irimo horizonte,<\/li>\n<li>pove\u017eemo se sa zajednicom,<\/li>\n<li>spoznamo ose\u0107aj ispunjenosti.<\/li>\n<\/ul>\n\t<div id=\"text-2494744786\" class=\"text maxwidth860\">\n\t\t\n<p>Ukoliko ste zainteresovani za kratkoro\u010dno volontiranje (u maksimalnom trajanju od tri meseca), svoju molbu i biografiju mo\u017eete poslati na slede\u0107u mejl adresu: <a href=\"mailto:info@galerijamaticesrpske.rs\">info@galerijamaticesrpske.rs<\/a><\/p>\n\t\t\t<\/div>\n\t\n\t\t<\/div>\n\t\t\t\t\n<style>\n#col-2106534622 > .col-inner {\n  padding: 0px 20px 0px 20px;\n}\n<\/style>\n\t<\/div>\n\n\t\n\n\t<div id=\"col-1567203273\" class=\"col medium-6 small-12 large-6 small-col-first\"  >\n\t\t\t\t<div class=\"col-inner\"  >\n\t\t\t\n\t\t\t\n\t<div class=\"img has-hover x md-x lg-x y md-y lg-y\" id=\"image_1331536405\">\n\t\t\t\t\t\t\t\t<div class=\"img-inner dark\" >\n\t\t\t<img loading=\"lazy\" decoding=\"async\" width=\"960\" height=\"640\" src=\"https:\/\/www.galerijamaticesrpske.rs\/wp-content\/uploads\/2021\/02\/volontiranje.jpg\" class=\"attachment-original size-original\" alt=\"\u0412\u043e\u043b\u043e\u043d\u0442\u0438\u0440\u0430\u045a\u0435\" srcset=\"https:\/\/www.galerijamaticesrpske.rs\/wp-content\/uploads\/2021\/02\/volontiranje.jpg 960w, https:\/\/www.galerijamaticesrpske.rs\/wp-content\/uploads\/2021\/02\/volontiranje-300x200.jpg 300w, https:\/\/www.galerijamaticesrpske.rs\/wp-content\/uploads\/2021\/02\/volontiranje-768x512.jpg 768w, https:\/\/www.galerijamaticesrpske.rs\/wp-content\/uploads\/2021\/02\/volontiranje-391x260.jpg 391w\" sizes=\"auto, (max-width: 960px) 100vw, 960px\" \/>\t\t\t\t\t\t\n\t\t\t\t\t<\/div>\n\t\t\t\t\t\t\t\t\n<style>\n#image_1331536405 {\n  width: 100%;\n}\n<\/style>\n\t<\/div>\n\t\n\t\t<\/div>\n\t\t\t\t\n<style>\n#col-1567203273 > .col-inner {\n  padding: 0px 20px 0px 20px;\n}\n<\/style>\n\t<\/div>\n\n\t\n\n\t<div id=\"col-987337860\" class=\"col medium-6 small-12 large-6 small-col-first\"  >\n\t\t\t\t<div class=\"col-inner\"  >\n\t\t\t\n\t\t\t\n\t<div class=\"img has-hover x md-x lg-x y md-y lg-y\" id=\"image_287424374\">\n\t\t\t\t\t\t\t\t<div class=\"img-inner dark\" >\n\t\t\t<img loading=\"lazy\" decoding=\"async\" width=\"960\" height=\"640\" src=\"https:\/\/www.galerijamaticesrpske.rs\/wp-content\/uploads\/2021\/01\/volontiranje-3_960.jpg\" class=\"attachment-original size-original\" alt=\"\u0412\u043e\u043b\u043e\u043d\u0442\u0438\u0440\u0430\u045a\u0435\" srcset=\"https:\/\/www.galerijamaticesrpske.rs\/wp-content\/uploads\/2021\/01\/volontiranje-3_960.jpg 960w, https:\/\/www.galerijamaticesrpske.rs\/wp-content\/uploads\/2021\/01\/volontiranje-3_960-300x200.jpg 300w, https:\/\/www.galerijamaticesrpske.rs\/wp-content\/uploads\/2021\/01\/volontiranje-3_960-768x512.jpg 768w\" sizes=\"auto, (max-width: 960px) 100vw, 960px\" \/>\t\t\t\t\t\t\n\t\t\t\t\t<\/div>\n\t\t\t\t\t\t\t\t\n<style>\n#image_287424374 {\n  width: 100%;\n}\n<\/style>\n\t<\/div>\n\t\n\t\t<\/div>\n\t\t\t\t\n<style>\n#col-987337860 > .col-inner {\n  padding: 0px 20px 0px 20px;\n}\n<\/style>\n\t<\/div>\n\n\t\n\n\t<div id=\"col-1282762232\" class=\"col medium-6 small-12 large-6\"  >\n\t\t\t\t<div class=\"col-inner\"  >\n\t\t\t\n\t\t\t\n<p>Va\u0161u podr\u0161ku mo\u017eete pru\u017eiti u nekoliko segmenata na\u0161eg rada:<\/p>\n<ul>\n<li>Podr\u0161ka u edukativnim programima za decu<\/li>\n<li>Podr\u0161ka u programima aktuelnih izlo\u017ebi i manifestacija<\/li>\n<li>Podr\u0161ka u realizaciji konzervatorskih projekata<\/li>\n<li>Pi\u0161ite za na\u0161 blog<\/li>\n<\/ul>\n\t<div id=\"text-861942565\" class=\"text maxwidth860\">\n\t\t\n<p>Tako\u0111e, u saradnji sa Novosadskim volonterskim servisom pozivamo volontere da nam pru\u017ee podr\u0161ku za pojedine aktivnosti i programe u Galeriji. Saznajte vi\u0161e na sajtu <a href=\"https:\/\/www.nvs.rs\/\" target=\"_blank\" rel=\"noopener\">Novosadskog volonterskog servisa<\/a>.<\/p>\n\t\t\t<\/div>\n\t\n\t\t<\/div>\n\t\t\t\t\n<style>\n#col-1282762232 > .col-inner {\n  padding: 0px 20px 0px 20px;\n}\n<\/style>\n\t<\/div>\n\n\t\n\n\t<div id=\"col-1022337690\" class=\"col mb0 pb0 small-12 large-12\"  >\n\t\t\t\t<div class=\"col-inner text-center\"  >\n\t\t\t\n\t\t\t\n<div class=\"text-center\"><div class=\"is-divider divider clearfix\" style=\"max-width:100%;height:1px;background-color:rgba(0, 0, 0, 0.1);\"><\/div><\/div>\n\t\t<\/div>\n\t\t\t\t\n<style>\n#col-1022337690 > .col-inner {\n  padding: 0px 20px 0px 20px;\n  margin: 0px 0px 0 0px;\n}\n<\/style>\n\t<\/div>\n\n\t\n\n\t<div id=\"col-695664259\" class=\"col pb0 small-12 large-12\"  >\n\t\t\t\t<div class=\"col-inner text-center\"  >\n\t\t\t\n\t\t\t\n\t<div id=\"text-2449176296\" class=\"text quotetxt\">\n\t\t\n<p><em>Zara\u0111ujemo za \u017eivot time \u0161to ne\u0161to dobijamo, ali \u017eivot stvaramo onim \u0161to dajemo! <br \/>Volonteri nemaju uvek vreme, ali uvek imaju srce!<\/em><\/p>\n\t\t\n<style>\n#text-2449176296 {\n  text-align: center;\n}\n<\/style>\n\t<\/div>\n\t\n\t\t<\/div>\n\t\t\t\t\n<style>\n#col-695664259 > .col-inner {\n  margin: 20px 0px 0px 0px;\n}\n<\/style>\n\t<\/div>\n\n\t\n\n<style>\n#row-1618179387 > .col > .col-inner {\n  padding: 10px 20px 0px 20px;\n}\n<\/style>\n<\/div>\n\t\t<\/div>\n\n\t\t\n<style>\n#section_884130934 {\n  padding-top: 40px;\n  padding-bottom: 40px;\n  min-height: 300px;\n  background-color: rgb(246, 246, 246);\n}\n<\/style>\n\t<\/section>\n\t\n\n\t<section class=\"section\" id=\"section_779875911\">\n\t\t<div class=\"section-bg fill\" >\n\t\t\t\t\t\t\t\t\t<div class=\"section-bg-overlay absolute fill\"><\/div>\n\t\t\t\n\n\t\t<\/div>\n\n\t\t\n\n\t\t<div class=\"section-content relative\">\n\t\t\t\n<div class=\"row row-large\"  id=\"row-986340858\">\n\n\t<div id=\"col-611529597\" class=\"col medium-6 small-12 large-6\"  >\n\t\t\t\t<div class=\"col-inner\"  >\n\t\t\t\n\t\t\t\n\t<div class=\"img has-hover x md-x lg-x y md-y lg-y\" id=\"image_1087011325\">\n\t\t<a class=\"\" href=\"\/lat\/pridruzite-nam-se\/klub-mladih-gms\/\" >\t\t\t\t\t\t<div class=\"img-inner image-cover dark\" style=\"padding-top:50%;\">\n\t\t\t<img loading=\"lazy\" decoding=\"async\" width=\"960\" height=\"640\" src=\"https:\/\/www.galerijamaticesrpske.rs\/wp-content\/uploads\/2021\/02\/klub-mladih.jpg\" class=\"attachment-original size-original\" alt=\"K\u043b\u0443\u0431 \u043c\u043b\u0430\u0434\u0438\u0445 \u0413\u041c\u0421\" srcset=\"https:\/\/www.galerijamaticesrpske.rs\/wp-content\/uploads\/2021\/02\/klub-mladih.jpg 960w, https:\/\/www.galerijamaticesrpske.rs\/wp-content\/uploads\/2021\/02\/klub-mladih-300x200.jpg 300w, https:\/\/www.galerijamaticesrpske.rs\/wp-content\/uploads\/2021\/02\/klub-mladih-768x512.jpg 768w, https:\/\/www.galerijamaticesrpske.rs\/wp-content\/uploads\/2021\/02\/klub-mladih-391x260.jpg 391w\" sizes=\"auto, (max-width: 960px) 100vw, 960px\" \/>\t\t\t\t\t\t\n\t\t\t\t\t<\/div>\n\t\t\t\t\t\t<\/a>\t\t\n<style>\n#image_1087011325 {\n  width: 100%;\n}\n<\/style>\n\t<\/div>\n\t\n<h3 class=\"title28 playtitle\"><a href=\"\/lat\/pridruzite-nam-se\/klub-mladih-gms\/\">Klub mladih GMS<\/a><\/h3>\n<p>Glas mladih va\u017ean je svakom muzeju i zato su svi oni dobrodo\u0161li da se u\u010dlane u na\u0161 Klub mladih.<\/p>\n<a data-animate=\"fadeInUp\" href=\"\/lat\/pridruzite-nam-se\/klub-mladih-gms\/\" class=\"button primary lowercase\" >\n\t\t<span>Pro\u010ditaj vi\u0161e<\/span>\n\t<\/a>\n\n\t\t<\/div>\n\t\t\t\t\n<style>\n#col-611529597 > .col-inner {\n  padding: 0px 0px 0px 20px;\n}\n<\/style>\n\t<\/div>\n\n\t\n\n\t<div id=\"col-528540673\" class=\"col medium-6 small-12 large-6\"  >\n\t\t\t\t<div class=\"col-inner\"  >\n\t\t\t\n\t\t\t\n\t<div class=\"img has-hover x md-x lg-x y md-y lg-y\" id=\"image_735327809\">\n\t\t<a class=\"\" href=\"\/lat\/pridruzite-nam-se\/strucna-obuka\/\" >\t\t\t\t\t\t<div class=\"img-inner image-cover dark\" style=\"padding-top:50%;\">\n\t\t\t<img loading=\"lazy\" decoding=\"async\" width=\"960\" height=\"640\" src=\"https:\/\/www.galerijamaticesrpske.rs\/wp-content\/uploads\/2021\/01\/konzervacija-ikona-majstora-zografa.jpg\" class=\"attachment-original size-original\" alt=\"\u041a\u043e\u043d\u0437\u0435\u0440\u0432\u0430\u0446\u0438\u0458\u0430 \u0438\u043a\u043e\u043d\u0430 \u043c\u0430\u0458\u0441\u0442\u043e\u0440\u0430 \u0417\u043e\u0433\u0440\u0430\u0444\u0430\" srcset=\"https:\/\/www.galerijamaticesrpske.rs\/wp-content\/uploads\/2021\/01\/konzervacija-ikona-majstora-zografa.jpg 960w, https:\/\/www.galerijamaticesrpske.rs\/wp-content\/uploads\/2021\/01\/konzervacija-ikona-majstora-zografa-300x200.jpg 300w, https:\/\/www.galerijamaticesrpske.rs\/wp-content\/uploads\/2021\/01\/konzervacija-ikona-majstora-zografa-768x512.jpg 768w\" sizes=\"auto, (max-width: 960px) 100vw, 960px\" \/>\t\t\t\t\t\t\n\t\t\t\t\t<\/div>\n\t\t\t\t\t\t<\/a>\t\t\n<style>\n#image_735327809 {\n  width: 100%;\n}\n<\/style>\n\t<\/div>\n\t\n<h3 class=\"title28 playtitle\"><a href=\"\/lat\/pridruzite-nam-se\/strucna-obuka\/\">Stru\u010dna obuka<\/a><\/h3>\n<p>Galerija Matice srpske nudi vam mogu\u0107nost da iskusite rad u muzeju i steknete zvanje kustos, konzervator i\/ili restaurator.<\/p>\n<a data-animate=\"fadeInUp\" href=\"\/lat\/pridruzite-nam-se\/strucna-obuka\/\" class=\"button primary lowercase\" >\n\t\t<span>Pro\u010ditaj vi\u0161e<\/span>\n\t<\/a>\n\n\t\t<\/div>\n\t\t\t\t\n<style>\n#col-528540673 > .col-inner {\n  padding: 0px 20px 0px 0px;\n}\n<\/style>\n\t<\/div>\n\n\t\n<\/div>\n\t\t<\/div>\n\n\t\t\n<style>\n#section_779875911 {\n  padding-top: 60px;\n  padding-bottom: 60px;\n  background-color: rgb(255, 255, 255);\n}\n#section_779875911 .section-bg-overlay {\n  background-color: rgba(255, 255, 255, 0.85);\n}\n<\/style>\n\t<\/section>\n\t\n","protected":false},"excerpt":{"rendered":"","protected":false},"author":1,"featured_media":0,"parent":2740,"menu_order":0,"comment_status":"closed","ping_status":"closed","template":"page-blank.php","meta":{"_acf_changed":false,"footnotes":""},"class_list":["post-3020","page","type-page","status-publish","hentry"],"acf":[],"yoast_head":"<!-- This site is optimized with the Yoast SEO plugin v27.3 - https:\/\/yoast.com\/product\/yoast-seo-wordpress\/ -->\n<title>Volontiranje | Galerija Matice srpske<\/title>\n<meta name=\"robots\" content=\"index, follow, max-snippet:-1, max-image-preview:large, max-video-preview:-1\" \/>\n<link rel=\"canonical\" href=\"https:\/\/www.galerijamaticesrpske.rs\/lat\/pridruzite-nam-se\/volontiranje\/\" \/>\n<meta property=\"og:locale\" content=\"en_US\" \/>\n<meta property=\"og:type\" content=\"article\" \/>\n<meta property=\"og:title\" content=\"Volontiranje | Galerija Matice srpske\" \/>\n<meta property=\"og:url\" content=\"https:\/\/www.galerijamaticesrpske.rs\/lat\/pridruzite-nam-se\/volontiranje\/\" \/>\n<meta property=\"og:site_name\" content=\"Galerija Matice srpske\" \/>\n<meta property=\"article:modified_time\" content=\"2026-03-03T13:17:47+00:00\" \/>\n<meta name=\"twitter:card\" content=\"summary_large_image\" \/>\n<meta name=\"twitter:label1\" content=\"Est. reading time\" \/>\n\t<meta name=\"twitter:data1\" content=\"2 minutes\" \/>\n<script type=\"application\/ld+json\" class=\"yoast-schema-graph\">{\"@context\":\"https:\\\/\\\/schema.org\",\"@graph\":[{\"@type\":\"WebPage\",\"@id\":\"https:\\\/\\\/www.galerijamaticesrpske.rs\\\/lat\\\/pridruzite-nam-se\\\/volontiranje\\\/\",\"url\":\"https:\\\/\\\/www.galerijamaticesrpske.rs\\\/lat\\\/pridruzite-nam-se\\\/volontiranje\\\/\",\"name\":\"Volontiranje | Galerija Matice srpske\",\"isPartOf\":{\"@id\":\"https:\\\/\\\/www.galerijamaticesrpske.rs\\\/en\\\/#website\"},\"datePublished\":\"2021-02-05T12:15:09+00:00\",\"dateModified\":\"2026-03-03T13:17:47+00:00\",\"breadcrumb\":{\"@id\":\"https:\\\/\\\/www.galerijamaticesrpske.rs\\\/lat\\\/pridruzite-nam-se\\\/volontiranje\\\/#breadcrumb\"},\"inLanguage\":\"sr-LAT\",\"potentialAction\":[{\"@type\":\"ReadAction\",\"target\":[\"https:\\\/\\\/www.galerijamaticesrpske.rs\\\/lat\\\/pridruzite-nam-se\\\/volontiranje\\\/\"]}]},{\"@type\":\"BreadcrumbList\",\"@id\":\"https:\\\/\\\/www.galerijamaticesrpske.rs\\\/lat\\\/pridruzite-nam-se\\\/volontiranje\\\/#breadcrumb\",\"itemListElement\":[{\"@type\":\"ListItem\",\"position\":1,\"name\":\"\u041f\u043e\u0447\u0435\u0442\u043d\u0430\",\"item\":\"https:\\\/\\\/www.galerijamaticesrpske.rs\\\/lat\\\/\"},{\"@type\":\"ListItem\",\"position\":2,\"name\":\"Pridru\u017eite nam se\",\"item\":\"http:\\\/\\\/www.galerijamaticesrpske.rs\\\/lat\\\/pridruzite-nam-se\\\/\"},{\"@type\":\"ListItem\",\"position\":3,\"name\":\"Volontiranje\"}]},{\"@type\":\"WebSite\",\"@id\":\"https:\\\/\\\/www.galerijamaticesrpske.rs\\\/en\\\/#website\",\"url\":\"https:\\\/\\\/www.galerijamaticesrpske.rs\\\/en\\\/\",\"name\":\"Galerija Matice srpske\",\"description\":\"Muzej srpske nacionalne umetnosti u Novom Sadu\",\"publisher\":{\"@id\":\"https:\\\/\\\/www.galerijamaticesrpske.rs\\\/en\\\/#organization\"},\"potentialAction\":[{\"@type\":\"SearchAction\",\"target\":{\"@type\":\"EntryPoint\",\"urlTemplate\":\"https:\\\/\\\/www.galerijamaticesrpske.rs\\\/en\\\/?s={search_term_string}\"},\"query-input\":{\"@type\":\"PropertyValueSpecification\",\"valueRequired\":true,\"valueName\":\"search_term_string\"}}],\"inLanguage\":\"sr-LAT\"},{\"@type\":\"Organization\",\"@id\":\"https:\\\/\\\/www.galerijamaticesrpske.rs\\\/en\\\/#organization\",\"name\":\"Galerija Matice srpske\",\"url\":\"https:\\\/\\\/www.galerijamaticesrpske.rs\\\/en\\\/\",\"logo\":{\"@type\":\"ImageObject\",\"inLanguage\":\"sr-LAT\",\"@id\":\"https:\\\/\\\/www.galerijamaticesrpske.rs\\\/en\\\/#\\\/schema\\\/logo\\\/image\\\/\",\"url\":\"https:\\\/\\\/www.galerijamaticesrpske.rs\\\/wp-content\\\/uploads\\\/2021\\\/01\\\/gms-logo-za-sajt.svg\",\"contentUrl\":\"https:\\\/\\\/www.galerijamaticesrpske.rs\\\/wp-content\\\/uploads\\\/2021\\\/01\\\/gms-logo-za-sajt.svg\",\"width\":1,\"height\":1,\"caption\":\"Galerija Matice srpske\"},\"image\":{\"@id\":\"https:\\\/\\\/www.galerijamaticesrpske.rs\\\/en\\\/#\\\/schema\\\/logo\\\/image\\\/\"}}]}<\/script>\n<!-- \/ Yoast SEO plugin. -->","yoast_head_json":{"title":"Volontiranje | Galerija Matice srpske","robots":{"index":"index","follow":"follow","max-snippet":"max-snippet:-1","max-image-preview":"max-image-preview:large","max-video-preview":"max-video-preview:-1"},"canonical":"https:\/\/www.galerijamaticesrpske.rs\/lat\/pridruzite-nam-se\/volontiranje\/","og_locale":"en_US","og_type":"article","og_title":"Volontiranje | Galerija Matice srpske","og_url":"https:\/\/www.galerijamaticesrpske.rs\/lat\/pridruzite-nam-se\/volontiranje\/","og_site_name":"Galerija Matice srpske","article_modified_time":"2026-03-03T13:17:47+00:00","twitter_card":"summary_large_image","twitter_misc":{"Est. reading time":"2 minutes"},"schema":{"@context":"https:\/\/schema.org","@graph":[{"@type":"WebPage","@id":"https:\/\/www.galerijamaticesrpske.rs\/lat\/pridruzite-nam-se\/volontiranje\/","url":"https:\/\/www.galerijamaticesrpske.rs\/lat\/pridruzite-nam-se\/volontiranje\/","name":"Volontiranje | Galerija Matice srpske","isPartOf":{"@id":"https:\/\/www.galerijamaticesrpske.rs\/en\/#website"},"datePublished":"2021-02-05T12:15:09+00:00","dateModified":"2026-03-03T13:17:47+00:00","breadcrumb":{"@id":"https:\/\/www.galerijamaticesrpske.rs\/lat\/pridruzite-nam-se\/volontiranje\/#breadcrumb"},"inLanguage":"sr-LAT","potentialAction":[{"@type":"ReadAction","target":["https:\/\/www.galerijamaticesrpske.rs\/lat\/pridruzite-nam-se\/volontiranje\/"]}]},{"@type":"BreadcrumbList","@id":"https:\/\/www.galerijamaticesrpske.rs\/lat\/pridruzite-nam-se\/volontiranje\/#breadcrumb","itemListElement":[{"@type":"ListItem","position":1,"name":"\u041f\u043e\u0447\u0435\u0442\u043d\u0430","item":"https:\/\/www.galerijamaticesrpske.rs\/lat\/"},{"@type":"ListItem","position":2,"name":"Pridru\u017eite nam se","item":"http:\/\/www.galerijamaticesrpske.rs\/lat\/pridruzite-nam-se\/"},{"@type":"ListItem","position":3,"name":"Volontiranje"}]},{"@type":"WebSite","@id":"https:\/\/www.galerijamaticesrpske.rs\/en\/#website","url":"https:\/\/www.galerijamaticesrpske.rs\/en\/","name":"Galerija Matice srpske","description":"Muzej srpske nacionalne umetnosti u Novom Sadu","publisher":{"@id":"https:\/\/www.galerijamaticesrpske.rs\/en\/#organization"},"potentialAction":[{"@type":"SearchAction","target":{"@type":"EntryPoint","urlTemplate":"https:\/\/www.galerijamaticesrpske.rs\/en\/?s={search_term_string}"},"query-input":{"@type":"PropertyValueSpecification","valueRequired":true,"valueName":"search_term_string"}}],"inLanguage":"sr-LAT"},{"@type":"Organization","@id":"https:\/\/www.galerijamaticesrpske.rs\/en\/#organization","name":"Galerija Matice srpske","url":"https:\/\/www.galerijamaticesrpske.rs\/en\/","logo":{"@type":"ImageObject","inLanguage":"sr-LAT","@id":"https:\/\/www.galerijamaticesrpske.rs\/en\/#\/schema\/logo\/image\/","url":"https:\/\/www.galerijamaticesrpske.rs\/wp-content\/uploads\/2021\/01\/gms-logo-za-sajt.svg","contentUrl":"https:\/\/www.galerijamaticesrpske.rs\/wp-content\/uploads\/2021\/01\/gms-logo-za-sajt.svg","width":1,"height":1,"caption":"Galerija Matice srpske"},"image":{"@id":"https:\/\/www.galerijamaticesrpske.rs\/en\/#\/schema\/logo\/image\/"}}]}},"_links":{"self":[{"href":"https:\/\/www.galerijamaticesrpske.rs\/lat\/wp-json\/wp\/v2\/pages\/3020","targetHints":{"allow":["GET"]}}],"collection":[{"href":"https:\/\/www.galerijamaticesrpske.rs\/lat\/wp-json\/wp\/v2\/pages"}],"about":[{"href":"https:\/\/www.galerijamaticesrpske.rs\/lat\/wp-json\/wp\/v2\/types\/page"}],"author":[{"embeddable":true,"href":"https:\/\/www.galerijamaticesrpske.rs\/lat\/wp-json\/wp\/v2\/users\/1"}],"replies":[{"embeddable":true,"href":"https:\/\/www.galerijamaticesrpske.rs\/lat\/wp-json\/wp\/v2\/comments?post=3020"}],"version-history":[{"count":2,"href":"https:\/\/www.galerijamaticesrpske.rs\/lat\/wp-json\/wp\/v2\/pages\/3020\/revisions"}],"predecessor-version":[{"id":16368,"href":"https:\/\/www.galerijamaticesrpske.rs\/lat\/wp-json\/wp\/v2\/pages\/3020\/revisions\/16368"}],"up":[{"embeddable":true,"href":"https:\/\/www.galerijamaticesrpske.rs\/lat\/wp-json\/wp\/v2\/pages\/2740"}],"wp:attachment":[{"href":"https:\/\/www.galerijamaticesrpske.rs\/lat\/wp-json\/wp\/v2\/media?parent=3020"}],"curies":[{"name":"wp","href":"https:\/\/api.w.org\/{rel}","templated":true}]}}