{"id":3028,"date":"2021-01-20T13:55:15","date_gmt":"2021-01-20T13:55:15","guid":{"rendered":"https:\/\/www.galerijamaticesrpske.rs\/program-za-decu\/mobilna-aplikacija-potraga-za-blagom\/"},"modified":"2025-05-27T13:22:56","modified_gmt":"2025-05-27T13:22:56","slug":"mobilna-aplikacija-potraga-za-blagom","status":"publish","type":"page","link":"https:\/\/www.galerijamaticesrpske.rs\/lat\/program-za-decu\/mobilna-aplikacija-potraga-za-blagom\/","title":{"rendered":"Mobilna aplikacija Potraga za blagom"},"content":{"rendered":"\n\t<section class=\"section\" id=\"section_2024525110\">\n\t\t<div class=\"section-bg fill\" >\n\t\t\t\t\t\t\t\t\t\n\t\t\t\n\n\t\t<\/div>\n\n\t\t\n\n\t\t<div class=\"section-content relative\">\n\t\t\t\n<div class=\"row align-middle align-center\" style=\"max-width:\" id=\"row-397037857\">\n\n\t<div id=\"col-388790714\" class=\"col medium-6 small-12 large-6\"  >\n\t\t\t\t<div class=\"col-inner\"  >\n\t\t\t\n\t\t\t\n<h1 class=\"title36 mb30\">Digitalna platforma za Hololens 2 nao\u010dare<em><br \/>Do\u017eivi umetnost\u00a0<\/em><\/h1>\n<p>Umetnost nam nudi mogu\u0107nost da spoznamo razli\u010dite istorijske epohe i osetimo duh pro\u0161lih vremena. Umetni\u010dka dela koja \u017eive pod krovom Galerije Matice srpske, poku\u0161ali smo da o\u017eivimo. Na vama je da ih uz pomo\u0107 digitalne platforme za Hololens 2 nao\u010dare do\u017eivite na svojstven na\u010din!<\/p>\n<p>Deo platforme je posebna tura za decu Potraga za blagom koja je odli\u010dno pedago\u0161ko sredstvo prilikom posete roditelja sa decom, jer omogu\u0107ava zanimljivu interpretaciju umetni\u010dkih dela koja se nalaze u Stalnoj postavci Galerije. Na putovanju kroz vreme sa Magi\u010dnom Maticom deca otkrivaju pri\u010de o umetnicima i njihovim delima, a svoj do\u017eivljaj pretvori\u0107e u bogato i nezaboravno iskustvo. Prepu\u0161taju\u0107i se radosti otkrivanja umetni\u010dkih dela, stimuli\u0161ite njihova \u010dula i ma\u0161tu!<\/p>\n<p>Hololens 2 nao\u010dare mo\u017eete preuzeti u GMS prodavnici, a platforma je dostupna na srpskom i engleskom jeziku.<\/p>\n\t\t<\/div>\n\t\t\t\t\n<style>\n#col-388790714 > .col-inner {\n  padding: 0px 20px 0px 20px;\n}\n<\/style>\n\t<\/div>\n\n\t\n\n\t<div id=\"col-1294035223\" class=\"col medium-6 small-12 large-6 small-col-first\"  >\n\t\t\t\t<div class=\"col-inner\"  >\n\t\t\t\n\t\t\t\n\t<div class=\"img has-hover x md-x lg-x y md-y lg-y\" id=\"image_828420756\">\n\t\t\t\t\t\t\t\t<div class=\"img-inner dark\" >\n\t\t\t<img loading=\"lazy\" decoding=\"async\" width=\"1278\" height=\"800\" src=\"https:\/\/www.galerijamaticesrpske.rs\/wp-content\/uploads\/2023\/02\/vizual-hololens.jpg\" class=\"attachment-original size-original\" alt=\"\" srcset=\"https:\/\/www.galerijamaticesrpske.rs\/wp-content\/uploads\/2023\/02\/vizual-hololens.jpg 1278w, https:\/\/www.galerijamaticesrpske.rs\/wp-content\/uploads\/2023\/02\/vizual-hololens-300x188.jpg 300w, https:\/\/www.galerijamaticesrpske.rs\/wp-content\/uploads\/2023\/02\/vizual-hololens-1024x641.jpg 1024w, https:\/\/www.galerijamaticesrpske.rs\/wp-content\/uploads\/2023\/02\/vizual-hololens-768x481.jpg 768w, https:\/\/www.galerijamaticesrpske.rs\/wp-content\/uploads\/2023\/02\/vizual-hololens-600x376.jpg 600w\" sizes=\"auto, (max-width: 1278px) 100vw, 1278px\" \/>\t\t\t\t\t\t\n\t\t\t\t\t<\/div>\n\t\t\t\t\t\t\t\t\n<style>\n#image_828420756 {\n  width: 100%;\n}\n<\/style>\n\t<\/div>\n\t\n\t\t<\/div>\n\t\t\t\t\n<style>\n#col-1294035223 > .col-inner {\n  padding: 0px 20px 0px 20px;\n}\n<\/style>\n\t<\/div>\n\n\t\n\n<style>\n#row-397037857 > .col > .col-inner {\n  padding: 10px 20px 0px 20px;\n}\n<\/style>\n<\/div>\n\t\t<\/div>\n\n\t\t\n<style>\n#section_2024525110 {\n  padding-top: 40px;\n  padding-bottom: 40px;\n  min-height: 300px;\n  background-color: rgb(246, 246, 246);\n}\n<\/style>\n\t<\/section>\n\t\n\n\t<section class=\"section\" id=\"section_1580481856\">\n\t\t<div class=\"section-bg fill\" >\n\t\t\t\t\t\t\t\t\t\n\t\t\t\n\n\t\t<\/div>\n\n\t\t\n\n\t\t<div class=\"section-content relative\">\n\t\t\t\n<p>      <div id=\"post-grid-lazy-1626\" class=\"post-grid-lazy\"><img decoding=\"async\" alt=\"\" src=\"\" \/><\/div>\n    <script>\n      jQuery('#post-grid-lazy-1626').ready(function($) {\n        $('#post-grid-lazy-1626').fadeOut();\n        $('#post-grid-1626   ').fadeIn();\n      })\n    <\/script>\n    <style type=\"text\/css\">\n      #post-grid-1626 {\n        display: none;\n      }\n\n      .post-grid-lazy {\n        text-align: center;\n      }\n    <\/style>\n    <div data-options='{&quot;id&quot;:&quot;1626&quot;,&quot;lazy_load&quot;:&quot;yes&quot;,&quot;masonry_enable&quot;:&quot;no&quot;,&quot;view_type&quot;:&quot;grid&quot;}' id=\"post-grid-1626\" class=\"post-grid grid\">\n    \n\n\n    <div class=\"grid-items\">\n      <div class=\"item item-16528 skin flat even 0 \">\n        <div class=\"layer-wrapper layout-1627\">\n          <div class=\"element element_1613038699758  thumb \">\r\n                    <a target=\"_blank\" href=\"https:\/\/www.galerijamaticesrpske.rs\/lat\/events\/porodicni-dan\/\"><img decoding=\"async\" alt=\"php\"\r\n                    src=\"https:\/\/www.galerijamaticesrpske.rs\/wp-content\/uploads\/2026\/02\/matica-kolekcionarka_page-0001.jpg\" alt=\"\"><\/a>\r\n            <\/div>\r\n    <div class=\"element element_1613038647134 events-grid-title title \">\r\n                    <a target=\"_blank\"\r\n                href=\"https:\/\/www.galerijamaticesrpske.rs\/lat\/events\/porodicni-dan\/\">Porodi\u010dni dan<\/a>\r\n            <\/div>\r\n    <div class=\"element element_1613038721413  excerpt \">\r\n        U subotu, 11. aprila, uo\u010di najradosnijeg hri\u0161\u0107anskog praznika, Vaskrsa, obele\u017ei\u0107emo porodi\u010dni dan. Publika \u0107e od            <\/div>\r\n            <a class=\"element element_1613039017714 align-left read_more \"\r\n            target=\"_blank\"\r\n            href=\"https:\/\/www.galerijamaticesrpske.rs\/lat\/events\/porodicni-dan\/\">\u041f\u0440\u043e\u0447\u0438\u0442\u0430\u0458 \u0432\u0438\u0448\u0435<\/a>\r\n        <\/div>\n  <\/div><div class=\"item item-16481 skin flat odd 1 \">\n        <div class=\"layer-wrapper layout-1627\">\n          <div class=\"element element_1613038699758  thumb \">\r\n                    <a target=\"_blank\" href=\"https:\/\/www.galerijamaticesrpske.rs\/lat\/events\/predstava-i-radionica-za-decu-trsa\/\"><img decoding=\"async\" alt=\"php\"\r\n                    src=\"https:\/\/www.galerijamaticesrpske.rs\/wp-content\/uploads\/2026\/03\/poziv-1024x683.jpg\" alt=\"\"><\/a>\r\n            <\/div>\r\n    <div class=\"element element_1613038647134 events-grid-title title \">\r\n                    <a target=\"_blank\"\r\n                href=\"https:\/\/www.galerijamaticesrpske.rs\/lat\/events\/predstava-i-radionica-za-decu-trsa\/\">Predstava i radionica za decu Tr\u0161a<\/a>\r\n            <\/div>\r\n    <div class=\"element element_1613038721413  excerpt \">\r\n        Kako izgleda detinjstvo kad se niko ne spusti na tvoj nivo da vidi svet tvojim            <\/div>\r\n            <a class=\"element element_1613039017714 align-left read_more \"\r\n            target=\"_blank\"\r\n            href=\"https:\/\/www.galerijamaticesrpske.rs\/lat\/events\/predstava-i-radionica-za-decu-trsa\/\">\u041f\u0440\u043e\u0447\u0438\u0442\u0430\u0458 \u0432\u0438\u0448\u0435<\/a>\r\n        <\/div>\n  <\/div><div class=\"item item-16445 skin flat even 2 \">\n        <div class=\"layer-wrapper layout-1627\">\n          <div class=\"element element_1613038699758  thumb \">\r\n                    <a target=\"_blank\" href=\"https:\/\/www.galerijamaticesrpske.rs\/lat\/events\/radionica-za-tinejdzere-en-francais-s-il-vous-plait\/\"><img decoding=\"async\" alt=\"php\"\r\n                    src=\"https:\/\/www.galerijamaticesrpske.rs\/wp-content\/uploads\/2026\/03\/mesec-frankofonije_sajt-1080x1920-1-1024x580.jpg\" alt=\"\"><\/a>\r\n            <\/div>\r\n    <div class=\"element element_1613038647134 events-grid-title title \">\r\n                    <a target=\"_blank\"\r\n                href=\"https:\/\/www.galerijamaticesrpske.rs\/lat\/events\/radionica-za-tinejdzere-en-francais-s-il-vous-plait\/\">Radionica za tinejd\u017eere \u2013 En fran\u00e7ais, s\u2019il vous pla\u00eet!<\/a>\r\n            <\/div>\r\n    <div class=\"element element_1613038721413  excerpt \">\r\n        U okviru manifestacije Mesec frankofonije, koju realizujemo u saradnji sa Francuskim institutom u Novom Sadu,            <\/div>\r\n            <a class=\"element element_1613039017714 align-left read_more \"\r\n            target=\"_blank\"\r\n            href=\"https:\/\/www.galerijamaticesrpske.rs\/lat\/events\/radionica-za-tinejdzere-en-francais-s-il-vous-plait\/\">\u041f\u0440\u043e\u0447\u0438\u0442\u0430\u0458 \u0432\u0438\u0448\u0435<\/a>\r\n        <\/div>\n  <\/div><div class=\"item item-16443 skin flat odd 3 \">\n        <div class=\"layer-wrapper layout-1627\">\n          <div class=\"element element_1613038699758  thumb \">\r\n                    <a target=\"_blank\" href=\"https:\/\/www.galerijamaticesrpske.rs\/lat\/events\/radionica-za-decu-en-francais-s-il-vous-plait\/\"><img decoding=\"async\" alt=\"php\"\r\n                    src=\"https:\/\/www.galerijamaticesrpske.rs\/wp-content\/uploads\/2026\/03\/mesec-frankofonije_sajt-1080x1920-1-1024x580.jpg\" alt=\"\"><\/a>\r\n            <\/div>\r\n    <div class=\"element element_1613038647134 events-grid-title title \">\r\n                    <a target=\"_blank\"\r\n                href=\"https:\/\/www.galerijamaticesrpske.rs\/lat\/events\/radionica-za-decu-en-francais-s-il-vous-plait\/\">Radionica za decu \u2013 En fran\u00e7ais, s\u2019il vous pla\u00eet!<\/a>\r\n            <\/div>\r\n    <div class=\"element element_1613038721413  excerpt \">\r\n        U okviru manifestacije Mesec frankofonije, koju realizujemo u saradnji sa Francuskim institutom u Novom Sadu,            <\/div>\r\n            <a class=\"element element_1613039017714 align-left read_more \"\r\n            target=\"_blank\"\r\n            href=\"https:\/\/www.galerijamaticesrpske.rs\/lat\/events\/radionica-za-decu-en-francais-s-il-vous-plait\/\">\u041f\u0440\u043e\u0447\u0438\u0442\u0430\u0458 \u0432\u0438\u0448\u0435<\/a>\r\n        <\/div>\n  <\/div>    <\/div>\n      <style type=\"text\/css\">\r\n        .layout-1627 .element_1613038699758 {\r\n            overflow: hidden;\r\n                    }\r\n\r\n        .layout-1627 .element_1613038699758 img {\r\n            max-width: 100%;\r\n            height: auto;\r\n        }\r\n\r\n        @media only screen and (min-width: 1024px) {\r\n            .layout-1627 .element_1613038699758 {\r\n                max-height: 175px;\r\n                            }\r\n        }\r\n\r\n        @media only screen and (min-width: 768px) and (max-width: 1023px) {\r\n            .layout-1627 .element_1613038699758 {\r\n                max-height: 175px;\r\n                            }\r\n        }\r\n\r\n        @media only screen and (min-width: 0px) and (max-width: 767px) {\r\n            .layout-1627 .element_1613038699758 {\r\n                max-height: 175px;\r\n                            }\r\n        }\r\n    <\/style>\r\n    <style type=\"text\/css\">\r\n        .layout-1627 .element_1613038647134 {\r\n            font-size: 21px;\r\n            font-family: Source Sans Pro;\r\n            margin: 10px 0;\r\n            text-align: left;\r\n                    }\r\n\r\n        .layout-1627 .element_1613038647134 a {\r\n            font-size: 21px;\r\n            font-family: Source Sans Pro;\r\n            margin: 10px 0;\r\n            text-align: left;\r\n                    }\r\n    <\/style>\r\n    <style type=\"text\/css\">\r\n        .layout-1627 .element_1613038721413 {\r\n            font-size: 16px;\r\n            margin: 10px 0;\r\n            text-align: left;\r\n                    }\r\n\r\n        .layout-1627 .element_1613038721413 a {\r\n            font-size: 16px;\r\n                    }\r\n    <\/style>\r\n    <style type=\"text\/css\">\r\n        .layout-1627 .element_1613039017714 {\r\n            text-align: left;\r\n                    }\r\n\r\n        .layout-1627 .element_1613039017714 a {\r\n                    }\r\n    <\/style>\r\n      <script>\n          <\/script>\n    <style type=\"text\/css\">\n    #post-grid-1626 {\n      padding: 10px;\n          }\n\n    #post-grid-1626 .item {\n      padding: 0px;\n      background: #fff;\n          }\n\n    #post-grid-1626 .item .layer-media {\n      max-height:220px;    }\n\n    @media only screen and (min-width: 0px) and (max-width: 767px) {\n      #post-grid-1626 .grid-items {\n        text-align: center;\n              }\n\n      #post-grid-1626 .item {\n        width: 90%;\n        margin: 10px;\n        display: inline-block;\n        vertical-align: top;\n        height:auto;      }\n    }\n\n    @media only screen and (min-width: 768px) and (max-width: 1023px) {\n      #post-grid-1626 .grid-items {\n        text-align: center;\n              }\n\n      #post-grid-1626 .item {\n        width: 280px;\n        margin: 10px;\n        display: inline-block;\n        vertical-align: top;\n        max-height:auto;      }\n    }\n\n    @media only screen and (min-width: 1024px) {\n      #post-grid-1626 .grid-items {\n        text-align: center;\n              }\n\n      #post-grid-1626 .item {\n        width: 23%;\n        display: inline-block;\n        margin: 10px;\n        vertical-align: top;\n        height:auto;      }\n    }\n\n      <\/style>\n  <\/div>\n<\/p>\n\n\t\t<\/div>\n\n\t\t\n<style>\n#section_1580481856 {\n  padding-top: 30px;\n  padding-bottom: 30px;\n}\n<\/style>\n\t<\/section>\n\t\n\n\t<section class=\"section\" id=\"section_1822869929\">\n\t\t<div class=\"section-bg fill\" >\n\t\t\t\t\t\t\t\t\t<div class=\"section-bg-overlay absolute fill\"><\/div>\n\t\t\t\n\n\t\t<\/div>\n\n\t\t\n\n\t\t<div class=\"section-content relative\">\n\t\t\t\n<div class=\"row row-large\"  id=\"row-1647014717\">\n\n\t<div id=\"col-1707604478\" class=\"col medium-6 small-12 large-6\"  >\n\t\t\t\t<div class=\"col-inner\"  >\n\t\t\t\n\t\t\t\n\t<div class=\"img has-hover x md-x lg-x y md-y lg-y\" id=\"image_358277023\">\n\t\t<a class=\"\" href=\"\/lat\/programi-za-mlade\/galerija-kao-ucionica\/\" >\t\t\t\t\t\t<div class=\"img-inner image-cover dark\" style=\"padding-top:50%;\">\n\t\t\t<img loading=\"lazy\" decoding=\"async\" width=\"960\" height=\"640\" src=\"https:\/\/www.galerijamaticesrpske.rs\/wp-content\/uploads\/2021\/01\/960_deca-predskolskog-i-ranog-osn.skolskog-uzrasta-5.jpg\" class=\"attachment-original size-original\" alt=\"\u0413\u0430\u043b\u0435\u0440\u0438\u0458\u0430 \u043a\u0430\u043e \u0443\u0447\u0438\u043e\u043d\u0438\u0446\u0430\" srcset=\"https:\/\/www.galerijamaticesrpske.rs\/wp-content\/uploads\/2021\/01\/960_deca-predskolskog-i-ranog-osn.skolskog-uzrasta-5.jpg 960w, https:\/\/www.galerijamaticesrpske.rs\/wp-content\/uploads\/2021\/01\/960_deca-predskolskog-i-ranog-osn.skolskog-uzrasta-5-300x200.jpg 300w, https:\/\/www.galerijamaticesrpske.rs\/wp-content\/uploads\/2021\/01\/960_deca-predskolskog-i-ranog-osn.skolskog-uzrasta-5-768x512.jpg 768w\" sizes=\"auto, (max-width: 960px) 100vw, 960px\" \/>\t\t\t\t\t\t\n\t\t\t\t\t<\/div>\n\t\t\t\t\t\t<\/a>\t\t\n<style>\n#image_358277023 {\n  width: 100%;\n}\n<\/style>\n\t<\/div>\n\t\n<h3 class=\"title28 playtitle\"><a href=\"\/lat\/programi-za-mlade\/galerija-kao-ucionica\/\">Galerija kao u\u010dionica<\/a><\/h3>\n<p>Istra\u017eite Galeriju Matice srpske. Omogu\u0107ite va\u0161im \u0111acima da kreativno promi\u0161ljaju o gradivu koje obra\u0111ujete u jedinstvenom prostoru Galerije, ispred originalnih umetni\u010dkih dela.<\/p>\n<a data-animate=\"fadeInUp\" href=\"\/lat\/programi-za-mlade\/galerija-kao-ucionica\/\" class=\"button primary lowercase\" >\n\t\t<span>Pro\u010ditaj vi\u0161e<\/span>\n\t<\/a>\n\n\t\t<\/div>\n\t\t\t\t\n<style>\n#col-1707604478 > .col-inner {\n  padding: 0px 0px 0px 20px;\n}\n<\/style>\n\t<\/div>\n\n\t\n\n\t<div id=\"col-173237487\" class=\"col medium-6 small-12 large-6\"  >\n\t\t\t\t<div class=\"col-inner\"  >\n\t\t\t\n\t\t\t\n\t<div class=\"img has-hover x md-x lg-x y md-y lg-y\" id=\"image_1005980498\">\n\t\t<a class=\"\" href=\"\/lat\/program-za-decu\/kreativne-radionice-subotom\/\" >\t\t\t\t\t\t<div class=\"img-inner image-cover dark\" style=\"padding-top:50%;\">\n\t\t\t<img loading=\"lazy\" decoding=\"async\" width=\"960\" height=\"641\" src=\"https:\/\/www.galerijamaticesrpske.rs\/wp-content\/uploads\/2021\/02\/dsc_0388.jpg\" class=\"attachment-original size-original\" alt=\"\u041a\u0440\u0435\u0430\u0442\u0438\u0432\u043d\u0435 \u0440\u0430\u0434\u0438\u043e\u043d\u0438\u0446\u0435 \u0441\u0443\u0431\u043e\u0442\u043e\u043c\" srcset=\"https:\/\/www.galerijamaticesrpske.rs\/wp-content\/uploads\/2021\/02\/dsc_0388.jpg 960w, https:\/\/www.galerijamaticesrpske.rs\/wp-content\/uploads\/2021\/02\/dsc_0388-300x200.jpg 300w, https:\/\/www.galerijamaticesrpske.rs\/wp-content\/uploads\/2021\/02\/dsc_0388-768x513.jpg 768w, https:\/\/www.galerijamaticesrpske.rs\/wp-content\/uploads\/2021\/02\/dsc_0388-391x260.jpg 391w\" sizes=\"auto, (max-width: 960px) 100vw, 960px\" \/>\t\t\t\t\t\t\n\t\t\t\t\t<\/div>\n\t\t\t\t\t\t<\/a>\t\t\n<style>\n#image_1005980498 {\n  width: 100%;\n}\n<\/style>\n\t<\/div>\n\t\n<h3 class=\"title28 playtitle\"><a href=\"\/lat\/program-za-decu\/kreativne-radionice-subotom\/\">Kreativne radionice subotom<\/a><\/h3>\n<p>\u017deli\u0161 da otkrije\u0161 pri\u010de o umetni\u010dkim delima? Voli\u0161 da se dru\u017ei\u0161, istra\u017euje\u0161 i kreativno se izra\u017eava\u0161? Pridru\u017ei nam se. Stvaraj umetnost. Nau\u010di ne\u0161to novo i dobro se zabavi!<\/p>\n<a data-animate=\"fadeInUp\" href=\"\/lat\/program-za-decu\/kreativne-radionice-subotom\/\" class=\"button primary lowercase\" >\n\t\t<span>Pro\u010ditaj vi\u0161e<\/span>\n\t<\/a>\n\n\t\t<\/div>\n\t\t\t\t\n<style>\n#col-173237487 > .col-inner {\n  padding: 0px 20px 0px 0px;\n}\n<\/style>\n\t<\/div>\n\n\t\n<\/div>\n\t\t<\/div>\n\n\t\t\n<style>\n#section_1822869929 {\n  padding-top: 60px;\n  padding-bottom: 60px;\n  background-color: rgb(193, 193, 193);\n}\n#section_1822869929 .section-bg-overlay {\n  background-color: rgba(255, 255, 255, 0.85);\n}\n<\/style>\n\t<\/section>\n\t\n","protected":false},"excerpt":{"rendered":"","protected":false},"author":1,"featured_media":0,"parent":3012,"menu_order":0,"comment_status":"closed","ping_status":"closed","template":"page-blank.php","meta":{"_acf_changed":false,"footnotes":""},"class_list":["post-3028","page","type-page","status-publish","hentry"],"acf":[],"yoast_head":"<!-- This site is optimized with the Yoast SEO plugin v27.3 - https:\/\/yoast.com\/product\/yoast-seo-wordpress\/ -->\n<title>Mobilna aplikacija Potraga za blagom | Galerija Matice srpske<\/title>\n<meta name=\"robots\" content=\"index, follow, max-snippet:-1, max-image-preview:large, max-video-preview:-1\" \/>\n<link rel=\"canonical\" href=\"https:\/\/www.galerijamaticesrpske.rs\/lat\/program-za-decu\/mobilna-aplikacija-potraga-za-blagom\/\" \/>\n<meta property=\"og:locale\" content=\"en_US\" \/>\n<meta property=\"og:type\" content=\"article\" \/>\n<meta property=\"og:title\" content=\"Mobilna aplikacija Potraga za blagom | Galerija Matice srpske\" \/>\n<meta property=\"og:url\" content=\"https:\/\/www.galerijamaticesrpske.rs\/lat\/program-za-decu\/mobilna-aplikacija-potraga-za-blagom\/\" \/>\n<meta property=\"og:site_name\" content=\"Galerija Matice srpske\" \/>\n<meta property=\"article:modified_time\" content=\"2025-05-27T13:22:56+00:00\" \/>\n<meta name=\"twitter:card\" content=\"summary_large_image\" \/>\n<meta name=\"twitter:label1\" content=\"Est. reading time\" \/>\n\t<meta name=\"twitter:data1\" content=\"2 minutes\" \/>\n<script type=\"application\/ld+json\" class=\"yoast-schema-graph\">{\"@context\":\"https:\\\/\\\/schema.org\",\"@graph\":[{\"@type\":\"WebPage\",\"@id\":\"https:\\\/\\\/www.galerijamaticesrpske.rs\\\/lat\\\/program-za-decu\\\/mobilna-aplikacija-potraga-za-blagom\\\/\",\"url\":\"https:\\\/\\\/www.galerijamaticesrpske.rs\\\/lat\\\/program-za-decu\\\/mobilna-aplikacija-potraga-za-blagom\\\/\",\"name\":\"Mobilna aplikacija Potraga za blagom | Galerija Matice srpske\",\"isPartOf\":{\"@id\":\"https:\\\/\\\/www.galerijamaticesrpske.rs\\\/#website\"},\"datePublished\":\"2021-01-20T13:55:15+00:00\",\"dateModified\":\"2025-05-27T13:22:56+00:00\",\"breadcrumb\":{\"@id\":\"https:\\\/\\\/www.galerijamaticesrpske.rs\\\/lat\\\/program-za-decu\\\/mobilna-aplikacija-potraga-za-blagom\\\/#breadcrumb\"},\"inLanguage\":\"sr-LAT\",\"potentialAction\":[{\"@type\":\"ReadAction\",\"target\":[\"https:\\\/\\\/www.galerijamaticesrpske.rs\\\/lat\\\/program-za-decu\\\/mobilna-aplikacija-potraga-za-blagom\\\/\"]}]},{\"@type\":\"BreadcrumbList\",\"@id\":\"https:\\\/\\\/www.galerijamaticesrpske.rs\\\/lat\\\/program-za-decu\\\/mobilna-aplikacija-potraga-za-blagom\\\/#breadcrumb\",\"itemListElement\":[{\"@type\":\"ListItem\",\"position\":1,\"name\":\"\u041f\u043e\u0447\u0435\u0442\u043d\u0430\",\"item\":\"https:\\\/\\\/www.galerijamaticesrpske.rs\\\/lat\\\/\"},{\"@type\":\"ListItem\",\"position\":2,\"name\":\"Program za decu\",\"item\":\"https:\\\/\\\/www.galerijamaticesrpske.rs\\\/lat\\\/program-za-decu\\\/\"},{\"@type\":\"ListItem\",\"position\":3,\"name\":\"Mobilna aplikacija Potraga za blagom\"}]},{\"@type\":\"WebSite\",\"@id\":\"https:\\\/\\\/www.galerijamaticesrpske.rs\\\/#website\",\"url\":\"https:\\\/\\\/www.galerijamaticesrpske.rs\\\/\",\"name\":\"Galerija Matice srpske\",\"description\":\"Muzej srpske nacionalne umetnosti u Novom Sadu\",\"publisher\":{\"@id\":\"https:\\\/\\\/www.galerijamaticesrpske.rs\\\/#organization\"},\"potentialAction\":[{\"@type\":\"SearchAction\",\"target\":{\"@type\":\"EntryPoint\",\"urlTemplate\":\"https:\\\/\\\/www.galerijamaticesrpske.rs\\\/?s={search_term_string}\"},\"query-input\":{\"@type\":\"PropertyValueSpecification\",\"valueRequired\":true,\"valueName\":\"search_term_string\"}}],\"inLanguage\":\"sr-LAT\"},{\"@type\":\"Organization\",\"@id\":\"https:\\\/\\\/www.galerijamaticesrpske.rs\\\/#organization\",\"name\":\"Galerija Matice srpske\",\"url\":\"https:\\\/\\\/www.galerijamaticesrpske.rs\\\/\",\"logo\":{\"@type\":\"ImageObject\",\"inLanguage\":\"sr-LAT\",\"@id\":\"https:\\\/\\\/www.galerijamaticesrpske.rs\\\/#\\\/schema\\\/logo\\\/image\\\/\",\"url\":\"https:\\\/\\\/www.galerijamaticesrpske.rs\\\/wp-content\\\/uploads\\\/2021\\\/01\\\/gms-logo-za-sajt.svg\",\"contentUrl\":\"https:\\\/\\\/www.galerijamaticesrpske.rs\\\/wp-content\\\/uploads\\\/2021\\\/01\\\/gms-logo-za-sajt.svg\",\"width\":1,\"height\":1,\"caption\":\"Galerija Matice srpske\"},\"image\":{\"@id\":\"https:\\\/\\\/www.galerijamaticesrpske.rs\\\/#\\\/schema\\\/logo\\\/image\\\/\"}}]}<\/script>\n<!-- \/ Yoast SEO plugin. -->","yoast_head_json":{"title":"Mobilna aplikacija Potraga za blagom | Galerija Matice srpske","robots":{"index":"index","follow":"follow","max-snippet":"max-snippet:-1","max-image-preview":"max-image-preview:large","max-video-preview":"max-video-preview:-1"},"canonical":"https:\/\/www.galerijamaticesrpske.rs\/lat\/program-za-decu\/mobilna-aplikacija-potraga-za-blagom\/","og_locale":"en_US","og_type":"article","og_title":"Mobilna aplikacija Potraga za blagom | Galerija Matice srpske","og_url":"https:\/\/www.galerijamaticesrpske.rs\/lat\/program-za-decu\/mobilna-aplikacija-potraga-za-blagom\/","og_site_name":"Galerija Matice srpske","article_modified_time":"2025-05-27T13:22:56+00:00","twitter_card":"summary_large_image","twitter_misc":{"Est. reading time":"2 minutes"},"schema":{"@context":"https:\/\/schema.org","@graph":[{"@type":"WebPage","@id":"https:\/\/www.galerijamaticesrpske.rs\/lat\/program-za-decu\/mobilna-aplikacija-potraga-za-blagom\/","url":"https:\/\/www.galerijamaticesrpske.rs\/lat\/program-za-decu\/mobilna-aplikacija-potraga-za-blagom\/","name":"Mobilna aplikacija Potraga za blagom | Galerija Matice srpske","isPartOf":{"@id":"https:\/\/www.galerijamaticesrpske.rs\/#website"},"datePublished":"2021-01-20T13:55:15+00:00","dateModified":"2025-05-27T13:22:56+00:00","breadcrumb":{"@id":"https:\/\/www.galerijamaticesrpske.rs\/lat\/program-za-decu\/mobilna-aplikacija-potraga-za-blagom\/#breadcrumb"},"inLanguage":"sr-LAT","potentialAction":[{"@type":"ReadAction","target":["https:\/\/www.galerijamaticesrpske.rs\/lat\/program-za-decu\/mobilna-aplikacija-potraga-za-blagom\/"]}]},{"@type":"BreadcrumbList","@id":"https:\/\/www.galerijamaticesrpske.rs\/lat\/program-za-decu\/mobilna-aplikacija-potraga-za-blagom\/#breadcrumb","itemListElement":[{"@type":"ListItem","position":1,"name":"\u041f\u043e\u0447\u0435\u0442\u043d\u0430","item":"https:\/\/www.galerijamaticesrpske.rs\/lat\/"},{"@type":"ListItem","position":2,"name":"Program za decu","item":"https:\/\/www.galerijamaticesrpske.rs\/lat\/program-za-decu\/"},{"@type":"ListItem","position":3,"name":"Mobilna aplikacija Potraga za blagom"}]},{"@type":"WebSite","@id":"https:\/\/www.galerijamaticesrpske.rs\/#website","url":"https:\/\/www.galerijamaticesrpske.rs\/","name":"Galerija Matice srpske","description":"Muzej srpske nacionalne umetnosti u Novom Sadu","publisher":{"@id":"https:\/\/www.galerijamaticesrpske.rs\/#organization"},"potentialAction":[{"@type":"SearchAction","target":{"@type":"EntryPoint","urlTemplate":"https:\/\/www.galerijamaticesrpske.rs\/?s={search_term_string}"},"query-input":{"@type":"PropertyValueSpecification","valueRequired":true,"valueName":"search_term_string"}}],"inLanguage":"sr-LAT"},{"@type":"Organization","@id":"https:\/\/www.galerijamaticesrpske.rs\/#organization","name":"Galerija Matice srpske","url":"https:\/\/www.galerijamaticesrpske.rs\/","logo":{"@type":"ImageObject","inLanguage":"sr-LAT","@id":"https:\/\/www.galerijamaticesrpske.rs\/#\/schema\/logo\/image\/","url":"https:\/\/www.galerijamaticesrpske.rs\/wp-content\/uploads\/2021\/01\/gms-logo-za-sajt.svg","contentUrl":"https:\/\/www.galerijamaticesrpske.rs\/wp-content\/uploads\/2021\/01\/gms-logo-za-sajt.svg","width":1,"height":1,"caption":"Galerija Matice srpske"},"image":{"@id":"https:\/\/www.galerijamaticesrpske.rs\/#\/schema\/logo\/image\/"}}]}},"_links":{"self":[{"href":"https:\/\/www.galerijamaticesrpske.rs\/lat\/wp-json\/wp\/v2\/pages\/3028","targetHints":{"allow":["GET"]}}],"collection":[{"href":"https:\/\/www.galerijamaticesrpske.rs\/lat\/wp-json\/wp\/v2\/pages"}],"about":[{"href":"https:\/\/www.galerijamaticesrpske.rs\/lat\/wp-json\/wp\/v2\/types\/page"}],"author":[{"embeddable":true,"href":"https:\/\/www.galerijamaticesrpske.rs\/lat\/wp-json\/wp\/v2\/users\/1"}],"replies":[{"embeddable":true,"href":"https:\/\/www.galerijamaticesrpske.rs\/lat\/wp-json\/wp\/v2\/comments?post=3028"}],"version-history":[{"count":5,"href":"https:\/\/www.galerijamaticesrpske.rs\/lat\/wp-json\/wp\/v2\/pages\/3028\/revisions"}],"predecessor-version":[{"id":14926,"href":"https:\/\/www.galerijamaticesrpske.rs\/lat\/wp-json\/wp\/v2\/pages\/3028\/revisions\/14926"}],"up":[{"embeddable":true,"href":"https:\/\/www.galerijamaticesrpske.rs\/lat\/wp-json\/wp\/v2\/pages\/3012"}],"wp:attachment":[{"href":"https:\/\/www.galerijamaticesrpske.rs\/lat\/wp-json\/wp\/v2\/media?parent=3028"}],"curies":[{"name":"wp","href":"https:\/\/api.w.org\/{rel}","templated":true}]}}